{"id":32069,"date":"2018-09-06T08:44:29","date_gmt":"2018-09-06T06:44:29","guid":{"rendered":"http:\/\/stage.nortecsport.com\/?page_id=32069"},"modified":"2025-12-29T13:24:09","modified_gmt":"2025-12-29T11:24:09","slug":"downloads","status":"publish","type":"page","link":"https:\/\/www.nortecsport.com\/de\/downloads\/","title":{"rendered":"Downloads"},"content":{"rendered":"<p>[et_pb_section fb_built=&#8220;1&#8243; _builder_version=&#8220;3.22&#8243; global_colors_info=&#8220;{}&#8220;][et_pb_row column_structure=&#8220;1_4,3_4&#8243; _builder_version=&#8220;3.25&#8243; background_size=&#8220;initial&#8220; background_position=&#8220;top_left&#8220; background_repeat=&#8220;repeat&#8220; global_colors_info=&#8220;{}&#8220;][et_pb_column type=&#8220;1_4&#8243; _builder_version=&#8220;3.25&#8243; custom_padding=&#8220;|||&#8220; global_colors_info=&#8220;{}&#8220; custom_padding__hover=&#8220;|||&#8220;][et_pb_image src=&#8220;https:\/\/www.nortecsport.com\/de\/wp-content\/uploads\/2022\/12\/Manuale.jpg&#8220; title_text=&#8220;NORTEC_H\u00dcLLE_Katalog2022_v1.indd&#8220; align_tablet=&#8220;center&#8220; align_phone=&#8220;center&#8220; align_last_edited=&#8220;on|desktop&#8220; _builder_version=&#8220;4.14.1&#8243; global_colors_info=&#8220;{}&#8220;][\/et_pb_image][\/et_pb_column][et_pb_column type=&#8220;3_4&#8243; _builder_version=&#8220;3.25&#8243; custom_padding=&#8220;|||&#8220; global_colors_info=&#8220;{}&#8220; custom_padding__hover=&#8220;|||&#8220;][et_pb_text _builder_version=&#8220;4.14.1&#8243; text_text_color=&#8220;#000000&#8243; hover_enabled=&#8220;0&#8243; global_colors_info=&#8220;{}&#8220; sticky_enabled=&#8220;0&#8243;]<\/p>\n<h2>BEDIENUNGSANLEITUNG<\/h2>\n<p><a href=\"https:\/\/www.nortecsport.com\/de\/wp-content\/uploads\/2024\/09\/NORTEC_UserManual_Standard_2024.pdf\" rel=\"attachment noopener wp-att-34743\" target=\"_blank\">NORTEC User Manual STANDARD (All Micro Crampons)<\/a><\/p>\n<p><a href=\"https:\/\/www.nortecsport.com\/de\/wp-content\/uploads\/2024\/09\/NORTEC_UserManual_Trail2.4_2024.pdf\" target=\"_blank\" rel=\"noopener\">NORTEC User Manual TRAIL 2.4<\/a><\/p>\n<p><a href=\"https:\/\/www.nortecsport.com\/de\/wp-content\/uploads\/2025\/12\/NORTEC_UserManual_IFA-System-CREST_2025_v1.pdf\" target=\"_blank\" rel=\"noopener\">NORTEC User Manual CREST 2.5 \/ IFA SYSTEM<\/a><\/p>\n<p>PDF \/ 1 MB<br \/>EN-FR-IT-DE<\/p>\n<p>[\/et_pb_text][\/et_pb_column][\/et_pb_row][et_pb_row column_structure=&#8220;1_4,3_4&#8243; _builder_version=&#8220;3.25&#8243; background_size=&#8220;initial&#8220; background_position=&#8220;top_left&#8220; background_repeat=&#8220;repeat&#8220; global_colors_info=&#8220;{}&#8220;][et_pb_column type=&#8220;1_4&#8243; _builder_version=&#8220;3.25&#8243; custom_padding=&#8220;|||&#8220; global_colors_info=&#8220;{}&#8220; custom_padding__hover=&#8220;|||&#8220;][et_pb_image src=&#8220;http:\/\/www.nortecsport.com\/de\/wp-content\/uploads\/2018\/08\/Screen-Shot-2018-09-03-at-16.08.25.png&#8220; align_tablet=&#8220;center&#8220; align_phone=&#8220;center&#8220; align_last_edited=&#8220;on|desktop&#8220; _builder_version=&#8220;3.23&#8243; global_colors_info=&#8220;{}&#8220;][\/et_pb_image][\/et_pb_column][et_pb_column type=&#8220;3_4&#8243; _builder_version=&#8220;3.25&#8243; custom_padding=&#8220;|||&#8220; global_colors_info=&#8220;{}&#8220; custom_padding__hover=&#8220;|||&#8220;][et_pb_text _builder_version=&#8220;3.27.4&#8243; text_text_color=&#8220;#000000&#8243; global_colors_info=&#8220;{}&#8220;]<\/p>\n<h2>PRESSEKONTAKT<\/h2>\n<p>Eine aktive Kommunikation \u00fcber unsere Marke und die NORTEC Produkte ist uns \u00fcberaus wichtig. Sie finden hier in K\u00fcrze aktuelle Presseunterlagen und Produktbeschreibungen.<\/p>\n<p>Sollten Sie bereits jetzt Fragen und Anregungen haben, steht Ihnen unsere Marketingabteilung gerne zur Verf\u00fcgung:<\/p>\n<p><a href=\"mailto:maurizio.ragonese@nortecsport.com\">marketing@nortecsport.com<\/a><br \/>T: +43 (0) 4242 35133 211<br \/><a href=\"http:\/\/www.nortecsport.com\">www.nortecsport.com<\/a><\/p>\n<p>&nbsp;<\/p>\n<p>&nbsp;<\/p>\n<p>&nbsp;<\/p>\n<h2>CUSTOMER AREA<\/h2>\n<p>Sollten Sie bereits Mitglied in unserem B2B Mediaroom sein, kommen Sie hier zum Login: <a href=\"https:\/\/reserved-area.nortecsport.com\/login\" target=\"_blank\" rel=\"noopener\">NORTEC RESERVED AREA<\/a><\/p>\n<p>[\/et_pb_text][\/et_pb_column][\/et_pb_row][\/et_pb_section]<\/p>\n","protected":false},"excerpt":{"rendered":"<p>BEDIENUNGSANLEITUNG NORTEC User Manual STANDARD (All Micro Crampons) NORTEC User Manual TRAIL 2.4 NORTEC User Manual CREST 2.5 \/ IFA SYSTEM PDF \/ 1 MBEN-FR-IT-DEPRESSEKONTAKT Eine aktive Kommunikation \u00fcber unsere Marke und die NORTEC Produkte ist uns \u00fcberaus wichtig. Sie finden hier in K\u00fcrze aktuelle Presseunterlagen und Produktbeschreibungen. Sollten Sie bereits jetzt Fragen und Anregungen [&hellip;]<\/p>\n","protected":false},"author":4,"featured_media":0,"parent":0,"menu_order":0,"comment_status":"closed","ping_status":"closed","template":"","meta":{"_et_pb_use_builder":"on","_et_pb_old_content":"<p>fd h th th trh th rth<\/p>","_et_gb_content_width":""},"acf":[],"_links":{"self":[{"href":"https:\/\/www.nortecsport.com\/de\/wp-json\/wp\/v2\/pages\/32069"}],"collection":[{"href":"https:\/\/www.nortecsport.com\/de\/wp-json\/wp\/v2\/pages"}],"about":[{"href":"https:\/\/www.nortecsport.com\/de\/wp-json\/wp\/v2\/types\/page"}],"author":[{"embeddable":true,"href":"https:\/\/www.nortecsport.com\/de\/wp-json\/wp\/v2\/users\/4"}],"replies":[{"embeddable":true,"href":"https:\/\/www.nortecsport.com\/de\/wp-json\/wp\/v2\/comments?post=32069"}],"version-history":[{"count":18,"href":"https:\/\/www.nortecsport.com\/de\/wp-json\/wp\/v2\/pages\/32069\/revisions"}],"predecessor-version":[{"id":41307,"href":"https:\/\/www.nortecsport.com\/de\/wp-json\/wp\/v2\/pages\/32069\/revisions\/41307"}],"wp:attachment":[{"href":"https:\/\/www.nortecsport.com\/de\/wp-json\/wp\/v2\/media?parent=32069"}],"curies":[{"name":"wp","href":"https:\/\/api.w.org\/{rel}","templated":true}]}}