{"id":32146,"date":"2018-09-12T09:50:08","date_gmt":"2018-09-12T09:50:08","guid":{"rendered":"http:\/\/stage.nortecsport.com\/?page_id=32146"},"modified":"2018-12-03T15:57:36","modified_gmt":"2018-12-03T13:57:36","slug":"our-newsletter","status":"publish","type":"page","link":"https:\/\/www.nortecsport.com\/de\/our-newsletter\/","title":{"rendered":"NORTEC Newsletter"},"content":{"rendered":"<p>[et_pb_section bb_built=&#8220;1&#8243;][et_pb_row][et_pb_column type=&#8220;4_4&#8243;][et_pb_text _builder_version=&#8220;3.12.2&#8243;]<\/p>\n<h2>NORTEC Newsletter<\/h2>\n<p>Mit unserem regelm\u00e4\u00dfigen Email Newsletter halten wir Sie auf dem Laufenden \u00fcber neue Produkte, bevorstehende Events und bezwungene Gipfel!<\/p>\n<h3>NEWSLETTER REGISTRATION:<\/h3>\n<div class=\"wpforms-container wpforms-container-full\" id=\"wpforms-32951\"><form id=\"wpforms-form-32951\" class=\"wpforms-validate wpforms-form\" data-formid=\"32951\" method=\"post\" enctype=\"multipart\/form-data\" action=\"\/de\/wp-json\/wp\/v2\/pages\/32146\" data-token=\"374137adfb75c0f1d791cb4f57f53b78\"><noscript class=\"wpforms-error-noscript\">Bitte aktiviere JavaScript in deinem Browser, um dieses Formular fertigzustellen.<\/noscript><div class=\"wpforms-field-container\"><div id=\"wpforms-32951-field_3-container\" class=\"wpforms-field wpforms-field-checkbox wpforms-list-inline\" data-field-id=\"3\"><ul id=\"wpforms-32951-field_3\"><li class=\"choice-1 depth-1\"><input type=\"checkbox\" id=\"wpforms-32951-field_3_1\" name=\"wpforms[fields][3][]\" value=\"Frau\"  ><label class=\"wpforms-field-label-inline\" for=\"wpforms-32951-field_3_1\">Frau<\/label><\/li><li class=\"choice-2 depth-1\"><input type=\"checkbox\" id=\"wpforms-32951-field_3_2\" name=\"wpforms[fields][3][]\" value=\"Herr\"  ><label class=\"wpforms-field-label-inline\" for=\"wpforms-32951-field_3_2\">Herr<\/label><\/li><\/ul><\/div><div id=\"wpforms-32951-field_0-container\" class=\"wpforms-field wpforms-field-name\" data-field-id=\"0\"><label class=\"wpforms-field-label\" for=\"wpforms-32951-field_0\">Name <span class=\"wpforms-required-label\">*<\/span><\/label><div class=\"wpforms-field-row wpforms-field-medium\"><div class=\"wpforms-field-row-block wpforms-first wpforms-one-half\"><input type=\"text\" id=\"wpforms-32951-field_0\" class=\"wpforms-field-name-first wpforms-field-required\" name=\"wpforms[fields][0][first]\" required><label for=\"wpforms-32951-field_0\" class=\"wpforms-field-sublabel after \">Vorname<\/label><\/div><div class=\"wpforms-field-row-block wpforms-one-half\"><input type=\"text\" id=\"wpforms-32951-field_0-last\" class=\"wpforms-field-name-last wpforms-field-required\" name=\"wpforms[fields][0][last]\" required><label for=\"wpforms-32951-field_0-last\" class=\"wpforms-field-sublabel after \">Nachname<\/label><\/div><\/div><\/div><div id=\"wpforms-32951-field_1-container\" class=\"wpforms-field wpforms-field-email\" data-field-id=\"1\"><label class=\"wpforms-field-label\" for=\"wpforms-32951-field_1\">Deine Email-Adresse <span class=\"wpforms-required-label\">*<\/span><\/label><input type=\"email\" id=\"wpforms-32951-field_1\" class=\"wpforms-field-medium wpforms-field-required\" name=\"wpforms[fields][1]\" required><\/div><div id=\"wpforms-32951-field_5-container\" class=\"wpforms-field wpforms-field-radio wpforms-list-inline\" data-field-id=\"5\"><label class=\"wpforms-field-label\" for=\"wpforms-32951-field_5\">Ihre Interessen<\/label><ul id=\"wpforms-32951-field_5\"><li class=\"choice-1 depth-1\"><input type=\"radio\" id=\"wpforms-32951-field_5_1\" name=\"wpforms[fields][5]\" value=\"NORTEC Stories\"  ><label class=\"wpforms-field-label-inline\" for=\"wpforms-32951-field_5_1\">NORTEC Stories<\/label><\/li><li class=\"choice-2 depth-1\"><input type=\"radio\" id=\"wpforms-32951-field_5_2\" name=\"wpforms[fields][5]\" value=\"Products &amp; Equipment\"  ><label class=\"wpforms-field-label-inline\" for=\"wpforms-32951-field_5_2\">Products &amp; Equipment<\/label><\/li><li class=\"choice-3 depth-1\"><input type=\"radio\" id=\"wpforms-32951-field_5_3\" name=\"wpforms[fields][5]\" value=\"Races &amp; Events\"  ><label class=\"wpforms-field-label-inline\" for=\"wpforms-32951-field_5_3\">Races &amp; Events<\/label><\/li><li class=\"choice-4 depth-1\"><input type=\"radio\" id=\"wpforms-32951-field_5_4\" name=\"wpforms[fields][5]\" value=\"Our Athletes\"  ><label class=\"wpforms-field-label-inline\" for=\"wpforms-32951-field_5_4\">Our Athletes<\/label><\/li><\/ul><\/div><div id=\"wpforms-32951-field_6-container\" class=\"wpforms-field wpforms-field-checkbox\" data-field-id=\"6\"><ul id=\"wpforms-32951-field_6\" class=\"wpforms-field-required\"><li class=\"choice-1 depth-1\"><input type=\"checkbox\" id=\"wpforms-32951-field_6_1\" name=\"wpforms[fields][6][]\" value=\"Ich stimme der Weiterverarbeitung meiner pers\u00f6nlichen Daten zu, um den NORTEC Newsletter zu bestellen\" required ><label class=\"wpforms-field-label-inline\" for=\"wpforms-32951-field_6_1\">Ich stimme der Weiterverarbeitung meiner pers\u00f6nlichen Daten zu, um den NORTEC Newsletter zu bestellen<\/label><\/li><\/ul><\/div><\/div><div class=\"wpforms-recaptcha-container wpforms-is-recaptcha\"><div class=\"g-recaptcha\" data-sitekey=\"6LcMMigbAAAAAIPjtdk7oPyhVgDrLSwmu0D_2Mwa\"><\/div><input type=\"text\" name=\"g-recaptcha-hidden\" class=\"wpforms-recaptcha-hidden\" style=\"position:absolute!important;clip:rect(0,0,0,0)!important;height:1px!important;width:1px!important;border:0!important;overflow:hidden!important;padding:0!important;margin:0!important;\" required><\/div><div class=\"wpforms-submit-container\"><input type=\"hidden\" name=\"wpforms[id]\" value=\"32951\"><input type=\"hidden\" name=\"wpforms[author]\" value=\"3\"><button type=\"submit\" name=\"wpforms[submit]\" id=\"wpforms-submit-32951\" class=\"wpforms-submit\" data-alt-text=\"Sending...\" data-submit-text=\"Registrate\" aria-live=\"assertive\" value=\"wpforms-submit\">Registrate<\/button><\/div><\/form><\/div>  <!-- .wpforms-container -->\n<p>[\/et_pb_text][\/et_pb_column][\/et_pb_row][\/et_pb_section]<\/p>\n","protected":false},"excerpt":{"rendered":"<p><div class=\"et_pb_row et_pb_row_0 et_pb_row_empty\">\n\t\t\t\t\n\t\t\t\t\n\t\t\t\t\n\t\t\t<\/div> NORTEC Newsletter Mit unserem regelm\u00e4\u00dfigen Email Newsletter halten wir Sie auf dem Laufenden \u00fcber neue Produkte, bevorstehende Events und bezwungene Gipfel! NEWSLETTER REGISTRATION: <div class=\"wpforms-container wpforms-container-full\" id=\"wpforms-32951\"><form id=\"wpforms-form-32951\" class=\"wpforms-validate wpforms-form\" data-formid=\"32951\" method=\"post\" enctype=\"multipart\/form-data\" action=\"\/de\/wp-json\/wp\/v2\/pages\/32146\" data-token=\"374137adfb75c0f1d791cb4f57f53b78\"><noscript class=\"wpforms-error-noscript\">Bitte aktiviere JavaScript in deinem Browser, um dieses Formular fertigzustellen.<\/noscript><div class=\"wpforms-field-container\"><div id=\"wpforms-32951-field_3-container\" class=\"wpforms-field wpforms-field-checkbox wpforms-list-inline\" data-field-id=\"3\"><ul id=\"wpforms-32951-field_3\"><li class=\"choice-1 depth-1\"><input type=\"checkbox\" id=\"wpforms-32951-field_3_1\" name=\"wpforms[fields][3][]\" value=\"Frau\"  ><label class=\"wpforms-field-label-inline\" for=\"wpforms-32951-field_3_1\">Frau<\/label><\/li><li class=\"choice-2 depth-1\"><input type=\"checkbox\" id=\"wpforms-32951-field_3_2\" name=\"wpforms[fields][3][]\" value=\"Herr\"  ><label class=\"wpforms-field-label-inline\" for=\"wpforms-32951-field_3_2\">Herr<\/label><\/li><\/ul><\/div><div id=\"wpforms-32951-field_0-container\" class=\"wpforms-field wpforms-field-name\" data-field-id=\"0\"><label class=\"wpforms-field-label\" for=\"wpforms-32951-field_0\">Name <span class=\"wpforms-required-label\">*<\/span><\/label><div class=\"wpforms-field-row wpforms-field-medium\"><div class=\"wpforms-field-row-block wpforms-first wpforms-one-half\"><input type=\"text\" id=\"wpforms-32951-field_0\" class=\"wpforms-field-name-first wpforms-field-required\" name=\"wpforms[fields][0][first]\" required><label for=\"wpforms-32951-field_0\" class=\"wpforms-field-sublabel after \">Vorname<\/label><\/div><div class=\"wpforms-field-row-block wpforms-one-half\"><input type=\"text\" id=\"wpforms-32951-field_0-last\" class=\"wpforms-field-name-last wpforms-field-required\" name=\"wpforms[fields][0][last]\" required><label for=\"wpforms-32951-field_0-last\" class=\"wpforms-field-sublabel after \">Nachname<\/label><\/div><\/div><\/div><div id=\"wpforms-32951-field_1-container\" class=\"wpforms-field wpforms-field-email\" data-field-id=\"1\"><label class=\"wpforms-field-label\" for=\"wpforms-32951-field_1\">Deine Email-Adresse <span class=\"wpforms-required-label\">*<\/span><\/label><input type=\"email\" id=\"wpforms-32951-field_1\" class=\"wpforms-field-medium wpforms-field-required\" name=\"wpforms[fields][1]\" required><\/div><div id=\"wpforms-32951-field_5-container\" class=\"wpforms-field wpforms-field-radio wpforms-list-inline\" data-field-id=\"5\"><label class=\"wpforms-field-label\" for=\"wpforms-32951-field_5\">Ihre Interessen<\/label><ul id=\"wpforms-32951-field_5\"><li class=\"choice-1 depth-1\"><input type=\"radio\" id=\"wpforms-32951-field_5_1\" name=\"wpforms[fields][5]\" value=\"NORTEC Stories\"  ><label class=\"wpforms-field-label-inline\" for=\"wpforms-32951-field_5_1\">NORTEC Stories<\/label><\/li><li class=\"choice-2 depth-1\"><input type=\"radio\" id=\"wpforms-32951-field_5_2\" name=\"wpforms[fields][5]\" value=\"Products &amp; Equipment\"  ><label class=\"wpforms-field-label-inline\" for=\"wpforms-32951-field_5_2\">Products &amp; Equipment<\/label><\/li><li class=\"choice-3 depth-1\"><input type=\"radio\" id=\"wpforms-32951-field_5_3\" name=\"wpforms[fields][5]\" value=\"Races &amp; Events\"  ><label class=\"wpforms-field-label-inline\" for=\"wpforms-32951-field_5_3\">Races &amp; Events<\/label><\/li><li class=\"choice-4 depth-1\"><input type=\"radio\" id=\"wpforms-32951-field_5_4\" name=\"wpforms[fields][5]\" value=\"Our Athletes\"  ><label class=\"wpforms-field-label-inline\" for=\"wpforms-32951-field_5_4\">Our Athletes<\/label><\/li><\/ul><\/div><div id=\"wpforms-32951-field_6-container\" class=\"wpforms-field wpforms-field-checkbox\" data-field-id=\"6\"><ul id=\"wpforms-32951-field_6\" class=\"wpforms-field-required\"><li class=\"choice-1 depth-1\"><input type=\"checkbox\" id=\"wpforms-32951-field_6_1\" name=\"wpforms[fields][6][]\" value=\"Ich stimme der Weiterverarbeitung meiner pers\u00f6nlichen Daten zu, um den NORTEC Newsletter zu bestellen\" required ><label class=\"wpforms-field-label-inline\" for=\"wpforms-32951-field_6_1\">Ich stimme der Weiterverarbeitung meiner pers\u00f6nlichen Daten zu, um den NORTEC Newsletter zu bestellen<\/label><\/li><\/ul><\/div><\/div><div class=\"wpforms-recaptcha-container wpforms-is-recaptcha\"><div class=\"g-recaptcha\" data-sitekey=\"6LcMMigbAAAAAIPjtdk7oPyhVgDrLSwmu0D_2Mwa\"><\/div><input type=\"text\" name=\"g-recaptcha-hidden\" class=\"wpforms-recaptcha-hidden\" style=\"position:absolute!important;clip:rect(0,0,0,0)!important;height:1px!important;width:1px!important;border:0!important;overflow:hidden!important;padding:0!important;margin:0!important;\" required><\/div><div class=\"wpforms-submit-container\"><input type=\"hidden\" name=\"wpforms[id]\" value=\"32951\"><input type=\"hidden\" name=\"wpforms[author]\" value=\"3\"><button type=\"submit\" name=\"wpforms[submit]\" id=\"wpforms-submit-32951\" class=\"wpforms-submit\" data-alt-text=\"Sending...\" data-submit-text=\"Registrate\" aria-live=\"assertive\" value=\"wpforms-submit\">Registrate<\/button><\/div><\/form><\/div>  <!-- .wpforms-container --><\/p>\n","protected":false},"author":3,"featured_media":0,"parent":0,"menu_order":0,"comment_status":"closed","ping_status":"closed","template":"","meta":{"_et_pb_use_builder":"on","_et_pb_old_content":"<p>pagina in costruzione newsletter<\/p>","_et_gb_content_width":""},"acf":[],"_links":{"self":[{"href":"https:\/\/www.nortecsport.com\/de\/wp-json\/wp\/v2\/pages\/32146"}],"collection":[{"href":"https:\/\/www.nortecsport.com\/de\/wp-json\/wp\/v2\/pages"}],"about":[{"href":"https:\/\/www.nortecsport.com\/de\/wp-json\/wp\/v2\/types\/page"}],"author":[{"embeddable":true,"href":"https:\/\/www.nortecsport.com\/de\/wp-json\/wp\/v2\/users\/3"}],"replies":[{"embeddable":true,"href":"https:\/\/www.nortecsport.com\/de\/wp-json\/wp\/v2\/comments?post=32146"}],"version-history":[{"count":6,"href":"https:\/\/www.nortecsport.com\/de\/wp-json\/wp\/v2\/pages\/32146\/revisions"}],"predecessor-version":[{"id":33673,"href":"https:\/\/www.nortecsport.com\/de\/wp-json\/wp\/v2\/pages\/32146\/revisions\/33673"}],"wp:attachment":[{"href":"https:\/\/www.nortecsport.com\/de\/wp-json\/wp\/v2\/media?parent=32146"}],"curies":[{"name":"wp","href":"https:\/\/api.w.org\/{rel}","templated":true}]}}