{"id":32184,"date":"2018-09-13T13:41:06","date_gmt":"2018-09-13T13:41:06","guid":{"rendered":"http:\/\/stage.nortecsport.com\/?page_id=32184"},"modified":"2022-01-31T10:05:39","modified_gmt":"2022-01-31T08:05:39","slug":"our-history","status":"publish","type":"page","link":"https:\/\/www.nortecsport.com\/de\/brand\/our-history\/","title":{"rendered":"GESCHICHTE"},"content":{"rendered":"<p>[et_pb_section fb_built=&#8220;1&#8243; _builder_version=&#8220;3.22&#8243; background_color=&#8220;#000000&#8243; global_colors_info=&#8220;{}&#8220;][et_pb_row _builder_version=&#8220;3.25&#8243; background_color=&#8220;#000000&#8243; global_colors_info=&#8220;{}&#8220;][et_pb_column type=&#8220;4_4&#8243; _builder_version=&#8220;3.25&#8243; custom_padding=&#8220;|||&#8220; global_colors_info=&#8220;{}&#8220; custom_padding__hover=&#8220;|||&#8220;][et_pb_text _builder_version=&#8220;3.27.4&#8243; global_colors_info=&#8220;{}&#8220;]<\/p>\n<h1><span style=\"color: #ffffff;\">GESCHICHTE<\/span><\/h1>\n<p>[\/et_pb_text][\/et_pb_column][\/et_pb_row][et_pb_row _builder_version=&#8220;3.25&#8243; global_colors_info=&#8220;{}&#8220; column_structure=&#8220;1_2,1_2&#8243;][et_pb_column type=&#8220;1_2&#8243; _builder_version=&#8220;3.25&#8243; custom_padding=&#8220;|||&#8220; global_colors_info=&#8220;{}&#8220; custom_padding__hover=&#8220;|||&#8220;][et_pb_image src=&#8220;http:\/\/www.nortecsport.com\/de\/wp-content\/uploads\/2018\/09\/bg_history-1-2.jpg&#8220; align_tablet=&#8220;center&#8220; align_last_edited=&#8220;on|desktop&#8220; _builder_version=&#8220;3.23&#8243; global_colors_info=&#8220;{}&#8220; align_phone=&#8220;center&#8220;][\/et_pb_image][et_pb_text _builder_version=&#8220;3.27.4&#8243; text_text_color=&#8220;#ffffff&#8220; global_colors_info=&#8220;{}&#8220;]<\/p>\n<h2><span style=\"color: #ffffff;\">1996<\/span><\/h2>\n<h4><strong>Die Marke TURTLES wird geboren<\/strong><\/h4>\n<p>Das Unternehmen in Trevisana greift diese Nachfrage auf und beweist sicheres Gesp\u00fcr f\u00fcr modernes und stilvolles Design. Gepaart mit dem jahrelangen Know-how in Sachen Metallverarbeitung bringt man unter dem neu gegr\u00fcndeten Markennamen TURTLES\u00a0 die ersten Schuhketten f\u00fcr einen breiten Markt heraus, welche rasch \u00fcber Italien hinaus an Bekanntheit und Abnehmern gewinnen.<\/p>\n<p>Im Jahr 2006 bringt TURTLES die erste richtige Schuhkralle mit Metallspitzen auf den Markt und verbreitert von da ab die Produktpalette um selbst Anforderungen anspruchsvollster Alpinisten nach technisch ausgefeilten M\u00f6glichkeiten zu befriedigen. Ab 2010 erlangt die Marke TURTLES zusehends an Bedeutung und Interesse.<\/p>\n<p>&nbsp;<\/p>\n<p>&nbsp;<br \/>\n[\/et_pb_text][et_pb_text _builder_version=&#8220;3.27.4&#8243; text_text_color=&#8220;#ffffff&#8220; global_colors_info=&#8220;{}&#8220;]<\/p>\n<h2><span style=\"color: #ffffff;\">2012<\/span><\/h2>\n<h4><strong>\u00dcbernahme der Marke TURTLES durch NORTEC<\/strong><\/h4>\n<p><strong>Im J\u00e4nner 2012 wird die NORTEC Sport GmbH<\/strong>\u00a0gegr\u00fcndet und erwirbt die Marke TURTLES. Der Erfindergeist und die technologischen Errungenschaften der letzten Jahrzehnte werden unter neuem Namen in die Zukunft gef\u00fchrt.<br \/>\nUnter dem Namen NORTEC wird die begonnene Spezialisierung auf hightech Produkte f\u00fcr Winter- und Bergsportler weitergef\u00fchrt und um vieles bereichert: Vordenker aus den Bereichen Sportequipment und Design legen neue Ma\u00dfst\u00e4be an die Produktentwicklung, internationale Spitzensportler werden in die Testphasen einbezogen, neue Vertriebswege werden erschlossen.<\/p>\n<p>&nbsp;<\/p>\n<h4><span style=\"color: #ffffff;\">PROJECT RACE<\/span><\/h4>\n<p>NORTEC launched 2013 das Projekt RACE: Ziel ist die Entwicklung einer vollkommen neuen Schuhkralle \u2013 speziell abgestimmt auf die harten Bedingungen und hohen Anforderungen von internationalen Skyrace-Wettk\u00e4mpfen.<br \/>\nEin Jahr Entwicklung, zahlreiche Testphasen von Prototypen und das Feedback ausgew\u00e4hlter Profisportlern auf Spitzen-Niveau waren der Grundstein f\u00fcr das patentierte Modell TRAIL, welches auf der ISPO 2014 erstmals vorgestellt wird.<br \/>\nDie Grenze von 100g \/ St\u00fcck wird revolution\u00e4r gebrochen, der Entwicklungsgedanke<strong><em>\u00a0\u201eengineered for the racers\u201c\u00a0<\/em><\/strong>\u00a0zum Erfolgskonzept.<\/p>\n<p>&nbsp;<br \/>\n[\/et_pb_text][et_pb_image src=&#8220;http:\/\/www.nortecsport.com\/de\/wp-content\/uploads\/2018\/09\/bg_history-4.jpg&#8220; align_tablet=&#8220;center&#8220; align_last_edited=&#8220;on|desktop&#8220; _builder_version=&#8220;3.23&#8243; global_colors_info=&#8220;{}&#8220; align_phone=&#8220;center&#8220;][\/et_pb_image][\/et_pb_column][et_pb_column type=&#8220;1_2&#8243; _builder_version=&#8220;3.25&#8243; custom_padding=&#8220;|||&#8220; global_colors_info=&#8220;{}&#8220; custom_padding__hover=&#8220;|||&#8220;][et_pb_text _builder_version=&#8220;3.27.4&#8243; text_text_color=&#8220;#ffffff&#8220; background_color=&#8220;#000000&#8243; global_colors_info=&#8220;{}&#8220;]<\/p>\n<h2>1979<\/h2>\n<h3>Ein Grundstein wird gelegt<\/h3>\n<p>Enrico Granzotto gr\u00fcndet 1979 das Handwerksunternehmen GRANZOTTO Snc in der Provinz Trevisana in Italien.<\/p>\n<p>In den Jahren darauf kommt es durch den wachsenden Tourismus zu immer mehr Nachfrage nach anspruchsvollen und qualit\u00e4tsvollen Geh- und Steighilfen f\u00fcr die sichere Bewegung im alpinen Gel\u00e4nde. Auch der Freizeitsport im Winter \u2013 abseits der Pisten \u2013 nimmt einen immer gr\u00f6\u00dferen Stellenwert bei Hobbysportlern ein und fordert nach hochwertigem Equipment.<br \/>\n[\/et_pb_text][et_pb_image src=&#8220;http:\/\/www.nortecsport.com\/de\/wp-content\/uploads\/2018\/09\/bg_history-2-2.jpg&#8220; align_tablet=&#8220;center&#8220; align_last_edited=&#8220;on|desktop&#8220; _builder_version=&#8220;3.23&#8243; global_colors_info=&#8220;{}&#8220; align_phone=&#8220;center&#8220;][\/et_pb_image][et_pb_image src=&#8220;http:\/\/www.nortecsport.com\/de\/wp-content\/uploads\/2018\/09\/bg_history-2-3.jpg&#8220; align_tablet=&#8220;center&#8220; align_last_edited=&#8220;on|desktop&#8220; _builder_version=&#8220;3.23&#8243; global_colors_info=&#8220;{}&#8220; align_phone=&#8220;center&#8220;][\/et_pb_image][et_pb_text _builder_version=&#8220;3.27.4&#8243; text_text_color=&#8220;#ffffff&#8220; global_colors_info=&#8220;{}&#8220;]<\/p>\n<h2><span style=\"color: #ffffff;\">HEUTE<\/span><\/h2>\n<h4><span style=\"color: #ffffff;\">\u2026 und eine Vision<\/span><\/h4>\n<p>Heute ist NORTEC Vorreiter im Bereich Quick-Fit-Schuhkrallen und definiert damit funktionale und technische Laufausr\u00fcstung neu.<br \/>Den Herausforderungen des starken Wettbewerbs am Sportmarkt begegnet NORTEC mit zunehmender Konzentration und Technisierung. Die ausgefeilte Produktpalette an hightech Schuhkrallen richtet sich an Profisportler und jene, die Winter- und Ausdauersport auf einem hohen professionellen Level ausf\u00fchren wollen. Trailrunning, Skyracing und Laufen im Winter als Ausdauer- und Wettkampfsport sind keine Disziplinen mehr, die allein Profis vorbehalten sind. Die NORTEC Produktpalette zeichnet sich durch spezialisiertes, sicheres Equipment f\u00fcr jede Anforderung aus.<\/p>\n<p>Sowohl Design als auch Materialauswahl und Verarbeitung jedes NORTEC Produkts unterliegen den Kernwerten Leichtigkeit, Sicherheit und Technologie.<\/p>\n<p>Die Spezialisierung im Bereich Winterlauf und Trailrunning sowie jahrelange Erfahrung im Spitzensport erm\u00f6glichen es der Marke NORTEC die Produktpalette laufend zu erweitern.<\/p>\n<p>Die Vision der Marke ist es, die Technologief\u00fchrerschaft im Bereich Schuhkrallen als Hauptproduktlinie zu behalten und ein Spezialist zu werden<br \/>f\u00fcr das Trail- und Berglaufzubeh\u00f6r.<\/p>\n<p>[\/et_pb_text][\/et_pb_column][\/et_pb_row][\/et_pb_section]<\/p>\n","protected":false},"excerpt":{"rendered":"<p>GESCHICHTE 1996 Die Marke TURTLES wird geboren Das Unternehmen in Trevisana greift diese Nachfrage auf und beweist sicheres Gesp\u00fcr f\u00fcr modernes und stilvolles Design. Gepaart mit dem jahrelangen Know-how in Sachen Metallverarbeitung bringt man unter dem neu gegr\u00fcndeten Markennamen TURTLES\u00a0 die ersten Schuhketten f\u00fcr einen breiten Markt heraus, welche rasch \u00fcber Italien hinaus an Bekanntheit [&hellip;]<\/p>\n","protected":false},"author":4,"featured_media":0,"parent":32,"menu_order":0,"comment_status":"closed","ping_status":"closed","template":"","meta":{"_et_pb_use_builder":"on","_et_pb_old_content":"","_et_gb_content_width":""},"acf":[],"_links":{"self":[{"href":"https:\/\/www.nortecsport.com\/de\/wp-json\/wp\/v2\/pages\/32184"}],"collection":[{"href":"https:\/\/www.nortecsport.com\/de\/wp-json\/wp\/v2\/pages"}],"about":[{"href":"https:\/\/www.nortecsport.com\/de\/wp-json\/wp\/v2\/types\/page"}],"author":[{"embeddable":true,"href":"https:\/\/www.nortecsport.com\/de\/wp-json\/wp\/v2\/users\/4"}],"replies":[{"embeddable":true,"href":"https:\/\/www.nortecsport.com\/de\/wp-json\/wp\/v2\/comments?post=32184"}],"version-history":[{"count":31,"href":"https:\/\/www.nortecsport.com\/de\/wp-json\/wp\/v2\/pages\/32184\/revisions"}],"predecessor-version":[{"id":34574,"href":"https:\/\/www.nortecsport.com\/de\/wp-json\/wp\/v2\/pages\/32184\/revisions\/34574"}],"up":[{"embeddable":true,"href":"https:\/\/www.nortecsport.com\/de\/wp-json\/wp\/v2\/pages\/32"}],"wp:attachment":[{"href":"https:\/\/www.nortecsport.com\/de\/wp-json\/wp\/v2\/media?parent=32184"}],"curies":[{"name":"wp","href":"https:\/\/api.w.org\/{rel}","templated":true}]}}