{"id":32272,"date":"2018-09-17T10:41:19","date_gmt":"2018-09-17T10:41:19","guid":{"rendered":"http:\/\/stage.nortecsport.com\/?page_id=32272"},"modified":"2018-12-03T14:05:10","modified_gmt":"2018-12-03T12:05:10","slug":"our-vision","status":"publish","type":"page","link":"https:\/\/www.nortecsport.com\/de\/brand\/our-vision\/","title":{"rendered":"VISION"},"content":{"rendered":"<p>[et_pb_section bb_built=&#8220;1&#8243; _builder_version=&#8220;3.12.2&#8243; background_color=&#8220;#000000&#8243;][et_pb_row _builder_version=&#8220;3.12.2&#8243; background_color=&#8220;#000000&#8243;][et_pb_column type=&#8220;4_4&#8243;][et_pb_text _builder_version=&#8220;3.12.2&#8243;]<\/p>\n<h1><span style=\"color: #ffffff;\">VISION<\/span><\/h1>\n<p>[\/et_pb_text][et_pb_image _builder_version=&#8220;3.12.2&#8243; src=&#8220;http:\/\/www.nortecsport.com\/de\/wp-content\/uploads\/2018\/09\/bg_vision-1-1.jpg&#8220; \/][et_pb_text _builder_version=&#8220;3.12.2&#8243; text_text_color=&#8220;#ffffff&#8220;]<\/p>\n<h2><span style=\"color: #ffffff;\">TECHNOLOGY<\/span><\/h2>\n<p>Die Zusammenarbeit mit Profisportlern erm\u00f6glicht uns den Blick auf jene Produktanforderungen, die sich in der Situation ergeben.\u00a0\u00a0Leichtigkeit und Sicherheit sind dabei die beiden wichtigsten Werte, denen wir unser Bestreben unterworfen haben. Die Verwendung und Entwicklung innovativer Technologien ist der Schl\u00fcssel, diese beiden Werte in all unseren Produkten zu verwirklichen.<\/p>\n<p>Wir sind Vorreiter und Wegbereiter zahlreicher neuer patentierter Produkt- und Materiall\u00f6sungen und wollen diesen Weg auch in Zukunft weiter austreten.<\/p>\n<p>[\/et_pb_text][et_pb_image _builder_version=&#8220;3.12.2&#8243; src=&#8220;http:\/\/www.nortecsport.com\/de\/wp-content\/uploads\/2018\/09\/bg_vision-2.jpg&#8220; \/][et_pb_text _builder_version=&#8220;3.12.2&#8243; text_text_color=&#8220;#ffffff&#8220;]<\/p>\n<h2><span style=\"color: #ffffff;\">LIGHTNESS<\/span><\/h2>\n<p>Am Berg und auf der Strecke z\u00e4hlt jedes Gramm. Die Grundvoraussetzung f\u00fcr ein erfolgreiches Training, ein gutes Rennergebnis oder einen ganz pers\u00f6nlichen Rekord ist das Gewicht deines Equipments.<br \/>\nWir statten dich mit Allem aus, das es dir erlaubt, deine eigenen Limits zu sprengen.<br \/>\nDu willst h\u00f6her hinaus? Du willst mehr Leistung? Du willst eine bessere Zeit? Du willst mehr Komfort?<\/p>\n<p>Weniger Gewicht = keine Limits.<br \/>\nDenn die L\u00e4ufer sollen laufen und nicht tragen!<\/p>\n<p>[\/et_pb_text][et_pb_image _builder_version=&#8220;3.12.2&#8243; src=&#8220;http:\/\/www.nortecsport.com\/de\/wp-content\/uploads\/2018\/09\/bg_vision-3.jpg&#8220; \/][et_pb_text _builder_version=&#8220;3.12.2&#8243; text_text_color=&#8220;#ffffff&#8220;]<\/p>\n<h2><span style=\"color: #ffffff;\">DESIGN<\/span><\/h2>\n<p>Keine Frage \u2013 die Form folgt der Funktion. Dennoch setzen wir einen ma\u00dfgeblichen Schwerpunkt unserer Produktentwicklung auf die Schaffung eines modernen, edlen und ausgewogenen Designs. Unsere Scouts sind immer auf der Suche nach innovativen Verarbeitungsm\u00f6glichkeiten, haptischen Materialien, funktionellen Add-ons und neuen Trends.<\/p>\n<p>Unsere Produkte sollen nicht nur hoch hinaus bringen, sondern auch Herzen h\u00f6her schlagen lassen.<\/p>\n<p>[\/et_pb_text][et_pb_image _builder_version=&#8220;3.12.2&#8243; src=&#8220;http:\/\/www.nortecsport.com\/de\/wp-content\/uploads\/2018\/09\/bg_vision-4.jpg&#8220; \/][et_pb_text _builder_version=&#8220;3.12.2&#8243; text_text_color=&#8220;#ffffff&#8220;]<\/p>\n<h2><span style=\"color: #ffffff;\">DU!!<\/span><\/h2>\n<p>Die NORTEC Produktpalette misst sich an den Herausforderungen eines Gipfelsturms und den Anforderungen von Profisportlern. Wir reiben uns an Ger\u00f6llh\u00e4ngen und scharren \u00fcber schneebedeckte Trailrouten.<br \/>\nWir messen uns an den Besten \u2013 und das eint uns mit unseren Kunden!<\/p>\n<p>NORTEC umfasst ein Portfolio, das sich rund um den professionell betriebenen Winter-, Lauf- und Bergsport dreht. Dabei muss man nicht Profisport betreiben, um zu wissen, welche Vorteile professionelles Equipment bietet!<\/p>\n<p>F\u00fcr all jene, die Gipfel st\u00fcrmen.<br \/>\nF\u00fcr die, die schneller sind als der Rest.<br \/>\nF\u00fcr die Amateure und die Profis.<br \/>\nF\u00fcr die, die Herausforderungen lieben: NORTEC.<\/p>\n<p>[\/et_pb_text][\/et_pb_column][\/et_pb_row][\/et_pb_section]<\/p>\n","protected":false},"excerpt":{"rendered":"<p>VISION TECHNOLOGY Die Zusammenarbeit mit Profisportlern erm\u00f6glicht uns den Blick auf jene Produktanforderungen, die sich in der Situation ergeben.\u00a0\u00a0Leichtigkeit und Sicherheit sind dabei die beiden wichtigsten Werte, denen wir unser Bestreben unterworfen haben. Die Verwendung und Entwicklung innovativer Technologien ist der Schl\u00fcssel, diese beiden Werte in all unseren Produkten zu verwirklichen. Wir sind Vorreiter und [&hellip;]<\/p>\n","protected":false},"author":4,"featured_media":0,"parent":32,"menu_order":0,"comment_status":"closed","ping_status":"closed","template":"","meta":{"_et_pb_use_builder":"on","_et_pb_old_content":"","_et_gb_content_width":""},"acf":[],"_links":{"self":[{"href":"https:\/\/www.nortecsport.com\/de\/wp-json\/wp\/v2\/pages\/32272"}],"collection":[{"href":"https:\/\/www.nortecsport.com\/de\/wp-json\/wp\/v2\/pages"}],"about":[{"href":"https:\/\/www.nortecsport.com\/de\/wp-json\/wp\/v2\/types\/page"}],"author":[{"embeddable":true,"href":"https:\/\/www.nortecsport.com\/de\/wp-json\/wp\/v2\/users\/4"}],"replies":[{"embeddable":true,"href":"https:\/\/www.nortecsport.com\/de\/wp-json\/wp\/v2\/comments?post=32272"}],"version-history":[{"count":9,"href":"https:\/\/www.nortecsport.com\/de\/wp-json\/wp\/v2\/pages\/32272\/revisions"}],"predecessor-version":[{"id":33606,"href":"https:\/\/www.nortecsport.com\/de\/wp-json\/wp\/v2\/pages\/32272\/revisions\/33606"}],"up":[{"embeddable":true,"href":"https:\/\/www.nortecsport.com\/de\/wp-json\/wp\/v2\/pages\/32"}],"wp:attachment":[{"href":"https:\/\/www.nortecsport.com\/de\/wp-json\/wp\/v2\/media?parent=32272"}],"curies":[{"name":"wp","href":"https:\/\/api.w.org\/{rel}","templated":true}]}}