{"id":32436,"date":"2018-09-20T09:23:55","date_gmt":"2018-09-20T09:23:55","guid":{"rendered":"http:\/\/stage.nortecsport.com\/?page_id=32436"},"modified":"2021-11-08T14:57:27","modified_gmt":"2021-11-08T12:57:27","slug":"imprint","status":"publish","type":"page","link":"https:\/\/www.nortecsport.com\/de\/imprint\/","title":{"rendered":"IMPRESSUM"},"content":{"rendered":"<div>\n<p><strong style=\"font-size: revert; font-family: 'Open Sans', Helvetica, Arial, Lucida, sans-serif;\">NORTEC Sport GmbH<br \/><\/strong><span style=\"font-size: revert;\">K\u00e4rntner Stra\u00dfe 8<br \/><\/span><span style=\"font-size: revert;\">A-9500 Villach<\/span><\/p>\n<\/div>\n<section>\n<p>FN 374478d \u2013 LG Klagenfurt<br \/>UID-Nummer: ATU67019718<\/p>\n<p>T: + 43 (0) 4242 35133<br \/>F: + 43 (0) 4242 35133 220<br \/><a href=\"mailto:austria@nortecsport.com\">austria@nortecsport.com<\/a><\/p>\n<p>Represented by Manager Enzo Ciotti.<\/p>\n<p><strong>ERF\u00dcLLUNGSORT &#8211; GERICHTSSTAND &#8211; ANWENDBARES RECHT<\/strong><br \/>Erf\u00fcllungsort f\u00fcr Lieferung und Zahlung ist Villach; dies auch dann, wenn die \u00dcbergabe vereinbarungsgem\u00e4\u00df an einem anderen Ort erfolgt. Das Vertragsverh\u00e4ltnis unterliegt dem Recht der Republik \u00d6sterreich unter Ausschluss des UN-Kaufrechtes. Ausschlie\u00dflicher Gerichtsstand f\u00fcr alle aus dem Vertragsverh\u00e4ltnis entstehenden Streitigkeiten ist das f\u00fcr Villach sachlich zust\u00e4ndige Gericht. Wir sind jedoch auch berechtigt, am allgemeinen Gerichtsstand des Kunden Klage zu erheben.<\/p>\n<h4>\u00a0<\/h4>\n<h4>COPYRIGHT<\/h4>\n<p>Das Copyright von Bildern, Texten und anderen Dokumenten sowie alle Rechte daf\u00fcr liegen bei NORTEC, sofern nicht anders vermerkt. Die Vervielf\u00e4ltigung im Ganzen oder in Teilen ist ohne Genehmigung von NORTEC untersagt.<\/p>\n<h4>\u00a0<\/h4>\n<h4 class=\"bodytext\">PRIVACY<\/h4>\n<p class=\"bodytext\">Bei der Nutzung der NORTEC-Website werden Sie m\u00f6glicherweise nach privaten Daten gefragt. Die Beantwortung von Fragen jeglicher Art ist freiwillig. Ihre Daten werden gem\u00e4\u00df den \u00f6sterreichischen Datenschutzbestimmungen erfasst und verwendet.<\/p>\n<h4>\u00a0<\/h4>\n<h4 class=\"bodytext\">CONTENT\u00a0DISCLAIMER<\/h4>\n<p class=\"bodytext\">Alle Angaben und Informationen auf unserer Website wurden von NORTEC oder Dritten recherchiert und gepr\u00fcft. F\u00fcr die Richtigkeit, Vollst\u00e4ndigkeit und Aktualit\u00e4t der Inhalte \u00fcbernehmen wir jedoch keine Gew\u00e4hr. Dies gilt auch f\u00fcr Websites und Telediensteanbieter, auf die mittels Hyperlink verwiesen wird. Dies gilt auch f\u00fcr Fremdeintr\u00e4ge in vom Seitenbetreiber eingerichteten G\u00e4steb\u00fcchern, Diskussionsforen, Pinnw\u00e4nden und Mailinglisten.<\/p>\n<h4>\u00a0<\/h4>\n<h4>Streitschlichtung<\/h4>\n<p>Die Europ\u00e4ische Kommission stellt eine Plattform zur Online-Streitbeilegung (OS) bereit, die du unter folgendem Link finden kannst:\u00a0<a href=\"http:\/\/ec.europa.eu\/consumers\/odr\/\" target=\"_blank\" rel=\"noopener\">ec.europa.eu\/consumers\/odr\/<\/a><\/p>\n<p>\u00a0<\/p>\n<\/section>\n\n\n<div class=\"wp-block-buttons\">\n<div class=\"wp-block-button has-custom-width wp-block-button__width-25 has-custom-font-size has-small-font-size\"><a class=\"wp-block-button__link has-black-color has-cyan-bluish-gray-background-color has-text-color has-background\" href=\"https:\/\/www.nortecsport.com\/de\/agb-allgemeine-geschaeftsbedingungen\/\" style=\"border-radius:3px\">AGB<\/a><\/div>\n\n\n\n<div class=\"wp-block-button has-custom-width wp-block-button__width-25 has-custom-font-size has-small-font-size\"><a class=\"wp-block-button__link has-black-color has-cyan-bluish-gray-background-color has-text-color has-background\" href=\"https:\/\/www.nortecsport.com\/de\/imprint\/\" style=\"border-radius:3px\" rel=\"https:\/\/www.nortecsport.com\/de\/imprint\/\">Impressum<\/a><\/div>\n<\/div>\n\n\n\n<p><\/p>\n\n\n\n<p><strong>Copyright \u00a9 2012-2021 Nortec Sport GmbH \u2013 All rights reserved.<\/strong><\/p>\n","protected":false},"excerpt":{"rendered":"<p>NORTEC Sport GmbHK\u00e4rntner Stra\u00dfe 8A-9500 Villach FN 374478d \u2013 LG KlagenfurtUID-Nummer: ATU67019718 T: + 43 (0) 4242 35133F: + 43 (0) 4242 35133 220austria@nortecsport.com Represented by Manager Enzo Ciotti. ERF\u00dcLLUNGSORT &#8211; GERICHTSSTAND &#8211; ANWENDBARES RECHTErf\u00fcllungsort f\u00fcr Lieferung und Zahlung ist Villach; dies auch dann, wenn die \u00dcbergabe vereinbarungsgem\u00e4\u00df an einem anderen Ort erfolgt. Das Vertragsverh\u00e4ltnis [&hellip;]<\/p>\n","protected":false},"author":4,"featured_media":0,"parent":0,"menu_order":0,"comment_status":"closed","ping_status":"closed","template":"","meta":{"_et_pb_use_builder":"off","_et_pb_old_content":"<div>\n<p><strong style=\"font-size: revert; font-family: 'Open Sans', Helvetica, Arial, Lucida, sans-serif;\">NORTEC Sport GmbH<br><\/strong><span style=\"font-size: revert;\">K\u00e4rntner Stra\u00dfe 8<br><\/span><span style=\"font-size: revert;\">A-9500 Villach<\/span><\/p>\n<\/div>\n<section>\n<p>FN 374478d \u2013 LG Klagenfurt<br>UID-Nummer: ATU67019718<\/p>\n<p>T: + 43 (0) 4242 35133<br>F: + 43 (0) 4242 35133 220<br><a href=\"mailto:austria@nortecsport.com\">austria@nortecsport.com<\/a><\/p>\n<p>Represented by Manager Enzo Ciotti.<\/p>\n<p><strong>ERF\u00dcLLUNGSORT - GERICHTSSTAND - ANWENDBARES RECHT<\/strong><br>Erf\u00fcllungsort f\u00fcr Lieferung und Zahlung ist Villach; dies auch dann, wenn die \u00dcbergabe vereinbarungsgem\u00e4\u00df an einem anderen Ort erfolgt. Das Vertragsverh\u00e4ltnis unterliegt dem Recht der Republik \u00d6sterreich unter Ausschluss des UN-Kaufrechtes. Ausschlie\u00dflicher Gerichtsstand f\u00fcr alle aus dem Vertragsverh\u00e4ltnis entstehenden Streitigkeiten ist das f\u00fcr Villach sachlich zust\u00e4ndige Gericht. Wir sind jedoch auch berechtigt, am allgemeinen Gerichtsstand des Kunden Klage zu erheben.<\/p>\n<h4>&nbsp;<\/h4>\n<h4>COPYRIGHT<\/h4>\n<p>Das Copyright von Bildern, Texten und anderen Dokumenten sowie alle Rechte daf\u00fcr liegen bei NORTEC, sofern nicht anders vermerkt. Die Vervielf\u00e4ltigung im Ganzen oder in Teilen ist ohne Genehmigung von NORTEC untersagt.<\/p>\n<h4>&nbsp;<\/h4>\n<h4 class=\"bodytext\">PRIVACY<\/h4>\n<p class=\"bodytext\">Bei der Nutzung der NORTEC-Website werden Sie m\u00f6glicherweise nach privaten Daten gefragt. Die Beantwortung von Fragen jeglicher Art ist freiwillig. Ihre Daten werden gem\u00e4\u00df den \u00f6sterreichischen Datenschutzbestimmungen erfasst und verwendet.<\/p>\n<h4>&nbsp;<\/h4>\n<h4 class=\"bodytext\">CONTENT&nbsp;DISCLAIMER<\/h4>\n<p class=\"bodytext\">Alle Angaben und Informationen auf unserer Website wurden von NORTEC oder Dritten recherchiert und gepr\u00fcft. F\u00fcr die Richtigkeit, Vollst\u00e4ndigkeit und Aktualit\u00e4t der Inhalte \u00fcbernehmen wir jedoch keine Gew\u00e4hr. Dies gilt auch f\u00fcr Websites und Telediensteanbieter, auf die mittels Hyperlink verwiesen wird. Dies gilt auch f\u00fcr Fremdeintr\u00e4ge in vom Seitenbetreiber eingerichteten G\u00e4steb\u00fcchern, Diskussionsforen, Pinnw\u00e4nden und Mailinglisten.<\/p>\n<h4>&nbsp;<\/h4>\n<h4>Streitschlichtung<\/h4>\n<p>Die Europ\u00e4ische Kommission stellt eine Plattform zur Online-Streitbeilegung (OS) bereit, die du unter folgendem Link finden kannst:&nbsp;<a href=\"http:\/\/ec.europa.eu\/consumers\/odr\/\" target=\"_blank\" rel=\"noopener\">ec.europa.eu\/consumers\/odr\/<\/a><\/p>\n<\/section>\n\n<!-- wp:buttons -->\n<div class=\"wp-block-buttons\"><!-- wp:button {\"backgroundColor\":\"cyan-bluish-gray\",\"textColor\":\"black\",\"width\":25,\"style\":{\"border\":{\"radius\":3}},\"fontSize\":\"small\"} -->\n<div class=\"wp-block-button has-custom-width wp-block-button__width-25 has-custom-font-size has-small-font-size\"><a class=\"wp-block-button__link has-black-color has-cyan-bluish-gray-background-color has-text-color has-background\" href=\"https:\/\/www.nortecsport.com\/de\/agb-allgemeine-geschaeftsbedingungen\/\" style=\"border-radius:3px\">AGB<\/a><\/div>\n<!-- \/wp:button -->\n\n<!-- wp:button {\"backgroundColor\":\"cyan-bluish-gray\",\"textColor\":\"black\",\"width\":25,\"style\":{\"border\":{\"radius\":3}},\"fontSize\":\"small\"} -->\n<div class=\"wp-block-button has-custom-width wp-block-button__width-25 has-custom-font-size has-small-font-size\"><a class=\"wp-block-button__link has-black-color has-cyan-bluish-gray-background-color has-text-color has-background\" href=\"https:\/\/www.nortecsport.com\/de\/imprint\/\" style=\"border-radius:3px\" rel=\"https:\/\/www.nortecsport.com\/de\/imprint\/\">Impressum<\/a><\/div>\n<!-- \/wp:button --><\/div>\n<!-- \/wp:buttons -->\n\n<!-- wp:paragraph -->\n<p><strong>Copyright \u00a9 2021 Nortec Sport GmbH \u2013 All rights reserved.<\/strong><\/p>\n<!-- \/wp:paragraph -->","_et_gb_content_width":""},"acf":[],"_links":{"self":[{"href":"https:\/\/www.nortecsport.com\/de\/wp-json\/wp\/v2\/pages\/32436"}],"collection":[{"href":"https:\/\/www.nortecsport.com\/de\/wp-json\/wp\/v2\/pages"}],"about":[{"href":"https:\/\/www.nortecsport.com\/de\/wp-json\/wp\/v2\/types\/page"}],"author":[{"embeddable":true,"href":"https:\/\/www.nortecsport.com\/de\/wp-json\/wp\/v2\/users\/4"}],"replies":[{"embeddable":true,"href":"https:\/\/www.nortecsport.com\/de\/wp-json\/wp\/v2\/comments?post=32436"}],"version-history":[{"count":14,"href":"https:\/\/www.nortecsport.com\/de\/wp-json\/wp\/v2\/pages\/32436\/revisions"}],"predecessor-version":[{"id":34424,"href":"https:\/\/www.nortecsport.com\/de\/wp-json\/wp\/v2\/pages\/32436\/revisions\/34424"}],"wp:attachment":[{"href":"https:\/\/www.nortecsport.com\/de\/wp-json\/wp\/v2\/media?parent=32436"}],"curies":[{"name":"wp","href":"https:\/\/api.w.org\/{rel}","templated":true}]}}