{"id":32662,"date":"2018-09-24T14:38:13","date_gmt":"2018-09-24T14:38:13","guid":{"rendered":"http:\/\/stage.nortecsport.com\/?page_id=32662"},"modified":"2023-01-09T15:17:14","modified_gmt":"2023-01-09T13:17:14","slug":"trekking-hiking","status":"publish","type":"page","link":"https:\/\/www.nortecsport.com\/de\/micro-crampons\/trekking-hiking\/","title":{"rendered":"TREKKING, HIKING &#038; LIGHT MOUNTAINEERING"},"content":{"rendered":"<p>[et_pb_section fb_built=&#8220;1&#8243; _builder_version=&#8220;3.22&#8243; global_colors_info=&#8220;{}&#8220;][et_pb_row _builder_version=&#8220;3.25&#8243; global_colors_info=&#8220;{}&#8220;][et_pb_column type=&#8220;4_4&#8243; _builder_version=&#8220;3.25&#8243; custom_padding=&#8220;|||&#8220; global_colors_info=&#8220;{}&#8220; custom_padding__hover=&#8220;|||&#8220;][et_pb_text _builder_version=&#8220;3.27.4&#8243; global_colors_info=&#8220;{}&#8220;]<\/p>\n<h1>TREKKING, HIKING &amp; LIGHT MOUNTAINEERING<\/h1>\n<p>[\/et_pb_text][et_pb_text admin_label=&#8220;Smart Slider&#8220; _builder_version=&#8220;3.27.4&#8243; global_colors_info=&#8220;{}&#8220;]<\/p>\n<div><\/div>\n<p>[\/et_pb_text][et_pb_slider disabled_on=&#8220;on|on|on&#8220; _builder_version=&#8220;3.16&#8243; disabled=&#8220;on&#8220; global_colors_info=&#8220;{}&#8220; button_text_size__hover_enabled=&#8220;off&#8220; button_one_text_size__hover_enabled=&#8220;off&#8220; button_two_text_size__hover_enabled=&#8220;off&#8220; button_text_color__hover_enabled=&#8220;off&#8220; button_one_text_color__hover_enabled=&#8220;off&#8220; button_two_text_color__hover_enabled=&#8220;off&#8220; button_border_width__hover_enabled=&#8220;off&#8220; button_one_border_width__hover_enabled=&#8220;off&#8220; button_two_border_width__hover_enabled=&#8220;off&#8220; button_border_color__hover_enabled=&#8220;off&#8220; button_one_border_color__hover_enabled=&#8220;off&#8220; button_two_border_color__hover_enabled=&#8220;off&#8220; button_border_radius__hover_enabled=&#8220;off&#8220; button_one_border_radius__hover_enabled=&#8220;off&#8220; button_two_border_radius__hover_enabled=&#8220;off&#8220; button_letter_spacing__hover_enabled=&#8220;off&#8220; button_one_letter_spacing__hover_enabled=&#8220;off&#8220; button_two_letter_spacing__hover_enabled=&#8220;off&#8220; button_bg_color__hover_enabled=&#8220;off&#8220; button_one_bg_color__hover_enabled=&#8220;off&#8220; button_two_bg_color__hover_enabled=&#8220;off&#8220;][et_pb_slide heading=&#8220;SPEED&#8220; use_bg_overlay=&#8220;off&#8220; use_text_overlay=&#8220;off&#8220; _builder_version=&#8220;3.16&#8243; background_color=&#8220;#000000&#8243; background_image=&#8220;http:\/\/www.nortecsport.com\/de\/wp-content\/uploads\/2018\/09\/NORTEC_WebHeader_1850x600_v15.jpg&#8220; button_on_hover=&#8220;on&#8220; global_colors_info=&#8220;{}&#8220; button_text_size__hover_enabled=&#8220;off&#8220; button_one_text_size__hover_enabled=&#8220;off&#8220; button_two_text_size__hover_enabled=&#8220;off&#8220; button_text_color__hover_enabled=&#8220;off&#8220; button_one_text_color__hover_enabled=&#8220;off&#8220; button_two_text_color__hover_enabled=&#8220;off&#8220; button_border_width__hover_enabled=&#8220;off&#8220; button_one_border_width__hover_enabled=&#8220;off&#8220; button_two_border_width__hover_enabled=&#8220;off&#8220; button_border_color__hover_enabled=&#8220;off&#8220; button_one_border_color__hover_enabled=&#8220;off&#8220; button_two_border_color__hover_enabled=&#8220;off&#8220; button_border_radius__hover_enabled=&#8220;off&#8220; button_one_border_radius__hover_enabled=&#8220;off&#8220; button_two_border_radius__hover_enabled=&#8220;off&#8220; button_letter_spacing__hover_enabled=&#8220;off&#8220; button_one_letter_spacing__hover_enabled=&#8220;off&#8220; button_two_letter_spacing__hover_enabled=&#8220;off&#8220; button_bg_color__hover_enabled=&#8220;off&#8220; button_one_bg_color__hover_enabled=&#8220;off&#8220; button_two_bg_color__hover_enabled=&#8220;off&#8220; sticky_transition=&#8220;on&#8220;] Get faster, be lighter, come on! [\/et_pb_slide][et_pb_slide use_bg_overlay=&#8220;off&#8220; use_text_overlay=&#8220;off&#8220; _builder_version=&#8220;3.16&#8243; background_color=&#8220;#000000&#8243; background_image=&#8220;http:\/\/www.nortecsport.com\/de\/wp-content\/uploads\/2018\/09\/NORTEC_WebHeader_1850x600_v5.jpg&#8220; button_on_hover=&#8220;on&#8220; global_colors_info=&#8220;{}&#8220; button_text_size__hover_enabled=&#8220;off&#8220; button_one_text_size__hover_enabled=&#8220;off&#8220; button_two_text_size__hover_enabled=&#8220;off&#8220; button_text_color__hover_enabled=&#8220;off&#8220; button_one_text_color__hover_enabled=&#8220;off&#8220; button_two_text_color__hover_enabled=&#8220;off&#8220; button_border_width__hover_enabled=&#8220;off&#8220; button_one_border_width__hover_enabled=&#8220;off&#8220; button_two_border_width__hover_enabled=&#8220;off&#8220; button_border_color__hover_enabled=&#8220;off&#8220; button_one_border_color__hover_enabled=&#8220;off&#8220; button_two_border_color__hover_enabled=&#8220;off&#8220; button_border_radius__hover_enabled=&#8220;off&#8220; button_one_border_radius__hover_enabled=&#8220;off&#8220; button_two_border_radius__hover_enabled=&#8220;off&#8220; button_letter_spacing__hover_enabled=&#8220;off&#8220; button_one_letter_spacing__hover_enabled=&#8220;off&#8220; button_two_letter_spacing__hover_enabled=&#8220;off&#8220; button_bg_color__hover_enabled=&#8220;off&#8220; button_one_bg_color__hover_enabled=&#8220;off&#8220; button_two_bg_color__hover_enabled=&#8220;off&#8220; sticky_transition=&#8220;on&#8220;][\/et_pb_slide][et_pb_slide use_bg_overlay=&#8220;off&#8220; use_text_overlay=&#8220;off&#8220; _builder_version=&#8220;3.16&#8243; background_color=&#8220;#000000&#8243; background_image=&#8220;http:\/\/www.nortecsport.com\/de\/wp-content\/uploads\/2018\/09\/NORTEC_WebHeader_1850x600_v19.jpg&#8220; button_on_hover=&#8220;on&#8220; global_colors_info=&#8220;{}&#8220; button_text_size__hover_enabled=&#8220;off&#8220; button_one_text_size__hover_enabled=&#8220;off&#8220; button_two_text_size__hover_enabled=&#8220;off&#8220; button_text_color__hover_enabled=&#8220;off&#8220; button_one_text_color__hover_enabled=&#8220;off&#8220; button_two_text_color__hover_enabled=&#8220;off&#8220; button_border_width__hover_enabled=&#8220;off&#8220; button_one_border_width__hover_enabled=&#8220;off&#8220; button_two_border_width__hover_enabled=&#8220;off&#8220; button_border_color__hover_enabled=&#8220;off&#8220; button_one_border_color__hover_enabled=&#8220;off&#8220; button_two_border_color__hover_enabled=&#8220;off&#8220; button_border_radius__hover_enabled=&#8220;off&#8220; button_one_border_radius__hover_enabled=&#8220;off&#8220; button_two_border_radius__hover_enabled=&#8220;off&#8220; button_letter_spacing__hover_enabled=&#8220;off&#8220; button_one_letter_spacing__hover_enabled=&#8220;off&#8220; button_two_letter_spacing__hover_enabled=&#8220;off&#8220; button_bg_color__hover_enabled=&#8220;off&#8220; button_one_bg_color__hover_enabled=&#8220;off&#8220; button_two_bg_color__hover_enabled=&#8220;off&#8220; sticky_transition=&#8220;on&#8220;][\/et_pb_slide][et_pb_slide use_bg_overlay=&#8220;off&#8220; use_text_overlay=&#8220;off&#8220; _builder_version=&#8220;3.16&#8243; background_color=&#8220;#000000&#8243; background_image=&#8220;http:\/\/www.nortecsport.com\/de\/wp-content\/uploads\/2018\/09\/NORTEC_WebHeader_1850x600_v6.jpg&#8220; button_on_hover=&#8220;on&#8220; global_colors_info=&#8220;{}&#8220; button_text_size__hover_enabled=&#8220;off&#8220; button_one_text_size__hover_enabled=&#8220;off&#8220; button_two_text_size__hover_enabled=&#8220;off&#8220; button_text_color__hover_enabled=&#8220;off&#8220; button_one_text_color__hover_enabled=&#8220;off&#8220; button_two_text_color__hover_enabled=&#8220;off&#8220; button_border_width__hover_enabled=&#8220;off&#8220; button_one_border_width__hover_enabled=&#8220;off&#8220; button_two_border_width__hover_enabled=&#8220;off&#8220; button_border_color__hover_enabled=&#8220;off&#8220; button_one_border_color__hover_enabled=&#8220;off&#8220; button_two_border_color__hover_enabled=&#8220;off&#8220; button_border_radius__hover_enabled=&#8220;off&#8220; button_one_border_radius__hover_enabled=&#8220;off&#8220; button_two_border_radius__hover_enabled=&#8220;off&#8220; button_letter_spacing__hover_enabled=&#8220;off&#8220; button_one_letter_spacing__hover_enabled=&#8220;off&#8220; button_two_letter_spacing__hover_enabled=&#8220;off&#8220; button_bg_color__hover_enabled=&#8220;off&#8220; button_one_bg_color__hover_enabled=&#8220;off&#8220; button_two_bg_color__hover_enabled=&#8220;off&#8220; sticky_transition=&#8220;on&#8220;][\/et_pb_slide][\/et_pb_slider][et_pb_text _builder_version=&#8220;3.27.4&#8243; global_colors_info=&#8220;{}&#8220;]<\/p>\n<h2>Gut ausger\u00fcstet kommt man \u00fcberall sicher an!<\/h2>\n<h5>F\u00fcr Gipfelst\u00fcrmer, Wanderer und Bergsteiger<\/h5>\n<p>&nbsp;<\/p>\n<p>Nasse, rutschige B\u00f6den, Schnee und Eisfl\u00e4chen wechseln ab mit Ger\u00f6ll und weichen B\u00f6den \u2013 bester Halt, Stabilit\u00e4t und Belastbarkeit zeichnen die Micro Crampons von NORTEC aus. Denn der optimale Mix aus Gewicht, Sicherheit und Funktion ist die ideale Voraussetzung f\u00fcr eine gute Ausr\u00fcstung in den Bergen.<\/p>\n<p>Vor allem unvorhergesehene Witterungseinbr\u00fcche, eisige oder schneebedeckte B\u00f6den und Ger\u00f6ll fordern von Sportlern eine gute und wohl\u00fcberlegt Ausr\u00fcstung. Dabei spielen Flexibilit\u00e4t, Materialqualit\u00e4t und Stabilit\u00e4t eine gro\u00dfe Rolle. Am Fu\u00df und im Gep\u00e4ck kommen Anforderungen an Gewicht und Passform hinzu.<\/p>\n<p>Mit den NORTEC Micro Crampons findet sich die richtige L\u00f6sung f\u00fcr ein Bergerlebnis nach Lust und Laune!<br \/>\nLeichtes Equipment und guter Grip auf Schnee, Eis und Schotter sind ein Muss!<br \/>\n[\/et_pb_text][\/et_pb_column][\/et_pb_row][et_pb_row _builder_version=&#8220;3.25&#8243; global_colors_info=&#8220;{}&#8220;][et_pb_column type=&#8220;4_4&#8243; _builder_version=&#8220;3.25&#8243; custom_padding=&#8220;|||&#8220; global_colors_info=&#8220;{}&#8220; custom_padding__hover=&#8220;|||&#8220;][et_pb_text admin_label=&#8220;OUR MICRO CRAMPONS&#8220; _builder_version=&#8220;3.27.4&#8243; global_colors_info=&#8220;{}&#8220;]<\/p>\n<h2>UNSERE PRODUKTE F\u00dcR TREKKING, HIKING &amp; LIGHT MOUNTAINEERING<\/h2>\n<p>[\/et_pb_text][et_pb_text _builder_version=&#8220;4.14.1&#8243; hover_enabled=&#8220;0&#8243; global_colors_info=&#8220;{}&#8220; sticky_enabled=&#8220;0&#8243;]<\/p>\n<p><span>        <div class=\"wcp-carousel-main-wrap\">\r\n        <section class=\"wcp-slick\"  data-autoplay = on data-dots = on data-slidesToShow = 3 id=\"carousel-32935\">\r\n\r\n                            <div class=\"slick-slide carousel-item-34217\">\r\n                    <div class=\"rpc-post-carousel1 rpc-box style4 rpc-bg\">\r\n\t<div class=\"rpc-post-image\">\r\n\t\t<a href=\"https:\/\/www.nortecsport.com\/de\/product\/fast\/\" target=\"_self\">\r\n\t\t\t<img width=\"400\" height=\"516\" src=\"https:\/\/www.nortecsport.com\/de\/wp-content\/uploads\/2025\/11\/fast_2000-400x516.png\" class=\"attachment-et-pb-gallery-module-image-portrait size-et-pb-gallery-module-image-portrait wp-post-image\" alt=\"\" loading=\"lazy\" \/>\t\t<\/a>\r\n\r\n\t\t<span class=\"rpc-comment-box\">\r\n\t\t\t<span class=\"rpc-post-comment\">\r\n\t\t\t\t0\t\t\t<\/span>\r\n\t\t<\/span>\r\n\t<\/div>\r\n\r\n\t<div class=\"rpc-post-category\">\r\n\t<a href=\"https:\/\/www.nortecsport.com\/de\/category\/activity\/speed-hiking\/\">Alpine Running<\/a> <a href=\"https:\/\/www.nortecsport.com\/de\/category\/activity\/mountaineering\/\">Light Mountaineering<\/a> <a href=\"https:\/\/www.nortecsport.com\/de\/category\/micro-crampons\/\">Micro crampons<\/a>\t<\/div>\r\n\r\n\t<h3 class=\"rpc-post-title\">\r\n\t\t<a href=\"https:\/\/www.nortecsport.com\/de\/product\/fast\/\" target=\"_self\" class=\"rpc-title\">\r\n\t\t\tFAST\t\t<\/a>\r\n\t<\/h3>\r\n\t\r\n\t<div class=\"clearfix\"><\/div>\r\n\t<div class=\"rpc-post-para rpc-content\">\r\n        11\/10\/2021        \t<\/div>\r\n<\/div>                <\/div>    \r\n\r\n                            <div class=\"slick-slide carousel-item-33632\">\r\n                    <div class=\"rpc-post-carousel1 rpc-box style4 rpc-bg\">\r\n\t<div class=\"rpc-post-image\">\r\n\t\t<a href=\"https:\/\/www.nortecsport.com\/de\/product\/handschuhe-tech\/\" target=\"_self\">\r\n\t\t\t<img width=\"400\" height=\"516\" src=\"https:\/\/www.nortecsport.com\/de\/wp-content\/uploads\/2018\/12\/NORTEC_Gloves-White_Paar_2-400x516.jpg\" class=\"attachment-et-pb-gallery-module-image-portrait size-et-pb-gallery-module-image-portrait wp-post-image\" alt=\"\" loading=\"lazy\" \/>\t\t<\/a>\r\n\r\n\t\t<span class=\"rpc-comment-box\">\r\n\t\t\t<span class=\"rpc-post-comment\">\r\n\t\t\t\t0\t\t\t<\/span>\r\n\t\t<\/span>\r\n\t<\/div>\r\n\r\n\t<div class=\"rpc-post-category\">\r\n\t<a href=\"https:\/\/www.nortecsport.com\/de\/category\/activity\/speed-hiking\/\">Alpine Running<\/a> <a href=\"https:\/\/www.nortecsport.com\/de\/category\/activity\/mountaineering\/\">Light Mountaineering<\/a> <a href=\"https:\/\/www.nortecsport.com\/de\/category\/activity\/running-activity\/\">Running<\/a>\t<\/div>\r\n\r\n\t<h3 class=\"rpc-post-title\">\r\n\t\t<a href=\"https:\/\/www.nortecsport.com\/de\/product\/handschuhe-tech\/\" target=\"_self\" class=\"rpc-title\">\r\n\t\t\tLAUFHANDSCHUHE TECH\t\t<\/a>\r\n\t<\/h3>\r\n\t\r\n\t<div class=\"clearfix\"><\/div>\r\n\t<div class=\"rpc-post-para rpc-content\">\r\n        03\/12\/2018        \t<\/div>\r\n<\/div>                <\/div>    \r\n\r\n                            <div class=\"slick-slide carousel-item-32854\">\r\n                    <div class=\"rpc-post-carousel1 rpc-box style4 rpc-bg\">\r\n\t<div class=\"rpc-post-image\">\r\n\t\t<a href=\"https:\/\/www.nortecsport.com\/de\/product\/hightec-gaiters\/\" target=\"_self\">\r\n\t\t\t<img width=\"400\" height=\"516\" src=\"https:\/\/www.nortecsport.com\/de\/wp-content\/uploads\/2018\/10\/NORTEC_Gaiter_Hauptbild_1-400x516.jpg\" class=\"attachment-et-pb-gallery-module-image-portrait size-et-pb-gallery-module-image-portrait wp-post-image\" alt=\"\" loading=\"lazy\" \/>\t\t<\/a>\r\n\r\n\t\t<span class=\"rpc-comment-box\">\r\n\t\t\t<span class=\"rpc-post-comment\">\r\n\t\t\t\t0\t\t\t<\/span>\r\n\t\t<\/span>\r\n\t<\/div>\r\n\r\n\t<div class=\"rpc-post-category\">\r\n\t<a href=\"https:\/\/www.nortecsport.com\/de\/category\/activity\/speed-hiking\/\">Alpine Running<\/a> <a href=\"https:\/\/www.nortecsport.com\/de\/category\/activity\/mountaineering\/\">Light Mountaineering<\/a> <a href=\"https:\/\/www.nortecsport.com\/de\/category\/activity\/trailrunning\/\">Trailrunning<\/a>\t<\/div>\r\n\r\n\t<h3 class=\"rpc-post-title\">\r\n\t\t<a href=\"https:\/\/www.nortecsport.com\/de\/product\/hightec-gaiters\/\" target=\"_self\" class=\"rpc-title\">\r\n\t\t\tMicro Gaiters\t\t<\/a>\r\n\t<\/h3>\r\n\t\r\n\t<div class=\"clearfix\"><\/div>\r\n\t<div class=\"rpc-post-para rpc-content\">\r\n        01\/10\/2018        \t<\/div>\r\n<\/div>                <\/div>    \r\n\r\n                            <div class=\"slick-slide carousel-item-32846\">\r\n                    <div class=\"rpc-post-carousel1 rpc-box style4 rpc-bg\">\r\n\t<div class=\"rpc-post-image\">\r\n\t\t<a href=\"https:\/\/www.nortecsport.com\/de\/product\/gloves\/\" target=\"_self\">\r\n\t\t\t<img width=\"400\" height=\"516\" src=\"https:\/\/www.nortecsport.com\/de\/wp-content\/uploads\/2018\/10\/Gloves-Pink_frei-Paar-400x516.jpg\" class=\"attachment-et-pb-gallery-module-image-portrait size-et-pb-gallery-module-image-portrait wp-post-image\" alt=\"\" loading=\"lazy\" \/>\t\t<\/a>\r\n\r\n\t\t<span class=\"rpc-comment-box\">\r\n\t\t\t<span class=\"rpc-post-comment\">\r\n\t\t\t\t0\t\t\t<\/span>\r\n\t\t<\/span>\r\n\t<\/div>\r\n\r\n\t<div class=\"rpc-post-category\">\r\n\t<a href=\"https:\/\/www.nortecsport.com\/de\/category\/activity\/speed-hiking\/\">Alpine Running<\/a> <a href=\"https:\/\/www.nortecsport.com\/de\/category\/activity\/mountaineering\/\">Light Mountaineering<\/a> <a href=\"https:\/\/www.nortecsport.com\/de\/category\/activity\/trailrunning\/\">Trailrunning<\/a>\t<\/div>\r\n\r\n\t<h3 class=\"rpc-post-title\">\r\n\t\t<a href=\"https:\/\/www.nortecsport.com\/de\/product\/gloves\/\" target=\"_self\" class=\"rpc-title\">\r\n\t\t\tLAUFHANDSCHUHE LIGHT\t\t<\/a>\r\n\t<\/h3>\r\n\t\r\n\t<div class=\"clearfix\"><\/div>\r\n\t<div class=\"rpc-post-para rpc-content\">\r\n        01\/10\/2018        \t<\/div>\r\n<\/div>                <\/div>    \r\n\r\n                            <div class=\"slick-slide carousel-item-32503\">\r\n                    <div class=\"rpc-post-carousel1 rpc-box style4 rpc-bg\">\r\n\t<div class=\"rpc-post-image\">\r\n\t\t<a href=\"https:\/\/www.nortecsport.com\/de\/product\/alp-2\/\" target=\"_self\">\r\n\t\t\t<img width=\"400\" height=\"516\" src=\"https:\/\/www.nortecsport.com\/de\/wp-content\/uploads\/2021\/11\/Alp2021_Main-400x516.jpg\" class=\"attachment-et-pb-gallery-module-image-portrait size-et-pb-gallery-module-image-portrait wp-post-image\" alt=\"\" loading=\"lazy\" \/>\t\t<\/a>\r\n\r\n\t\t<span class=\"rpc-comment-box\">\r\n\t\t\t<span class=\"rpc-post-comment\">\r\n\t\t\t\t0\t\t\t<\/span>\r\n\t\t<\/span>\r\n\t<\/div>\r\n\r\n\t<div class=\"rpc-post-category\">\r\n\t<a href=\"https:\/\/www.nortecsport.com\/de\/category\/activity\/forest-work\/\">Forest &amp; Work<\/a> <a href=\"https:\/\/www.nortecsport.com\/de\/category\/activity\/mountaineering\/\">Light Mountaineering<\/a> <a href=\"https:\/\/www.nortecsport.com\/de\/category\/activity\/hiking-trekking\/\">Trekking<\/a>\t<\/div>\r\n\r\n\t<h3 class=\"rpc-post-title\">\r\n\t\t<a href=\"https:\/\/www.nortecsport.com\/de\/product\/alp-2\/\" target=\"_self\" class=\"rpc-title\">\r\n\t\t\tALP 2.0\t\t<\/a>\r\n\t<\/h3>\r\n\t\r\n\t<div class=\"clearfix\"><\/div>\r\n\t<div class=\"rpc-post-para rpc-content\">\r\n        20\/09\/2018        \t<\/div>\r\n<\/div>                <\/div>    \r\n\r\n                            <div class=\"slick-slide carousel-item-3961\">\r\n                    <div class=\"rpc-post-carousel1 rpc-box style4 rpc-bg\">\r\n\t<div class=\"rpc-post-image\">\r\n\t\t<a href=\"https:\/\/www.nortecsport.com\/de\/product\/nordic\/\" target=\"_self\">\r\n\t\t\t<img width=\"400\" height=\"516\" src=\"https:\/\/www.nortecsport.com\/de\/wp-content\/uploads\/2024\/09\/NORTEC_NordicTrek_Main_2024-400x516.jpg\" class=\"attachment-et-pb-gallery-module-image-portrait size-et-pb-gallery-module-image-portrait wp-post-image\" alt=\"\" loading=\"lazy\" \/>\t\t<\/a>\r\n\r\n\t\t<span class=\"rpc-comment-box\">\r\n\t\t\t<span class=\"rpc-post-comment\">\r\n\t\t\t\t0\t\t\t<\/span>\r\n\t\t<\/span>\r\n\t<\/div>\r\n\r\n\t<div class=\"rpc-post-category\">\r\n\t<a href=\"https:\/\/www.nortecsport.com\/de\/category\/activity\/speed-hiking\/\">Alpine Running<\/a> <a href=\"https:\/\/www.nortecsport.com\/de\/category\/micro-crampons\/\">Micro crampons<\/a> <a href=\"https:\/\/www.nortecsport.com\/de\/category\/activity\/running-activity\/\">Running<\/a>\t<\/div>\r\n\r\n\t<h3 class=\"rpc-post-title\">\r\n\t\t<a href=\"https:\/\/www.nortecsport.com\/de\/product\/nordic\/\" target=\"_self\" class=\"rpc-title\">\r\n\t\t\tNORDIC 2.4\t\t<\/a>\r\n\t<\/h3>\r\n\t\r\n\t<div class=\"clearfix\"><\/div>\r\n\t<div class=\"rpc-post-para rpc-content\">\r\n        30\/08\/2018        \t<\/div>\r\n<\/div>                <\/div>    \r\n\r\n                \r\n        <\/section>\r\n        <\/div>\r\n        <style>#carousel-32935 .slick-prev:before, #carousel-32935 .slick-next:before { color:  !important;}#carousel-32935 .slick-slide { margin: 2px ; } #carousel-32935 .rpc-title { color: ; } #carousel-32935 .rpc-content { color: ; } #carousel-32935 .rpc-date { background-color: ; } #carousel-32935 .rpc-date { color: ; } #carousel-32935 .rpc-overlay { background-color: ; } #carousel-32935 .carousel-style9 { border-top-color: ; } #carousel-32935 .carousel-style9 .button:before { background-color: ; } #carousel-32935 .rpc-box { box-shadow: ; } #carousel-32935 .rpc-bg { background-color: ; } #carousel-32935 .rpc-title-bg { background-color: ; } #carousel-32935 .fixed-height-image { height: ; } #carousel-32935 .slick-next:before { content: '\\ \\f0a9 '; } #carousel-32935 .slick-prev:before { content: '\\ \\f0a8'; }#carousel-32935 .rpc-title { font-family: ; } #carousel-32935 .rpc-title { font-size: ; } #carousel-32935 .rpc-content { font-family: ; } #carousel-32935 .rpc-content { font-size: ; } <\/style><\/span><\/p>\n<p>[\/et_pb_text][\/et_pb_column][\/et_pb_row][et_pb_row _builder_version=&#8220;3.25&#8243; global_colors_info=&#8220;{}&#8220;][et_pb_column type=&#8220;4_4&#8243; _builder_version=&#8220;3.25&#8243; custom_padding=&#8220;|||&#8220; global_colors_info=&#8220;{}&#8220; custom_padding__hover=&#8220;|||&#8220;][et_pb_text admin_label=&#8220;Stories&#8220; _builder_version=&#8220;3.27.4&#8243; global_colors_info=&#8220;{}&#8220;]<\/p>\n<h2>STORIES<\/h2>\n<p>[\/et_pb_text][et_pb_blog fullwidth=&#8220;off&#8220; posts_number=&#8220;3&#8243; include_categories=&#8220;23&#8243; _builder_version=&#8220;3.12.2&#8243; global_colors_info=&#8220;{}&#8220;][\/et_pb_blog][\/et_pb_column][\/et_pb_row][\/et_pb_section]<\/p>\n","protected":false},"excerpt":{"rendered":"<p>[et_pb_section fb_built=&#8220;1&#8243; _builder_version=&#8220;3.22&#8243; global_colors_info=&#8220;{}&#8220;][et_pb_row _builder_version=&#8220;3.25&#8243; global_colors_info=&#8220;{}&#8220;][et_pb_column type=&#8220;4_4&#8243; _builder_version=&#8220;3.25&#8243; custom_padding=&#8220;|||&#8220; global_colors_info=&#8220;{}&#8220; custom_padding__hover=&#8220;|||&#8220;][et_pb_text _builder_version=&#8220;3.27.4&#8243; global_colors_info=&#8220;{}&#8220;] TREKKING, HIKING &amp; LIGHT MOUNTAINEERING [\/et_pb_text][et_pb_text admin_label=&#8220;Smart Slider&#8220; _builder_version=&#8220;3.27.4&#8243; global_colors_info=&#8220;{}&#8220;] [\/et_pb_text][et_pb_slider disabled_on=&#8220;on|on|on&#8220; _builder_version=&#8220;3.16&#8243; disabled=&#8220;on&#8220; global_colors_info=&#8220;{}&#8220; button_text_size__hover_enabled=&#8220;off&#8220; button_one_text_size__hover_enabled=&#8220;off&#8220; button_two_text_size__hover_enabled=&#8220;off&#8220; button_text_color__hover_enabled=&#8220;off&#8220; button_one_text_color__hover_enabled=&#8220;off&#8220; button_two_text_color__hover_enabled=&#8220;off&#8220; button_border_width__hover_enabled=&#8220;off&#8220; button_one_border_width__hover_enabled=&#8220;off&#8220; button_two_border_width__hover_enabled=&#8220;off&#8220; button_border_color__hover_enabled=&#8220;off&#8220; button_one_border_color__hover_enabled=&#8220;off&#8220; button_two_border_color__hover_enabled=&#8220;off&#8220; button_border_radius__hover_enabled=&#8220;off&#8220; button_one_border_radius__hover_enabled=&#8220;off&#8220; button_two_border_radius__hover_enabled=&#8220;off&#8220; button_letter_spacing__hover_enabled=&#8220;off&#8220; button_one_letter_spacing__hover_enabled=&#8220;off&#8220; button_two_letter_spacing__hover_enabled=&#8220;off&#8220; button_bg_color__hover_enabled=&#8220;off&#8220; button_one_bg_color__hover_enabled=&#8220;off&#8220; button_two_bg_color__hover_enabled=&#8220;off&#8220;][et_pb_slide heading=&#8220;SPEED&#8220; use_bg_overlay=&#8220;off&#8220; use_text_overlay=&#8220;off&#8220; _builder_version=&#8220;3.16&#8243; background_color=&#8220;#000000&#8243; background_image=&#8220;http:\/\/www.nortecsport.com\/de\/wp-content\/uploads\/2018\/09\/NORTEC_WebHeader_1850x600_v15.jpg&#8220; [&hellip;]<\/p>\n","protected":false},"author":4,"featured_media":0,"parent":26,"menu_order":0,"comment_status":"closed","ping_status":"closed","template":"","meta":{"_et_pb_use_builder":"on","_et_pb_old_content":"","_et_gb_content_width":""},"acf":[],"_links":{"self":[{"href":"https:\/\/www.nortecsport.com\/de\/wp-json\/wp\/v2\/pages\/32662"}],"collection":[{"href":"https:\/\/www.nortecsport.com\/de\/wp-json\/wp\/v2\/pages"}],"about":[{"href":"https:\/\/www.nortecsport.com\/de\/wp-json\/wp\/v2\/types\/page"}],"author":[{"embeddable":true,"href":"https:\/\/www.nortecsport.com\/de\/wp-json\/wp\/v2\/users\/4"}],"replies":[{"embeddable":true,"href":"https:\/\/www.nortecsport.com\/de\/wp-json\/wp\/v2\/comments?post=32662"}],"version-history":[{"count":19,"href":"https:\/\/www.nortecsport.com\/de\/wp-json\/wp\/v2\/pages\/32662\/revisions"}],"predecessor-version":[{"id":34817,"href":"https:\/\/www.nortecsport.com\/de\/wp-json\/wp\/v2\/pages\/32662\/revisions\/34817"}],"up":[{"embeddable":true,"href":"https:\/\/www.nortecsport.com\/de\/wp-json\/wp\/v2\/pages\/26"}],"wp:attachment":[{"href":"https:\/\/www.nortecsport.com\/de\/wp-json\/wp\/v2\/media?parent=32662"}],"curies":[{"name":"wp","href":"https:\/\/api.w.org\/{rel}","templated":true}]}}