{"id":32670,"date":"2018-09-24T14:40:13","date_gmt":"2018-09-24T14:40:13","guid":{"rendered":"http:\/\/stage.nortecsport.com\/?page_id=32670"},"modified":"2018-12-03T15:37:22","modified_gmt":"2018-12-03T13:37:22","slug":"forest-work-2","status":"publish","type":"page","link":"https:\/\/www.nortecsport.com\/de\/micro-crampons\/forest-work-2\/","title":{"rendered":"FORESTRY &#038; WORK"},"content":{"rendered":"<p>[et_pb_section bb_built=&#8220;1&#8243;][et_pb_row _builder_version=&#8220;3.12.2&#8243;][et_pb_column type=&#8220;4_4&#8243;][et_pb_text _builder_version=&#8220;3.12.2&#8243;]<\/p>\n<h1>FORESTRY &amp; WORK<\/h1>\n<p>[\/et_pb_text][et_pb_text admin_label=&#8220;Smart Slider&#8220; _builder_version=&#8220;3.12.2&#8243;]<\/p>\n<div><\/div>\n<p>[\/et_pb_text][et_pb_slider _builder_version=&#8220;3.12.2&#8243; disabled_on=&#8220;on|on|on&#8220; disabled=&#8220;on&#8220;][et_pb_slide _builder_version=&#8220;3.12.2&#8243; heading=&#8220;FOREST &amp; WORK&#8220; button_link=&#8220;#&#8220; background_color=&#8220;#000000&#8243; use_background_color_gradient=&#8220;off&#8220; background_color_gradient_start=&#8220;#2b87da&#8220; background_color_gradient_end=&#8220;#29c4a9&#8243; background_color_gradient_type=&#8220;linear&#8220; background_color_gradient_direction=&#8220;180deg&#8220; background_color_gradient_direction_radial=&#8220;center&#8220; background_color_gradient_start_position=&#8220;0%&#8220; background_color_gradient_end_position=&#8220;100%&#8220; background_color_gradient_overlays_image=&#8220;off&#8220; background_image=&#8220;http:\/\/www.nortecsport.com\/de\/wp-content\/uploads\/2018\/09\/NORTEC_WebHeader_1850x600_v13.jpg&#8220; parallax=&#8220;off&#8220; parallax_method=&#8220;on&#8220; background_size=&#8220;cover&#8220; background_position=&#8220;center&#8220; background_repeat=&#8220;no-repeat&#8220; background_blend=&#8220;normal&#8220; allow_player_pause=&#8220;off&#8220; background_video_pause_outside_viewport=&#8220;on&#8220; use_bg_overlay=&#8220;off&#8220; use_text_overlay=&#8220;off&#8220; text_border_radius=&#8220;3&#8243; alignment=&#8220;center&#8220; child_filter_hue_rotate=&#8220;0deg&#8220; child_filter_saturate=&#8220;100%&#8220; child_filter_brightness=&#8220;100%&#8220; child_filter_contrast=&#8220;100%&#8220; child_filter_invert=&#8220;0%&#8220; child_filter_sepia=&#8220;0%&#8220; child_filter_opacity=&#8220;100%&#8220; child_filter_blur=&#8220;0px&#8220; child_mix_blend_mode=&#8220;normal&#8220; background_layout=&#8220;dark&#8220; text_shadow_style=&#8220;none&#8220; header_text_shadow_style=&#8220;none&#8220; body_text_shadow_style=&#8220;none&#8220; custom_button=&#8220;off&#8220; button_bg_use_color_gradient=&#8220;off&#8220; button_bg_color_gradient_overlays_image=&#8220;off&#8220; button_use_icon=&#8220;on&#8220; button_on_hover=&#8220;on&#8220; button_text_shadow_style=&#8220;none&#8220; box_shadow_style_button=&#8220;none&#8220; text_shadow_horizontal_length=&#8220;0em&#8220; text_shadow_vertical_length=&#8220;0em&#8220; text_shadow_blur_strength=&#8220;0em&#8220; header_text_shadow_horizontal_length=&#8220;0em&#8220; header_text_shadow_vertical_length=&#8220;0em&#8220; header_text_shadow_blur_strength=&#8220;0em&#8220; body_text_shadow_horizontal_length=&#8220;0em&#8220; body_text_shadow_vertical_length=&#8220;0em&#8220; body_text_shadow_blur_strength=&#8220;0em&#8220; button_text_shadow_horizontal_length=&#8220;0em&#8220; button_text_shadow_vertical_length=&#8220;0em&#8220; button_text_shadow_blur_strength=&#8220;0em&#8220;]<\/p>\n<p>Hard work to do &#8211;<br \/>\nbut not hard to do!<\/p>\n<p>[\/et_pb_slide][et_pb_slide _builder_version=&#8220;3.12.2&#8243; button_link=&#8220;#&#8220; background_color=&#8220;#000000&#8243; use_background_color_gradient=&#8220;off&#8220; background_color_gradient_start=&#8220;#2b87da&#8220; background_color_gradient_end=&#8220;#29c4a9&#8243; background_color_gradient_type=&#8220;linear&#8220; background_color_gradient_direction=&#8220;180deg&#8220; background_color_gradient_direction_radial=&#8220;center&#8220; background_color_gradient_start_position=&#8220;0%&#8220; background_color_gradient_end_position=&#8220;100%&#8220; background_color_gradient_overlays_image=&#8220;off&#8220; background_image=&#8220;http:\/\/www.nortecsport.com\/de\/wp-content\/uploads\/2018\/09\/NORTEC_WebHeader_1850x600_v14.jpg&#8220; parallax=&#8220;off&#8220; parallax_method=&#8220;on&#8220; background_size=&#8220;cover&#8220; background_position=&#8220;center&#8220; background_repeat=&#8220;no-repeat&#8220; background_blend=&#8220;normal&#8220; allow_player_pause=&#8220;off&#8220; background_video_pause_outside_viewport=&#8220;on&#8220; use_bg_overlay=&#8220;off&#8220; use_text_overlay=&#8220;off&#8220; text_border_radius=&#8220;3&#8243; alignment=&#8220;center&#8220; child_filter_hue_rotate=&#8220;0deg&#8220; child_filter_saturate=&#8220;100%&#8220; child_filter_brightness=&#8220;100%&#8220; child_filter_contrast=&#8220;100%&#8220; child_filter_invert=&#8220;0%&#8220; child_filter_sepia=&#8220;0%&#8220; child_filter_opacity=&#8220;100%&#8220; child_filter_blur=&#8220;0px&#8220; child_mix_blend_mode=&#8220;normal&#8220; background_layout=&#8220;dark&#8220; text_shadow_style=&#8220;none&#8220; header_text_shadow_style=&#8220;none&#8220; body_text_shadow_style=&#8220;none&#8220; custom_button=&#8220;off&#8220; button_bg_use_color_gradient=&#8220;off&#8220; button_bg_color_gradient_overlays_image=&#8220;off&#8220; button_use_icon=&#8220;on&#8220; button_on_hover=&#8220;on&#8220; button_text_shadow_style=&#8220;none&#8220; box_shadow_style_button=&#8220;none&#8220; text_shadow_horizontal_length=&#8220;0em&#8220; text_shadow_vertical_length=&#8220;0em&#8220; text_shadow_blur_strength=&#8220;0em&#8220; header_text_shadow_horizontal_length=&#8220;0em&#8220; header_text_shadow_vertical_length=&#8220;0em&#8220; header_text_shadow_blur_strength=&#8220;0em&#8220; body_text_shadow_horizontal_length=&#8220;0em&#8220; body_text_shadow_vertical_length=&#8220;0em&#8220; body_text_shadow_blur_strength=&#8220;0em&#8220; button_text_shadow_horizontal_length=&#8220;0em&#8220; button_text_shadow_vertical_length=&#8220;0em&#8220; button_text_shadow_blur_strength=&#8220;0em&#8220; \/][et_pb_slide _builder_version=&#8220;3.12.2&#8243; button_link=&#8220;#&#8220; background_color=&#8220;#000000&#8243; use_background_color_gradient=&#8220;off&#8220; background_color_gradient_start=&#8220;#2b87da&#8220; background_color_gradient_end=&#8220;#29c4a9&#8243; background_color_gradient_type=&#8220;linear&#8220; background_color_gradient_direction=&#8220;180deg&#8220; background_color_gradient_direction_radial=&#8220;center&#8220; background_color_gradient_start_position=&#8220;0%&#8220; background_color_gradient_end_position=&#8220;100%&#8220; background_color_gradient_overlays_image=&#8220;off&#8220; background_image=&#8220;http:\/\/www.nortecsport.com\/de\/wp-content\/uploads\/2018\/09\/NORTEC_WebHeader_1850x600_v12.jpg&#8220; parallax=&#8220;off&#8220; parallax_method=&#8220;on&#8220; background_size=&#8220;cover&#8220; background_position=&#8220;center&#8220; background_repeat=&#8220;no-repeat&#8220; background_blend=&#8220;normal&#8220; allow_player_pause=&#8220;off&#8220; background_video_pause_outside_viewport=&#8220;on&#8220; use_bg_overlay=&#8220;off&#8220; use_text_overlay=&#8220;off&#8220; text_border_radius=&#8220;3&#8243; alignment=&#8220;center&#8220; child_filter_hue_rotate=&#8220;0deg&#8220; child_filter_saturate=&#8220;100%&#8220; child_filter_brightness=&#8220;100%&#8220; child_filter_contrast=&#8220;100%&#8220; child_filter_invert=&#8220;0%&#8220; child_filter_sepia=&#8220;0%&#8220; child_filter_opacity=&#8220;100%&#8220; child_filter_blur=&#8220;0px&#8220; child_mix_blend_mode=&#8220;normal&#8220; background_layout=&#8220;dark&#8220; text_shadow_style=&#8220;none&#8220; header_text_shadow_style=&#8220;none&#8220; body_text_shadow_style=&#8220;none&#8220; custom_button=&#8220;off&#8220; button_bg_use_color_gradient=&#8220;off&#8220; button_bg_color_gradient_overlays_image=&#8220;off&#8220; button_use_icon=&#8220;on&#8220; button_on_hover=&#8220;on&#8220; button_text_shadow_style=&#8220;none&#8220; box_shadow_style_button=&#8220;none&#8220; text_shadow_horizontal_length=&#8220;0em&#8220; text_shadow_vertical_length=&#8220;0em&#8220; text_shadow_blur_strength=&#8220;0em&#8220; header_text_shadow_horizontal_length=&#8220;0em&#8220; header_text_shadow_vertical_length=&#8220;0em&#8220; header_text_shadow_blur_strength=&#8220;0em&#8220; body_text_shadow_horizontal_length=&#8220;0em&#8220; body_text_shadow_vertical_length=&#8220;0em&#8220; body_text_shadow_blur_strength=&#8220;0em&#8220; button_text_shadow_horizontal_length=&#8220;0em&#8220; button_text_shadow_vertical_length=&#8220;0em&#8220; button_text_shadow_blur_strength=&#8220;0em&#8220; \/][\/et_pb_slider][et_pb_text _builder_version=&#8220;3.12.2&#8243;]<\/p>\n<h2>Hard work &#8211; but not hard to work!<\/h2>\n<h5>Hervorragende L\u00f6sungen f\u00fcr Forstarbeiter, F\u00f6rster und J\u00e4ger<\/h5>\n<p>&nbsp;<\/p>\n<p>Steiles Gel\u00e4nde, teilweise gefrorener oder schneebedeckter Untergrund und oft auch Ger\u00f6ll und Matsch sind die Bedingungen, die Forstarbeiter, J\u00e4ger und Landwirte vorfinden. Speziell diese unterschiedlichen witterungsbedingten Gegebenheiten stellen gro\u00dfe Herausforderungen an die Ausr\u00fcstung: h\u00f6chste Stabilit\u00e4t und Passgenauigkeit gehen einher mit Sicherheit und Qualit\u00e4t.<\/p>\n<p>NORTEC hat die Aufgabenstellung verstanden und speziell daf\u00fcr Micro Crampons entwickelt, die auch unter gro\u00dfem Druck und in schwierigem Gel\u00e4nde standhalten.<\/p>\n<p>[\/et_pb_text][\/et_pb_column][\/et_pb_row][et_pb_row _builder_version=&#8220;3.12.2&#8243;][et_pb_column type=&#8220;4_4&#8243;][et_pb_text admin_label=&#8220;OUR MICRO CRAMPONS&#8220; _builder_version=&#8220;3.12.2&#8243;]<\/p>\n<h2>UNSERE PRODUKTE F\u00dcR FORESTRY &amp; WORK<\/h2>\n<p>[\/et_pb_text][et_pb_text _builder_version=&#8220;3.12.2&#8243;]<\/p>\n        <div class=\"wcp-carousel-main-wrap\">\r\n        <section class=\"wcp-slick\"  data-slidesToShow = 3 id=\"carousel-32985\">\r\n\r\n                            <div class=\"slick-slide carousel-item-32527\">\r\n                    <div class=\"rpc-post-carousel1 rpc-box style4 rpc-bg\">\r\n\t<div class=\"rpc-post-image\">\r\n\t\t<a href=\"https:\/\/www.nortecsport.com\/de\/product\/alp-forest\/\" target=\"_self\">\r\n\t\t\t<img width=\"400\" height=\"516\" src=\"https:\/\/www.nortecsport.com\/de\/wp-content\/uploads\/2018\/10\/NORTEC_Hauptbild_AlpForest_1-Kopie-400x516.jpg\" class=\"attachment-et-pb-gallery-module-image-portrait size-et-pb-gallery-module-image-portrait wp-post-image\" alt=\"\" loading=\"lazy\" \/>\t\t<\/a>\r\n\r\n\t\t<span class=\"rpc-comment-box\">\r\n\t\t\t<span class=\"rpc-post-comment\">\r\n\t\t\t\t0\t\t\t<\/span>\r\n\t\t<\/span>\r\n\t<\/div>\r\n\r\n\t<div class=\"rpc-post-category\">\r\n\t<a href=\"https:\/\/www.nortecsport.com\/de\/category\/activity\/forest-work\/\">Forest &amp; Work<\/a> <a href=\"https:\/\/www.nortecsport.com\/de\/category\/activity\/mountaineering\/\">Light Mountaineering<\/a> <a href=\"https:\/\/www.nortecsport.com\/de\/category\/micro-crampons\/\">Micro crampons<\/a>\t<\/div>\r\n\r\n\t<h3 class=\"rpc-post-title\">\r\n\t\t<a href=\"https:\/\/www.nortecsport.com\/de\/product\/alp-forest\/\" target=\"_self\" class=\"rpc-title\">\r\n\t\t\tALP FOREST\t\t<\/a>\r\n\t<\/h3>\r\n\t\r\n\t<div class=\"clearfix\"><\/div>\r\n\t<div class=\"rpc-post-para rpc-content\">\r\n        20\/09\/2018        \t<\/div>\r\n<\/div>                <\/div>    \r\n\r\n                            <div class=\"slick-slide carousel-item-32503\">\r\n                    <div class=\"rpc-post-carousel1 rpc-box style4 rpc-bg\">\r\n\t<div class=\"rpc-post-image\">\r\n\t\t<a href=\"https:\/\/www.nortecsport.com\/de\/product\/alp-2\/\" target=\"_self\">\r\n\t\t\t<img width=\"400\" height=\"516\" src=\"https:\/\/www.nortecsport.com\/de\/wp-content\/uploads\/2021\/11\/Alp2021_Main-400x516.jpg\" class=\"attachment-et-pb-gallery-module-image-portrait size-et-pb-gallery-module-image-portrait wp-post-image\" alt=\"\" loading=\"lazy\" \/>\t\t<\/a>\r\n\r\n\t\t<span class=\"rpc-comment-box\">\r\n\t\t\t<span class=\"rpc-post-comment\">\r\n\t\t\t\t0\t\t\t<\/span>\r\n\t\t<\/span>\r\n\t<\/div>\r\n\r\n\t<div class=\"rpc-post-category\">\r\n\t<a href=\"https:\/\/www.nortecsport.com\/de\/category\/activity\/forest-work\/\">Forest &amp; Work<\/a> <a href=\"https:\/\/www.nortecsport.com\/de\/category\/activity\/mountaineering\/\">Light Mountaineering<\/a> <a href=\"https:\/\/www.nortecsport.com\/de\/category\/activity\/hiking-trekking\/\">Trekking<\/a>\t<\/div>\r\n\r\n\t<h3 class=\"rpc-post-title\">\r\n\t\t<a href=\"https:\/\/www.nortecsport.com\/de\/product\/alp-2\/\" target=\"_self\" class=\"rpc-title\">\r\n\t\t\tALP 2.0\t\t<\/a>\r\n\t<\/h3>\r\n\t\r\n\t<div class=\"clearfix\"><\/div>\r\n\t<div class=\"rpc-post-para rpc-content\">\r\n        20\/09\/2018        \t<\/div>\r\n<\/div>                <\/div>    \r\n\r\n                \r\n        <\/section>\r\n        <\/div>\r\n        <style>#carousel-32985 .slick-prev:before, #carousel-32985 .slick-next:before { color:  !important;}#carousel-32985 .slick-slide { margin: 2px ; } #carousel-32985 .rpc-title { color: ; } #carousel-32985 .rpc-content { color: ; } #carousel-32985 .rpc-date { background-color: ; } #carousel-32985 .rpc-date { color: ; } #carousel-32985 .rpc-overlay { background-color: ; } #carousel-32985 .carousel-style9 { border-top-color: ; } #carousel-32985 .carousel-style9 .button:before { background-color: ; } #carousel-32985 .rpc-box { box-shadow: ; } #carousel-32985 .rpc-bg { background-color: ; } #carousel-32985 .rpc-title-bg { background-color: ; } #carousel-32985 .fixed-height-image { height: ; } #carousel-32985 .slick-next:before { content: '\\ \\f0a9 '; } #carousel-32985 .slick-prev:before { content: '\\ \\f0a8'; }#carousel-32985 .rpc-title { font-family: ; } #carousel-32985 .rpc-title { font-size: ; } #carousel-32985 .rpc-content { font-family: ; } #carousel-32985 .rpc-content { font-size: ; } <\/style>\n<p>[\/et_pb_text][\/et_pb_column][\/et_pb_row][et_pb_row _builder_version=&#8220;3.12.2&#8243;][et_pb_column type=&#8220;4_4&#8243;][et_pb_text admin_label=&#8220;Stories&#8220; _builder_version=&#8220;3.12.2&#8243;]<\/p>\n<h2>STORIES<\/h2>\n<p>[\/et_pb_text][et_pb_blog _builder_version=&#8220;3.12.2&#8243; posts_number=&#8220;3&#8243; include_categories=&#8220;25&#8243; fullwidth=&#8220;off&#8220; \/][\/et_pb_column][\/et_pb_row][\/et_pb_section]<\/p>\n","protected":false},"excerpt":{"rendered":"<p>ALP 2.0 &#8211; light mountaineering Neuer Puller zum einfachen Auf- und Abziehen am Schuh Quick-fit und exzellente Haftung am Schuh durch einen Klettverschluss \u00fcber dem Fu\u00df Ideal f\u00fcr Eis, harten Schnee und gefrorenes Unterholz dank der Spitzen in unterschiedlichen L\u00e4ngen Vordere bewegbare Steigeisen um die Ansammlungen von Schnee und Eis zu verhindern Frontb\u00fcgel auf der [&hellip;]<\/p>\n","protected":false},"author":4,"featured_media":0,"parent":26,"menu_order":0,"comment_status":"closed","ping_status":"closed","template":"","meta":{"_et_pb_use_builder":"on","_et_pb_old_content":"","_et_gb_content_width":""},"acf":[],"_links":{"self":[{"href":"https:\/\/www.nortecsport.com\/de\/wp-json\/wp\/v2\/pages\/32670"}],"collection":[{"href":"https:\/\/www.nortecsport.com\/de\/wp-json\/wp\/v2\/pages"}],"about":[{"href":"https:\/\/www.nortecsport.com\/de\/wp-json\/wp\/v2\/types\/page"}],"author":[{"embeddable":true,"href":"https:\/\/www.nortecsport.com\/de\/wp-json\/wp\/v2\/users\/4"}],"replies":[{"embeddable":true,"href":"https:\/\/www.nortecsport.com\/de\/wp-json\/wp\/v2\/comments?post=32670"}],"version-history":[{"count":13,"href":"https:\/\/www.nortecsport.com\/de\/wp-json\/wp\/v2\/pages\/32670\/revisions"}],"predecessor-version":[{"id":32672,"href":"https:\/\/www.nortecsport.com\/de\/wp-json\/wp\/v2\/pages\/32670\/revisions\/32672"}],"up":[{"embeddable":true,"href":"https:\/\/www.nortecsport.com\/de\/wp-json\/wp\/v2\/pages\/26"}],"wp:attachment":[{"href":"https:\/\/www.nortecsport.com\/de\/wp-json\/wp\/v2\/media?parent=32670"}],"curies":[{"name":"wp","href":"https:\/\/api.w.org\/{rel}","templated":true}]}}