{"id":33662,"date":"2018-12-03T15:35:33","date_gmt":"2018-12-03T13:35:33","guid":{"rendered":"http:\/\/www.nortecsport.com\/de\/?page_id=33662"},"modified":"2022-09-26T10:44:56","modified_gmt":"2022-09-26T08:44:56","slug":"winter-running","status":"publish","type":"page","link":"https:\/\/www.nortecsport.com\/de\/micro-crampons\/winter-running\/","title":{"rendered":"Winter Running"},"content":{"rendered":"<p>[et_pb_section fb_built=&#8220;1&#8243; _builder_version=&#8220;3.22&#8243; global_colors_info=&#8220;{}&#8220;][et_pb_row _builder_version=&#8220;3.25&#8243; global_colors_info=&#8220;{}&#8220;][et_pb_column type=&#8220;4_4&#8243; _builder_version=&#8220;3.25&#8243; custom_padding=&#8220;|||&#8220; global_colors_info=&#8220;{}&#8220; custom_padding__hover=&#8220;|||&#8220;][et_pb_text _builder_version=&#8220;4.14.1&#8243; global_colors_info=&#8220;{}&#8220;]<\/p>\n<h1>WINTER RUNNING<\/h1>\n<p>[\/et_pb_text][et_pb_text admin_label=&#8220;smart slider&#8220; _builder_version=&#8220;3.27.4&#8243; global_colors_info=&#8220;{}&#8220;]<br \/>\n[\/et_pb_text][et_pb_slider disabled_on=&#8220;on|on|on&#8220; _builder_version=&#8220;3.16&#8243; disabled=&#8220;on&#8220; global_colors_info=&#8220;{}&#8220; button_text_size__hover_enabled=&#8220;off&#8220; button_one_text_size__hover_enabled=&#8220;off&#8220; button_two_text_size__hover_enabled=&#8220;off&#8220; button_text_color__hover_enabled=&#8220;off&#8220; button_one_text_color__hover_enabled=&#8220;off&#8220; button_two_text_color__hover_enabled=&#8220;off&#8220; button_border_width__hover_enabled=&#8220;off&#8220; button_one_border_width__hover_enabled=&#8220;off&#8220; button_two_border_width__hover_enabled=&#8220;off&#8220; button_border_color__hover_enabled=&#8220;off&#8220; button_one_border_color__hover_enabled=&#8220;off&#8220; button_two_border_color__hover_enabled=&#8220;off&#8220; button_border_radius__hover_enabled=&#8220;off&#8220; button_one_border_radius__hover_enabled=&#8220;off&#8220; button_two_border_radius__hover_enabled=&#8220;off&#8220; button_letter_spacing__hover_enabled=&#8220;off&#8220; button_one_letter_spacing__hover_enabled=&#8220;off&#8220; button_two_letter_spacing__hover_enabled=&#8220;off&#8220; button_bg_color__hover_enabled=&#8220;off&#8220; button_one_bg_color__hover_enabled=&#8220;off&#8220; button_two_bg_color__hover_enabled=&#8220;off&#8220;][et_pb_slide heading=&#8220;How far do you want to go?&#8220; use_bg_overlay=&#8220;off&#8220; use_text_overlay=&#8220;off&#8220; _builder_version=&#8220;3.16&#8243; background_color=&#8220;#000000&#8243; background_image=&#8220;http:\/\/www.nortecsport.com\/de\/wp-content\/uploads\/2018\/09\/NORTEC_WebHeader_1850x600_v20.jpg&#8220; button_on_hover=&#8220;on&#8220; global_colors_info=&#8220;{}&#8220; button_text_size__hover_enabled=&#8220;off&#8220; button_one_text_size__hover_enabled=&#8220;off&#8220; button_two_text_size__hover_enabled=&#8220;off&#8220; button_text_color__hover_enabled=&#8220;off&#8220; button_one_text_color__hover_enabled=&#8220;off&#8220; button_two_text_color__hover_enabled=&#8220;off&#8220; button_border_width__hover_enabled=&#8220;off&#8220; button_one_border_width__hover_enabled=&#8220;off&#8220; button_two_border_width__hover_enabled=&#8220;off&#8220; button_border_color__hover_enabled=&#8220;off&#8220; button_one_border_color__hover_enabled=&#8220;off&#8220; button_two_border_color__hover_enabled=&#8220;off&#8220; button_border_radius__hover_enabled=&#8220;off&#8220; button_one_border_radius__hover_enabled=&#8220;off&#8220; button_two_border_radius__hover_enabled=&#8220;off&#8220; button_letter_spacing__hover_enabled=&#8220;off&#8220; button_one_letter_spacing__hover_enabled=&#8220;off&#8220; button_two_letter_spacing__hover_enabled=&#8220;off&#8220; button_bg_color__hover_enabled=&#8220;off&#8220; button_one_bg_color__hover_enabled=&#8220;off&#8220; button_two_bg_color__hover_enabled=&#8220;off&#8220; sticky_transition=&#8220;on&#8220;]Up in the mountains<br \/>\nevery gram counts!<br \/>\n[\/et_pb_slide][et_pb_slide use_bg_overlay=&#8220;off&#8220; use_text_overlay=&#8220;off&#8220; _builder_version=&#8220;3.16&#8243; background_color=&#8220;#000000&#8243; background_image=&#8220;http:\/\/www.nortecsport.com\/de\/wp-content\/uploads\/2018\/10\/NORTEC_WebHeader_1850x600_v21.jpg&#8220; button_on_hover=&#8220;on&#8220; global_colors_info=&#8220;{}&#8220; button_text_size__hover_enabled=&#8220;off&#8220; button_one_text_size__hover_enabled=&#8220;off&#8220; button_two_text_size__hover_enabled=&#8220;off&#8220; button_text_color__hover_enabled=&#8220;off&#8220; button_one_text_color__hover_enabled=&#8220;off&#8220; button_two_text_color__hover_enabled=&#8220;off&#8220; button_border_width__hover_enabled=&#8220;off&#8220; button_one_border_width__hover_enabled=&#8220;off&#8220; button_two_border_width__hover_enabled=&#8220;off&#8220; button_border_color__hover_enabled=&#8220;off&#8220; button_one_border_color__hover_enabled=&#8220;off&#8220; button_two_border_color__hover_enabled=&#8220;off&#8220; button_border_radius__hover_enabled=&#8220;off&#8220; button_one_border_radius__hover_enabled=&#8220;off&#8220; button_two_border_radius__hover_enabled=&#8220;off&#8220; button_letter_spacing__hover_enabled=&#8220;off&#8220; button_one_letter_spacing__hover_enabled=&#8220;off&#8220; button_two_letter_spacing__hover_enabled=&#8220;off&#8220; button_bg_color__hover_enabled=&#8220;off&#8220; button_one_bg_color__hover_enabled=&#8220;off&#8220; button_two_bg_color__hover_enabled=&#8220;off&#8220; sticky_transition=&#8220;on&#8220;][\/et_pb_slide][et_pb_slide use_bg_overlay=&#8220;off&#8220; use_text_overlay=&#8220;off&#8220; _builder_version=&#8220;3.16&#8243; background_color=&#8220;#000000&#8243; background_image=&#8220;http:\/\/www.nortecsport.com\/de\/wp-content\/uploads\/2018\/09\/NORTEC_TrailrunningHeader_1850x600_v4.jpg&#8220; global_colors_info=&#8220;{}&#8220; button_text_size__hover_enabled=&#8220;off&#8220; button_one_text_size__hover_enabled=&#8220;off&#8220; button_two_text_size__hover_enabled=&#8220;off&#8220; button_text_color__hover_enabled=&#8220;off&#8220; button_one_text_color__hover_enabled=&#8220;off&#8220; button_two_text_color__hover_enabled=&#8220;off&#8220; button_border_width__hover_enabled=&#8220;off&#8220; button_one_border_width__hover_enabled=&#8220;off&#8220; button_two_border_width__hover_enabled=&#8220;off&#8220; button_border_color__hover_enabled=&#8220;off&#8220; button_one_border_color__hover_enabled=&#8220;off&#8220; button_two_border_color__hover_enabled=&#8220;off&#8220; button_border_radius__hover_enabled=&#8220;off&#8220; button_one_border_radius__hover_enabled=&#8220;off&#8220; button_two_border_radius__hover_enabled=&#8220;off&#8220; button_letter_spacing__hover_enabled=&#8220;off&#8220; button_one_letter_spacing__hover_enabled=&#8220;off&#8220; button_two_letter_spacing__hover_enabled=&#8220;off&#8220; button_bg_color__hover_enabled=&#8220;off&#8220; button_one_bg_color__hover_enabled=&#8220;off&#8220; button_two_bg_color__hover_enabled=&#8220;off&#8220; sticky_transition=&#8220;on&#8220;][\/et_pb_slide][et_pb_slide use_bg_overlay=&#8220;off&#8220; use_text_overlay=&#8220;off&#8220; _builder_version=&#8220;3.16&#8243; background_color=&#8220;#000000&#8243; background_image=&#8220;http:\/\/www.nortecsport.com\/de\/wp-content\/uploads\/2018\/10\/NORTEC_WebHeader_1850x600_v22.jpg&#8220; button_on_hover=&#8220;on&#8220; global_colors_info=&#8220;{}&#8220; button_text_size__hover_enabled=&#8220;off&#8220; button_one_text_size__hover_enabled=&#8220;off&#8220; button_two_text_size__hover_enabled=&#8220;off&#8220; button_text_color__hover_enabled=&#8220;off&#8220; button_one_text_color__hover_enabled=&#8220;off&#8220; button_two_text_color__hover_enabled=&#8220;off&#8220; button_border_width__hover_enabled=&#8220;off&#8220; button_one_border_width__hover_enabled=&#8220;off&#8220; button_two_border_width__hover_enabled=&#8220;off&#8220; button_border_color__hover_enabled=&#8220;off&#8220; button_one_border_color__hover_enabled=&#8220;off&#8220; button_two_border_color__hover_enabled=&#8220;off&#8220; button_border_radius__hover_enabled=&#8220;off&#8220; button_one_border_radius__hover_enabled=&#8220;off&#8220; button_two_border_radius__hover_enabled=&#8220;off&#8220; button_letter_spacing__hover_enabled=&#8220;off&#8220; button_one_letter_spacing__hover_enabled=&#8220;off&#8220; button_two_letter_spacing__hover_enabled=&#8220;off&#8220; button_bg_color__hover_enabled=&#8220;off&#8220; button_one_bg_color__hover_enabled=&#8220;off&#8220; button_two_bg_color__hover_enabled=&#8220;off&#8220; sticky_transition=&#8220;on&#8220;][\/et_pb_slide][\/et_pb_slider][et_pb_text _builder_version=&#8220;3.27.4&#8243; global_colors_info=&#8220;{}&#8220;]<\/p>\n<h2>Laufen im Winter &#8211; ein Highlight!<\/h2>\n<h5>Wenn es kalt wird, verschneit und k\u00fchl\u2026<\/h5>\n<p>&nbsp;<\/p>\n<p>Sinkende Temperaturen und weniger Tageslicht bedeutet nicht, dass Ihre Outdoor-Routine f\u00fcr den Winter in den Winterschlaf fallen muss. Laufen bei kaltem Wetter kann dazu beitragen, den Winter-Blues abzusch\u00fctteln und den Energielevel zu steigern. Flexibilit\u00e4t, Materialqualit\u00e4t und Stabilit\u00e4t spielen eine gro\u00dfe Rolle. Am Fu\u00df und im Gep\u00e4ck werden die Anforderungen an Gewicht und Passform hinzugef\u00fcgt.<\/p>\n<p>Mit den NORTEC Micro Crampons und unserer Hightec-Ausr\u00fcstung bist du f\u00fcr alle Herausforderungen bestens ger\u00fcstet: Selbst Schnee, kalte Temperaturen und die raueste Landschaft sind ein Outdoor-Erlebnis! Natur pur!<br \/>\n[\/et_pb_text][\/et_pb_column][\/et_pb_row][et_pb_row _builder_version=&#8220;3.25&#8243; global_colors_info=&#8220;{}&#8220;][et_pb_column type=&#8220;4_4&#8243; _builder_version=&#8220;3.25&#8243; custom_padding=&#8220;|||&#8220; global_colors_info=&#8220;{}&#8220; custom_padding__hover=&#8220;|||&#8220;][et_pb_text admin_label=&#8220;OUR MICRO CRAMPONS&#8220; _builder_version=&#8220;3.27.4&#8243; global_colors_info=&#8220;{}&#8220;]<\/p>\n<h2>UNSERE PRODUKTE F\u00dcR WINTER RUNNING<\/h2>\n<p>[\/et_pb_text][et_pb_text _builder_version=&#8220;4.14.1&#8243; hover_enabled=&#8220;0&#8243; global_colors_info=&#8220;{}&#8220; sticky_enabled=&#8220;0&#8243;]<\/p>\n        <div class=\"wcp-carousel-main-wrap\">\r\n        <section class=\"wcp-slick\"  data-autoplay = on data-dots = on data-slidesToShow = 3 id=\"carousel-32981\">\r\n\r\n                            <div class=\"slick-slide carousel-item-34217\">\r\n                    <div class=\"rpc-post-carousel1 rpc-box style4 rpc-bg\">\r\n\t<div class=\"rpc-post-image\">\r\n\t\t<a href=\"https:\/\/www.nortecsport.com\/de\/product\/fast\/\" target=\"_self\">\r\n\t\t\t<img width=\"400\" height=\"516\" src=\"https:\/\/www.nortecsport.com\/de\/wp-content\/uploads\/2025\/11\/fast_2000-400x516.png\" class=\"attachment-et-pb-gallery-module-image-portrait size-et-pb-gallery-module-image-portrait wp-post-image\" alt=\"\" loading=\"lazy\" \/>\t\t<\/a>\r\n\r\n\t\t<span class=\"rpc-comment-box\">\r\n\t\t\t<span class=\"rpc-post-comment\">\r\n\t\t\t\t0\t\t\t<\/span>\r\n\t\t<\/span>\r\n\t<\/div>\r\n\r\n\t<div class=\"rpc-post-category\">\r\n\t<a href=\"https:\/\/www.nortecsport.com\/de\/category\/activity\/speed-hiking\/\">Alpine Running<\/a> <a href=\"https:\/\/www.nortecsport.com\/de\/category\/activity\/mountaineering\/\">Light Mountaineering<\/a> <a href=\"https:\/\/www.nortecsport.com\/de\/category\/micro-crampons\/\">Micro crampons<\/a>\t<\/div>\r\n\r\n\t<h3 class=\"rpc-post-title\">\r\n\t\t<a href=\"https:\/\/www.nortecsport.com\/de\/product\/fast\/\" target=\"_self\" class=\"rpc-title\">\r\n\t\t\tFAST\t\t<\/a>\r\n\t<\/h3>\r\n\t\r\n\t<div class=\"clearfix\"><\/div>\r\n\t<div class=\"rpc-post-para rpc-content\">\r\n        11\/10\/2021        \t<\/div>\r\n<\/div>                <\/div>    \r\n\r\n                            <div class=\"slick-slide carousel-item-33744\">\r\n                    <div class=\"rpc-post-carousel1 rpc-box style4 rpc-bg\">\r\n\t<div class=\"rpc-post-image\">\r\n\t\t<a href=\"https:\/\/www.nortecsport.com\/de\/product\/trail-sensitive\/\" target=\"_self\">\r\n\t\t\t<img width=\"400\" height=\"516\" src=\"https:\/\/www.nortecsport.com\/de\/wp-content\/uploads\/2019\/02\/belt_main-400x516.jpg\" class=\"attachment-et-pb-gallery-module-image-portrait size-et-pb-gallery-module-image-portrait wp-post-image\" alt=\"\" loading=\"lazy\" \/>\t\t<\/a>\r\n\r\n\t\t<span class=\"rpc-comment-box\">\r\n\t\t\t<span class=\"rpc-post-comment\">\r\n\t\t\t\t0\t\t\t<\/span>\r\n\t\t<\/span>\r\n\t<\/div>\r\n\r\n\t<div class=\"rpc-post-category\">\r\n\t<a href=\"https:\/\/www.nortecsport.com\/de\/category\/activity\/speed-hiking\/\">Alpine Running<\/a> <a href=\"https:\/\/www.nortecsport.com\/de\/category\/activity\/running-activity\/\">Running<\/a> <a href=\"https:\/\/www.nortecsport.com\/de\/category\/activity\/trailrunning\/\">Trailrunning<\/a>\t<\/div>\r\n\r\n\t<h3 class=\"rpc-post-title\">\r\n\t\t<a href=\"https:\/\/www.nortecsport.com\/de\/product\/trail-sensitive\/\" target=\"_self\" class=\"rpc-title\">\r\n\t\t\tLAUFG\u00dcRTEL\t\t<\/a>\r\n\t<\/h3>\r\n\t\r\n\t<div class=\"clearfix\"><\/div>\r\n\t<div class=\"rpc-post-para rpc-content\">\r\n        28\/02\/2019        \t<\/div>\r\n<\/div>                <\/div>    \r\n\r\n                            <div class=\"slick-slide carousel-item-33632\">\r\n                    <div class=\"rpc-post-carousel1 rpc-box style4 rpc-bg\">\r\n\t<div class=\"rpc-post-image\">\r\n\t\t<a href=\"https:\/\/www.nortecsport.com\/de\/product\/handschuhe-tech\/\" target=\"_self\">\r\n\t\t\t<img width=\"400\" height=\"516\" src=\"https:\/\/www.nortecsport.com\/de\/wp-content\/uploads\/2018\/12\/NORTEC_Gloves-White_Paar_2-400x516.jpg\" class=\"attachment-et-pb-gallery-module-image-portrait size-et-pb-gallery-module-image-portrait wp-post-image\" alt=\"\" loading=\"lazy\" \/>\t\t<\/a>\r\n\r\n\t\t<span class=\"rpc-comment-box\">\r\n\t\t\t<span class=\"rpc-post-comment\">\r\n\t\t\t\t0\t\t\t<\/span>\r\n\t\t<\/span>\r\n\t<\/div>\r\n\r\n\t<div class=\"rpc-post-category\">\r\n\t<a href=\"https:\/\/www.nortecsport.com\/de\/category\/activity\/speed-hiking\/\">Alpine Running<\/a> <a href=\"https:\/\/www.nortecsport.com\/de\/category\/activity\/mountaineering\/\">Light Mountaineering<\/a> <a href=\"https:\/\/www.nortecsport.com\/de\/category\/activity\/running-activity\/\">Running<\/a>\t<\/div>\r\n\r\n\t<h3 class=\"rpc-post-title\">\r\n\t\t<a href=\"https:\/\/www.nortecsport.com\/de\/product\/handschuhe-tech\/\" target=\"_self\" class=\"rpc-title\">\r\n\t\t\tLAUFHANDSCHUHE TECH\t\t<\/a>\r\n\t<\/h3>\r\n\t\r\n\t<div class=\"clearfix\"><\/div>\r\n\t<div class=\"rpc-post-para rpc-content\">\r\n        03\/12\/2018        \t<\/div>\r\n<\/div>                <\/div>    \r\n\r\n                            <div class=\"slick-slide carousel-item-32854\">\r\n                    <div class=\"rpc-post-carousel1 rpc-box style4 rpc-bg\">\r\n\t<div class=\"rpc-post-image\">\r\n\t\t<a href=\"https:\/\/www.nortecsport.com\/de\/product\/hightec-gaiters\/\" target=\"_self\">\r\n\t\t\t<img width=\"400\" height=\"516\" src=\"https:\/\/www.nortecsport.com\/de\/wp-content\/uploads\/2018\/10\/NORTEC_Gaiter_Hauptbild_1-400x516.jpg\" class=\"attachment-et-pb-gallery-module-image-portrait size-et-pb-gallery-module-image-portrait wp-post-image\" alt=\"\" loading=\"lazy\" \/>\t\t<\/a>\r\n\r\n\t\t<span class=\"rpc-comment-box\">\r\n\t\t\t<span class=\"rpc-post-comment\">\r\n\t\t\t\t0\t\t\t<\/span>\r\n\t\t<\/span>\r\n\t<\/div>\r\n\r\n\t<div class=\"rpc-post-category\">\r\n\t<a href=\"https:\/\/www.nortecsport.com\/de\/category\/activity\/speed-hiking\/\">Alpine Running<\/a> <a href=\"https:\/\/www.nortecsport.com\/de\/category\/activity\/mountaineering\/\">Light Mountaineering<\/a> <a href=\"https:\/\/www.nortecsport.com\/de\/category\/activity\/trailrunning\/\">Trailrunning<\/a>\t<\/div>\r\n\r\n\t<h3 class=\"rpc-post-title\">\r\n\t\t<a href=\"https:\/\/www.nortecsport.com\/de\/product\/hightec-gaiters\/\" target=\"_self\" class=\"rpc-title\">\r\n\t\t\tMicro Gaiters\t\t<\/a>\r\n\t<\/h3>\r\n\t\r\n\t<div class=\"clearfix\"><\/div>\r\n\t<div class=\"rpc-post-para rpc-content\">\r\n        01\/10\/2018        \t<\/div>\r\n<\/div>                <\/div>    \r\n\r\n                            <div class=\"slick-slide carousel-item-32846\">\r\n                    <div class=\"rpc-post-carousel1 rpc-box style4 rpc-bg\">\r\n\t<div class=\"rpc-post-image\">\r\n\t\t<a href=\"https:\/\/www.nortecsport.com\/de\/product\/gloves\/\" target=\"_self\">\r\n\t\t\t<img width=\"400\" height=\"516\" src=\"https:\/\/www.nortecsport.com\/de\/wp-content\/uploads\/2018\/10\/Gloves-Pink_frei-Paar-400x516.jpg\" class=\"attachment-et-pb-gallery-module-image-portrait size-et-pb-gallery-module-image-portrait wp-post-image\" alt=\"\" loading=\"lazy\" \/>\t\t<\/a>\r\n\r\n\t\t<span class=\"rpc-comment-box\">\r\n\t\t\t<span class=\"rpc-post-comment\">\r\n\t\t\t\t0\t\t\t<\/span>\r\n\t\t<\/span>\r\n\t<\/div>\r\n\r\n\t<div class=\"rpc-post-category\">\r\n\t<a href=\"https:\/\/www.nortecsport.com\/de\/category\/activity\/speed-hiking\/\">Alpine Running<\/a> <a href=\"https:\/\/www.nortecsport.com\/de\/category\/activity\/mountaineering\/\">Light Mountaineering<\/a> <a href=\"https:\/\/www.nortecsport.com\/de\/category\/activity\/trailrunning\/\">Trailrunning<\/a>\t<\/div>\r\n\r\n\t<h3 class=\"rpc-post-title\">\r\n\t\t<a href=\"https:\/\/www.nortecsport.com\/de\/product\/gloves\/\" target=\"_self\" class=\"rpc-title\">\r\n\t\t\tLAUFHANDSCHUHE LIGHT\t\t<\/a>\r\n\t<\/h3>\r\n\t\r\n\t<div class=\"clearfix\"><\/div>\r\n\t<div class=\"rpc-post-para rpc-content\">\r\n        01\/10\/2018        \t<\/div>\r\n<\/div>                <\/div>    \r\n\r\n                            <div class=\"slick-slide carousel-item-32476\">\r\n                    <div class=\"rpc-post-carousel1 rpc-box style4 rpc-bg\">\r\n\t<div class=\"rpc-post-image\">\r\n\t\t<a href=\"https:\/\/www.nortecsport.com\/de\/product\/corsa\/\" target=\"_self\">\r\n\t\t\t<img width=\"400\" height=\"516\" src=\"https:\/\/www.nortecsport.com\/de\/wp-content\/uploads\/2025\/11\/corsa_2000-400x516.png\" class=\"attachment-et-pb-gallery-module-image-portrait size-et-pb-gallery-module-image-portrait wp-post-image\" alt=\"\" loading=\"lazy\" \/>\t\t<\/a>\r\n\r\n\t\t<span class=\"rpc-comment-box\">\r\n\t\t\t<span class=\"rpc-post-comment\">\r\n\t\t\t\t0\t\t\t<\/span>\r\n\t\t<\/span>\r\n\t<\/div>\r\n\r\n\t<div class=\"rpc-post-category\">\r\n\t<a href=\"https:\/\/www.nortecsport.com\/de\/category\/micro-crampons\/\">Micro crampons<\/a> <a href=\"https:\/\/www.nortecsport.com\/de\/category\/activity\/running-activity\/\">Running<\/a> <a href=\"https:\/\/www.nortecsport.com\/de\/category\/activity\/running-freetime\/\">Urban running &amp; Freetime<\/a>\t<\/div>\r\n\r\n\t<h3 class=\"rpc-post-title\">\r\n\t\t<a href=\"https:\/\/www.nortecsport.com\/de\/product\/corsa\/\" target=\"_self\" class=\"rpc-title\">\r\n\t\t\tCORSA\t\t<\/a>\r\n\t<\/h3>\r\n\t\r\n\t<div class=\"clearfix\"><\/div>\r\n\t<div class=\"rpc-post-para rpc-content\">\r\n        20\/09\/2018        \t<\/div>\r\n<\/div>                <\/div>    \r\n\r\n                            <div class=\"slick-slide carousel-item-32454\">\r\n                    <div class=\"rpc-post-carousel1 rpc-box style4 rpc-bg\">\r\n\t<div class=\"rpc-post-image\">\r\n\t\t<a href=\"https:\/\/www.nortecsport.com\/de\/product\/trail-2\/\" target=\"_self\">\r\n\t\t\t<img width=\"400\" height=\"516\" src=\"https:\/\/www.nortecsport.com\/de\/wp-content\/uploads\/2025\/11\/trail_2000-400x516.png\" class=\"attachment-et-pb-gallery-module-image-portrait size-et-pb-gallery-module-image-portrait wp-post-image\" alt=\"\" loading=\"lazy\" \/>\t\t<\/a>\r\n\r\n\t\t<span class=\"rpc-comment-box\">\r\n\t\t\t<span class=\"rpc-post-comment\">\r\n\t\t\t\t0\t\t\t<\/span>\r\n\t\t<\/span>\r\n\t<\/div>\r\n\r\n\t<div class=\"rpc-post-category\">\r\n\t<a href=\"https:\/\/www.nortecsport.com\/de\/category\/activity\/speed-hiking\/\">Alpine Running<\/a> <a href=\"https:\/\/www.nortecsport.com\/de\/category\/activity\/mountaineering\/\">Light Mountaineering<\/a> <a href=\"https:\/\/www.nortecsport.com\/de\/category\/micro-crampons\/\">Micro crampons<\/a>\t<\/div>\r\n\r\n\t<h3 class=\"rpc-post-title\">\r\n\t\t<a href=\"https:\/\/www.nortecsport.com\/de\/product\/trail-2\/\" target=\"_self\" class=\"rpc-title\">\r\n\t\t\tTRAIL 2.4\t\t<\/a>\r\n\t<\/h3>\r\n\t\r\n\t<div class=\"clearfix\"><\/div>\r\n\t<div class=\"rpc-post-para rpc-content\">\r\n        20\/09\/2018        \t<\/div>\r\n<\/div>                <\/div>    \r\n\r\n                            <div class=\"slick-slide carousel-item-3961\">\r\n                    <div class=\"rpc-post-carousel1 rpc-box style4 rpc-bg\">\r\n\t<div class=\"rpc-post-image\">\r\n\t\t<a href=\"https:\/\/www.nortecsport.com\/de\/product\/nordic\/\" target=\"_self\">\r\n\t\t\t<img width=\"400\" height=\"516\" src=\"https:\/\/www.nortecsport.com\/de\/wp-content\/uploads\/2024\/09\/NORTEC_NordicTrek_Main_2024-400x516.jpg\" class=\"attachment-et-pb-gallery-module-image-portrait size-et-pb-gallery-module-image-portrait wp-post-image\" alt=\"\" loading=\"lazy\" \/>\t\t<\/a>\r\n\r\n\t\t<span class=\"rpc-comment-box\">\r\n\t\t\t<span class=\"rpc-post-comment\">\r\n\t\t\t\t0\t\t\t<\/span>\r\n\t\t<\/span>\r\n\t<\/div>\r\n\r\n\t<div class=\"rpc-post-category\">\r\n\t<a href=\"https:\/\/www.nortecsport.com\/de\/category\/activity\/speed-hiking\/\">Alpine Running<\/a> <a href=\"https:\/\/www.nortecsport.com\/de\/category\/micro-crampons\/\">Micro crampons<\/a> <a href=\"https:\/\/www.nortecsport.com\/de\/category\/activity\/running-activity\/\">Running<\/a>\t<\/div>\r\n\r\n\t<h3 class=\"rpc-post-title\">\r\n\t\t<a href=\"https:\/\/www.nortecsport.com\/de\/product\/nordic\/\" target=\"_self\" class=\"rpc-title\">\r\n\t\t\tNORDIC 2.4\t\t<\/a>\r\n\t<\/h3>\r\n\t\r\n\t<div class=\"clearfix\"><\/div>\r\n\t<div class=\"rpc-post-para rpc-content\">\r\n        30\/08\/2018        \t<\/div>\r\n<\/div>                <\/div>    \r\n\r\n                \r\n        <\/section>\r\n        <\/div>\r\n        <style>#carousel-32981 .slick-prev:before, #carousel-32981 .slick-next:before { color:  !important;}#carousel-32981 .slick-slide { margin: 2px ; } #carousel-32981 .rpc-title { color: ; } #carousel-32981 .rpc-content { color: ; } #carousel-32981 .rpc-date { background-color: ; } #carousel-32981 .rpc-date { color: ; } #carousel-32981 .rpc-overlay { background-color: ; } #carousel-32981 .carousel-style9 { border-top-color: ; } #carousel-32981 .carousel-style9 .button:before { background-color: ; } #carousel-32981 .rpc-box { box-shadow: ; } #carousel-32981 .rpc-bg { background-color: ; } #carousel-32981 .rpc-title-bg { background-color: ; } #carousel-32981 .fixed-height-image { height: ; } #carousel-32981 .slick-next:before { content: '\\ \\f0a9 '; } #carousel-32981 .slick-prev:before { content: '\\ \\f0a8'; }#carousel-32981 .rpc-title { font-family: ; } #carousel-32981 .rpc-title { font-size: ; } #carousel-32981 .rpc-content { font-family: ; } #carousel-32981 .rpc-content { font-size: ; } <\/style>\n<p>[\/et_pb_text][\/et_pb_column][\/et_pb_row][et_pb_row _builder_version=&#8220;3.25&#8243; global_colors_info=&#8220;{}&#8220;][et_pb_column type=&#8220;4_4&#8243; _builder_version=&#8220;3.25&#8243; custom_padding=&#8220;|||&#8220; global_colors_info=&#8220;{}&#8220; custom_padding__hover=&#8220;|||&#8220;][et_pb_text admin_label=&#8220;Stories&#8220; _builder_version=&#8220;3.27.4&#8243; global_colors_info=&#8220;{}&#8220;]<\/p>\n<h2>STORIES<\/h2>\n<p>[\/et_pb_text][et_pb_blog fullwidth=&#8220;off&#8220; posts_number=&#8220;3&#8243; include_categories=&#8220;23&#8243; _builder_version=&#8220;3.12.2&#8243; global_colors_info=&#8220;{}&#8220;][\/et_pb_blog][\/et_pb_column][\/et_pb_row][\/et_pb_section]<\/p>\n","protected":false},"excerpt":{"rendered":"<p>[et_pb_section fb_built=&#8220;1&#8243; _builder_version=&#8220;3.22&#8243; global_colors_info=&#8220;{}&#8220;][et_pb_row _builder_version=&#8220;3.25&#8243; global_colors_info=&#8220;{}&#8220;][et_pb_column type=&#8220;4_4&#8243; _builder_version=&#8220;3.25&#8243; custom_padding=&#8220;|||&#8220; global_colors_info=&#8220;{}&#8220; custom_padding__hover=&#8220;|||&#8220;][et_pb_text _builder_version=&#8220;4.14.1&#8243; global_colors_info=&#8220;{}&#8220;] WINTER RUNNING [\/et_pb_text][et_pb_text admin_label=&#8220;smart slider&#8220; _builder_version=&#8220;3.27.4&#8243; global_colors_info=&#8220;{}&#8220;] [\/et_pb_text][et_pb_slider disabled_on=&#8220;on|on|on&#8220; _builder_version=&#8220;3.16&#8243; disabled=&#8220;on&#8220; global_colors_info=&#8220;{}&#8220; button_text_size__hover_enabled=&#8220;off&#8220; button_one_text_size__hover_enabled=&#8220;off&#8220; button_two_text_size__hover_enabled=&#8220;off&#8220; button_text_color__hover_enabled=&#8220;off&#8220; button_one_text_color__hover_enabled=&#8220;off&#8220; button_two_text_color__hover_enabled=&#8220;off&#8220; button_border_width__hover_enabled=&#8220;off&#8220; button_one_border_width__hover_enabled=&#8220;off&#8220; button_two_border_width__hover_enabled=&#8220;off&#8220; button_border_color__hover_enabled=&#8220;off&#8220; button_one_border_color__hover_enabled=&#8220;off&#8220; button_two_border_color__hover_enabled=&#8220;off&#8220; button_border_radius__hover_enabled=&#8220;off&#8220; button_one_border_radius__hover_enabled=&#8220;off&#8220; button_two_border_radius__hover_enabled=&#8220;off&#8220; button_letter_spacing__hover_enabled=&#8220;off&#8220; button_one_letter_spacing__hover_enabled=&#8220;off&#8220; button_two_letter_spacing__hover_enabled=&#8220;off&#8220; button_bg_color__hover_enabled=&#8220;off&#8220; button_one_bg_color__hover_enabled=&#8220;off&#8220; button_two_bg_color__hover_enabled=&#8220;off&#8220;][et_pb_slide heading=&#8220;How far do you want to go?&#8220; use_bg_overlay=&#8220;off&#8220; use_text_overlay=&#8220;off&#8220; [&hellip;]<\/p>\n","protected":false},"author":4,"featured_media":0,"parent":26,"menu_order":0,"comment_status":"closed","ping_status":"closed","template":"","meta":{"_et_pb_use_builder":"on","_et_pb_old_content":"","_et_gb_content_width":""},"acf":[],"_links":{"self":[{"href":"https:\/\/www.nortecsport.com\/de\/wp-json\/wp\/v2\/pages\/33662"}],"collection":[{"href":"https:\/\/www.nortecsport.com\/de\/wp-json\/wp\/v2\/pages"}],"about":[{"href":"https:\/\/www.nortecsport.com\/de\/wp-json\/wp\/v2\/types\/page"}],"author":[{"embeddable":true,"href":"https:\/\/www.nortecsport.com\/de\/wp-json\/wp\/v2\/users\/4"}],"replies":[{"embeddable":true,"href":"https:\/\/www.nortecsport.com\/de\/wp-json\/wp\/v2\/comments?post=33662"}],"version-history":[{"count":5,"href":"https:\/\/www.nortecsport.com\/de\/wp-json\/wp\/v2\/pages\/33662\/revisions"}],"predecessor-version":[{"id":34662,"href":"https:\/\/www.nortecsport.com\/de\/wp-json\/wp\/v2\/pages\/33662\/revisions\/34662"}],"up":[{"embeddable":true,"href":"https:\/\/www.nortecsport.com\/de\/wp-json\/wp\/v2\/pages\/26"}],"wp:attachment":[{"href":"https:\/\/www.nortecsport.com\/de\/wp-json\/wp\/v2\/media?parent=33662"}],"curies":[{"name":"wp","href":"https:\/\/api.w.org\/{rel}","templated":true}]}}