{"id":32476,"date":"2018-09-20T12:47:18","date_gmt":"2018-09-20T12:47:18","guid":{"rendered":"http:\/\/stage.nortecsport.com\/?post_type=product&#038;p=32476"},"modified":"2025-11-03T17:00:27","modified_gmt":"2025-11-03T15:00:27","slug":"corsa","status":"publish","type":"product","link":"https:\/\/www.nortecsport.com\/de\/product\/corsa\/","title":{"rendered":"CORSA"},"content":{"rendered":"<p>[et_pb_section fb_built=&#8220;1&#8243; _builder_version=&#8220;3.22&#8243; custom_padding=&#8220;0px|0px|0px|0px&#8220; global_colors_info=&#8220;{}&#8220;][et_pb_row column_structure=&#8220;1_2,1_2&#8243; module_class=&#8220;gq_r_inline_buttons&#8220; _builder_version=&#8220;3.25&#8243; background_size=&#8220;initial&#8220; background_position=&#8220;top_left&#8220; background_repeat=&#8220;repeat&#8220; global_colors_info=&#8220;{}&#8220;][et_pb_column type=&#8220;1_2&#8243; _builder_version=&#8220;3.25&#8243; custom_padding=&#8220;|||&#8220; global_colors_info=&#8220;{}&#8220; custom_padding__hover=&#8220;|||&#8220;][et_pb_text admin_label=&#8220;Subtitle&#8220; _builder_version=&#8220;4.14.1&#8243; text_font=&#8220;|||on|||||&#8220; text_text_color=&#8220;#000000&#8243; hover_enabled=&#8220;0&#8243; global_colors_info=&#8220;{}&#8220; sticky_enabled=&#8220;0&#8243;]<\/p>\n<h1>CORSA 2.5 \u2013 SNOW &amp; WINTER URBAN RUNNING<\/h1>\n<p>[\/et_pb_text][et_pb_image src=&#8220;https:\/\/www.nortecsport.com\/de\/wp-content\/uploads\/2025\/11\/280.png&#8220; title_text=&#8220;280&#8243; _builder_version=&#8220;4.14.1&#8243; _module_preset=&#8220;default&#8220; hover_enabled=&#8220;0&#8243; global_colors_info=&#8220;{}&#8220; sticky_enabled=&#8220;0&#8243;][\/et_pb_image][et_pb_text admin_label=&#8220;Description 1&#8243; _builder_version=&#8220;4.14.1&#8243; text_text_color=&#8220;#000000&#8243; hover_enabled=&#8220;0&#8243; global_colors_info=&#8220;{}&#8220; sticky_enabled=&#8220;0&#8243;]<\/p>\n<ul>\n<li class=\"p1\"><strong>Winter running<\/strong><\/li>\n<li class=\"p1\">Die Quick-fit Schuhkralle speziell fu\u0308r Winterrunning<\/li>\n<li class=\"p1\">Quick fit und exzellente Haftung am Schuh\u00a0dank des Hi-tech Elastomers<\/li>\n<li class=\"p1\">Ideal fu\u0308r Eis, und harten Schnee dank des Stahlspitzen-Systems<\/li>\n<li class=\"p1\">Konstruktion der Lauffl\u00e4che mit auswechselbaren\u00a0Spitzen.<\/li>\n<li class=\"p1\"><strong>Standardgr\u00f6\u00dfen, optimiert f\u00fcr Lauf- und Trailrunning-Schuhe. Nicht f\u00fcr Trekkingschuhe geeignet.<\/strong><\/li>\n<\/ul>\n<p>[\/et_pb_text][et_pb_button button_url=&#8220;https:\/\/www.nortecsport.com\/en\/store-locator-2\/&#8220; url_new_window=&#8220;on&#8220; button_text=&#8220;STORE LOCATOR&#8220; admin_label=&#8220;Go to shop Button&#8220; _builder_version=&#8220;4.14.1&#8243; custom_button=&#8220;on&#8220; button_text_color=&#8220;#ffffff&#8220; button_bg_color=&#8220;#000000&#8243; button_font=&#8220;|700||on|||||&#8220; global_colors_info=&#8220;{}&#8220; button_text_size__hover_enabled=&#8220;off&#8220; button_one_text_size__hover_enabled=&#8220;off&#8220; button_two_text_size__hover_enabled=&#8220;off&#8220; button_text_color__hover_enabled=&#8220;off&#8220; button_one_text_color__hover_enabled=&#8220;off&#8220; button_two_text_color__hover_enabled=&#8220;off&#8220; button_border_width__hover_enabled=&#8220;off&#8220; button_one_border_width__hover_enabled=&#8220;off&#8220; button_two_border_width__hover_enabled=&#8220;off&#8220; button_border_color__hover_enabled=&#8220;off&#8220; button_one_border_color__hover_enabled=&#8220;off&#8220; button_two_border_color__hover_enabled=&#8220;off&#8220; button_border_radius__hover_enabled=&#8220;off&#8220; button_one_border_radius__hover_enabled=&#8220;off&#8220; button_two_border_radius__hover_enabled=&#8220;off&#8220; button_letter_spacing__hover_enabled=&#8220;off&#8220; button_one_letter_spacing__hover_enabled=&#8220;off&#8220; button_two_letter_spacing__hover_enabled=&#8220;off&#8220; button_bg_color__hover_enabled=&#8220;off&#8220; button_one_bg_color__hover_enabled=&#8220;off&#8220; button_two_bg_color__hover_enabled=&#8220;off&#8220;][\/et_pb_button][et_pb_text admin_label=&#8220;Or Text&#8220; _builder_version=&#8220;3.27.4&#8243; text_font=&#8220;|||on|||||&#8220; global_colors_info=&#8220;{}&#8220;]\u2013 ODER BESUCHE UNSEREN \u2013<br \/>\n[\/et_pb_text][et_pb_button button_url=&#8220;https:\/\/eshop.nortecsport.com\/product\/corsa\/&#8220; url_new_window=&#8220;on&#8220; button_text=&#8220;Online Shop&#8220; admin_label=&#8220;Go to shop Button&#8220; _builder_version=&#8220;3.16&#8243; custom_button=&#8220;on&#8220; button_text_color=&#8220;#ffffff&#8220; button_bg_color=&#8220;#000000&#8243; button_font=&#8220;|700||on|||||&#8220; global_colors_info=&#8220;{}&#8220; button_text_size__hover_enabled=&#8220;off&#8220; button_one_text_size__hover_enabled=&#8220;off&#8220; button_two_text_size__hover_enabled=&#8220;off&#8220; button_text_color__hover_enabled=&#8220;off&#8220; button_one_text_color__hover_enabled=&#8220;off&#8220; button_two_text_color__hover_enabled=&#8220;off&#8220; button_border_width__hover_enabled=&#8220;off&#8220; button_one_border_width__hover_enabled=&#8220;off&#8220; button_two_border_width__hover_enabled=&#8220;off&#8220; button_border_color__hover_enabled=&#8220;off&#8220; button_one_border_color__hover_enabled=&#8220;off&#8220; button_two_border_color__hover_enabled=&#8220;off&#8220; button_border_radius__hover_enabled=&#8220;off&#8220; button_one_border_radius__hover_enabled=&#8220;off&#8220; button_two_border_radius__hover_enabled=&#8220;off&#8220; button_letter_spacing__hover_enabled=&#8220;off&#8220; button_one_letter_spacing__hover_enabled=&#8220;off&#8220; button_two_letter_spacing__hover_enabled=&#8220;off&#8220; button_bg_color__hover_enabled=&#8220;off&#8220; button_one_bg_color__hover_enabled=&#8220;off&#8220; button_two_bg_color__hover_enabled=&#8220;off&#8220;][\/et_pb_button][\/et_pb_column][et_pb_column type=&#8220;1_2&#8243; _builder_version=&#8220;3.25&#8243; custom_padding=&#8220;|||&#8220; global_colors_info=&#8220;{}&#8220; custom_padding__hover=&#8220;|||&#8220;][et_pb_post_title title=&#8220;off&#8220; meta=&#8220;off&#8220; featured_placement=&#8220;above&#8220; _builder_version=&#8220;3.12.2&#8243; global_colors_info=&#8220;{}&#8220;][\/et_pb_post_title][et_pb_text admin_label=&#8220;product gallery&#8220; _builder_version=&#8220;3.27.4&#8243; global_colors_info=&#8220;{}&#8220;]<div class=\"rl-gallery-container rl-loading\" id=\"rl-gallery-container-1\" data-gallery_id=\"33096\"> <div class=\"rl-gallery rl-basicgrid-gallery \" id=\"rl-gallery-1\" data-gallery_no=\"1\"> <div class=\"rl-gallery-item\"><a href=\"https:\/\/www.nortecsport.com\/de\/wp-content\/uploads\/2021\/11\/Corsa2021_Main2-scaled.jpg\" title=\"\" data-rl_title=\"\" class=\"rl-gallery-link\" data-rl_caption=\"\" data-rel=\"lightbox-gallery-1\"><img loading=\"lazy\" src=\"https:\/\/www.nortecsport.com\/de\/wp-content\/uploads\/2021\/11\/Corsa2021_Main2-300x200.jpg\" width=\"300\" height=\"200\" \/><\/a><\/div><div class=\"rl-gallery-item\"><a href=\"https:\/\/www.nortecsport.com\/de\/wp-content\/uploads\/2018\/10\/Case-Trail-scaled.jpg\" title=\"\" data-rl_title=\"\" class=\"rl-gallery-link\" data-rl_caption=\"\" data-rel=\"lightbox-gallery-1\"><img loading=\"lazy\" src=\"https:\/\/www.nortecsport.com\/de\/wp-content\/uploads\/2018\/10\/Case-Trail-300x264.jpg\" width=\"300\" height=\"264\" \/><\/a><\/div> <\/div> <\/div><br \/>\n[\/et_pb_text][et_pb_button button_url=&#8220;@ET-DC@eyJkeW5hbWljIjp0cnVlLCJjb250ZW50IjoicG9zdF9saW5rX3VybF9hdHRhY2htZW50Iiwic2V0dGluZ3MiOnsicG9zdF9pZCI6IjQwNDU1In19@&#8220; url_new_window=&#8220;on&#8220; button_text=&#8220;Bedienungsanleitung&#8220; admin_label=&#8220;How to fit&#8220; _builder_version=&#8220;4.14.1&#8243; _dynamic_attributes=&#8220;button_url&#8220; custom_button=&#8220;on&#8220; button_text_color=&#8220;#ff00d4&#8243; button_bg_color=&#8220;#ffffff&#8220; button_border_color=&#8220;#ff00d4&#8243; background_layout=&#8220;dark&#8220; global_colors_info=&#8220;{}&#8220; button_text_size__hover_enabled=&#8220;off&#8220; button_one_text_size__hover_enabled=&#8220;off&#8220; button_two_text_size__hover_enabled=&#8220;off&#8220; button_text_color__hover_enabled=&#8220;off&#8220; button_one_text_color__hover_enabled=&#8220;off&#8220; button_two_text_color__hover_enabled=&#8220;off&#8220; button_border_width__hover_enabled=&#8220;off&#8220; button_one_border_width__hover_enabled=&#8220;off&#8220; button_two_border_width__hover_enabled=&#8220;off&#8220; button_border_color__hover_enabled=&#8220;off&#8220; button_one_border_color__hover_enabled=&#8220;off&#8220; button_two_border_color__hover_enabled=&#8220;off&#8220; button_border_radius__hover_enabled=&#8220;off&#8220; button_one_border_radius__hover_enabled=&#8220;off&#8220; button_two_border_radius__hover_enabled=&#8220;off&#8220; button_letter_spacing__hover_enabled=&#8220;off&#8220; button_one_letter_spacing__hover_enabled=&#8220;off&#8220; button_two_letter_spacing__hover_enabled=&#8220;off&#8220; button_bg_color__hover_enabled=&#8220;off&#8220; button_one_bg_color__hover_enabled=&#8220;off&#8220; button_two_bg_color__hover_enabled=&#8220;off&#8220;][\/et_pb_button][et_pb_button button_url=&#8220;@ET-DC@eyJkeW5hbWljIjp0cnVlLCJjb250ZW50IjoicG9zdF9saW5rX3VybF9hdHRhY2htZW50Iiwic2V0dGluZ3MiOnsicG9zdF9pZCI6IjQwNDYwIn19@&#8220; url_new_window=&#8220;on&#8220; button_text=&#8220;Konformit\u00e4tserkl\u00e4rung&#8220; admin_label=&#8220;How to fit&#8220; _builder_version=&#8220;4.14.1&#8243; _dynamic_attributes=&#8220;button_url&#8220; custom_button=&#8220;on&#8220; button_text_color=&#8220;#ff00d4&#8243; button_bg_color=&#8220;#ffffff&#8220; button_border_color=&#8220;#ff00d4&#8243; background_layout=&#8220;dark&#8220; global_colors_info=&#8220;{}&#8220; button_text_size__hover_enabled=&#8220;off&#8220; button_one_text_size__hover_enabled=&#8220;off&#8220; button_two_text_size__hover_enabled=&#8220;off&#8220; button_text_color__hover_enabled=&#8220;off&#8220; button_one_text_color__hover_enabled=&#8220;off&#8220; button_two_text_color__hover_enabled=&#8220;off&#8220; button_border_width__hover_enabled=&#8220;off&#8220; button_one_border_width__hover_enabled=&#8220;off&#8220; button_two_border_width__hover_enabled=&#8220;off&#8220; button_border_color__hover_enabled=&#8220;off&#8220; button_one_border_color__hover_enabled=&#8220;off&#8220; button_two_border_color__hover_enabled=&#8220;off&#8220; button_border_radius__hover_enabled=&#8220;off&#8220; button_one_border_radius__hover_enabled=&#8220;off&#8220; button_two_border_radius__hover_enabled=&#8220;off&#8220; button_letter_spacing__hover_enabled=&#8220;off&#8220; button_one_letter_spacing__hover_enabled=&#8220;off&#8220; button_two_letter_spacing__hover_enabled=&#8220;off&#8220; button_bg_color__hover_enabled=&#8220;off&#8220; button_one_bg_color__hover_enabled=&#8220;off&#8220; button_two_bg_color__hover_enabled=&#8220;off&#8220;][\/et_pb_button][et_pb_button button_url=&#8220;@ET-DC@eyJkeW5hbWljIjp0cnVlLCJjb250ZW50IjoicG9zdF9saW5rX3VybF9hdHRhY2htZW50Iiwic2V0dGluZ3MiOnsicG9zdF9pZCI6IjQxMjMxIn19@&#8220; url_new_window=&#8220;on&#8220; button_text=&#8220;Perfekte Passform ermitteln&#8220; admin_label=&#8220;Perfekte Passform finden&#8220; _builder_version=&#8220;4.14.1&#8243; _dynamic_attributes=&#8220;button_url&#8220; custom_button=&#8220;on&#8220; button_text_color=&#8220;#ff00d4&#8243; button_bg_color=&#8220;#ffffff&#8220; button_border_color=&#8220;#ff00d4&#8243; background_layout=&#8220;dark&#8220; hover_enabled=&#8220;0&#8243; global_colors_info=&#8220;{}&#8220; button_text_size__hover_enabled=&#8220;off&#8220; button_one_text_size__hover_enabled=&#8220;off&#8220; button_two_text_size__hover_enabled=&#8220;off&#8220; button_text_color__hover_enabled=&#8220;off&#8220; button_one_text_color__hover_enabled=&#8220;off&#8220; button_two_text_color__hover_enabled=&#8220;off&#8220; button_border_width__hover_enabled=&#8220;off&#8220; button_one_border_width__hover_enabled=&#8220;off&#8220; button_two_border_width__hover_enabled=&#8220;off&#8220; button_border_color__hover_enabled=&#8220;off&#8220; button_one_border_color__hover_enabled=&#8220;off&#8220; button_two_border_color__hover_enabled=&#8220;off&#8220; button_border_radius__hover_enabled=&#8220;off&#8220; button_one_border_radius__hover_enabled=&#8220;off&#8220; button_two_border_radius__hover_enabled=&#8220;off&#8220; button_letter_spacing__hover_enabled=&#8220;off&#8220; button_one_letter_spacing__hover_enabled=&#8220;off&#8220; button_two_letter_spacing__hover_enabled=&#8220;off&#8220; button_bg_color__hover_enabled=&#8220;off&#8220; button_one_bg_color__hover_enabled=&#8220;off&#8220; button_two_bg_color__hover_enabled=&#8220;off&#8220; sticky_enabled=&#8220;0&#8243;][\/et_pb_button][\/et_pb_column][\/et_pb_row][\/et_pb_section][et_pb_section fb_built=&#8220;1&#8243; _builder_version=&#8220;3.22&#8243; custom_padding=&#8220;0px|0px|0px|0px&#8220; global_colors_info=&#8220;{}&#8220;][et_pb_row _builder_version=&#8220;3.25&#8243; background_size=&#8220;initial&#8220; background_position=&#8220;top_left&#8220; background_repeat=&#8220;repeat&#8220; global_colors_info=&#8220;{}&#8220;][et_pb_column type=&#8220;4_4&#8243; _builder_version=&#8220;3.25&#8243; custom_padding=&#8220;|||&#8220; global_colors_info=&#8220;{}&#8220; custom_padding__hover=&#8220;|||&#8220;][et_pb_divider color=&#8220;#cecece&#8220; _builder_version=&#8220;3.12.2&#8243; global_colors_info=&#8220;{}&#8220;][\/et_pb_divider][\/et_pb_column][\/et_pb_row][\/et_pb_section][et_pb_section fb_built=&#8220;1&#8243; _builder_version=&#8220;3.22&#8243; custom_padding=&#8220;0px|0px|0px|0px&#8220; global_colors_info=&#8220;{}&#8220;][et_pb_row column_structure=&#8220;1_2,1_2&#8243; _builder_version=&#8220;3.25&#8243; background_size=&#8220;initial&#8220; background_position=&#8220;top_left&#8220; background_repeat=&#8220;repeat&#8220; global_colors_info=&#8220;{}&#8220;][et_pb_column type=&#8220;1_2&#8243; _builder_version=&#8220;3.25&#8243; custom_padding=&#8220;|||&#8220; global_colors_info=&#8220;{}&#8220; custom_padding__hover=&#8220;|||&#8220;][et_pb_text admin_label=&#8220;Tec Spec title&#8220; _builder_version=&#8220;3.27.4&#8243; text_font=&#8220;|||on|||||&#8220; text_text_color=&#8220;#000000&#8243; global_colors_info=&#8220;{}&#8220;]<\/p>\n<h2>TECHNISCHE DATEN<\/h2>\n<p>&nbsp;<br \/>\n[\/et_pb_text][et_pb_text admin_label=&#8220;Description&#8220; _builder_version=&#8220;3.27.4&#8243; text_text_color=&#8220;#000000&#8243; global_colors_info=&#8220;{}&#8220;]<\/p>\n<ul>\n<li>10 Stahlspitzen, austauschbar, 4 mm lang, f\u00fcr hervorragende Stabilit\u00e4t, perfekten Halt und Laufkomfort<\/li>\n<li>High-Tech-Silikonelastomer, getestet bis -60 \u00b0 C f\u00fcr eine schnelle und bequeme Passform und perfekte Positionierung<\/li>\n<li>Querverbindungsstruktur f\u00fcr perfekte Stabilit\u00e4t und hervorragenden Laufkomfort<\/li>\n<li>ultraleichte Tasche aus technischem und funktionalem Material. Sehr klein zum Mitnehmen.<\/li>\n<\/ul>\n<p>[\/et_pb_text][\/et_pb_column][et_pb_column type=&#8220;1_2&#8243; _builder_version=&#8220;3.25&#8243; custom_padding=&#8220;|||&#8220; global_colors_info=&#8220;{}&#8220; custom_padding__hover=&#8220;|||&#8220;][et_pb_text admin_label=&#8220;Sizes &#038; Weight&#8220; _builder_version=&#8220;3.27.4&#8243; text_font=&#8220;|||on|||||&#8220; text_text_color=&#8220;#000000&#8243; global_colors_info=&#8220;{}&#8220;]<\/p>\n<h2>Sizes &amp; Weight<\/h2>\n<p>[\/et_pb_text][et_pb_text _builder_version=&#8220;4.14.1&#8243; _module_preset=&#8220;default&#8220; global_colors_info=&#8220;{}&#8220;]<\/p>\n<p>Die Gr\u00f6\u00dfe der Schuhkralle richtet sich neben der Standard-Schuhgr\u00f6\u00dfe auch nach der Form und den Au\u00dfenma\u00dfen des Schuhs.<\/p>\n<p>[\/et_pb_text][et_pb_image src=&#8220;https:\/\/www.nortecsport.com\/de\/wp-content\/uploads\/2025\/11\/sizes-corsa.png&#8220; align_tablet=&#8220;center&#8220; align_phone=&#8220;&#8220; align_last_edited=&#8220;on|desktop&#8220; admin_label=&#8220;Table Sizes&#8220; _builder_version=&#8220;4.14.1&#8243; hover_enabled=&#8220;0&#8243; global_colors_info=&#8220;{}&#8220; title_text=&#8220;sizes corsa&#8220; sticky_enabled=&#8220;0&#8243;][\/et_pb_image][et_pb_text admin_label=&#8220;Sizes &#038; Weight&#8220; _builder_version=&#8220;4.14.1&#8243; text_font=&#8220;|||on|||||&#8220; text_text_color=&#8220;#000000&#8243; global_colors_info=&#8220;{}&#8220;]<\/p>\n<h2>DOWNLOADS<\/h2>\n<p>[\/et_pb_text][et_pb_text _builder_version=&#8220;4.14.1&#8243; _dynamic_attributes=&#8220;link_option_url&#8220; _module_preset=&#8220;default&#8220; link_option_url=&#8220;@ET-DC@eyJkeW5hbWljIjp0cnVlLCJjb250ZW50IjoicG9zdF9saW5rX3VybF9hdHRhY2htZW50Iiwic2V0dGluZ3MiOnsicG9zdF9pZCI6IjQxMjMwIn19@&#8220; link_option_url_new_window=&#8220;on&#8220; hover_enabled=&#8220;0&#8243; global_colors_info=&#8220;{}&#8220; sticky_enabled=&#8220;0&#8243;]<\/p>\n<p><span style=\"text-decoration: underline;\"><strong>Product Sheet<\/strong><\/span><\/p>\n<p>[\/et_pb_text][\/et_pb_column][\/et_pb_row][\/et_pb_section][et_pb_section fb_built=&#8220;1&#8243; _builder_version=&#8220;3.22&#8243; global_colors_info=&#8220;{}&#8220;][et_pb_row _builder_version=&#8220;3.25&#8243; background_size=&#8220;initial&#8220; background_position=&#8220;top_left&#8220; background_repeat=&#8220;repeat&#8220; global_colors_info=&#8220;{}&#8220;][et_pb_column type=&#8220;4_4&#8243; _builder_version=&#8220;3.25&#8243; custom_padding=&#8220;|||&#8220; global_colors_info=&#8220;{}&#8220; custom_padding__hover=&#8220;|||&#8220;][et_pb_divider color=&#8220;#cecece&#8220; _builder_version=&#8220;3.12.2&#8243; global_colors_info=&#8220;{}&#8220;][\/et_pb_divider][\/et_pb_column][\/et_pb_row][\/et_pb_section][et_pb_section fb_built=&#8220;1&#8243; _builder_version=&#8220;3.22&#8243; custom_padding=&#8220;0px|0px|0px|0px&#8220; global_colors_info=&#8220;{}&#8220;][et_pb_row column_structure=&#8220;3_5,2_5&#8243; _builder_version=&#8220;3.25&#8243; background_size=&#8220;initial&#8220; background_position=&#8220;top_left&#8220; background_repeat=&#8220;repeat&#8220; global_colors_info=&#8220;{}&#8220;][et_pb_column type=&#8220;3_5&#8243; _builder_version=&#8220;3.25&#8243; custom_padding=&#8220;|||&#8220; global_colors_info=&#8220;{}&#8220; custom_padding__hover=&#8220;|||&#8220;][et_pb_text admin_label=&#8220;Description Title&#8220; _builder_version=&#8220;3.27.4&#8243; text_font=&#8220;|||on|||||&#8220; text_text_color=&#8220;#000000&#8243; global_colors_info=&#8220;{}&#8220;]<\/p>\n<h2>Beschreibung<\/h2>\n<p>[\/et_pb_text][et_pb_text admin_label=&#8220;Description Text&#8220; _builder_version=&#8220;3.27.4&#8243; text_text_color=&#8220;#000000&#8243; global_colors_info=&#8220;{}&#8220;]Entwickelt und getestet um den Anspr\u00fcchen der Winter-Runner gerecht zu werden. Federleicht und exzellente Haftung auf Eis und hartem Schnee. Exzellent f\u00fcr Winter-Running<br \/>\n[\/et_pb_text][et_pb_text _builder_version=&#8220;4.14.1&#8243; _module_preset=&#8220;default&#8220; global_colors_info=&#8220;{}&#8220;]<\/p>\n<p>Nicht geeignet f\u00fcr Untergr\u00fcnde ohne Schnee<\/p>\n<p>[\/et_pb_text][\/et_pb_column][et_pb_column type=&#8220;2_5&#8243; _builder_version=&#8220;3.25&#8243; custom_padding=&#8220;|||&#8220; global_colors_info=&#8220;{}&#8220; custom_padding__hover=&#8220;|||&#8220;][et_pb_text admin_label=&#8220;Certifications&#8220; _builder_version=&#8220;3.27.4&#8243; text_font=&#8220;|||on|||||&#8220; text_text_color=&#8220;#000000&#8243; global_colors_info=&#8220;{}&#8220;]<\/p>\n<h2>Certifications<\/h2>\n<p>[\/et_pb_text][et_pb_image src=&#8220;https:\/\/www.nortecsport.com\/de\/wp-content\/uploads\/2025\/11\/cert_corsa.svg&#8220; align_tablet=&#8220;center&#8220; align_phone=&#8220;&#8220; align_last_edited=&#8220;on|desktop&#8220; _builder_version=&#8220;4.14.1&#8243; hover_enabled=&#8220;0&#8243; global_colors_info=&#8220;{}&#8220; title_text=&#8220;cert_corsa&#8220; sticky_enabled=&#8220;0&#8243;][\/et_pb_image][\/et_pb_column][\/et_pb_row][\/et_pb_section]<\/p>\n","protected":false},"excerpt":{"rendered":"<p>CORSA 2.5 \u2013 SNOW &amp; WINTER URBAN RUNNING Winter running Die Quick-fit Schuhkralle speziell fu\u0308r Winterrunning Quick fit und exzellente Haftung am Schuh\u00a0dank des Hi-tech Elastomers Ideal fu\u0308r Eis, und harten Schnee dank des Stahlspitzen-Systems Konstruktion der Lauffl\u00e4che mit auswechselbaren\u00a0Spitzen. Standardgr\u00f6\u00dfen, optimiert f\u00fcr Lauf- und Trailrunning-Schuhe. Nicht f\u00fcr Trekkingschuhe geeignet. \u2013 ODER BESUCHE UNSEREN \u2013 [&hellip;]<\/p>\n","protected":false},"featured_media":41165,"template":"","meta":{"_et_pb_use_builder":"on","_et_pb_old_content":"","_et_gb_content_width":""},"categories":[8,28,26],"tags":[],"acf":[],"_links":{"self":[{"href":"https:\/\/www.nortecsport.com\/de\/wp-json\/wp\/v2\/product\/32476"}],"collection":[{"href":"https:\/\/www.nortecsport.com\/de\/wp-json\/wp\/v2\/product"}],"about":[{"href":"https:\/\/www.nortecsport.com\/de\/wp-json\/wp\/v2\/types\/product"}],"version-history":[{"count":41,"href":"https:\/\/www.nortecsport.com\/de\/wp-json\/wp\/v2\/product\/32476\/revisions"}],"predecessor-version":[{"id":41234,"href":"https:\/\/www.nortecsport.com\/de\/wp-json\/wp\/v2\/product\/32476\/revisions\/41234"}],"wp:featuredmedia":[{"embeddable":true,"href":"https:\/\/www.nortecsport.com\/de\/wp-json\/wp\/v2\/media\/41165"}],"wp:attachment":[{"href":"https:\/\/www.nortecsport.com\/de\/wp-json\/wp\/v2\/media?parent=32476"}],"wp:term":[{"taxonomy":"category","embeddable":true,"href":"https:\/\/www.nortecsport.com\/de\/wp-json\/wp\/v2\/categories?post=32476"},{"taxonomy":"post_tag","embeddable":true,"href":"https:\/\/www.nortecsport.com\/de\/wp-json\/wp\/v2\/tags?post=32476"}],"curies":[{"name":"wp","href":"https:\/\/api.w.org\/{rel}","templated":true}]}}