{"id":32846,"date":"2018-10-01T13:50:18","date_gmt":"2018-10-01T11:50:18","guid":{"rendered":"http:\/\/stage.nortecsport.com\/?post_type=product&#038;p=32846"},"modified":"2024-09-19T15:39:44","modified_gmt":"2024-09-19T13:39:44","slug":"gloves","status":"publish","type":"product","link":"https:\/\/www.nortecsport.com\/de\/product\/gloves\/","title":{"rendered":"LAUFHANDSCHUHE LIGHT"},"content":{"rendered":"<p>[et_pb_section fb_built=&#8220;1&#8243; _builder_version=&#8220;3.22&#8243; custom_padding=&#8220;0px|0px|0px|0px&#8220; global_colors_info=&#8220;{}&#8220;][et_pb_row column_structure=&#8220;1_2,1_2&#8243; _builder_version=&#8220;3.25&#8243; background_size=&#8220;initial&#8220; background_position=&#8220;top_left&#8220; background_repeat=&#8220;repeat&#8220; global_colors_info=&#8220;{}&#8220;][et_pb_column type=&#8220;1_2&#8243; _builder_version=&#8220;3.25&#8243; custom_padding=&#8220;|||&#8220; global_colors_info=&#8220;{}&#8220; custom_padding__hover=&#8220;|||&#8220;][et_pb_post_title meta=&#8220;off&#8220; featured_image=&#8220;off&#8220; _builder_version=&#8220;3.12.2&#8243; global_colors_info=&#8220;{}&#8220;][\/et_pb_post_title][et_pb_text admin_label=&#8220;Subtitle&#8220; _builder_version=&#8220;3.27.4&#8243; text_font=&#8220;|||on|||||&#8220; text_text_color=&#8220;#000000&#8243; global_colors_info=&#8220;{}&#8220;]Handschuhe &#8211; light f\u00fcr L\u00e4ufer<br \/>\n[\/et_pb_text][et_pb_text admin_label=&#8220;Description 1&#8243; _builder_version=&#8220;3.27.4&#8243; text_text_color=&#8220;#000000&#8243; global_colors_info=&#8220;{}&#8220;]Atmungsaktiver Thermo-Handschuh, ideal f\u00fcr Alpin- und Winterlauf sowie andere Wintersport-Aktivit\u00e4ten. Hervorragend f\u00fcr den dynamischen Einsatz bei kaltem Wetter.<\/p>\n<p>Entwickelt und getestet, um die anspruchsvollsten Winter- und Alpinl\u00e4ufer zufrieden zu stellen. Perfekt f\u00fcr alle, die es lieben, sich auch unter winterlichen Bedingungen schnell und leicht auf den Bergen zu bewegen.<br \/>\n[\/et_pb_text][et_pb_button button_url=&#8220;https:\/\/www.nortecsport.com\/en\/store-locator-2\/&#8220; url_new_window=&#8220;on&#8220; button_text=&#8220;STORE LOCATOR&#8220; admin_label=&#8220;Go to shop Button&#8220; _builder_version=&#8220;4.14.1&#8243; custom_button=&#8220;on&#8220; button_text_color=&#8220;#ffffff&#8220; button_bg_color=&#8220;#000000&#8243; button_font=&#8220;|700||on|||||&#8220; global_colors_info=&#8220;{}&#8220; button_text_size__hover_enabled=&#8220;off&#8220; button_one_text_size__hover_enabled=&#8220;off&#8220; button_two_text_size__hover_enabled=&#8220;off&#8220; button_text_color__hover_enabled=&#8220;off&#8220; button_one_text_color__hover_enabled=&#8220;off&#8220; button_two_text_color__hover_enabled=&#8220;off&#8220; button_border_width__hover_enabled=&#8220;off&#8220; button_one_border_width__hover_enabled=&#8220;off&#8220; button_two_border_width__hover_enabled=&#8220;off&#8220; button_border_color__hover_enabled=&#8220;off&#8220; button_one_border_color__hover_enabled=&#8220;off&#8220; button_two_border_color__hover_enabled=&#8220;off&#8220; button_border_radius__hover_enabled=&#8220;off&#8220; button_one_border_radius__hover_enabled=&#8220;off&#8220; button_two_border_radius__hover_enabled=&#8220;off&#8220; button_letter_spacing__hover_enabled=&#8220;off&#8220; button_one_letter_spacing__hover_enabled=&#8220;off&#8220; button_two_letter_spacing__hover_enabled=&#8220;off&#8220; button_bg_color__hover_enabled=&#8220;off&#8220; button_one_bg_color__hover_enabled=&#8220;off&#8220; button_two_bg_color__hover_enabled=&#8220;off&#8220;][\/et_pb_button][et_pb_text admin_label=&#8220;Or Text&#8220; _builder_version=&#8220;3.27.4&#8243; text_font=&#8220;|||on|||||&#8220; global_colors_info=&#8220;{}&#8220;]<\/p>\n<div class=\"et_pb_module et_pb_text et_pb_text_3 et_pb_bg_layout_light et_pb_text_align_left\">\n<div class=\"et_pb_text_inner\">\n<p>\u2013 ODER BESUCHE UNSEREN SHOP \u2013<\/p>\n<\/div>\n<\/div>\n<p>[\/et_pb_text][et_pb_button button_url=&#8220;https:\/\/eshop.nortecsport.com\/de\/produkt-kategorie\/zubehore\/&#8220; url_new_window=&#8220;on&#8220; button_text=&#8220;Online Shop&#8220; admin_label=&#8220;Go to shop Button&#8220; _builder_version=&#8220;3.16&#8243; custom_button=&#8220;on&#8220; button_text_color=&#8220;#ffffff&#8220; button_bg_color=&#8220;#000000&#8243; button_font=&#8220;|700||on|||||&#8220; global_colors_info=&#8220;{}&#8220; button_text_size__hover_enabled=&#8220;off&#8220; button_one_text_size__hover_enabled=&#8220;off&#8220; button_two_text_size__hover_enabled=&#8220;off&#8220; button_text_color__hover_enabled=&#8220;off&#8220; button_one_text_color__hover_enabled=&#8220;off&#8220; button_two_text_color__hover_enabled=&#8220;off&#8220; button_border_width__hover_enabled=&#8220;off&#8220; button_one_border_width__hover_enabled=&#8220;off&#8220; button_two_border_width__hover_enabled=&#8220;off&#8220; button_border_color__hover_enabled=&#8220;off&#8220; button_one_border_color__hover_enabled=&#8220;off&#8220; button_two_border_color__hover_enabled=&#8220;off&#8220; button_border_radius__hover_enabled=&#8220;off&#8220; button_one_border_radius__hover_enabled=&#8220;off&#8220; button_two_border_radius__hover_enabled=&#8220;off&#8220; button_letter_spacing__hover_enabled=&#8220;off&#8220; button_one_letter_spacing__hover_enabled=&#8220;off&#8220; button_two_letter_spacing__hover_enabled=&#8220;off&#8220; button_bg_color__hover_enabled=&#8220;off&#8220; button_one_bg_color__hover_enabled=&#8220;off&#8220; button_two_bg_color__hover_enabled=&#8220;off&#8220;][\/et_pb_button][\/et_pb_column][et_pb_column type=&#8220;1_2&#8243; _builder_version=&#8220;3.25&#8243; custom_padding=&#8220;|||&#8220; global_colors_info=&#8220;{}&#8220; custom_padding__hover=&#8220;|||&#8220;][et_pb_post_title title=&#8220;off&#8220; meta=&#8220;off&#8220; featured_placement=&#8220;above&#8220; _builder_version=&#8220;3.12.2&#8243; global_colors_info=&#8220;{}&#8220;][\/et_pb_post_title][et_pb_text _builder_version=&#8220;3.27.4&#8243; global_colors_info=&#8220;{}&#8220;]<div class=\"rl-gallery-container rl-loading\" id=\"rl-gallery-container-1\" data-gallery_id=\"33102\"> <div class=\"rl-gallery rl-basicgrid-gallery \" id=\"rl-gallery-1\" data-gallery_no=\"1\"> <div class=\"rl-gallery-item\"><a href=\"https:\/\/www.nortecsport.com\/de\/wp-content\/uploads\/2018\/10\/NORTEC_Gloves-Orange_Paar.jpg\" title=\"\" data-rl_title=\"\" class=\"rl-gallery-link\" data-rl_caption=\"\" data-rel=\"lightbox-gallery-1\"><img loading=\"lazy\" src=\"https:\/\/www.nortecsport.com\/de\/wp-content\/uploads\/2018\/10\/NORTEC_Gloves-Orange_Paar-300x240.jpg\" width=\"300\" height=\"240\" \/><\/a><\/div> <\/div> <\/div><br \/>\n[\/et_pb_text][\/et_pb_column][\/et_pb_row][et_pb_row column_structure=&#8220;1_3,2_3&#8243; _builder_version=&#8220;3.25&#8243; background_size=&#8220;initial&#8220; background_position=&#8220;top_left&#8220; background_repeat=&#8220;repeat&#8220; global_colors_info=&#8220;{}&#8220;][et_pb_column type=&#8220;1_3&#8243; _builder_version=&#8220;3.25&#8243; custom_padding=&#8220;|||&#8220; global_colors_info=&#8220;{}&#8220; custom_padding__hover=&#8220;|||&#8220;][et_pb_text _builder_version=&#8220;3.27.4&#8243; global_colors_info=&#8220;{}&#8220;]<\/p>\n<h2>Gr\u00f6\u00dfentabelle:<\/h2>\n<p>[\/et_pb_text][\/et_pb_column][et_pb_column type=&#8220;2_3&#8243; _builder_version=&#8220;3.25&#8243; custom_padding=&#8220;|||&#8220; global_colors_info=&#8220;{}&#8220; custom_padding__hover=&#8220;|||&#8220;][et_pb_image src=&#8220;http:\/\/www.nortecsport.com\/de\/wp-content\/uploads\/2018\/10\/gloves_sizec.jpg&#8220; align_tablet=&#8220;center&#8220; align_phone=&#8220;center&#8220; align_last_edited=&#8220;on|desktop&#8220; _builder_version=&#8220;3.23&#8243; global_colors_info=&#8220;{}&#8220;][\/et_pb_image][\/et_pb_column][\/et_pb_row][\/et_pb_section][et_pb_section fb_built=&#8220;1&#8243; _builder_version=&#8220;3.22&#8243; custom_padding=&#8220;0px|0px|0px|0px&#8220; global_colors_info=&#8220;{}&#8220;][et_pb_row _builder_version=&#8220;3.25&#8243; background_size=&#8220;initial&#8220; background_position=&#8220;top_left&#8220; background_repeat=&#8220;repeat&#8220; global_colors_info=&#8220;{}&#8220;][et_pb_column type=&#8220;4_4&#8243; _builder_version=&#8220;3.25&#8243; custom_padding=&#8220;|||&#8220; global_colors_info=&#8220;{}&#8220; custom_padding__hover=&#8220;|||&#8220;][et_pb_image src=&#8220;http:\/\/www.nortecsport.com\/de\/wp-content\/uploads\/2018\/08\/Screen-Shot-2018-09-03-at-15.43.45.png&#8220; align_tablet=&#8220;center&#8220; align_phone=&#8220;center&#8220; align_last_edited=&#8220;on|desktop&#8220; admin_label=&#8220;Separator Image&#8220; _builder_version=&#8220;3.23&#8243; custom_css_main_element=&#8220;padding: 0px 0;&#8220; global_colors_info=&#8220;{}&#8220;][\/et_pb_image][et_pb_text _builder_version=&#8220;3.27.4&#8243; global_colors_info=&#8220;{}&#8220;]<\/p>\n<h3>TECHNISCHE SPEZIFIKATIONEN<\/h3>\n<ul>\n<li>Handr\u00fccken aus Softshell winddicht und atmungsaktiv.<\/li>\n<li>Lederhandfl\u00e4che, mit Kevlar-Garn gen\u00e4ht &#8211; f\u00fcr eine h\u00f6here Verschlei\u00dffestigkeit.<\/li>\n<li>Lederverst\u00e4rkung zwischen Daumen und Zeigefinger, mit Kevlar-Garn gen\u00e4ht &#8211; f\u00fcr eine h\u00f6here Verschlei\u00dffestigkeit.<\/li>\n<li>Touch-Tip auf Daumen und Zeigefinger.<\/li>\n<li>Lycra-Manschette.<\/li>\n<li>75 g \/ Paar (Gr\u00f6\u00dfe M)<\/li>\n<li>In 4 Gr\u00f6\u00dfen verf\u00fcgbar.<\/li>\n<\/ul>\n<h3>Getestet von:<\/h3>\n<p>Marco <strong>DE GASPERI<\/strong>, Tadei <strong>PIVK<\/strong>, Franco <strong>COLL\u00c8<\/strong>, Elisa <strong>DESCO<\/strong>.<br \/>\n[\/et_pb_text][\/et_pb_column][\/et_pb_row][\/et_pb_section][et_pb_section fb_built=&#8220;1&#8243; _builder_version=&#8220;3.22&#8243; custom_padding=&#8220;0px|0px|0px|0px&#8220; global_colors_info=&#8220;{}&#8220;][et_pb_row _builder_version=&#8220;3.25&#8243; global_colors_info=&#8220;{}&#8220;][et_pb_column type=&#8220;4_4&#8243; _builder_version=&#8220;3.25&#8243; custom_padding=&#8220;|||&#8220; global_colors_info=&#8220;{}&#8220; custom_padding__hover=&#8220;|||&#8220;][et_pb_text admin_label=&#8220;Product In Action&#8220; _builder_version=&#8220;3.27.4&#8243; text_font=&#8220;|||on|||||&#8220; text_text_color=&#8220;#000000&#8243; global_colors_info=&#8220;{}&#8220;]<\/p>\n<h2>Product In Action<\/h2>\n<p>[\/et_pb_text][et_pb_gallery gallery_ids=&#8220;32851,33268,33269&#8243; posts_number=&#8220;6&#8243; show_title_and_caption=&#8220;off&#8220; show_pagination=&#8220;off&#8220; zoom_icon_color=&#8220;#ff0044&#8243; hover_icon=&#8220;&#x30;||divi||400&#8243; _builder_version=&#8220;4.13.0&#8243; custom_margin=&#8220;50px|-10px|50px|-10px&#8220; custom_padding=&#8220;|||&#8220; custom_css_gallery_item=&#8220;margin: 0 !important;||width: 33% !important;||clear: none !important;||padding: 5px;&#8220; global_colors_info=&#8220;{}&#8220;][\/et_pb_gallery][\/et_pb_column][\/et_pb_row][\/et_pb_section]<\/p>\n","protected":false},"excerpt":{"rendered":"<p>Handschuhe &#8211; light f\u00fcr L\u00e4ufer Atmungsaktiver Thermo-Handschuh, ideal f\u00fcr Alpin- und Winterlauf sowie andere Wintersport-Aktivit\u00e4ten. Hervorragend f\u00fcr den dynamischen Einsatz bei kaltem Wetter. Entwickelt und getestet, um die anspruchsvollsten Winter- und Alpinl\u00e4ufer zufrieden zu stellen. Perfekt f\u00fcr alle, die es lieben, sich auch unter winterlichen Bedingungen schnell und leicht auf den Bergen zu bewegen. \u2013 [&hellip;]<\/p>\n","protected":false},"featured_media":33627,"template":"","meta":{"_et_pb_use_builder":"on","_et_pb_old_content":"","_et_gb_content_width":""},"categories":[23,21,22,24],"tags":[],"acf":[],"_links":{"self":[{"href":"https:\/\/www.nortecsport.com\/de\/wp-json\/wp\/v2\/product\/32846"}],"collection":[{"href":"https:\/\/www.nortecsport.com\/de\/wp-json\/wp\/v2\/product"}],"about":[{"href":"https:\/\/www.nortecsport.com\/de\/wp-json\/wp\/v2\/types\/product"}],"version-history":[{"count":22,"href":"https:\/\/www.nortecsport.com\/de\/wp-json\/wp\/v2\/product\/32846\/revisions"}],"predecessor-version":[{"id":40521,"href":"https:\/\/www.nortecsport.com\/de\/wp-json\/wp\/v2\/product\/32846\/revisions\/40521"}],"wp:featuredmedia":[{"embeddable":true,"href":"https:\/\/www.nortecsport.com\/de\/wp-json\/wp\/v2\/media\/33627"}],"wp:attachment":[{"href":"https:\/\/www.nortecsport.com\/de\/wp-json\/wp\/v2\/media?parent=32846"}],"wp:term":[{"taxonomy":"category","embeddable":true,"href":"https:\/\/www.nortecsport.com\/de\/wp-json\/wp\/v2\/categories?post=32846"},{"taxonomy":"post_tag","embeddable":true,"href":"https:\/\/www.nortecsport.com\/de\/wp-json\/wp\/v2\/tags?post=32846"}],"curies":[{"name":"wp","href":"https:\/\/api.w.org\/{rel}","templated":true}]}}