{"id":33744,"date":"2019-02-28T09:51:11","date_gmt":"2019-02-28T07:51:11","guid":{"rendered":"http:\/\/www.nortecsport.com\/de\/?post_type=product&#038;p=33744"},"modified":"2024-09-19T15:39:15","modified_gmt":"2024-09-19T13:39:15","slug":"trail-sensitive","status":"publish","type":"product","link":"https:\/\/www.nortecsport.com\/de\/product\/trail-sensitive\/","title":{"rendered":"LAUFG\u00dcRTEL"},"content":{"rendered":"<p>[et_pb_section fb_built=&#8220;1&#8243; _builder_version=&#8220;3.22&#8243; custom_padding=&#8220;0px|0px|0px|0px&#8220; global_colors_info=&#8220;{}&#8220;][et_pb_row column_structure=&#8220;1_2,1_2&#8243; _builder_version=&#8220;3.25&#8243; background_size=&#8220;initial&#8220; background_position=&#8220;top_left&#8220; background_repeat=&#8220;repeat&#8220; global_colors_info=&#8220;{}&#8220;][et_pb_column type=&#8220;1_2&#8243; _builder_version=&#8220;3.25&#8243; custom_padding=&#8220;|||&#8220; global_colors_info=&#8220;{}&#8220; custom_padding__hover=&#8220;|||&#8220;][et_pb_post_title meta=&#8220;off&#8220; featured_image=&#8220;off&#8220; _builder_version=&#8220;3.12.2&#8243; global_colors_info=&#8220;{}&#8220;][\/et_pb_post_title][et_pb_text admin_label=&#8220;Subtitle&#8220; _builder_version=&#8220;3.27.4&#8243; text_font=&#8220;|||on|||||&#8220; text_text_color=&#8220;#000000&#8243; global_colors_info=&#8220;{}&#8220;]TRAIL SENSITIVE &#8211; hightech Bauchgurt<br \/>\n[\/et_pb_text][et_pb_text admin_label=&#8220;Description 1&#8243; _builder_version=&#8220;3.27.4&#8243; text_text_color=&#8220;#000000&#8243; global_colors_info=&#8220;{}&#8220;]H\u00fcftg\u00fcrtel aus elastischem und ultraleichtem technischem Material f\u00fcr eine perfekte Passform an der Taille. Erm\u00f6glicht es L\u00e4ufern und Wanderern, alles Notwendige f\u00fcr Rennen, Trainings oder Ausfl\u00fcge mitzunehmen.\u00a0Die Passform &#8222;SLIM Fit&#8220; und das Gewebe sorgen f\u00fcr eine gleichm\u00e4\u00dfige Verteilung des Gewichts.<br \/>\n[\/et_pb_text][et_pb_button button_url=&#8220;https:\/\/www.nortecsport.com\/en\/store-locator-2\/&#8220; button_text=&#8220;STORE LOCATOR&#8220; _builder_version=&#8220;4.14.1&#8243; _module_preset=&#8220;default&#8220; global_colors_info=&#8220;{}&#8220;][\/et_pb_button][et_pb_button button_url=&#8220;http:\/\/eshop.nortecsport.com&#8220; button_text=&#8220;ONLINE SHOP&#8220; _builder_version=&#8220;4.14.1&#8243; _module_preset=&#8220;default&#8220; global_colors_info=&#8220;{}&#8220;][\/et_pb_button][\/et_pb_column][et_pb_column type=&#8220;1_2&#8243; _builder_version=&#8220;3.25&#8243; custom_padding=&#8220;|||&#8220; global_colors_info=&#8220;{}&#8220; custom_padding__hover=&#8220;|||&#8220;][et_pb_post_title title=&#8220;off&#8220; meta=&#8220;off&#8220; featured_placement=&#8220;above&#8220; _builder_version=&#8220;3.12.2&#8243; global_colors_info=&#8220;{}&#8220;][\/et_pb_post_title][et_pb_text _builder_version=&#8220;3.27.4&#8243; global_colors_info=&#8220;{}&#8220;]<div class=\"rl-gallery-container rl-loading\" id=\"rl-gallery-container-1\" data-gallery_id=\"33757\"> <div class=\"rl-gallery rl-basicgrid-gallery \" id=\"rl-gallery-1\" data-gallery_no=\"1\"> <div class=\"rl-gallery-item\"><a href=\"https:\/\/www.nortecsport.com\/de\/wp-content\/uploads\/2019\/02\/belt_4.jpg\" title=\"\" data-rl_title=\"\" class=\"rl-gallery-link\" data-rl_caption=\"\" data-rel=\"lightbox-gallery-1\"><img loading=\"lazy\" src=\"https:\/\/www.nortecsport.com\/de\/wp-content\/uploads\/2019\/02\/belt_4-300x172.jpg\" width=\"300\" height=\"172\" \/><\/a><\/div><div class=\"rl-gallery-item\"><a href=\"https:\/\/www.nortecsport.com\/de\/wp-content\/uploads\/2019\/02\/belt_3.jpg\" title=\"\" data-rl_title=\"\" class=\"rl-gallery-link\" data-rl_caption=\"\" data-rel=\"lightbox-gallery-1\"><img loading=\"lazy\" src=\"https:\/\/www.nortecsport.com\/de\/wp-content\/uploads\/2019\/02\/belt_3-300x192.jpg\" width=\"300\" height=\"192\" \/><\/a><\/div><div class=\"rl-gallery-item\"><a href=\"https:\/\/www.nortecsport.com\/de\/wp-content\/uploads\/2019\/02\/belt_2.jpg\" title=\"\" data-rl_title=\"\" class=\"rl-gallery-link\" data-rl_caption=\"\" data-rel=\"lightbox-gallery-1\"><img loading=\"lazy\" src=\"https:\/\/www.nortecsport.com\/de\/wp-content\/uploads\/2019\/02\/belt_2-300x75.jpg\" width=\"300\" height=\"75\" \/><\/a><\/div><div class=\"rl-gallery-item\"><a href=\"https:\/\/www.nortecsport.com\/de\/wp-content\/uploads\/2019\/02\/RunningBelt_Main_back1.jpg\" title=\"\" data-rl_title=\"\" class=\"rl-gallery-link\" data-rl_caption=\"\" data-rel=\"lightbox-gallery-1\"><img loading=\"lazy\" src=\"https:\/\/www.nortecsport.com\/de\/wp-content\/uploads\/2019\/02\/RunningBelt_Main_back1-300x209.jpg\" width=\"300\" height=\"209\" \/><\/a><\/div><div class=\"rl-gallery-item\"><a href=\"https:\/\/www.nortecsport.com\/de\/wp-content\/uploads\/2019\/02\/RunningBelt_Main_back2.jpg\" title=\"\" data-rl_title=\"\" class=\"rl-gallery-link\" data-rl_caption=\"\" data-rel=\"lightbox-gallery-1\"><img loading=\"lazy\" src=\"https:\/\/www.nortecsport.com\/de\/wp-content\/uploads\/2019\/02\/RunningBelt_Main_back2-300x207.jpg\" width=\"300\" height=\"207\" \/><\/a><\/div> <\/div> <\/div><br \/>\n[\/et_pb_text][\/et_pb_column][\/et_pb_row][\/et_pb_section][et_pb_section fb_built=&#8220;1&#8243; _builder_version=&#8220;3.22&#8243; custom_padding=&#8220;0px|0px|0px|0px&#8220; global_colors_info=&#8220;{}&#8220;][et_pb_row column_structure=&#8220;1_2,1_2&#8243; _builder_version=&#8220;3.25&#8243; background_size=&#8220;initial&#8220; background_position=&#8220;top_left&#8220; background_repeat=&#8220;repeat&#8220; global_colors_info=&#8220;{}&#8220;][et_pb_column type=&#8220;1_2&#8243; _builder_version=&#8220;3.25&#8243; custom_padding=&#8220;|||&#8220; global_colors_info=&#8220;{}&#8220; custom_padding__hover=&#8220;|||&#8220;][et_pb_text _builder_version=&#8220;3.27.4&#8243; global_colors_info=&#8220;{}&#8220;]<\/p>\n<h3>BESCHREIBUNG<\/h3>\n<ul>\n<li>Eine XL-Handytasche aus wasserabweisendem Material (16 cm) vorne<\/li>\n<li>Zwei gro\u00dfe Front-\/Seitennetztaschen f\u00fcr Trinktubes bis 250 ml, Gel und Riegel<\/li>\n<li>Schl\u00fcsselringtasche inkl. Klettschlaufe<\/li>\n<li>Eine gro\u00dfe Vorder-\/Seitentasche f\u00fcr Micro Crampons oder Windjacke<\/li>\n<li>Eine r\u00f6hrenf\u00f6rmige Ges\u00e4\u00dftasche f\u00fcr Trekking-Poles oder weiche Trinkflasche bis zu 500 ml mit \u00dcberfach<\/li>\n<li>Zwei elastische Schlaufen hinten<\/li>\n<\/ul>\n<p>[\/et_pb_text][et_pb_text _builder_version=&#8220;3.27.4&#8243; global_colors_info=&#8220;{}&#8220;]<\/p>\n<h3>EINSATZ<\/h3>\n<p>Entwickelt und getestet, um die anspruchsvollsten Winter- und Alpinl\u00e4ufer zufrieden zu stellen. Perfekt f\u00fcr alle, die es lieben, sich auch unter winterlichen Bedingungen schnell und leicht auf den Bergen zu bewegen.<\/p>\n<p>&nbsp;<\/p>\n<h3>TECHNISCHE DATEN<\/h3>\n<ul>\n<li>Doppelrei\u00dfverschluss f\u00fcr eine perfekte Passform ( &#8222;Sommer \/ Winter&#8220;-Outfit)<\/li>\n<li>Drei verschiedene Kombinationen aus Polyester und Elasthan<\/li>\n<li>Reflektierende Details f\u00fcr mehr Sichtbarkeit<\/li>\n<li>Gesamtfassungsverm\u00f6gen: ca. 4,5 l<\/li>\n<\/ul>\n<p>&nbsp;<\/p>\n<h3>PRODUKTVIDEO:<\/h3>\n<p>[\/et_pb_text][et_pb_video src=&#8220;https:\/\/www.youtube.com\/watch?v=7MdnrrBFtHc&#8220; _builder_version=&#8220;3.12.2&#8243; global_colors_info=&#8220;{}&#8220;][\/et_pb_video][\/et_pb_column][et_pb_column type=&#8220;1_2&#8243; _builder_version=&#8220;3.25&#8243; custom_padding=&#8220;|||&#8220; global_colors_info=&#8220;{}&#8220; custom_padding__hover=&#8220;|||&#8220;][et_pb_text _builder_version=&#8220;4.14.1&#8243; global_colors_info=&#8220;{}&#8220;]<\/p>\n<h3>Verf\u00fcgbar in folgenden Gr\u00f6\u00dfen:<\/h3>\n<p><a href=\"https:\/\/www.nortecsport.com\/de\/wp-content\/uploads\/2022\/01\/RunningBelt_Sizes.svg\"><img loading=\"lazy\" src=\"https:\/\/www.nortecsport.com\/de\/wp-content\/uploads\/2022\/01\/RunningBelt_Sizes.svg\" width=\"524\" height=\"187\" alt=\"\" class=\"wp-image-34526 alignnone size-thumbnail\" srcset=\"https:\/\/www.nortecsport.com\/de\/wp-content\/uploads\/2022\/01\/RunningBelt_Sizes.svg 524w, https:\/\/www.nortecsport.com\/de\/wp-content\/uploads\/2022\/01\/RunningBelt_Sizes.svg 0w\" sizes=\"(min-width: 0px) and (max-width: 0px) 0px, (min-width: 1px) 524px, 100vw\" \/><\/a><\/p>\n<p><img loading=\"lazy\" class=\"alignnone wp-image-33873\" src=\"http:\/\/www.nortecsport.com\/de\/wp-content\/uploads\/2019\/02\/waistline.jpg\" alt=\"\" width=\"175\" height=\"350\" srcset=\"https:\/\/www.nortecsport.com\/de\/wp-content\/uploads\/2019\/02\/waistline.jpg 350w, https:\/\/www.nortecsport.com\/de\/wp-content\/uploads\/2019\/02\/waistline-150x300.jpg 150w\" sizes=\"(max-width: 175px) 100vw, 175px\" \/><\/p>\n<p>[\/et_pb_text][\/et_pb_column][\/et_pb_row][et_pb_row _builder_version=&#8220;3.25&#8243; background_size=&#8220;initial&#8220; background_position=&#8220;top_left&#8220; background_repeat=&#8220;repeat&#8220; global_colors_info=&#8220;{}&#8220;][et_pb_column type=&#8220;4_4&#8243; _builder_version=&#8220;3.25&#8243; custom_padding=&#8220;|||&#8220; global_colors_info=&#8220;{}&#8220; custom_padding__hover=&#8220;|||&#8220;][et_pb_image src=&#8220;http:\/\/www.nortecsport.com\/de\/wp-content\/uploads\/2018\/08\/Screen-Shot-2018-09-03-at-15.43.45.png&#8220; align_tablet=&#8220;center&#8220; align_phone=&#8220;center&#8220; align_last_edited=&#8220;on|desktop&#8220; admin_label=&#8220;Separator Image&#8220; _builder_version=&#8220;3.23&#8243; custom_css_main_element=&#8220;padding: 0px 0;&#8220; global_colors_info=&#8220;{}&#8220;][\/et_pb_image][\/et_pb_column][\/et_pb_row][\/et_pb_section][et_pb_section fb_built=&#8220;1&#8243; _builder_version=&#8220;3.22&#8243; custom_padding=&#8220;0px|0px|0px|0px&#8220; global_colors_info=&#8220;{}&#8220;][et_pb_row _builder_version=&#8220;3.25&#8243; global_colors_info=&#8220;{}&#8220;][et_pb_column type=&#8220;4_4&#8243; _builder_version=&#8220;3.25&#8243; custom_padding=&#8220;|||&#8220; global_colors_info=&#8220;{}&#8220; custom_padding__hover=&#8220;|||&#8220;][et_pb_text admin_label=&#8220;Product In Action&#8220; _builder_version=&#8220;3.27.4&#8243; text_font=&#8220;|||on|||||&#8220; text_text_color=&#8220;#000000&#8243; global_colors_info=&#8220;{}&#8220;]<\/p>\n<h2>Product In Action<\/h2>\n<p>[\/et_pb_text][et_pb_gallery gallery_ids=&#8220;33749,33750,33751,33752,33753,33754&#8243; posts_number=&#8220;6&#8243; show_title_and_caption=&#8220;off&#8220; show_pagination=&#8220;off&#8220; zoom_icon_color=&#8220;#ff0044&#8243; hover_icon=&#8220;&#x30;||divi||400&#8243; _builder_version=&#8220;4.13.0&#8243; custom_margin=&#8220;50px|-10px|50px|-10px&#8220; custom_padding=&#8220;|||&#8220; custom_css_gallery_item=&#8220;margin: 0 !important;||width: 33% !important;||clear: none !important;||padding: 5px;&#8220; global_colors_info=&#8220;{}&#8220;][\/et_pb_gallery][\/et_pb_column][\/et_pb_row][\/et_pb_section]<\/p>\n","protected":false},"excerpt":{"rendered":"<p>TRAIL SENSITIVE &#8211; RUNNING BELT<\/p>\n","protected":false},"featured_media":33748,"template":"","meta":{"_et_pb_use_builder":"on","_et_pb_old_content":"","_et_gb_content_width":""},"categories":[23,28,22],"tags":[75,74,54,76,73,77],"acf":[],"_links":{"self":[{"href":"https:\/\/www.nortecsport.com\/de\/wp-json\/wp\/v2\/product\/33744"}],"collection":[{"href":"https:\/\/www.nortecsport.com\/de\/wp-json\/wp\/v2\/product"}],"about":[{"href":"https:\/\/www.nortecsport.com\/de\/wp-json\/wp\/v2\/types\/product"}],"version-history":[{"count":12,"href":"https:\/\/www.nortecsport.com\/de\/wp-json\/wp\/v2\/product\/33744\/revisions"}],"predecessor-version":[{"id":40520,"href":"https:\/\/www.nortecsport.com\/de\/wp-json\/wp\/v2\/product\/33744\/revisions\/40520"}],"wp:featuredmedia":[{"embeddable":true,"href":"https:\/\/www.nortecsport.com\/de\/wp-json\/wp\/v2\/media\/33748"}],"wp:attachment":[{"href":"https:\/\/www.nortecsport.com\/de\/wp-json\/wp\/v2\/media?parent=33744"}],"wp:term":[{"taxonomy":"category","embeddable":true,"href":"https:\/\/www.nortecsport.com\/de\/wp-json\/wp\/v2\/categories?post=33744"},{"taxonomy":"post_tag","embeddable":true,"href":"https:\/\/www.nortecsport.com\/de\/wp-json\/wp\/v2\/tags?post=33744"}],"curies":[{"name":"wp","href":"https:\/\/api.w.org\/{rel}","templated":true}]}}