{"id":33771,"date":"2019-06-03T13:52:06","date_gmt":"2019-06-03T11:52:06","guid":{"rendered":"http:\/\/www.nortecsport.com\/de\/?post_type=product&#038;p=33771"},"modified":"2019-06-03T14:17:07","modified_gmt":"2019-06-03T12:17:07","slug":"evo","status":"publish","type":"product","link":"https:\/\/www.nortecsport.com\/de\/product\/evo\/","title":{"rendered":"EVO"},"content":{"rendered":"<p>[et_pb_section bb_built=&#8220;1&#8243; _builder_version=&#8220;3.12.2&#8243; custom_padding=&#8220;0px|0px|0px|0px&#8220; next_background_color=&#8220;#000000&#8243;][et_pb_row _builder_version=&#8220;3.0.48&#8243; background_size=&#8220;initial&#8220; background_position=&#8220;top_left&#8220; background_repeat=&#8220;repeat&#8220;][et_pb_column type=&#8220;1_2&#8243;][et_pb_post_title _builder_version=&#8220;3.12.2&#8243; meta=&#8220;off&#8220; featured_image=&#8220;off&#8220; \/][et_pb_text admin_label=&#8220;Subtitle&#8220; _builder_version=&#8220;3.12.2&#8243; text_font=&#8220;|||on|||||&#8220; text_text_color=&#8220;#000000&#8243;]<\/p>\n<p>DIE SCHUHKRALLE F\u00dcR PROFIS<\/p>\n<p>[\/et_pb_text][et_pb_text admin_label=&#8220;Description 1&#8243; _builder_version=&#8220;3.12.2&#8243; text_text_color=&#8220;#000000&#8243;]<\/p>\n<ul>\n<li>\n<p id=\"tw-target-text\" class=\"tw-data-text tw-ta tw-text-small\" dir=\"ltr\" data-placeholder=\"\u00dcbersetzung\"><span lang=\"de\">Innovatives Befestigungssystem mit einem hochbest\u00e4ndigen Stahlseil. Durch einen Drehregler sind perfekte Spanneinstellungen m\u00f6glich. Ohne Elastomer<\/span><\/p>\n<\/li>\n<li>\n<p id=\"tw-target-text\" class=\"tw-data-text tw-ta tw-text-small\" dir=\"ltr\" data-placeholder=\"\u00dcbersetzung\">Quick-fit und exzellente Haftung am Schuh durch einen Klettverschluss \u00fcber dem Fu\u00df<\/p>\n<\/li>\n<li>\n<p id=\"tw-target-text\" class=\"tw-data-text tw-ta tw-text-small\" dir=\"ltr\" data-placeholder=\"\u00dcbersetzung\">Ideal f\u00fcr Eis, harten Schnee und gefrorenes Unterholz dank der Spitzen in unterschiedlichen L\u00e4ngen<\/p>\n<\/li>\n<li>\n<p id=\"tw-target-text\" class=\"tw-data-text tw-ta tw-text-small\" dir=\"ltr\" data-placeholder=\"\u00dcbersetzung\">Frontb\u00fcgel mit Scharnier, um Schnee- und Eisverklumpungen vorzubeugen<\/p>\n<\/li>\n<li>\n<p id=\"tw-target-text\" class=\"tw-data-text tw-ta tw-text-small\" dir=\"ltr\" data-placeholder=\"\u00dcbersetzung\">Praktische und robuste Tasche aus funktionalem Material<\/p>\n<\/li>\n<\/ul>\n<p>[\/et_pb_text][\/et_pb_column][et_pb_column type=&#8220;1_2&#8243;][et_pb_post_title _builder_version=&#8220;3.12.2&#8243; meta=&#8220;off&#8220; title=&#8220;off&#8220; featured_placement=&#8220;above&#8220; \/][et_pb_text admin_label=&#8220;create the gallery and insert the shortcode&#8220; _builder_version=&#8220;3.12.2&#8243;]<\/p>\n<div class=\"rl-gallery-container rl-loading\" id=\"rl-gallery-container-1\" data-gallery_id=\"33777\"> <div class=\"rl-gallery rl-basicgrid-gallery \" id=\"rl-gallery-1\" data-gallery_no=\"1\"> <div class=\"rl-gallery-item\"><a href=\"https:\/\/www.nortecsport.com\/de\/wp-content\/uploads\/2019\/06\/NORTEC_Evo-SEITE_frei_S\u00e4ttigung.jpg\" title=\"\" data-rl_title=\"\" class=\"rl-gallery-link\" data-rl_caption=\"\" data-rel=\"lightbox-gallery-1\"><img loading=\"lazy\" src=\"https:\/\/www.nortecsport.com\/de\/wp-content\/uploads\/2019\/06\/NORTEC_Evo-SEITE_frei_S\u00e4ttigung-300x200.jpg\" width=\"300\" height=\"200\" \/><\/a><\/div><div class=\"rl-gallery-item\"><a href=\"https:\/\/www.nortecsport.com\/de\/wp-content\/uploads\/2019\/06\/evo_detail.jpg\" title=\"\" data-rl_title=\"\" class=\"rl-gallery-link\" data-rl_caption=\"\" data-rel=\"lightbox-gallery-1\"><img loading=\"lazy\" src=\"https:\/\/www.nortecsport.com\/de\/wp-content\/uploads\/2019\/06\/evo_detail-300x237.jpg\" width=\"300\" height=\"237\" \/><\/a><\/div> <\/div> <\/div>\n<p>[\/et_pb_text][\/et_pb_column][\/et_pb_row][\/et_pb_section][et_pb_section bb_built=&#8220;1&#8243; _builder_version=&#8220;3.12.2&#8243; custom_padding=&#8220;0px|0px|0px|0px&#8220; prev_background_color=&#8220;#000000&#8243; next_background_color=&#8220;#000000&#8243;][et_pb_row _builder_version=&#8220;3.0.48&#8243; background_size=&#8220;initial&#8220; background_position=&#8220;top_left&#8220; background_repeat=&#8220;repeat&#8220;][et_pb_column type=&#8220;1_2&#8243;][et_pb_text admin_label=&#8220;Description Title&#8220; _builder_version=&#8220;3.12.2&#8243; text_font=&#8220;|||on|||||&#8220; text_text_color=&#8220;#000000&#8243;]<\/p>\n<h2>Beschreibung<\/h2>\n<p>[\/et_pb_text][et_pb_text admin_label=&#8220;Description Text&#8220; _builder_version=&#8220;3.12.2&#8243; text_text_color=&#8220;#000000&#8243;]<\/p>\n<p>Entwickelt, um die professionellen Anforderungen bei Winter- und Rettungseins\u00e4tzen zu erf\u00fcllen. Ideal auch f\u00fcr Forstarbeiter und J\u00e4ger. Das innovative, patentierte Befestigungssystem erm\u00f6glicht Mikroeinstellungen und sorgt damit f\u00fcr eine optimale Haftung am Schuh. Durch die Steigeisenplatten und das Klettband ist eine hervorragende Bodenanpassung auf Eis und hartem Schnee gew\u00e4hrleistet.<\/p>\n<p>[\/et_pb_text][\/et_pb_column][et_pb_column type=&#8220;1_2&#8243;][et_pb_text admin_label=&#8220;Certifications&#8220; _builder_version=&#8220;3.12.2&#8243; text_font=&#8220;|||on|||||&#8220; text_text_color=&#8220;#000000&#8243;]<\/p>\n<h2>Certifications<\/h2>\n<p>[\/et_pb_text][et_pb_image _builder_version=&#8220;3.12.2&#8243; src=&#8220;http:\/\/www.nortecsport.com\/de\/wp-content\/uploads\/2019\/06\/eco_cert.svg&#8220; \/][\/et_pb_column][\/et_pb_row][\/et_pb_section][et_pb_section bb_built=&#8220;1&#8243; _builder_version=&#8220;3.12.2&#8243; custom_padding=&#8220;0px|0px|0px|0px&#8220; prev_background_color=&#8220;#000000&#8243; next_background_color=&#8220;#000000&#8243;][et_pb_row _builder_version=&#8220;3.0.48&#8243; background_size=&#8220;initial&#8220; background_position=&#8220;top_left&#8220; background_repeat=&#8220;repeat&#8220;][et_pb_column type=&#8220;4_4&#8243;][et_pb_image admin_label=&#8220;Separator Image&#8220; src=&#8220;http:\/\/www.nortecsport.com\/de\/wp-content\/uploads\/2018\/08\/Screen-Shot-2018-09-03-at-15.43.45.png&#8220; _builder_version=&#8220;3.12.2&#8243; custom_css_main_element=&#8220;padding: 0px 0;&#8220; \/][\/et_pb_column][\/et_pb_row][\/et_pb_section][et_pb_section bb_built=&#8220;1&#8243; _builder_version=&#8220;3.12.2&#8243; custom_padding=&#8220;0px|0px|0px|0px&#8220; prev_background_color=&#8220;#000000&#8243; next_background_color=&#8220;#000000&#8243;][et_pb_row _builder_version=&#8220;3.0.48&#8243; background_size=&#8220;initial&#8220; background_position=&#8220;top_left&#8220; background_repeat=&#8220;repeat&#8220;][et_pb_column type=&#8220;1_2&#8243;][et_pb_text admin_label=&#8220;Main Use&#8220; _builder_version=&#8220;3.12.2&#8243; text_font=&#8220;|||on|||||&#8220; text_text_color=&#8220;#000000&#8243;]<\/p>\n<h2>ANWENDUNG<\/h2>\n<p id=\"tw-target-text\" class=\"tw-data-text tw-ta tw-text-small\" dir=\"ltr\" data-placeholder=\"\u00dcbersetzung\"><span lang=\"de\">RETTUNGSEINS\u00c4TZE, WINTERTREKKING, FORSTARBEIT UND JAGD<\/span><\/p>\n<p>[\/et_pb_text][\/et_pb_column][et_pb_column type=&#8220;1_2&#8243;][et_pb_text admin_label=&#8220;Usage&#8220; _builder_version=&#8220;3.12.2&#8243;]<\/p>\n<ul><li>Trekking<\/li><li>Winter trekking<\/li><li>Work<\/li><li>Hunting<\/li><li>Mountaineering<\/li><li>Trekking on hard snow and ice<\/li><li>Trekking on fresh snow<\/li><li>Hunting and work<\/li><\/ul>\n<p>[\/et_pb_text][\/et_pb_column][\/et_pb_row][\/et_pb_section][et_pb_section bb_built=&#8220;1&#8243; _builder_version=&#8220;3.12.2&#8243; custom_padding=&#8220;0px|0px|0px|0px&#8220; prev_background_color=&#8220;#000000&#8243; next_background_color=&#8220;#000000&#8243;][et_pb_row _builder_version=&#8220;3.0.48&#8243; background_size=&#8220;initial&#8220; background_position=&#8220;top_left&#8220; background_repeat=&#8220;repeat&#8220;][et_pb_column type=&#8220;4_4&#8243;][et_pb_image admin_label=&#8220;Separator Image&#8220; src=&#8220;http:\/\/www.nortecsport.com\/de\/wp-content\/uploads\/2018\/08\/Screen-Shot-2018-09-03-at-15.43.45.png&#8220; _builder_version=&#8220;3.12.2&#8243; \/][\/et_pb_column][\/et_pb_row][\/et_pb_section][et_pb_section bb_built=&#8220;1&#8243; _builder_version=&#8220;3.12.2&#8243; custom_padding=&#8220;0px|0px|0px|0px&#8220; prev_background_color=&#8220;#000000&#8243; next_background_color=&#8220;#000000&#8243;][et_pb_row _builder_version=&#8220;3.0.48&#8243; background_size=&#8220;initial&#8220; background_position=&#8220;top_left&#8220; background_repeat=&#8220;repeat&#8220;][et_pb_column type=&#8220;1_2&#8243;][et_pb_text admin_label=&#8220;Tec Spec title&#8220; _builder_version=&#8220;3.12.2&#8243; text_font=&#8220;|||on|||||&#8220; text_text_color=&#8220;#000000&#8243;]<\/p>\n<h2>TECHNISCHE DATEN<\/h2>\n<p>[\/et_pb_text][et_pb_text admin_label=&#8220;Description&#8220; _builder_version=&#8220;3.12.2&#8243; text_text_color=&#8220;#000000&#8243;]<\/p>\n<ul>\n<li>13 Stahlspitzen\u00a0 (7 und 17 mm lang) f\u00fcr hervorragende \u00a0Stabilit\u00e4t und perfekten Grip<\/li>\n<li>Kurze Gliederkette aus hochwertigem Stahl gew\u00e4hrleistet Zuverl\u00e4ssigkeit und Best\u00e4ndigkeit. Ganzmetall-Teile mit schwarzer, nicht reflektierender Oberfl\u00e4che<\/li>\n<li>Elastisches Klettband, um das leichte Steigeisen auch \u00fcber dem Schuh zu befestigen und so eine hervorragende Passform und Laufstabilit\u00e4t zu gew\u00e4hrleisten<\/li>\n<li>MAS (Micro Adjust System): Der Drehregler erm\u00f6glicht die Mikroeinstellung f\u00fcr eine optimale Haftung am Schuh<\/li>\n<li>\n<p id=\"tw-target-text\" class=\"tw-data-text tw-ta tw-text-small\" dir=\"ltr\" data-placeholder=\"\u00dcbersetzung\"><span lang=\"de\">Kompakte Tasche aus funktionalem Material mit Kunststoffhaken zum Befestigen am Rucksack<\/span><\/p>\n<\/li>\n<\/ul>\n<p>[\/et_pb_text][\/et_pb_column][et_pb_column type=&#8220;1_2&#8243;][et_pb_text admin_label=&#8220;Sizes &amp; Weight&#8220; _builder_version=&#8220;3.12.2&#8243; text_font=&#8220;|||on|||||&#8220; text_text_color=&#8220;#000000&#8243;]<\/p>\n<h2>Sizes &amp; Weight<\/h2>\n<p>[\/et_pb_text][et_pb_image admin_label=&#8220;Table Sizes&#8220; src=&#8220;http:\/\/www.nortecsport.com\/de\/wp-content\/uploads\/2019\/06\/Tabelle-EVO.svg&#8220; _builder_version=&#8220;3.12.2&#8243; \/][\/et_pb_column][\/et_pb_row][\/et_pb_section][et_pb_section bb_built=&#8220;1&#8243; fullwidth=&#8220;off&#8220; specialty=&#8220;off&#8220; prev_background_color=&#8220;#000000&#8243; next_background_color=&#8220;#000000&#8243;][et_pb_row][et_pb_column type=&#8220;4_4&#8243;][et_pb_image admin_label=&#8220;Separator Image&#8220; src=&#8220;http:\/\/www.nortecsport.com\/de\/wp-content\/uploads\/2018\/08\/Screen-Shot-2018-09-03-at-15.43.45.png&#8220; _builder_version=&#8220;3.12.2&#8243; \/][\/et_pb_column][\/et_pb_row][\/et_pb_section][et_pb_section bb_built=&#8220;1&#8243; fullwidth=&#8220;off&#8220; specialty=&#8220;off&#8220; prev_background_color=&#8220;#000000&#8243; next_background_color=&#8220;#000000&#8243;][et_pb_row][et_pb_column type=&#8220;1_2&#8243;][et_pb_text admin_label=&#8220;Reviews&#8220; _builder_version=&#8220;3.12.2&#8243;]<\/p>\n<div class=\"glsr glsr-default\" id=\"glsr_dc0bf34b\" data-shortcode='' data-assigned_posts='33771' data-id='glsr_dc0bf34b'><div class=\"glsr-reviews-wrap\">\n    <div class=\"glsr-reviews\">\n        <div class=\"glsr-review\" data-type=\"local\" id=\"review-39897\" data-assigned='{\"assigned_posts\":[33771]}'>\n    <div class=\"glsr-review-title\"><h3>Mr.<\/h3><\/div>\n    <div class=\"glsr-review-rating\"><div class=\"glsr-star-rating glsr-stars\" data-rating=\"4\">\n    <span class=\"screen-reader-text\">Rated <strong>4<\/strong> out of 5<\/span>\n    <span class=\"glsr-star glsr-star-full\" aria-hidden=\"true\"><\/span><span class=\"glsr-star glsr-star-full\" aria-hidden=\"true\"><\/span><span class=\"glsr-star glsr-star-full\" aria-hidden=\"true\"><\/span><span class=\"glsr-star glsr-star-full\" aria-hidden=\"true\"><\/span><span class=\"glsr-star glsr-star-empty\" aria-hidden=\"true\"><\/span>\n<\/div><\/div>\n    <div class=\"glsr-review-date\"><span>20\/04\/2024<\/span><\/div>\n    \n    <div class=\"glsr-review-content\"><p>555<\/p><\/div>\n    \n    <div class=\"glsr-review-author\"><span>BTdPXxZN<\/span><\/div>\n    \n<\/div>\n<div class=\"glsr-review\" data-type=\"local\" id=\"review-39835\" data-assigned='{\"assigned_posts\":[33771]}'>\n    <div class=\"glsr-review-title\"><h3>Mr.<\/h3><\/div>\n    <div class=\"glsr-review-rating\"><div class=\"glsr-star-rating glsr-stars\" data-rating=\"5\">\n    <span class=\"screen-reader-text\">Rated <strong>5<\/strong> out of 5<\/span>\n    <span class=\"glsr-star glsr-star-full\" aria-hidden=\"true\"><\/span><span class=\"glsr-star glsr-star-full\" aria-hidden=\"true\"><\/span><span class=\"glsr-star glsr-star-full\" aria-hidden=\"true\"><\/span><span class=\"glsr-star glsr-star-full\" aria-hidden=\"true\"><\/span><span class=\"glsr-star glsr-star-full\" aria-hidden=\"true\"><\/span>\n<\/div><\/div>\n    <div class=\"glsr-review-date\"><span>20\/04\/2024<\/span><\/div>\n    \n    <div class=\"glsr-review-content\"><p>555<\/p><\/div>\n    \n    <div class=\"glsr-review-author\"><span>BTdPXxZN<\/span><\/div>\n    \n<\/div>\n    <\/div>\n    \n<\/div><\/div>\n<p>[\/et_pb_text][\/et_pb_column][et_pb_column type=&#8220;1_2&#8243;][et_pb_text admin_label=&#8220;Review Form&#8220; _builder_version=&#8220;3.12.2&#8243;]<\/p>\n<h2 class=\"glsr-title\">Submit a review<\/h2><div class=\"glsr glsr-default\" id=\"jm96utzd\" data-shortcode='' data-assigned_posts='33771' data-hide='email,terms' data-id='jm96utzd'><div class=\"glsr-form-wrap\">\n    <form class=\"glsr-review-form glsr-form\" method=\"post\" enctype=\"multipart\/form-data\">\n        <input name=\"site-reviews[_action]\" type=\"hidden\" value=\"submit-review\"><input name=\"site-reviews[_counter]\" type=\"hidden\" value=\"\"><input name=\"site-reviews[_nonce]\" type=\"hidden\" value=\"73c0cc3b90\"><input name=\"site-reviews[_post_id]\" type=\"hidden\" value=\"33771\"><input name=\"site-reviews[_referer]\" type=\"hidden\" value=\"\/de\/wp-json\/wp\/v2\/product\/33771\"><input name=\"site-reviews[assigned_posts]\" type=\"hidden\" value=\"33771\"><input name=\"site-reviews[assigned_terms]\" type=\"hidden\" value=\"\"><input name=\"site-reviews[assigned_users]\" type=\"hidden\" value=\"\"><input name=\"site-reviews[excluded]\" type=\"hidden\" value=\"email,terms\"><input name=\"site-reviews[form_id]\" type=\"hidden\" value=\"jm96utzd\"><input name=\"site-reviews[terms_exist]\" type=\"hidden\" value=\"0\"><div class=\"glsr-field\" style=\"display:none;\"><label class=\"glsr-label glsr-label-text\" for=\"site-reviews-ecd63472-jm96utzd\"><span>Deine Bewertung<\/span><\/label><input class=\"glsr-input glsr-input-text\" id=\"site-reviews-ecd63472-jm96utzd\" name=\"site-reviews[ecd63472]\" type=\"text\" value=\"\"><\/div><div class=\"glsr-field glsr-field-rating glsr-required\" data-field=\"rating\">\n    <label class=\"glsr-label glsr-label-rating\" for=\"site-reviews-rating-jm96utzd\"><span>Deine Gesamtbewertung<\/span><\/label>\n    <select class=\"glsr-select glsr-star-rating\" id=\"site-reviews-rating-jm96utzd\" name=\"site-reviews[rating]\" required><option selected value=\"\">Gib eine Punktzahl<\/option><option value=\"5\">5 Sterne<\/option><option value=\"4\">4 Sterne<\/option><option value=\"3\">3 Sterne<\/option><option value=\"2\">2 Sterne<\/option><option value=\"1\">1 Stern<\/option><\/select>\n    <div class=\"glsr-field-error\"><\/div>\n<\/div><div class=\"glsr-field glsr-field-text glsr-required\" data-field=\"title\">\n    <label class=\"glsr-label glsr-label-text\" for=\"site-reviews-title-jm96utzd\"><span>Titel Deiner Bewertung<\/span><\/label>\n    <input class=\"glsr-input glsr-input-text\" id=\"site-reviews-title-jm96utzd\" name=\"site-reviews[title]\" type=\"text\" placeholder=\"Fasse Deine Bewertung zusammen oder greife ein interessantes Detail heraus\" required value=\"\">\n    <div class=\"glsr-field-error\"><\/div>\n<\/div><div class=\"glsr-field glsr-field-textarea glsr-required\" data-field=\"content\">\n    <label class=\"glsr-label glsr-label-textarea\" for=\"site-reviews-content-jm96utzd\"><span>Deine Bewertung<\/span><\/label>\n    <textarea class=\"glsr-textarea\" id=\"site-reviews-content-jm96utzd\" name=\"site-reviews[content]\" placeholder=\"Ver\u00f6ffentliche Deine Bewertung\" rows=\"5\" required><\/textarea>\n    <div class=\"glsr-field-error\"><\/div>\n<\/div><div class=\"glsr-field glsr-field-text glsr-required\" data-field=\"name\">\n    <label class=\"glsr-label glsr-label-text\" for=\"site-reviews-name-jm96utzd\"><span>Dein Name<\/span><\/label>\n    <input class=\"glsr-input glsr-input-text\" id=\"site-reviews-name-jm96utzd\" name=\"site-reviews[name]\" type=\"text\" placeholder=\"Nenne uns Deinen Namen\" required value=\"\">\n    <div class=\"glsr-field-error\"><\/div>\n<\/div>\n        <div class=\"glsr-form-message\">\n    \n<\/div>\n        <div data-field=\"submit-button\">\n    <button type=\"submit\" class=\"glsr-button button btn btn-primary\">\n        <span class=\"glsr-button-loading\"><\/span>\n        <span class=\"glsr-button-text\" data-text=\"Gib Deine Bewertung ab\">Gib Deine Bewertung ab<\/span>\n    <\/button>\n<\/div>\n    <\/form>\n<\/div><\/div>\n<p>[\/et_pb_text][\/et_pb_column][\/et_pb_row][\/et_pb_section][et_pb_section bb_built=&#8220;1&#8243; _builder_version=&#8220;3.12.2&#8243; custom_padding=&#8220;0px|0px|0px|0px&#8220; prev_background_color=&#8220;#000000&#8243;][et_pb_row _builder_version=&#8220;3.12.2&#8243;][et_pb_column type=&#8220;4_4&#8243;][et_pb_text admin_label=&#8220;Product In Action&#8220; _builder_version=&#8220;3.12.2&#8243; text_font=&#8220;|||on|||||&#8220; text_text_color=&#8220;#000000&#8243;]<\/p>\n<h2>Product In Action<\/h2>\n<p>[\/et_pb_text][et_pb_gallery gallery_ids=&#8220;33779&#8243; posts_number=&#8220;6&#8243; show_title_and_caption=&#8220;off&#8220; show_pagination=&#8220;off&#8220; hover_icon=&#8220;%%15%%&#8220; _builder_version=&#8220;3.12.2&#8243; custom_margin=&#8220;50px|-10px|50px|-10px&#8220; custom_padding=&#8220;|||&#8220; custom_css_gallery_item=&#8220;margin: 0 !important;||width: 33% !important;||clear: none !important;||padding: 5px;&#8220; zoom_icon_color=&#8220;#ff0044&#8243; hover_overlay_color=&#8220;rgba(255,255,255,0.9)&#8220; \/][\/et_pb_column][\/et_pb_row][\/et_pb_section]<\/p>\n","protected":false},"excerpt":{"rendered":"<p>DIE SCHUHKRALLE F\u00dcR PROFIS Innovatives Befestigungssystem mit einem hochbest\u00e4ndigen Stahlseil. Durch einen Drehregler sind perfekte Spanneinstellungen m\u00f6glich. Ohne Elastomer Quick-fit und exzellente Haftung am Schuh durch einen Klettverschluss \u00fcber dem Fu\u00df Ideal f\u00fcr Eis, harten Schnee und gefrorenes Unterholz dank der Spitzen in unterschiedlichen L\u00e4ngen Frontb\u00fcgel mit Scharnier, um Schnee- und Eisverklumpungen vorzubeugen Praktische und [&hellip;]<\/p>\n","protected":false},"featured_media":33781,"template":"","meta":{"_et_pb_use_builder":"on","_et_pb_old_content":"","_et_gb_content_width":""},"categories":[25,21,24],"tags":[],"acf":[],"_links":{"self":[{"href":"https:\/\/www.nortecsport.com\/de\/wp-json\/wp\/v2\/product\/33771"}],"collection":[{"href":"https:\/\/www.nortecsport.com\/de\/wp-json\/wp\/v2\/product"}],"about":[{"href":"https:\/\/www.nortecsport.com\/de\/wp-json\/wp\/v2\/types\/product"}],"version-history":[{"count":6,"href":"https:\/\/www.nortecsport.com\/de\/wp-json\/wp\/v2\/product\/33771\/revisions"}],"predecessor-version":[{"id":33775,"href":"https:\/\/www.nortecsport.com\/de\/wp-json\/wp\/v2\/product\/33771\/revisions\/33775"}],"wp:featuredmedia":[{"embeddable":true,"href":"https:\/\/www.nortecsport.com\/de\/wp-json\/wp\/v2\/media\/33781"}],"wp:attachment":[{"href":"https:\/\/www.nortecsport.com\/de\/wp-json\/wp\/v2\/media?parent=33771"}],"wp:term":[{"taxonomy":"category","embeddable":true,"href":"https:\/\/www.nortecsport.com\/de\/wp-json\/wp\/v2\/categories?post=33771"},{"taxonomy":"post_tag","embeddable":true,"href":"https:\/\/www.nortecsport.com\/de\/wp-json\/wp\/v2\/tags?post=33771"}],"curies":[{"name":"wp","href":"https:\/\/api.w.org\/{rel}","templated":true}]}}