{"id":34217,"date":"2021-10-11T08:57:31","date_gmt":"2021-10-11T06:57:31","guid":{"rendered":"https:\/\/www.nortecsport.com\/de\/?post_type=product&#038;p=34217"},"modified":"2025-11-03T16:54:29","modified_gmt":"2025-11-03T14:54:29","slug":"fast","status":"publish","type":"product","link":"https:\/\/www.nortecsport.com\/de\/product\/fast\/","title":{"rendered":"FAST"},"content":{"rendered":"<p>[et_pb_section fb_built=&#8220;1&#8243; _builder_version=&#8220;3.22&#8243; custom_padding=&#8220;0px|0px|0px|0px&#8220; global_colors_info=&#8220;{}&#8220;][et_pb_row column_structure=&#8220;1_2,1_2&#8243; module_class=&#8220;gq_r_inline_buttons&#8220; _builder_version=&#8220;3.25&#8243; background_size=&#8220;initial&#8220; background_position=&#8220;top_left&#8220; background_repeat=&#8220;repeat&#8220; global_colors_info=&#8220;{}&#8220;][et_pb_column type=&#8220;1_2&#8243; _builder_version=&#8220;3.25&#8243; custom_padding=&#8220;|||&#8220; global_colors_info=&#8220;{}&#8220; custom_padding__hover=&#8220;|||&#8220;][et_pb_text admin_label=&#8220;Subtitle&#8220; _builder_version=&#8220;4.14.1&#8243; text_font=&#8220;|||on|||||&#8220; text_text_color=&#8220;#000000&#8243; hover_enabled=&#8220;0&#8243; global_colors_info=&#8220;{}&#8220; sticky_enabled=&#8220;0&#8243;]<\/p>\n<div class=\"et_pb_module et_pb_text et_pb_text_0  et_pb_text_align_left et_pb_bg_layout_light\">\n<div class=\"et_pb_text_inner\">\n<div class=\"et_pb_module et_pb_text et_pb_text_0  et_pb_text_align_left et_pb_bg_layout_light\">\n<div class=\"et_pb_text_inner\">\n<h1>FAST \u2013 SPEED HIKING &amp; RUNNING<\/h1>\n<\/div>\n<\/div>\n<\/div>\n<\/div>\n<p>[\/et_pb_text][et_pb_image src=&#8220;https:\/\/www.nortecsport.com\/de\/wp-content\/uploads\/2025\/11\/245.png&#8220; title_text=&#8220;245&#8243; _builder_version=&#8220;4.14.1&#8243; _module_preset=&#8220;default&#8220; hover_enabled=&#8220;0&#8243; global_colors_info=&#8220;{}&#8220; sticky_enabled=&#8220;0&#8243;][\/et_pb_image][et_pb_text admin_label=&#8220;Description 1&#8243; _builder_version=&#8220;4.14.1&#8243; text_text_color=&#8220;#000000&#8243; global_colors_info=&#8220;{}&#8220;]<\/p>\n<ul>\n<li><strong>Auch in CRAZY PINK!<br \/><\/strong><\/li>\n<li>Schnelle Passform und hervorragende Haftung am Schuh<br \/>durch das Hightech-Elastomer<\/li>\n<li>Ideal f\u00fcr Eis, Schlamm und rutschige Oberfl\u00e4chen<\/li>\n<li>\u201eFlex\u201c-System verhindert die Ansammlung von Schnee und Eis<\/li>\n<li>Stahlb\u00fcgel an der Schuhspitze f\u00fcr hervorragende Stabilit\u00e4t<\/li>\n<li>Kompakte Verpackung<\/li>\n<li>Allround-Schuhkralle, passend f\u00fcr Trailrunning- und leichte Wanderschuhe<\/li>\n<li><strong>Standardgr\u00f6\u00dfen optimiert f\u00fcr Lauf- und Trailrunningschuhe. Auch f\u00fcr Trekkingschuhe geeignet. F\u00fcr Bergschuhe werden 2 Nummern gr\u00f6\u00dfer empfohlen.<\/strong><\/li>\n<\/ul>\n<p>[\/et_pb_text][et_pb_button button_url=&#8220;https:\/\/www.nortecsport.com\/en\/store-locator-2\/&#8220; url_new_window=&#8220;on&#8220; button_text=&#8220;STORE LOCATOR&#8220; admin_label=&#8220;Go to shop Button&#8220; _builder_version=&#8220;4.14.1&#8243; custom_button=&#8220;on&#8220; button_text_color=&#8220;#ffffff&#8220; button_bg_color=&#8220;#000000&#8243; button_font=&#8220;|700||on|||||&#8220; global_colors_info=&#8220;{}&#8220; button_text_size__hover_enabled=&#8220;off&#8220; button_one_text_size__hover_enabled=&#8220;off&#8220; button_two_text_size__hover_enabled=&#8220;off&#8220; button_text_color__hover_enabled=&#8220;off&#8220; button_one_text_color__hover_enabled=&#8220;off&#8220; button_two_text_color__hover_enabled=&#8220;off&#8220; button_border_width__hover_enabled=&#8220;off&#8220; button_one_border_width__hover_enabled=&#8220;off&#8220; button_two_border_width__hover_enabled=&#8220;off&#8220; button_border_color__hover_enabled=&#8220;off&#8220; button_one_border_color__hover_enabled=&#8220;off&#8220; button_two_border_color__hover_enabled=&#8220;off&#8220; button_border_radius__hover_enabled=&#8220;off&#8220; button_one_border_radius__hover_enabled=&#8220;off&#8220; button_two_border_radius__hover_enabled=&#8220;off&#8220; button_letter_spacing__hover_enabled=&#8220;off&#8220; button_one_letter_spacing__hover_enabled=&#8220;off&#8220; button_two_letter_spacing__hover_enabled=&#8220;off&#8220; button_bg_color__hover_enabled=&#8220;off&#8220; button_one_bg_color__hover_enabled=&#8220;off&#8220; button_two_bg_color__hover_enabled=&#8220;off&#8220;][\/et_pb_button][et_pb_text admin_label=&#8220;Or Text&#8220; _builder_version=&#8220;3.27.4&#8243; text_font=&#8220;|||on|||||&#8220; global_colors_info=&#8220;{}&#8220;]\u2013 ODER BESUCHE UNSEREN \u2013<br \/>\n[\/et_pb_text][et_pb_button button_url=&#8220;https:\/\/eshop.nortecsport.com\/de\/produkt\/fast\/&#8220; url_new_window=&#8220;on&#8220; button_text=&#8220;Online Shop&#8220; admin_label=&#8220;Go to shop Button&#8220; _builder_version=&#8220;4.14.1&#8243; custom_button=&#8220;on&#8220; button_text_color=&#8220;#ffffff&#8220; button_bg_color=&#8220;#000000&#8243; button_font=&#8220;|700||on|||||&#8220; global_colors_info=&#8220;{}&#8220; button_text_size__hover_enabled=&#8220;off&#8220; button_one_text_size__hover_enabled=&#8220;off&#8220; button_two_text_size__hover_enabled=&#8220;off&#8220; button_text_color__hover_enabled=&#8220;off&#8220; button_one_text_color__hover_enabled=&#8220;off&#8220; button_two_text_color__hover_enabled=&#8220;off&#8220; button_border_width__hover_enabled=&#8220;off&#8220; button_one_border_width__hover_enabled=&#8220;off&#8220; button_two_border_width__hover_enabled=&#8220;off&#8220; button_border_color__hover_enabled=&#8220;off&#8220; button_one_border_color__hover_enabled=&#8220;off&#8220; button_two_border_color__hover_enabled=&#8220;off&#8220; button_border_radius__hover_enabled=&#8220;off&#8220; button_one_border_radius__hover_enabled=&#8220;off&#8220; button_two_border_radius__hover_enabled=&#8220;off&#8220; button_letter_spacing__hover_enabled=&#8220;off&#8220; button_one_letter_spacing__hover_enabled=&#8220;off&#8220; button_two_letter_spacing__hover_enabled=&#8220;off&#8220; button_bg_color__hover_enabled=&#8220;off&#8220; button_one_bg_color__hover_enabled=&#8220;off&#8220; button_two_bg_color__hover_enabled=&#8220;off&#8220;][\/et_pb_button][\/et_pb_column][et_pb_column type=&#8220;1_2&#8243; _builder_version=&#8220;3.25&#8243; custom_padding=&#8220;|||&#8220; global_colors_info=&#8220;{}&#8220; custom_padding__hover=&#8220;|||&#8220;][et_pb_post_title title=&#8220;off&#8220; meta=&#8220;off&#8220; featured_placement=&#8220;above&#8220; _builder_version=&#8220;3.12.2&#8243; global_colors_info=&#8220;{}&#8220;][\/et_pb_post_title][et_pb_text _builder_version=&#8220;4.10.8&#8243; global_colors_info=&#8220;{}&#8220;]<div class=\"rl-gallery-container rl-loading\" id=\"rl-gallery-container-1\" data-gallery_id=\"34247\"> <div class=\"rl-gallery rl-basicgrid-gallery \" id=\"rl-gallery-1\" data-gallery_no=\"1\"> <div class=\"rl-gallery-item\"><a href=\"https:\/\/www.nortecsport.com\/de\/wp-content\/uploads\/2024\/09\/NORTEC_Fast_Side_Lemon_2024-scaled.jpg\" title=\"\" data-rl_title=\"\" class=\"rl-gallery-link\" data-rl_caption=\"\" data-rel=\"lightbox-gallery-1\"><img loading=\"lazy\" src=\"https:\/\/www.nortecsport.com\/de\/wp-content\/uploads\/2024\/09\/NORTEC_Fast_Side_Lemon_2024-300x191.jpg\" width=\"300\" height=\"191\" \/><\/a><\/div><div class=\"rl-gallery-item\"><a href=\"https:\/\/www.nortecsport.com\/de\/wp-content\/uploads\/2021\/10\/Case-Fast.jpg\" title=\"\" data-rl_title=\"\" class=\"rl-gallery-link\" data-rl_caption=\"\" data-rel=\"lightbox-gallery-1\"><img loading=\"lazy\" src=\"https:\/\/www.nortecsport.com\/de\/wp-content\/uploads\/2021\/10\/Case-Fast-300x186.jpg\" width=\"300\" height=\"186\" \/><\/a><\/div><div class=\"rl-gallery-item\"><a href=\"https:\/\/www.nortecsport.com\/de\/wp-content\/uploads\/2022\/09\/NORTEC_Fast_Pink_Main-scaled.jpg\" title=\"\" data-rl_title=\"\" class=\"rl-gallery-link\" data-rl_caption=\"\" data-rel=\"lightbox-gallery-1\"><img loading=\"lazy\" src=\"https:\/\/www.nortecsport.com\/de\/wp-content\/uploads\/2022\/09\/NORTEC_Fast_Pink_Main-300x198.jpg\" width=\"300\" height=\"198\" \/><\/a><\/div><div class=\"rl-gallery-item\"><a href=\"https:\/\/www.nortecsport.com\/de\/wp-content\/uploads\/2024\/09\/NORTEC_Fast_Case_pink_2024-scaled.jpg\" title=\"\" data-rl_title=\"\" class=\"rl-gallery-link\" data-rl_caption=\"\" data-rel=\"lightbox-gallery-1\"><img loading=\"lazy\" src=\"https:\/\/www.nortecsport.com\/de\/wp-content\/uploads\/2024\/09\/NORTEC_Fast_Case_pink_2024-300x180.jpg\" width=\"300\" height=\"180\" \/><\/a><\/div> <\/div> <\/div>[\/et_pb_text][et_pb_button button_url=&#8220;@ET-DC@eyJkeW5hbWljIjp0cnVlLCJjb250ZW50IjoicG9zdF9saW5rX3VybF9hdHRhY2htZW50Iiwic2V0dGluZ3MiOnsicG9zdF9pZCI6IjQwNDU1In19@&#8220; url_new_window=&#8220;on&#8220; button_text=&#8220;Bedienungsanleitung&#8220; admin_label=&#8220;How to fit&#8220; _builder_version=&#8220;4.14.1&#8243; _dynamic_attributes=&#8220;button_url&#8220; custom_button=&#8220;on&#8220; button_text_color=&#8220;#ff00d4&#8243; button_bg_color=&#8220;#ffffff&#8220; button_border_color=&#8220;#ff00d4&#8243; background_layout=&#8220;dark&#8220; global_colors_info=&#8220;{}&#8220; button_text_size__hover_enabled=&#8220;off&#8220; button_one_text_size__hover_enabled=&#8220;off&#8220; button_two_text_size__hover_enabled=&#8220;off&#8220; button_text_color__hover_enabled=&#8220;off&#8220; button_one_text_color__hover_enabled=&#8220;off&#8220; button_two_text_color__hover_enabled=&#8220;off&#8220; button_border_width__hover_enabled=&#8220;off&#8220; button_one_border_width__hover_enabled=&#8220;off&#8220; button_two_border_width__hover_enabled=&#8220;off&#8220; button_border_color__hover_enabled=&#8220;off&#8220; button_one_border_color__hover_enabled=&#8220;off&#8220; button_two_border_color__hover_enabled=&#8220;off&#8220; button_border_radius__hover_enabled=&#8220;off&#8220; button_one_border_radius__hover_enabled=&#8220;off&#8220; button_two_border_radius__hover_enabled=&#8220;off&#8220; button_letter_spacing__hover_enabled=&#8220;off&#8220; button_one_letter_spacing__hover_enabled=&#8220;off&#8220; button_two_letter_spacing__hover_enabled=&#8220;off&#8220; button_bg_color__hover_enabled=&#8220;off&#8220; button_one_bg_color__hover_enabled=&#8220;off&#8220; button_two_bg_color__hover_enabled=&#8220;off&#8220;][\/et_pb_button][et_pb_button button_url=&#8220;@ET-DC@eyJkeW5hbWljIjp0cnVlLCJjb250ZW50IjoicG9zdF9saW5rX3VybF9hdHRhY2htZW50Iiwic2V0dGluZ3MiOnsicG9zdF9pZCI6IjQwNDY0In19@&#8220; url_new_window=&#8220;on&#8220; button_text=&#8220;Konformit\u00e4tserkl\u00e4rung&#8220; admin_label=&#8220;How to fit&#8220; _builder_version=&#8220;4.14.1&#8243; _dynamic_attributes=&#8220;button_url&#8220; custom_button=&#8220;on&#8220; button_text_color=&#8220;#ff00d4&#8243; button_bg_color=&#8220;#ffffff&#8220; button_border_color=&#8220;#ff00d4&#8243; background_layout=&#8220;dark&#8220; global_colors_info=&#8220;{}&#8220; button_text_size__hover_enabled=&#8220;off&#8220; button_one_text_size__hover_enabled=&#8220;off&#8220; button_two_text_size__hover_enabled=&#8220;off&#8220; button_text_color__hover_enabled=&#8220;off&#8220; button_one_text_color__hover_enabled=&#8220;off&#8220; button_two_text_color__hover_enabled=&#8220;off&#8220; button_border_width__hover_enabled=&#8220;off&#8220; button_one_border_width__hover_enabled=&#8220;off&#8220; button_two_border_width__hover_enabled=&#8220;off&#8220; button_border_color__hover_enabled=&#8220;off&#8220; button_one_border_color__hover_enabled=&#8220;off&#8220; button_two_border_color__hover_enabled=&#8220;off&#8220; button_border_radius__hover_enabled=&#8220;off&#8220; button_one_border_radius__hover_enabled=&#8220;off&#8220; button_two_border_radius__hover_enabled=&#8220;off&#8220; button_letter_spacing__hover_enabled=&#8220;off&#8220; button_one_letter_spacing__hover_enabled=&#8220;off&#8220; button_two_letter_spacing__hover_enabled=&#8220;off&#8220; button_bg_color__hover_enabled=&#8220;off&#8220; button_one_bg_color__hover_enabled=&#8220;off&#8220; button_two_bg_color__hover_enabled=&#8220;off&#8220;][\/et_pb_button][et_pb_button button_url=&#8220;@ET-DC@eyJkeW5hbWljIjp0cnVlLCJjb250ZW50IjoicG9zdF9saW5rX3VybF9hdHRhY2htZW50Iiwic2V0dGluZ3MiOnsicG9zdF9pZCI6IjQxMjE5In19@&#8220; url_new_window=&#8220;on&#8220; button_text=&#8220;Perfekte Passform ermitteln&#8220; admin_label=&#8220;Perfekte Passform finden&#8220; _builder_version=&#8220;4.14.1&#8243; _dynamic_attributes=&#8220;button_url&#8220; custom_button=&#8220;on&#8220; button_text_color=&#8220;#ff00d4&#8243; button_bg_color=&#8220;#ffffff&#8220; button_border_color=&#8220;#ff00d4&#8243; background_layout=&#8220;dark&#8220; hover_enabled=&#8220;0&#8243; global_colors_info=&#8220;{}&#8220; button_text_size__hover_enabled=&#8220;off&#8220; button_one_text_size__hover_enabled=&#8220;off&#8220; button_two_text_size__hover_enabled=&#8220;off&#8220; button_text_color__hover_enabled=&#8220;off&#8220; button_one_text_color__hover_enabled=&#8220;off&#8220; button_two_text_color__hover_enabled=&#8220;off&#8220; button_border_width__hover_enabled=&#8220;off&#8220; button_one_border_width__hover_enabled=&#8220;off&#8220; button_two_border_width__hover_enabled=&#8220;off&#8220; button_border_color__hover_enabled=&#8220;off&#8220; button_one_border_color__hover_enabled=&#8220;off&#8220; button_two_border_color__hover_enabled=&#8220;off&#8220; button_border_radius__hover_enabled=&#8220;off&#8220; button_one_border_radius__hover_enabled=&#8220;off&#8220; button_two_border_radius__hover_enabled=&#8220;off&#8220; button_letter_spacing__hover_enabled=&#8220;off&#8220; button_one_letter_spacing__hover_enabled=&#8220;off&#8220; button_two_letter_spacing__hover_enabled=&#8220;off&#8220; button_bg_color__hover_enabled=&#8220;off&#8220; button_one_bg_color__hover_enabled=&#8220;off&#8220; button_two_bg_color__hover_enabled=&#8220;off&#8220; sticky_enabled=&#8220;0&#8243;][\/et_pb_button][\/et_pb_column][\/et_pb_row][\/et_pb_section][et_pb_section fb_built=&#8220;1&#8243; _builder_version=&#8220;3.22&#8243; custom_padding=&#8220;0px|0px|0px|0px&#8220; global_colors_info=&#8220;{}&#8220;][et_pb_row _builder_version=&#8220;3.25&#8243; background_size=&#8220;initial&#8220; background_position=&#8220;top_left&#8220; background_repeat=&#8220;repeat&#8220; global_colors_info=&#8220;{}&#8220;][et_pb_column type=&#8220;4_4&#8243; _builder_version=&#8220;3.25&#8243; custom_padding=&#8220;|||&#8220; global_colors_info=&#8220;{}&#8220; custom_padding__hover=&#8220;|||&#8220;][et_pb_divider color=&#8220;#cecece&#8220; _builder_version=&#8220;3.12.2&#8243; global_colors_info=&#8220;{}&#8220;][\/et_pb_divider][\/et_pb_column][\/et_pb_row][\/et_pb_section][et_pb_section fb_built=&#8220;1&#8243; _builder_version=&#8220;3.22&#8243; custom_padding=&#8220;0px|0px|0px|0px&#8220; global_colors_info=&#8220;{}&#8220;][et_pb_row column_structure=&#8220;1_2,1_2&#8243; _builder_version=&#8220;3.25&#8243; background_size=&#8220;initial&#8220; background_position=&#8220;top_left&#8220; background_repeat=&#8220;repeat&#8220; global_colors_info=&#8220;{}&#8220;][et_pb_column type=&#8220;1_2&#8243; _builder_version=&#8220;3.25&#8243; custom_padding=&#8220;|||&#8220; global_colors_info=&#8220;{}&#8220; custom_padding__hover=&#8220;|||&#8220;][et_pb_text admin_label=&#8220;Tec Spec title&#8220; _builder_version=&#8220;3.27.4&#8243; text_font=&#8220;|||on|||||&#8220; text_text_color=&#8220;#000000&#8243; global_colors_info=&#8220;{}&#8220;]<\/p>\n<h2>TECHNISCHE DATEN<\/h2>\n<p>[\/et_pb_text][et_pb_text admin_label=&#8220;Description&#8220; _builder_version=&#8220;3.27.4&#8243; text_text_color=&#8220;#000000&#8243; global_colors_info=&#8220;{}&#8220;]<\/p>\n<ul>\n<li>Alle Metallteile aus Edelstahl. W\u00e4rmebehandelte Steigeisenplatten haben eine h\u00f6here mechanische Best\u00e4ndigkeit. Aufgrund des hohen Kohlenstoffgehalts des Edelstahls k\u00f6nnen jedoch leichte oberfl\u00e4chliche Oxidations- \/ Rostspuren auftreten.<\/li>\n<li>21Stahlkrallen mit 8 mm langen Spitzen f\u00fcr hervorragende Stabilit\u00e4t, perfekten Halt und Laufkomfort.<\/li>\n<li>High-Tech-Silikon-Elastomer getestet bis &#8211; 60 \u00b0 C f\u00fcr einen schnellen, bequemen Sitz und perfekte Positionierung<\/li>\n<li>Kompaktes Etui aus funktionalem Material mit Kunststoffhaken<\/li>\n<li><strong>Standardgr\u00f6\u00dfen optimiert f\u00fcr Lauf- und Trailrunningschuhe. Auch f\u00fcr Trekkingschuhe geeignet. F\u00fcr Bergschuhe werden 2 Nummern gr\u00f6\u00dfer empfohlen.<\/strong><\/li>\n<\/ul>\n<p>[\/et_pb_text][\/et_pb_column][et_pb_column type=&#8220;1_2&#8243; _builder_version=&#8220;3.25&#8243; custom_padding=&#8220;|||&#8220; global_colors_info=&#8220;{}&#8220; custom_padding__hover=&#8220;|||&#8220;][et_pb_text admin_label=&#8220;Sizes &#038; Weight&#8220; _builder_version=&#8220;3.27.4&#8243; text_font=&#8220;|||on|||||&#8220; text_text_color=&#8220;#000000&#8243; global_colors_info=&#8220;{}&#8220;]<\/p>\n<h2>Sizes &amp; Weight<\/h2>\n<p>[\/et_pb_text][et_pb_text _builder_version=&#8220;4.14.1&#8243; _module_preset=&#8220;default&#8220; global_colors_info=&#8220;{}&#8220;]<\/p>\n<p>Die Gr\u00f6\u00dfe der Schuhkralle richtet sich neben der Standard-Schuhgr\u00f6\u00dfe auch nach der Form und den Au\u00dfenma\u00dfen des Schuhs.<\/p>\n<p>[\/et_pb_text][et_pb_image src=&#8220;https:\/\/www.nortecsport.com\/de\/wp-content\/uploads\/2025\/11\/sizes-fast.png&#8220; title_text=&#8220;sizes fast&#8220; align_tablet=&#8220;center&#8220; align_phone=&#8220;&#8220; align_last_edited=&#8220;on|desktop&#8220; admin_label=&#8220;Table Sizes&#8220; _builder_version=&#8220;4.14.1&#8243; hover_enabled=&#8220;0&#8243; global_colors_info=&#8220;{}&#8220; sticky_enabled=&#8220;0&#8243;][\/et_pb_image][et_pb_text admin_label=&#8220;Sizes &#038; Weight&#8220; _builder_version=&#8220;3.27.4&#8243; text_font=&#8220;|||on|||||&#8220; text_text_color=&#8220;#000000&#8243; global_colors_info=&#8220;{}&#8220;]<\/p>\n<h2>DOWNLOADS<\/h2>\n<p>[\/et_pb_text][et_pb_text _builder_version=&#8220;4.14.1&#8243; _dynamic_attributes=&#8220;link_option_url&#8220; _module_preset=&#8220;default&#8220; link_option_url=&#8220;@ET-DC@eyJkeW5hbWljIjp0cnVlLCJjb250ZW50IjoicG9zdF9saW5rX3VybF9hdHRhY2htZW50Iiwic2V0dGluZ3MiOnsicG9zdF9pZCI6IjQxMjEyIn19@&#8220; link_option_url_new_window=&#8220;on&#8220; hover_enabled=&#8220;0&#8243; global_colors_info=&#8220;{}&#8220; sticky_enabled=&#8220;0&#8243;]<\/p>\n<p><span style=\"text-decoration: underline;\"><strong>Product Sheet<\/strong><\/span><\/p>\n<p>[\/et_pb_text][\/et_pb_column][\/et_pb_row][\/et_pb_section][et_pb_section fb_built=&#8220;1&#8243; _builder_version=&#8220;3.22&#8243; global_colors_info=&#8220;{}&#8220;][et_pb_row _builder_version=&#8220;3.25&#8243; background_size=&#8220;initial&#8220; background_position=&#8220;top_left&#8220; background_repeat=&#8220;repeat&#8220; global_colors_info=&#8220;{}&#8220;][et_pb_column type=&#8220;4_4&#8243; _builder_version=&#8220;3.25&#8243; custom_padding=&#8220;|||&#8220; global_colors_info=&#8220;{}&#8220; custom_padding__hover=&#8220;|||&#8220;][et_pb_divider color=&#8220;#cecece&#8220; _builder_version=&#8220;3.12.2&#8243; global_colors_info=&#8220;{}&#8220;][\/et_pb_divider][\/et_pb_column][\/et_pb_row][\/et_pb_section][et_pb_section fb_built=&#8220;1&#8243; _builder_version=&#8220;3.22&#8243; custom_padding=&#8220;0px|0px|0px|0px&#8220; global_colors_info=&#8220;{}&#8220;][et_pb_row column_structure=&#8220;3_5,2_5&#8243; _builder_version=&#8220;3.25&#8243; background_size=&#8220;initial&#8220; background_position=&#8220;top_left&#8220; background_repeat=&#8220;repeat&#8220; global_colors_info=&#8220;{}&#8220;][et_pb_column type=&#8220;3_5&#8243; _builder_version=&#8220;3.25&#8243; custom_padding=&#8220;|||&#8220; global_colors_info=&#8220;{}&#8220; custom_padding__hover=&#8220;|||&#8220;][et_pb_text admin_label=&#8220;Description Title&#8220; _builder_version=&#8220;3.27.4&#8243; text_font=&#8220;|||on|||||&#8220; text_text_color=&#8220;#000000&#8243; global_colors_info=&#8220;{}&#8220;]<\/p>\n<h2>Beschreibung<\/h2>\n<p>[\/et_pb_text][et_pb_text admin_label=&#8220;Description Text&#8220; _builder_version=&#8220;3.27.4&#8243; text_text_color=&#8220;#000000&#8243; global_colors_info=&#8220;{}&#8220;]<\/p>\n<p><strong>ULTRALIGHT SCHUHKRALLE<\/strong><br \/><strong>SPEEDHIKING und TRAILRUNNING<\/strong><br \/>Perfekt f\u00fcr alle, die es lieben, sich FAST &amp; LIGHT zu bewegen, sowohl beim Winterlauf als auch beim Wandern. Dank der drei Steigeisenplatten und der Mikrokette wird immer perfekte Kontrolle auf Eis und hartem Schnee garantiert.<br \/>Auch f\u00fcr Trainings und Rennen auf trockenem, nassem, eisigem oder schlammigem Gras sowie f\u00fcr den Winterlauf geeignet.<\/p>\n<p>[\/et_pb_text][\/et_pb_column][et_pb_column type=&#8220;2_5&#8243; _builder_version=&#8220;3.25&#8243; custom_padding=&#8220;|||&#8220; global_colors_info=&#8220;{}&#8220; custom_padding__hover=&#8220;|||&#8220;][et_pb_text admin_label=&#8220;Certifications&#8220; _builder_version=&#8220;3.27.4&#8243; text_font=&#8220;|||on|||||&#8220; text_text_color=&#8220;#000000&#8243; global_colors_info=&#8220;{}&#8220;]<\/p>\n<h2>Certifications<\/h2>\n<p>[\/et_pb_text][et_pb_image src=&#8220;https:\/\/www.nortecsport.com\/de\/wp-content\/uploads\/2025\/11\/cert_fast2025.svg&#8220; title_text=&#8220;cert_fast2025&#8243; align_tablet=&#8220;center&#8220; align_phone=&#8220;&#8220; align_last_edited=&#8220;on|desktop&#8220; _builder_version=&#8220;4.14.1&#8243; hover_enabled=&#8220;0&#8243; global_colors_info=&#8220;{}&#8220; sticky_enabled=&#8220;0&#8243;][\/et_pb_image][\/et_pb_column][\/et_pb_row][\/et_pb_section][et_pb_section fb_built=&#8220;1&#8243; _builder_version=&#8220;3.22&#8243; custom_padding=&#8220;0px|0px|0px|0px&#8220; global_colors_info=&#8220;{}&#8220;][et_pb_row _builder_version=&#8220;3.25&#8243; global_colors_info=&#8220;{}&#8220;][et_pb_column type=&#8220;4_4&#8243; _builder_version=&#8220;3.25&#8243; custom_padding=&#8220;|||&#8220; global_colors_info=&#8220;{}&#8220; custom_padding__hover=&#8220;|||&#8220;][et_pb_gallery gallery_ids=&#8220;34229,34230,34231,34232,34233&#8243; posts_number=&#8220;6&#8243; show_title_and_caption=&#8220;off&#8220; show_pagination=&#8220;off&#8220; zoom_icon_color=&#8220;#ff0044&#8243; hover_icon=&#8220;&#x30;||divi||400&#8243; _builder_version=&#8220;4.13.0&#8243; custom_margin=&#8220;50px|-10px|50px|-10px&#8220; custom_padding=&#8220;|||&#8220; custom_css_gallery_item=&#8220;margin: 0 !important;||width: 33% !important;||clear: none !important;||padding: 5px;&#8220; global_colors_info=&#8220;{}&#8220;][\/et_pb_gallery][\/et_pb_column][\/et_pb_row][\/et_pb_section]<\/p>\n","protected":false},"excerpt":{"rendered":"<p>FAST \u2013 SPEED HIKING &amp; RUNNING Auch in CRAZY PINK! Schnelle Passform und hervorragende Haftung am Schuhdurch das Hightech-Elastomer Ideal f\u00fcr Eis, Schlamm und rutschige Oberfl\u00e4chen \u201eFlex\u201c-System verhindert die Ansammlung von Schnee und Eis Stahlb\u00fcgel an der Schuhspitze f\u00fcr hervorragende Stabilit\u00e4t Kompakte Verpackung Allround-Schuhkralle, passend f\u00fcr Trailrunning- und leichte Wanderschuhe Standardgr\u00f6\u00dfen optimiert f\u00fcr Lauf- und [&hellip;]<\/p>\n","protected":false},"featured_media":41181,"template":"","meta":{"_et_pb_use_builder":"on","_et_pb_old_content":"","_et_gb_content_width":""},"categories":[23,21,8,22],"tags":[],"acf":[],"_links":{"self":[{"href":"https:\/\/www.nortecsport.com\/de\/wp-json\/wp\/v2\/product\/34217"}],"collection":[{"href":"https:\/\/www.nortecsport.com\/de\/wp-json\/wp\/v2\/product"}],"about":[{"href":"https:\/\/www.nortecsport.com\/de\/wp-json\/wp\/v2\/types\/product"}],"version-history":[{"count":26,"href":"https:\/\/www.nortecsport.com\/de\/wp-json\/wp\/v2\/product\/34217\/revisions"}],"predecessor-version":[{"id":41222,"href":"https:\/\/www.nortecsport.com\/de\/wp-json\/wp\/v2\/product\/34217\/revisions\/41222"}],"wp:featuredmedia":[{"embeddable":true,"href":"https:\/\/www.nortecsport.com\/de\/wp-json\/wp\/v2\/media\/41181"}],"wp:attachment":[{"href":"https:\/\/www.nortecsport.com\/de\/wp-json\/wp\/v2\/media?parent=34217"}],"wp:term":[{"taxonomy":"category","embeddable":true,"href":"https:\/\/www.nortecsport.com\/de\/wp-json\/wp\/v2\/categories?post=34217"},{"taxonomy":"post_tag","embeddable":true,"href":"https:\/\/www.nortecsport.com\/de\/wp-json\/wp\/v2\/tags?post=34217"}],"curies":[{"name":"wp","href":"https:\/\/api.w.org\/{rel}","templated":true}]}}