{"id":3961,"date":"2018-08-30T08:57:43","date_gmt":"2018-08-30T08:57:43","guid":{"rendered":"http:\/\/wp-divi.test\/?post_type=product&#038;p=3961"},"modified":"2025-12-29T13:29:28","modified_gmt":"2025-12-29T11:29:28","slug":"nordic","status":"publish","type":"product","link":"https:\/\/www.nortecsport.com\/de\/product\/nordic\/","title":{"rendered":"NORDIC 2.4"},"content":{"rendered":"<p>[et_pb_section fb_built=&#8220;1&#8243; _builder_version=&#8220;3.22&#8243; custom_padding=&#8220;0px|0px|0px|0px&#8220; global_colors_info=&#8220;{}&#8220;][et_pb_row column_structure=&#8220;1_2,1_2&#8243; module_class=&#8220;gq_r_inline_buttons&#8220; _builder_version=&#8220;3.25&#8243; background_size=&#8220;initial&#8220; background_position=&#8220;top_left&#8220; background_repeat=&#8220;repeat&#8220; global_colors_info=&#8220;{}&#8220;][et_pb_column type=&#8220;1_2&#8243; _builder_version=&#8220;3.25&#8243; custom_padding=&#8220;|||&#8220; global_colors_info=&#8220;{}&#8220; custom_padding__hover=&#8220;|||&#8220;][et_pb_post_title meta=&#8220;off&#8220; featured_image=&#8220;off&#8220; _builder_version=&#8220;3.12.2&#8243; global_colors_info=&#8220;{}&#8220;][\/et_pb_post_title][et_pb_text admin_label=&#8220;Subtitle&#8220; _builder_version=&#8220;3.27.4&#8243; text_font=&#8220;|||on|||||&#8220; text_text_color=&#8220;#000000&#8243; global_colors_info=&#8220;{}&#8220;]ULTRALIGHT Schuhkralle \u2013 Wandern und Trailrunning<br \/>\n[\/et_pb_text][et_pb_image src=&#8220;https:\/\/www.nortecsport.com\/de\/wp-content\/uploads\/2022\/01\/320g.jpg&#8220; title_text=&#8220;320g&#8220; _builder_version=&#8220;4.14.1&#8243; _module_preset=&#8220;default&#8220; global_colors_info=&#8220;{}&#8220;][\/et_pb_image][et_pb_text admin_label=&#8220;Description 1&#8243; _builder_version=&#8220;4.14.1&#8243; text_text_color=&#8220;#000000&#8243; global_colors_info=&#8220;{}&#8220;]<\/p>\n<ul>\n<li><strong>Wandern und Trailrunning<\/strong><\/li>\n<li>Quick-fit und exzellente Haftung am Schuh dank des Hi-tech Elastomers<\/li>\n<li>Ideal f\u00fcr Eis, Schlamm und rutschige Oberfl\u00e4chen dank des Stahlspitzen Systems<\/li>\n<li>Vorder-Steigeisen mit dem \u201eFlex\u201c System um die Ansammlung von Schnee und Eis zu verhindern<\/li>\n<li>Frontb\u00fcgel auf der Schuhspitze f\u00fcr mehr Stabilit\u00e4t<\/li>\n<li>Kompakt Packtasche aus technischem und funktionellem Material<\/li>\n<li><strong>Standardgr\u00f6\u00dfen, optimiert f\u00fcr leichte Bergschuhe.<\/strong><\/li>\n<\/ul>\n<p>[\/et_pb_text][et_pb_button button_url=&#8220;https:\/\/www.nortecsport.com\/en\/store-locator-2\/&#8220; url_new_window=&#8220;on&#8220; button_text=&#8220;STORE LOCATOR&#8220; admin_label=&#8220;Go to shop Button&#8220; _builder_version=&#8220;4.14.1&#8243; custom_button=&#8220;on&#8220; button_text_color=&#8220;#ffffff&#8220; button_bg_color=&#8220;#000000&#8243; button_font=&#8220;|700||on|||||&#8220; custom_padding=&#8220;|-50px||&#8220; global_colors_info=&#8220;{}&#8220; button_text_size__hover_enabled=&#8220;off&#8220; button_one_text_size__hover_enabled=&#8220;off&#8220; button_two_text_size__hover_enabled=&#8220;off&#8220; button_text_color__hover_enabled=&#8220;off&#8220; button_one_text_color__hover_enabled=&#8220;off&#8220; button_two_text_color__hover_enabled=&#8220;off&#8220; button_border_width__hover_enabled=&#8220;off&#8220; button_one_border_width__hover_enabled=&#8220;off&#8220; button_two_border_width__hover_enabled=&#8220;off&#8220; button_border_color__hover_enabled=&#8220;off&#8220; button_one_border_color__hover_enabled=&#8220;off&#8220; button_two_border_color__hover_enabled=&#8220;off&#8220; button_border_radius__hover_enabled=&#8220;off&#8220; button_one_border_radius__hover_enabled=&#8220;off&#8220; button_two_border_radius__hover_enabled=&#8220;off&#8220; button_letter_spacing__hover_enabled=&#8220;off&#8220; button_one_letter_spacing__hover_enabled=&#8220;off&#8220; button_two_letter_spacing__hover_enabled=&#8220;off&#8220; button_bg_color__hover_enabled=&#8220;off&#8220; button_one_bg_color__hover_enabled=&#8220;off&#8220; button_two_bg_color__hover_enabled=&#8220;off&#8220;][\/et_pb_button][et_pb_text admin_label=&#8220;Or Text&#8220; _builder_version=&#8220;3.27.4&#8243; text_font=&#8220;|||on|||||&#8220; global_colors_info=&#8220;{}&#8220;]\u2013 ODER BESUCHE UNSEREN \u2013<br \/>\n[\/et_pb_text][et_pb_button button_url=&#8220;https:\/\/eshop.nortecsport.com\/product\/nordic\/&#8220; url_new_window=&#8220;on&#8220; button_text=&#8220;Online Shop&#8220; admin_label=&#8220;Go to shop Button&#8220; _builder_version=&#8220;3.16&#8243; custom_button=&#8220;on&#8220; button_text_color=&#8220;#ffffff&#8220; button_bg_color=&#8220;#000000&#8243; button_font=&#8220;|700||on|||||&#8220; custom_padding=&#8220;|-50px||&#8220; global_colors_info=&#8220;{}&#8220; button_text_size__hover_enabled=&#8220;off&#8220; button_one_text_size__hover_enabled=&#8220;off&#8220; button_two_text_size__hover_enabled=&#8220;off&#8220; button_text_color__hover_enabled=&#8220;off&#8220; button_one_text_color__hover_enabled=&#8220;off&#8220; button_two_text_color__hover_enabled=&#8220;off&#8220; button_border_width__hover_enabled=&#8220;off&#8220; button_one_border_width__hover_enabled=&#8220;off&#8220; button_two_border_width__hover_enabled=&#8220;off&#8220; button_border_color__hover_enabled=&#8220;off&#8220; button_one_border_color__hover_enabled=&#8220;off&#8220; button_two_border_color__hover_enabled=&#8220;off&#8220; button_border_radius__hover_enabled=&#8220;off&#8220; button_one_border_radius__hover_enabled=&#8220;off&#8220; button_two_border_radius__hover_enabled=&#8220;off&#8220; button_letter_spacing__hover_enabled=&#8220;off&#8220; button_one_letter_spacing__hover_enabled=&#8220;off&#8220; button_two_letter_spacing__hover_enabled=&#8220;off&#8220; button_bg_color__hover_enabled=&#8220;off&#8220; button_one_bg_color__hover_enabled=&#8220;off&#8220; button_two_bg_color__hover_enabled=&#8220;off&#8220;][\/et_pb_button][\/et_pb_column][et_pb_column type=&#8220;1_2&#8243; _builder_version=&#8220;3.25&#8243; custom_padding=&#8220;|||&#8220; global_colors_info=&#8220;{}&#8220; custom_padding__hover=&#8220;|||&#8220;][et_pb_post_title title=&#8220;off&#8220; meta=&#8220;off&#8220; featured_placement=&#8220;above&#8220; _builder_version=&#8220;3.12.2&#8243; global_colors_info=&#8220;{}&#8220;][\/et_pb_post_title][et_pb_text admin_label=&#8220;gallery product slider&#8220; _builder_version=&#8220;3.27.4&#8243; global_colors_info=&#8220;{}&#8220;]<div class=\"rl-gallery-container rl-loading\" id=\"rl-gallery-container-1\" data-gallery_id=\"33092\"> <div class=\"rl-gallery rl-basicgrid-gallery \" id=\"rl-gallery-1\" data-gallery_no=\"1\"> <div class=\"rl-gallery-item\"><a href=\"https:\/\/www.nortecsport.com\/de\/wp-content\/uploads\/2024\/09\/NORTEC_NordicTrekking_Seite_2023-Kopie-scaled.jpg\" title=\"\" data-rl_title=\"\" class=\"rl-gallery-link\" data-rl_caption=\"\" data-rel=\"lightbox-gallery-1\"><img loading=\"lazy\" src=\"https:\/\/www.nortecsport.com\/de\/wp-content\/uploads\/2024\/09\/NORTEC_NordicTrekking_Seite_2023-Kopie-300x200.jpg\" width=\"300\" height=\"200\" \/><\/a><\/div><div class=\"rl-gallery-item\"><a href=\"https:\/\/www.nortecsport.com\/de\/wp-content\/uploads\/2024\/09\/NORTEC_Nordic_Seite_2023-Kopie.jpg\" title=\"\" data-rl_title=\"\" class=\"rl-gallery-link\" data-rl_caption=\"\" data-rel=\"lightbox-gallery-1\"><img loading=\"lazy\" src=\"https:\/\/www.nortecsport.com\/de\/wp-content\/uploads\/2024\/09\/NORTEC_Nordic_Seite_2023-Kopie-300x200.jpg\" width=\"300\" height=\"200\" \/><\/a><\/div><div class=\"rl-gallery-item\"><a href=\"https:\/\/www.nortecsport.com\/de\/wp-content\/uploads\/2024\/09\/NORTEC_Nordic_Bottom_2023-Kopie.jpg\" title=\"\" data-rl_title=\"\" class=\"rl-gallery-link\" data-rl_caption=\"\" data-rel=\"lightbox-gallery-1\"><img loading=\"lazy\" src=\"https:\/\/www.nortecsport.com\/de\/wp-content\/uploads\/2024\/09\/NORTEC_Nordic_Bottom_2023-Kopie-300x200.jpg\" width=\"300\" height=\"200\" \/><\/a><\/div><div class=\"rl-gallery-item\"><a href=\"https:\/\/www.nortecsport.com\/de\/wp-content\/uploads\/2024\/09\/Case_NORDIC_2024-scaled.jpg\" title=\"\" data-rl_title=\"\" class=\"rl-gallery-link\" data-rl_caption=\"\" data-rel=\"lightbox-gallery-1\"><img loading=\"lazy\" src=\"https:\/\/www.nortecsport.com\/de\/wp-content\/uploads\/2024\/09\/Case_NORDIC_2024-300x220.jpg\" width=\"300\" height=\"220\" \/><\/a><\/div> <\/div> <\/div><br \/>\n[\/et_pb_text][et_pb_button button_url=&#8220;@ET-DC@eyJkeW5hbWljIjp0cnVlLCJjb250ZW50IjoicG9zdF9saW5rX3VybF9hdHRhY2htZW50Iiwic2V0dGluZ3MiOnsicG9zdF9pZCI6IjQwNDU1In19@&#8220; url_new_window=&#8220;on&#8220; button_text=&#8220;Bedienungsanleitung&#8220; admin_label=&#8220;How to fit&#8220; _builder_version=&#8220;4.14.1&#8243; _dynamic_attributes=&#8220;button_url&#8220; custom_button=&#8220;on&#8220; button_text_color=&#8220;#ff00d4&#8243; button_bg_color=&#8220;#ffffff&#8220; button_border_color=&#8220;#ff00d4&#8243; button_font=&#8220;|||on|||||&#8220; background_layout=&#8220;dark&#8220; global_colors_info=&#8220;{}&#8220; button_text_size__hover_enabled=&#8220;off&#8220; button_one_text_size__hover_enabled=&#8220;off&#8220; button_two_text_size__hover_enabled=&#8220;off&#8220; button_text_color__hover_enabled=&#8220;off&#8220; button_one_text_color__hover_enabled=&#8220;off&#8220; button_two_text_color__hover_enabled=&#8220;off&#8220; button_border_width__hover_enabled=&#8220;off&#8220; button_one_border_width__hover_enabled=&#8220;off&#8220; button_two_border_width__hover_enabled=&#8220;off&#8220; button_border_color__hover_enabled=&#8220;off&#8220; button_one_border_color__hover_enabled=&#8220;off&#8220; button_two_border_color__hover_enabled=&#8220;off&#8220; button_border_radius__hover_enabled=&#8220;off&#8220; button_one_border_radius__hover_enabled=&#8220;off&#8220; button_two_border_radius__hover_enabled=&#8220;off&#8220; button_letter_spacing__hover_enabled=&#8220;off&#8220; button_one_letter_spacing__hover_enabled=&#8220;off&#8220; button_two_letter_spacing__hover_enabled=&#8220;off&#8220; button_bg_color__hover_enabled=&#8220;off&#8220; button_one_bg_color__hover_enabled=&#8220;off&#8220; button_two_bg_color__hover_enabled=&#8220;off&#8220;][\/et_pb_button][et_pb_button button_url=&#8220;@ET-DC@eyJkeW5hbWljIjp0cnVlLCJjb250ZW50IjoicG9zdF9saW5rX3VybF9hdHRhY2htZW50Iiwic2V0dGluZ3MiOnsicG9zdF9pZCI6IjQwNDY2In19@&#8220; url_new_window=&#8220;on&#8220; button_text=&#8220;Konformit\u00e4tserkl\u00e4rung&#8220; admin_label=&#8220;How to fit&#8220; _builder_version=&#8220;4.14.1&#8243; _dynamic_attributes=&#8220;button_url&#8220; custom_button=&#8220;on&#8220; button_text_color=&#8220;#ff00d4&#8243; button_bg_color=&#8220;#ffffff&#8220; button_border_color=&#8220;#ff00d4&#8243; button_font=&#8220;|||on|||||&#8220; background_layout=&#8220;dark&#8220; global_colors_info=&#8220;{}&#8220; button_text_size__hover_enabled=&#8220;off&#8220; button_one_text_size__hover_enabled=&#8220;off&#8220; button_two_text_size__hover_enabled=&#8220;off&#8220; button_text_color__hover_enabled=&#8220;off&#8220; button_one_text_color__hover_enabled=&#8220;off&#8220; button_two_text_color__hover_enabled=&#8220;off&#8220; button_border_width__hover_enabled=&#8220;off&#8220; button_one_border_width__hover_enabled=&#8220;off&#8220; button_two_border_width__hover_enabled=&#8220;off&#8220; button_border_color__hover_enabled=&#8220;off&#8220; button_one_border_color__hover_enabled=&#8220;off&#8220; button_two_border_color__hover_enabled=&#8220;off&#8220; button_border_radius__hover_enabled=&#8220;off&#8220; button_one_border_radius__hover_enabled=&#8220;off&#8220; button_two_border_radius__hover_enabled=&#8220;off&#8220; button_letter_spacing__hover_enabled=&#8220;off&#8220; button_one_letter_spacing__hover_enabled=&#8220;off&#8220; button_two_letter_spacing__hover_enabled=&#8220;off&#8220; button_bg_color__hover_enabled=&#8220;off&#8220; button_one_bg_color__hover_enabled=&#8220;off&#8220; button_two_bg_color__hover_enabled=&#8220;off&#8220;][\/et_pb_button][et_pb_button button_url=&#8220;@ET-DC@eyJkeW5hbWljIjp0cnVlLCJjb250ZW50IjoicG9zdF9saW5rX3VybF9hdHRhY2htZW50Iiwic2V0dGluZ3MiOnsicG9zdF9pZCI6IjQxMzExIn19@&#8220; url_new_window=&#8220;on&#8220; button_text=&#8220;Perfekte Passform ermitteln&#8220; admin_label=&#8220;Perfekte Passform finden&#8220; _builder_version=&#8220;4.14.1&#8243; _dynamic_attributes=&#8220;button_url&#8220; custom_button=&#8220;on&#8220; button_text_color=&#8220;#ff00d4&#8243; button_bg_color=&#8220;#ffffff&#8220; button_border_color=&#8220;#ff00d4&#8243; button_font=&#8220;|||on|||||&#8220; background_layout=&#8220;dark&#8220; hover_enabled=&#8220;0&#8243; global_colors_info=&#8220;{}&#8220; button_text_size__hover_enabled=&#8220;off&#8220; button_one_text_size__hover_enabled=&#8220;off&#8220; button_two_text_size__hover_enabled=&#8220;off&#8220; button_text_color__hover_enabled=&#8220;off&#8220; button_one_text_color__hover_enabled=&#8220;off&#8220; button_two_text_color__hover_enabled=&#8220;off&#8220; button_border_width__hover_enabled=&#8220;off&#8220; button_one_border_width__hover_enabled=&#8220;off&#8220; button_two_border_width__hover_enabled=&#8220;off&#8220; button_border_color__hover_enabled=&#8220;off&#8220; button_one_border_color__hover_enabled=&#8220;off&#8220; button_two_border_color__hover_enabled=&#8220;off&#8220; button_border_radius__hover_enabled=&#8220;off&#8220; button_one_border_radius__hover_enabled=&#8220;off&#8220; button_two_border_radius__hover_enabled=&#8220;off&#8220; button_letter_spacing__hover_enabled=&#8220;off&#8220; button_one_letter_spacing__hover_enabled=&#8220;off&#8220; button_two_letter_spacing__hover_enabled=&#8220;off&#8220; button_bg_color__hover_enabled=&#8220;off&#8220; button_one_bg_color__hover_enabled=&#8220;off&#8220; button_two_bg_color__hover_enabled=&#8220;off&#8220; sticky_enabled=&#8220;0&#8243;][\/et_pb_button][\/et_pb_column][\/et_pb_row][\/et_pb_section][et_pb_section fb_built=&#8220;1&#8243; _builder_version=&#8220;3.22&#8243; custom_padding=&#8220;0px|0px|0px|0px&#8220; global_colors_info=&#8220;{}&#8220;][et_pb_row column_structure=&#8220;1_2,1_2&#8243; _builder_version=&#8220;3.25&#8243; background_size=&#8220;initial&#8220; background_position=&#8220;top_left&#8220; background_repeat=&#8220;repeat&#8220; global_colors_info=&#8220;{}&#8220;][et_pb_column type=&#8220;1_2&#8243; _builder_version=&#8220;3.25&#8243; custom_padding=&#8220;|||&#8220; global_colors_info=&#8220;{}&#8220; custom_padding__hover=&#8220;|||&#8220;][et_pb_text admin_label=&#8220;Description Title&#8220; _builder_version=&#8220;3.27.4&#8243; text_font=&#8220;|||on|||||&#8220; text_text_color=&#8220;#000000&#8243; global_colors_info=&#8220;{}&#8220;]<\/p>\n<h2>Beschreibung<\/h2>\n<p>[\/et_pb_text][et_pb_text admin_label=&#8220;Description Text&#8220; _builder_version=&#8220;3.27.4&#8243; text_text_color=&#8220;#000000&#8243; global_colors_info=&#8220;{}&#8220;]Ultraleichte Quick fit Schuhkrallen bestehend aus einem Elastomer mit Antirutsch-Struktur unter der Sohle, bestehend aus einer Kombination aus Kettenelementen, Verbindungsteilen und Platten aus hochresistentem Stahl.<br \/>\n[\/et_pb_text][et_pb_image src=&#8220;https:\/\/www.nortecsport.com\/de\/wp-content\/uploads\/2022\/01\/stones.jpg&#8220; title_text=&#8220;stones&#8220; _builder_version=&#8220;4.14.1&#8243; _module_preset=&#8220;default&#8220; global_colors_info=&#8220;{}&#8220;][\/et_pb_image][\/et_pb_column][et_pb_column type=&#8220;1_2&#8243; _builder_version=&#8220;3.25&#8243; custom_padding=&#8220;|||&#8220; global_colors_info=&#8220;{}&#8220; custom_padding__hover=&#8220;|||&#8220;][et_pb_text admin_label=&#8220;Certifications&#8220; _builder_version=&#8220;3.27.4&#8243; text_font=&#8220;|||on|||||&#8220; text_text_color=&#8220;#000000&#8243; global_colors_info=&#8220;{}&#8220;]<\/p>\n<h2>Certifications<\/h2>\n<p>[\/et_pb_text][et_pb_image src=&#8220;https:\/\/www.nortecsport.com\/de\/wp-content\/uploads\/2022\/01\/Cert-Nordic.svg&#8220; title_text=&#8220;Cert-Nordic&#8220; align_tablet=&#8220;center&#8220; align_phone=&#8220;&#8220; align_last_edited=&#8220;on|desktop&#8220; _builder_version=&#8220;4.14.1&#8243; global_colors_info=&#8220;{}&#8220;][\/et_pb_image][et_pb_image src=&#8220;https:\/\/www.nortecsport.com\/de\/wp-content\/uploads\/2022\/01\/engineered.jpg&#8220; title_text=&#8220;engineered&#8220; _builder_version=&#8220;4.14.1&#8243; _module_preset=&#8220;default&#8220; global_colors_info=&#8220;{}&#8220;][\/et_pb_image][\/et_pb_column][\/et_pb_row][\/et_pb_section][et_pb_section fb_built=&#8220;1&#8243; _builder_version=&#8220;3.22&#8243; custom_padding=&#8220;0px|0px|0px|0px&#8220; global_colors_info=&#8220;{}&#8220;][et_pb_row _builder_version=&#8220;3.25&#8243; background_size=&#8220;initial&#8220; background_position=&#8220;top_left&#8220; background_repeat=&#8220;repeat&#8220; global_colors_info=&#8220;{}&#8220;][et_pb_column type=&#8220;4_4&#8243; _builder_version=&#8220;3.25&#8243; custom_padding=&#8220;|||&#8220; global_colors_info=&#8220;{}&#8220; custom_padding__hover=&#8220;|||&#8220;][et_pb_divider color=&#8220;#cecece&#8220; _builder_version=&#8220;3.12.2&#8243; global_colors_info=&#8220;{}&#8220;][\/et_pb_divider][\/et_pb_column][\/et_pb_row][\/et_pb_section][et_pb_section fb_built=&#8220;1&#8243; _builder_version=&#8220;3.22&#8243; custom_padding=&#8220;0px|0px|0px|0px&#8220; global_colors_info=&#8220;{}&#8220;][et_pb_row column_structure=&#8220;1_2,1_2&#8243; _builder_version=&#8220;3.25&#8243; background_size=&#8220;initial&#8220; background_position=&#8220;top_left&#8220; background_repeat=&#8220;repeat&#8220; global_colors_info=&#8220;{}&#8220;][et_pb_column type=&#8220;1_2&#8243; _builder_version=&#8220;3.25&#8243; custom_padding=&#8220;|||&#8220; global_colors_info=&#8220;{}&#8220; custom_padding__hover=&#8220;|||&#8220;][et_pb_text admin_label=&#8220;Main Use&#8220; _builder_version=&#8220;3.27.4&#8243; text_text_color=&#8220;#000000&#8243; global_colors_info=&#8220;{}&#8220;]<\/p>\n<h2>EINSATZ<\/h2>\n<p>Besonders geeignet f\u00fcr\u00a0<strong>Outdoor Running<\/strong>,\u00a0<strong>Trekking<\/strong>,\u00a0<strong>leichten Alpinismus<\/strong>\u00a0und\u00a0<strong>Nordic Walking.<\/strong>\u00a0Die Schuhkrallen eignen sich aber auch hervorragend f\u00fcr alle Freizeitaktivit\u00e4ten und f\u00fcr Arbeiten im Freien.<br \/>\n[\/et_pb_text][\/et_pb_column][et_pb_column type=&#8220;1_2&#8243; _builder_version=&#8220;3.25&#8243; custom_padding=&#8220;|||&#8220; global_colors_info=&#8220;{}&#8220; custom_padding__hover=&#8220;|||&#8220;][et_pb_text admin_label=&#8220;Usage&#8220; _builder_version=&#8220;3.27.4&#8243; text_text_color=&#8220;#000000&#8243; global_colors_info=&#8220;{}&#8220;]<ul><li>Free time<\/li><li>Trail running<\/li><li>Winter trekking<\/li><li>Mountaineering<\/li><li>Trekking on hard snow and ice<\/li><li>Trekking on fresh snow<\/li><li>Running<\/li><li>Hunting and work<\/li><\/ul><br \/>\n[\/et_pb_text][\/et_pb_column][\/et_pb_row][\/et_pb_section][et_pb_section fb_built=&#8220;1&#8243; _builder_version=&#8220;3.22&#8243; custom_padding=&#8220;0px|0px|0px|0px&#8220; global_colors_info=&#8220;{}&#8220;][et_pb_row _builder_version=&#8220;3.25&#8243; background_size=&#8220;initial&#8220; background_position=&#8220;top_left&#8220; background_repeat=&#8220;repeat&#8220; global_colors_info=&#8220;{}&#8220;][et_pb_column type=&#8220;4_4&#8243; _builder_version=&#8220;3.25&#8243; custom_padding=&#8220;|||&#8220; global_colors_info=&#8220;{}&#8220; custom_padding__hover=&#8220;|||&#8220;][et_pb_divider color=&#8220;#cecece&#8220; _builder_version=&#8220;3.12.2&#8243; global_colors_info=&#8220;{}&#8220;][\/et_pb_divider][\/et_pb_column][\/et_pb_row][\/et_pb_section][et_pb_section fb_built=&#8220;1&#8243; _builder_version=&#8220;3.22&#8243; custom_padding=&#8220;0px|0px|0px|0px&#8220; global_colors_info=&#8220;{}&#8220;][et_pb_row column_structure=&#8220;1_2,1_2&#8243; _builder_version=&#8220;3.25&#8243; background_size=&#8220;initial&#8220; background_position=&#8220;top_left&#8220; background_repeat=&#8220;repeat&#8220; global_colors_info=&#8220;{}&#8220;][et_pb_column type=&#8220;1_2&#8243; _builder_version=&#8220;3.25&#8243; custom_padding=&#8220;|||&#8220; global_colors_info=&#8220;{}&#8220; custom_padding__hover=&#8220;|||&#8220;][et_pb_text admin_label=&#8220;Tec Spec title&#8220; _builder_version=&#8220;3.27.4&#8243; text_font=&#8220;|||on|||||&#8220; text_text_color=&#8220;#000000&#8243; global_colors_info=&#8220;{}&#8220;]<\/p>\n<h2>TECHNISCHE DATEN<\/h2>\n<p>[\/et_pb_text][et_pb_text admin_label=&#8220;Description&#8220; _builder_version=&#8220;3.27.4&#8243; text_text_color=&#8220;#000000&#8243; global_colors_info=&#8220;{}&#8220;]<\/p>\n<ul>\n<li>Alle metallischen Bauteile sind aus rostfreiem Edelstahl, die Platten sind w\u00e4rmebehandelt, f\u00fcr gr\u00f6\u00dfere mechanische Festigkeit.<\/li>\n<li>High-tech Silikon Elastomer, getestet bei -60\u00b0C, garantiert dass die Schuhkrallen in Sekundenschnelle an- und ausgezogen werden k\u00f6nnen, bietet Komfort und exzellente Leistung, die anhaltende Spannung zwischen dem Elastomere und den Metallteilen sorgt f\u00fcr eine bequeme Passform an der Sohle des Schuhs.<\/li>\n<li>21 8 mm lange Spitzen, f\u00fcr optimalen Grip und hohen Tragekomfort, auch w\u00e4hrend des Laufens, die Vorder-Steigeisen sind mit dem \u201cFlex\u201d System ausgestattet, um die Ansammlung von Schnee und Eis unter der Schuhsohle zu verhindern.<\/li>\n<li>Die Form der Platten mit entgegengesetzten Enden garantiert h\u00f6here Stabilit\u00e4t und Tragekomfort, auch mit leichtem Schuhwerk.<\/li>\n<li>Die neuen Seitenhaken \u201cacht\u201d pat.pend verhindern die L\u00f6sung der Verbindung zwischen dem Elastomer und der Kette.<\/li>\n<li>Extrem leicht: dank der Qualit\u00e4t des Materials wiegt ein Paar der Schuhkrallen Nordic lediglich 293g (Gr\u00f6\u00dfe M)<\/li>\n<\/ul>\n<p><strong>WEITERE CHARAKTERISTIKEN<br \/>\n<\/strong>Das Produkt wird in einer praktischen Packtasche aus technischem, kompaktem und funktionalem Material geliefert, mit Innentaschen, um die beiden Schuhkrallen immer getrennt zu halten und einem Karabinerhaken aus Kunststoff um die Tasche am Rucksack zu befestigen.<br \/>\n[\/et_pb_text][\/et_pb_column][et_pb_column type=&#8220;1_2&#8243; _builder_version=&#8220;3.25&#8243; custom_padding=&#8220;|||&#8220; global_colors_info=&#8220;{}&#8220; custom_padding__hover=&#8220;|||&#8220;][et_pb_text admin_label=&#8220;Sizes &#038; Weight&#8220; _builder_version=&#8220;3.27.4&#8243; text_font=&#8220;|||on|||||&#8220; text_text_color=&#8220;#000000&#8243; global_colors_info=&#8220;{}&#8220;]<\/p>\n<h2>Sizes &amp; Weight<\/h2>\n<p>[\/et_pb_text][et_pb_text _builder_version=&#8220;4.14.1&#8243; _module_preset=&#8220;default&#8220; global_colors_info=&#8220;{}&#8220;]<\/p>\n<p>Die Gr\u00f6\u00dfe der Schuhkralle richtet sich neben der Standard-Schuhgr\u00f6\u00dfe auch nach der Form und den Au\u00dfenma\u00dfen des Schuhs.<\/p>\n<p>[\/et_pb_text][et_pb_image src=&#8220;http:\/\/www.nortecsport.com\/de\/wp-content\/uploads\/2018\/10\/Tabelle-NORDIC.svg&#8220; align_tablet=&#8220;center&#8220; align_phone=&#8220;&#8220; align_last_edited=&#8220;on|desktop&#8220; admin_label=&#8220;Table Sizes&#8220; _builder_version=&#8220;3.23&#8243; global_colors_info=&#8220;{}&#8220;][\/et_pb_image][et_pb_text admin_label=&#8220;Sizes &#038; Weight&#8220; _builder_version=&#8220;4.14.1&#8243; text_font=&#8220;|||on|||||&#8220; text_text_color=&#8220;#000000&#8243; global_colors_info=&#8220;{}&#8220;]<\/p>\n<h2>Downloads<\/h2>\n<p>[\/et_pb_text][et_pb_text _builder_version=&#8220;4.14.1&#8243; _dynamic_attributes=&#8220;link_option_url&#8220; _module_preset=&#8220;default&#8220; link_option_url=&#8220;@ET-DC@eyJkeW5hbWljIjp0cnVlLCJjb250ZW50IjoicG9zdF9saW5rX3VybF9hdHRhY2htZW50Iiwic2V0dGluZ3MiOnsicG9zdF9pZCI6IjQxMzEyIn19@&#8220; link_option_url_new_window=&#8220;on&#8220; hover_enabled=&#8220;0&#8243; global_colors_info=&#8220;{}&#8220; sticky_enabled=&#8220;0&#8243;]<\/p>\n<p><span style=\"text-decoration: underline;\"><strong>Product Sheet<\/strong><\/span><\/p>\n<p>[\/et_pb_text][\/et_pb_column][\/et_pb_row][\/et_pb_section][et_pb_section fb_built=&#8220;1&#8243; _builder_version=&#8220;3.22&#8243; global_colors_info=&#8220;{}&#8220;][et_pb_row _builder_version=&#8220;3.25&#8243; background_size=&#8220;initial&#8220; background_position=&#8220;top_left&#8220; background_repeat=&#8220;repeat&#8220; global_colors_info=&#8220;{}&#8220;][et_pb_column type=&#8220;4_4&#8243; _builder_version=&#8220;3.25&#8243; custom_padding=&#8220;|||&#8220; global_colors_info=&#8220;{}&#8220; custom_padding__hover=&#8220;|||&#8220;][et_pb_divider color=&#8220;#cecece&#8220; _builder_version=&#8220;3.12.2&#8243; height=&#8220;0px&#8220; global_colors_info=&#8220;{}&#8220;][\/et_pb_divider][\/et_pb_column][\/et_pb_row][\/et_pb_section]<\/p>\n","protected":false},"excerpt":{"rendered":"<p>LIGHT MOUNTAINEERING &#038; RUNNING<\/p>\n","protected":false},"featured_media":40478,"template":"","meta":{"_et_pb_use_builder":"on","_et_pb_old_content":"<p>jnjknkjnkjn<\/p>","_et_gb_content_width":""},"categories":[23,8,28,22,24],"tags":[],"acf":[],"_links":{"self":[{"href":"https:\/\/www.nortecsport.com\/de\/wp-json\/wp\/v2\/product\/3961"}],"collection":[{"href":"https:\/\/www.nortecsport.com\/de\/wp-json\/wp\/v2\/product"}],"about":[{"href":"https:\/\/www.nortecsport.com\/de\/wp-json\/wp\/v2\/types\/product"}],"version-history":[{"count":95,"href":"https:\/\/www.nortecsport.com\/de\/wp-json\/wp\/v2\/product\/3961\/revisions"}],"predecessor-version":[{"id":41313,"href":"https:\/\/www.nortecsport.com\/de\/wp-json\/wp\/v2\/product\/3961\/revisions\/41313"}],"wp:featuredmedia":[{"embeddable":true,"href":"https:\/\/www.nortecsport.com\/de\/wp-json\/wp\/v2\/media\/40478"}],"wp:attachment":[{"href":"https:\/\/www.nortecsport.com\/de\/wp-json\/wp\/v2\/media?parent=3961"}],"wp:term":[{"taxonomy":"category","embeddable":true,"href":"https:\/\/www.nortecsport.com\/de\/wp-json\/wp\/v2\/categories?post=3961"},{"taxonomy":"post_tag","embeddable":true,"href":"https:\/\/www.nortecsport.com\/de\/wp-json\/wp\/v2\/tags?post=3961"}],"curies":[{"name":"wp","href":"https:\/\/api.w.org\/{rel}","templated":true}]}}