{"id":41257,"date":"2025-11-20T12:18:50","date_gmt":"2025-11-20T10:18:50","guid":{"rendered":"https:\/\/www.nortecsport.com\/de\/?post_type=product&#038;p=41257"},"modified":"2025-12-29T13:31:14","modified_gmt":"2025-12-29T11:31:14","slug":"alp-light-2-5","status":"publish","type":"product","link":"https:\/\/www.nortecsport.com\/de\/product\/alp-light-2-5\/","title":{"rendered":"ALP Light 2.5"},"content":{"rendered":"<p>[et_pb_section fb_built=&#8220;1&#8243; _builder_version=&#8220;3.22&#8243; custom_padding=&#8220;0px|0px|0px|0px&#8220; global_colors_info=&#8220;{}&#8220;][et_pb_row column_structure=&#8220;1_2,1_2&#8243; module_class=&#8220;gq_r_inline_buttons&#8220; _builder_version=&#8220;3.25&#8243; background_size=&#8220;initial&#8220; background_position=&#8220;top_left&#8220; background_repeat=&#8220;repeat&#8220; global_colors_info=&#8220;{}&#8220;][et_pb_column type=&#8220;1_2&#8243; _builder_version=&#8220;3.25&#8243; custom_padding=&#8220;|||&#8220; global_colors_info=&#8220;{}&#8220; custom_padding__hover=&#8220;|||&#8220;][et_pb_text admin_label=&#8220;Subtitle&#8220; _builder_version=&#8220;4.14.1&#8243; text_font=&#8220;|||on|||||&#8220; text_text_color=&#8220;#000000&#8243; global_colors_info=&#8220;{}&#8220;]<\/p>\n<h2 class=\"p1\">ALP LIGHT 2.5 &#8211; trekking &amp; light mountaineering<\/h2>\n<p>[\/et_pb_text][et_pb_image src=&#8220;https:\/\/www.nortecsport.com\/de\/wp-content\/uploads\/2025\/11\/290g-1.png&#8220; title_text=&#8220;290g&#8220; _builder_version=&#8220;4.14.1&#8243; _module_preset=&#8220;default&#8220; width=&#8220;26%&#8220; global_colors_info=&#8220;{}&#8220;][\/et_pb_image][et_pb_text admin_label=&#8220;Description 1&#8243; _builder_version=&#8220;3.27.4&#8243; text_text_color=&#8220;#000000&#8243; global_colors_info=&#8220;{}&#8220;]<\/p>\n<ul>\n<li data-start=\"104\" data-end=\"190\">\n<p data-start=\"106\" data-end=\"190\">Schnelles Anziehen und hervorragender Halt am Schuh dank des High-Tech-Elastomers.<\/p>\n<\/li>\n<li data-start=\"191\" data-end=\"275\">\n<p data-start=\"193\" data-end=\"275\">Ideal auf Eis, Matsch und rutschigen Untergr\u00fcnden durch die Stahlspitzenplatten.<\/p>\n<\/li>\n<li data-start=\"276\" data-end=\"333\">\n<p data-start=\"278\" data-end=\"333\">Metallb\u00fcgel an der Spitze f\u00fcr verbesserte Stabilit\u00e4t.<\/p>\n<\/li>\n<li data-start=\"334\" data-end=\"395\">\n<p data-start=\"336\" data-end=\"395\">Kompaktes Etui aus technischem und funktionalem Material.<\/p>\n<\/li>\n<li data-start=\"396\" data-end=\"509\">\n<p data-start=\"398\" data-end=\"509\">Vielseitige Schuhkralle, die sowohl auf Wanderschuhen als auch auf Trailrunning-Schuhen getragen werden kann.<\/p>\n<\/li>\n<li><strong>Standardgr\u00f6\u00dfen, optimiert f\u00fcr leichte Bergschuhe.<\/strong><\/li>\n<\/ul>\n<p>[\/et_pb_text][et_pb_button button_url=&#8220;https:\/\/www.nortecsport.com\/en\/store-locator-2\/&#8220; url_new_window=&#8220;on&#8220; button_text=&#8220;STORE LOCATOR&#8220; admin_label=&#8220;Go to shop Button&#8220; _builder_version=&#8220;4.14.1&#8243; custom_button=&#8220;on&#8220; button_text_color=&#8220;#ffffff&#8220; button_bg_color=&#8220;#000000&#8243; button_font=&#8220;|700||on|||||&#8220; global_colors_info=&#8220;{}&#8220; button_text_size__hover_enabled=&#8220;off&#8220; button_one_text_size__hover_enabled=&#8220;off&#8220; button_two_text_size__hover_enabled=&#8220;off&#8220; button_text_color__hover_enabled=&#8220;off&#8220; button_one_text_color__hover_enabled=&#8220;off&#8220; button_two_text_color__hover_enabled=&#8220;off&#8220; button_border_width__hover_enabled=&#8220;off&#8220; button_one_border_width__hover_enabled=&#8220;off&#8220; button_two_border_width__hover_enabled=&#8220;off&#8220; button_border_color__hover_enabled=&#8220;off&#8220; button_one_border_color__hover_enabled=&#8220;off&#8220; button_two_border_color__hover_enabled=&#8220;off&#8220; button_border_radius__hover_enabled=&#8220;off&#8220; button_one_border_radius__hover_enabled=&#8220;off&#8220; button_two_border_radius__hover_enabled=&#8220;off&#8220; button_letter_spacing__hover_enabled=&#8220;off&#8220; button_one_letter_spacing__hover_enabled=&#8220;off&#8220; button_two_letter_spacing__hover_enabled=&#8220;off&#8220; button_bg_color__hover_enabled=&#8220;off&#8220; button_one_bg_color__hover_enabled=&#8220;off&#8220; button_two_bg_color__hover_enabled=&#8220;off&#8220;][\/et_pb_button][et_pb_text admin_label=&#8220;Or Text&#8220; _builder_version=&#8220;3.27.4&#8243; text_font=&#8220;|||on|||||&#8220; global_colors_info=&#8220;{}&#8220;]\u2013 ODER BESUCHE UNSEREN \u2013<br \/>\n[\/et_pb_text][et_pb_button button_url=&#8220;https:\/\/eshop.nortecsport.com\/de\/produkt\/alp-2-0-kopie\/&#8220; url_new_window=&#8220;on&#8220; button_text=&#8220;Online Shop&#8220; admin_label=&#8220;Go to shop Button&#8220; _builder_version=&#8220;4.14.1&#8243; custom_button=&#8220;on&#8220; button_text_color=&#8220;#ffffff&#8220; button_bg_color=&#8220;#000000&#8243; button_font=&#8220;|700||on|||||&#8220; global_colors_info=&#8220;{}&#8220; button_text_size__hover_enabled=&#8220;off&#8220; button_one_text_size__hover_enabled=&#8220;off&#8220; button_two_text_size__hover_enabled=&#8220;off&#8220; button_text_color__hover_enabled=&#8220;off&#8220; button_one_text_color__hover_enabled=&#8220;off&#8220; button_two_text_color__hover_enabled=&#8220;off&#8220; button_border_width__hover_enabled=&#8220;off&#8220; button_one_border_width__hover_enabled=&#8220;off&#8220; button_two_border_width__hover_enabled=&#8220;off&#8220; button_border_color__hover_enabled=&#8220;off&#8220; button_one_border_color__hover_enabled=&#8220;off&#8220; button_two_border_color__hover_enabled=&#8220;off&#8220; button_border_radius__hover_enabled=&#8220;off&#8220; button_one_border_radius__hover_enabled=&#8220;off&#8220; button_two_border_radius__hover_enabled=&#8220;off&#8220; button_letter_spacing__hover_enabled=&#8220;off&#8220; button_one_letter_spacing__hover_enabled=&#8220;off&#8220; button_two_letter_spacing__hover_enabled=&#8220;off&#8220; button_bg_color__hover_enabled=&#8220;off&#8220; button_one_bg_color__hover_enabled=&#8220;off&#8220; button_two_bg_color__hover_enabled=&#8220;off&#8220;][\/et_pb_button][\/et_pb_column][et_pb_column type=&#8220;1_2&#8243; _builder_version=&#8220;3.25&#8243; custom_padding=&#8220;|||&#8220; global_colors_info=&#8220;{}&#8220; custom_padding__hover=&#8220;|||&#8220;][et_pb_post_title title=&#8220;off&#8220; meta=&#8220;off&#8220; featured_placement=&#8220;above&#8220; _builder_version=&#8220;3.12.2&#8243; global_colors_info=&#8220;{}&#8220;][\/et_pb_post_title][et_pb_text _builder_version=&#8220;4.14.1&#8243; global_colors_info=&#8220;{}&#8220;]<\/p>\n<p><span><div class=\"rl-gallery-container rl-loading\" id=\"rl-gallery-container-1\" data-gallery_id=\"41266\"> <div class=\"rl-gallery rl-basicgrid-gallery \" id=\"rl-gallery-1\" data-gallery_no=\"1\"> <div class=\"rl-gallery-item\"><a href=\"https:\/\/www.nortecsport.com\/de\/wp-content\/uploads\/2025\/11\/ALPLight_Side_2025-scaled.jpg\" title=\"\" data-rl_title=\"\" class=\"rl-gallery-link\" data-rl_caption=\"\" data-rel=\"lightbox-gallery-1\"><img loading=\"lazy\" src=\"https:\/\/www.nortecsport.com\/de\/wp-content\/uploads\/2025\/11\/ALPLight_Side_2025-300x227.jpg\" width=\"300\" height=\"227\" \/><\/a><\/div><div class=\"rl-gallery-item\"><a href=\"https:\/\/www.nortecsport.com\/de\/wp-content\/uploads\/2025\/11\/ALPLight_Bottom_2025-1-scaled.jpg\" title=\"\" data-rl_title=\"\" class=\"rl-gallery-link\" data-rl_caption=\"\" data-rel=\"lightbox-gallery-1\"><img loading=\"lazy\" src=\"https:\/\/www.nortecsport.com\/de\/wp-content\/uploads\/2025\/11\/ALPLight_Bottom_2025-1-300x133.jpg\" width=\"300\" height=\"133\" \/><\/a><\/div><div class=\"rl-gallery-item\"><a href=\"https:\/\/www.nortecsport.com\/de\/wp-content\/uploads\/2025\/11\/ALPLight_Main-scaled.jpg\" title=\"\" data-rl_title=\"\" class=\"rl-gallery-link\" data-rl_caption=\"\" data-rel=\"lightbox-gallery-1\"><img loading=\"lazy\" src=\"https:\/\/www.nortecsport.com\/de\/wp-content\/uploads\/2025\/11\/ALPLight_Main-300x249.jpg\" width=\"300\" height=\"249\" \/><\/a><\/div><div class=\"rl-gallery-item\"><a href=\"https:\/\/www.nortecsport.com\/de\/wp-content\/uploads\/2025\/11\/NORTEC_CramponBag_black-scaled.jpg\" title=\"\" data-rl_title=\"\" class=\"rl-gallery-link\" data-rl_caption=\"\" data-rel=\"lightbox-gallery-1\"><img loading=\"lazy\" src=\"https:\/\/www.nortecsport.com\/de\/wp-content\/uploads\/2025\/11\/NORTEC_CramponBag_black-300x185.jpg\" width=\"300\" height=\"185\" \/><\/a><\/div> <\/div> <\/div><\/span><\/p>\n<p>[\/et_pb_text][et_pb_button button_url=&#8220;@ET-DC@eyJkeW5hbWljIjp0cnVlLCJjb250ZW50IjoicG9zdF9saW5rX3VybF9hdHRhY2htZW50Iiwic2V0dGluZ3MiOnsicG9zdF9pZCI6IjQwNDU1In19@&#8220; url_new_window=&#8220;on&#8220; button_text=&#8220;Bedienungsanleitung&#8220; admin_label=&#8220;How to fit&#8220; _builder_version=&#8220;4.14.1&#8243; _dynamic_attributes=&#8220;button_url&#8220; custom_button=&#8220;on&#8220; button_text_color=&#8220;#ff00d4&#8243; button_bg_color=&#8220;#ffffff&#8220; button_border_color=&#8220;#ff00d4&#8243; background_layout=&#8220;dark&#8220; global_colors_info=&#8220;{}&#8220; button_text_size__hover_enabled=&#8220;off&#8220; button_one_text_size__hover_enabled=&#8220;off&#8220; button_two_text_size__hover_enabled=&#8220;off&#8220; button_text_color__hover_enabled=&#8220;off&#8220; button_one_text_color__hover_enabled=&#8220;off&#8220; button_two_text_color__hover_enabled=&#8220;off&#8220; button_border_width__hover_enabled=&#8220;off&#8220; button_one_border_width__hover_enabled=&#8220;off&#8220; button_two_border_width__hover_enabled=&#8220;off&#8220; button_border_color__hover_enabled=&#8220;off&#8220; button_one_border_color__hover_enabled=&#8220;off&#8220; button_two_border_color__hover_enabled=&#8220;off&#8220; button_border_radius__hover_enabled=&#8220;off&#8220; button_one_border_radius__hover_enabled=&#8220;off&#8220; button_two_border_radius__hover_enabled=&#8220;off&#8220; button_letter_spacing__hover_enabled=&#8220;off&#8220; button_one_letter_spacing__hover_enabled=&#8220;off&#8220; button_two_letter_spacing__hover_enabled=&#8220;off&#8220; button_bg_color__hover_enabled=&#8220;off&#8220; button_one_bg_color__hover_enabled=&#8220;off&#8220; button_two_bg_color__hover_enabled=&#8220;off&#8220;][\/et_pb_button][et_pb_button button_url=&#8220;@ET-DC@eyJkeW5hbWljIjp0cnVlLCJjb250ZW50IjoicG9zdF9saW5rX3VybF9hdHRhY2htZW50Iiwic2V0dGluZ3MiOnsicG9zdF9pZCI6IjQxMzE0In19@&#8220; url_new_window=&#8220;on&#8220; button_text=&#8220;Perfekte Passform ermitteln&#8220; admin_label=&#8220;How to fit&#8220; _builder_version=&#8220;4.14.1&#8243; _dynamic_attributes=&#8220;button_url&#8220; custom_button=&#8220;on&#8220; button_text_color=&#8220;#ff00d4&#8243; button_bg_color=&#8220;#ffffff&#8220; button_border_color=&#8220;#ff00d4&#8243; background_layout=&#8220;dark&#8220; hover_enabled=&#8220;0&#8243; global_colors_info=&#8220;{}&#8220; button_text_size__hover_enabled=&#8220;off&#8220; button_one_text_size__hover_enabled=&#8220;off&#8220; button_two_text_size__hover_enabled=&#8220;off&#8220; button_text_color__hover_enabled=&#8220;off&#8220; button_one_text_color__hover_enabled=&#8220;off&#8220; button_two_text_color__hover_enabled=&#8220;off&#8220; button_border_width__hover_enabled=&#8220;off&#8220; button_one_border_width__hover_enabled=&#8220;off&#8220; button_two_border_width__hover_enabled=&#8220;off&#8220; button_border_color__hover_enabled=&#8220;off&#8220; button_one_border_color__hover_enabled=&#8220;off&#8220; button_two_border_color__hover_enabled=&#8220;off&#8220; button_border_radius__hover_enabled=&#8220;off&#8220; button_one_border_radius__hover_enabled=&#8220;off&#8220; button_two_border_radius__hover_enabled=&#8220;off&#8220; button_letter_spacing__hover_enabled=&#8220;off&#8220; button_one_letter_spacing__hover_enabled=&#8220;off&#8220; button_two_letter_spacing__hover_enabled=&#8220;off&#8220; button_bg_color__hover_enabled=&#8220;off&#8220; button_one_bg_color__hover_enabled=&#8220;off&#8220; button_two_bg_color__hover_enabled=&#8220;off&#8220; sticky_enabled=&#8220;0&#8243;][\/et_pb_button][et_pb_button button_url=&#8220;@ET-DC@eyJkeW5hbWljIjp0cnVlLCJjb250ZW50IjoicG9zdF9saW5rX3VybF9hdHRhY2htZW50Iiwic2V0dGluZ3MiOnsicG9zdF9pZCI6IjQxMzE1In19@&#8220; url_new_window=&#8220;on&#8220; button_text=&#8220;Konformit\u00e4tserkl\u00e4rung&#8220; admin_label=&#8220;How to fit&#8220; _builder_version=&#8220;4.14.1&#8243; _dynamic_attributes=&#8220;button_url&#8220; custom_button=&#8220;on&#8220; button_text_color=&#8220;#ff00d4&#8243; button_bg_color=&#8220;#ffffff&#8220; button_border_color=&#8220;#ff00d4&#8243; background_layout=&#8220;dark&#8220; hover_enabled=&#8220;0&#8243; global_colors_info=&#8220;{}&#8220; button_text_size__hover_enabled=&#8220;off&#8220; button_one_text_size__hover_enabled=&#8220;off&#8220; button_two_text_size__hover_enabled=&#8220;off&#8220; button_text_color__hover_enabled=&#8220;off&#8220; button_one_text_color__hover_enabled=&#8220;off&#8220; button_two_text_color__hover_enabled=&#8220;off&#8220; button_border_width__hover_enabled=&#8220;off&#8220; button_one_border_width__hover_enabled=&#8220;off&#8220; button_two_border_width__hover_enabled=&#8220;off&#8220; button_border_color__hover_enabled=&#8220;off&#8220; button_one_border_color__hover_enabled=&#8220;off&#8220; button_two_border_color__hover_enabled=&#8220;off&#8220; button_border_radius__hover_enabled=&#8220;off&#8220; button_one_border_radius__hover_enabled=&#8220;off&#8220; button_two_border_radius__hover_enabled=&#8220;off&#8220; button_letter_spacing__hover_enabled=&#8220;off&#8220; button_one_letter_spacing__hover_enabled=&#8220;off&#8220; button_two_letter_spacing__hover_enabled=&#8220;off&#8220; button_bg_color__hover_enabled=&#8220;off&#8220; button_one_bg_color__hover_enabled=&#8220;off&#8220; button_two_bg_color__hover_enabled=&#8220;off&#8220; sticky_enabled=&#8220;0&#8243;][\/et_pb_button][\/et_pb_column][\/et_pb_row][\/et_pb_section][et_pb_section fb_built=&#8220;1&#8243; _builder_version=&#8220;3.22&#8243; custom_padding=&#8220;0px|0px|0px|0px&#8220; global_colors_info=&#8220;{}&#8220;][et_pb_row _builder_version=&#8220;3.25&#8243; background_size=&#8220;initial&#8220; background_position=&#8220;top_left&#8220; background_repeat=&#8220;repeat&#8220; global_colors_info=&#8220;{}&#8220;][et_pb_column type=&#8220;4_4&#8243; _builder_version=&#8220;3.25&#8243; custom_padding=&#8220;|||&#8220; global_colors_info=&#8220;{}&#8220; custom_padding__hover=&#8220;|||&#8220;][et_pb_divider color=&#8220;#cecece&#8220; _builder_version=&#8220;3.12.2&#8243; global_colors_info=&#8220;{}&#8220;][\/et_pb_divider][\/et_pb_column][\/et_pb_row][\/et_pb_section][et_pb_section fb_built=&#8220;1&#8243; _builder_version=&#8220;3.22&#8243; custom_padding=&#8220;0px|0px|0px|0px&#8220; global_colors_info=&#8220;{}&#8220;][et_pb_row column_structure=&#8220;1_2,1_2&#8243; _builder_version=&#8220;3.25&#8243; background_size=&#8220;initial&#8220; background_position=&#8220;top_left&#8220; background_repeat=&#8220;repeat&#8220; global_colors_info=&#8220;{}&#8220;][et_pb_column type=&#8220;1_2&#8243; _builder_version=&#8220;3.25&#8243; custom_padding=&#8220;|||&#8220; global_colors_info=&#8220;{}&#8220; custom_padding__hover=&#8220;|||&#8220;][et_pb_text admin_label=&#8220;Tec Spec title&#8220; _builder_version=&#8220;3.27.4&#8243; text_font=&#8220;|||on|||||&#8220; text_text_color=&#8220;#000000&#8243; global_colors_info=&#8220;{}&#8220;]<\/p>\n<h2>TECHNISCHE DATEN<\/h2>\n<p>[\/et_pb_text][et_pb_text admin_label=&#8220;Description&#8220; _builder_version=&#8220;4.14.1&#8243; text_text_color=&#8220;#000000&#8243; global_colors_info=&#8220;{}&#8220;]<\/p>\n<ul>\n<li>\n<p data-start=\"130\" data-end=\"249\"><strong data-start=\"130\" data-end=\"153\">High-Tech-Elastomer<\/strong><br data-start=\"153\" data-end=\"156\" \/>F\u00fcr schnelles und bequemes Anziehen sowie perfekte Positionierung der leichten Schuhkralle.<\/p>\n<\/li>\n<li>\n<p data-start=\"130\" data-end=\"249\"><strong data-start=\"251\" data-end=\"280\">Gedrehte Edelstahlkette<\/strong><br data-start=\"280\" data-end=\"283\" \/>Verbessert den Grip und gew\u00e4hrleistet Zuverl\u00e4ssigkeit.<\/p>\n<\/li>\n<li>\n<p data-start=\"130\" data-end=\"249\"><strong data-start=\"341\" data-end=\"364\">Aufbewahrungstasche<\/strong><br data-start=\"364\" data-end=\"367\" \/>Hergestellt aus technischem und funktionalem Material. Robustes und langlebiges Nylon mit Rei\u00dfverschluss. Perforiertes Panel f\u00fcr schnelles Trocknen nasser Schuhkrallen.<\/p>\n<\/li>\n<li>\n<p data-start=\"130\" data-end=\"249\"><strong data-start=\"539\" data-end=\"565\">Struktur aus Edelstahl<\/strong><br data-start=\"565\" data-end=\"568\" \/>Komplett aus hochfesten Edelstahlkomponenten gefertigt, um Rost und Oxidation zu verhindern.<\/p>\n<\/li>\n<li>\n<p data-start=\"130\" data-end=\"249\"><strong data-start=\"664\" data-end=\"685\">13-PUNKT-STRUKTUR<\/strong><br data-start=\"685\" data-end=\"688\" \/>9 radial angeordnete Platten vorne und hinten, 9 mm vorne und 11 mm hinten. Das perfekte Gleichgewicht zwischen Grip und Komfort.<\/p>\n<\/li>\n<\/ul>\n<p>[\/et_pb_text][\/et_pb_column][et_pb_column type=&#8220;1_2&#8243; _builder_version=&#8220;3.25&#8243; custom_padding=&#8220;|||&#8220; global_colors_info=&#8220;{}&#8220; custom_padding__hover=&#8220;|||&#8220;][et_pb_text admin_label=&#8220;Sizes &#038; Weight&#8220; _builder_version=&#8220;3.27.4&#8243; text_font=&#8220;|||on|||||&#8220; text_text_color=&#8220;#000000&#8243; global_colors_info=&#8220;{}&#8220;]<\/p>\n<h2>Sizes &amp; Weight<\/h2>\n<p>[\/et_pb_text][et_pb_text _builder_version=&#8220;4.14.1&#8243; _module_preset=&#8220;default&#8220; global_colors_info=&#8220;{}&#8220;]<\/p>\n<p>Die Gr\u00f6\u00dfe der Schuhkralle richtet sich neben der Standard-Schuhgr\u00f6\u00dfe auch nach der Form und den Au\u00dfenma\u00dfen des Schuhs.<\/p>\n<p>[\/et_pb_text][et_pb_image src=&#8220;https:\/\/www.nortecsport.com\/de\/wp-content\/uploads\/2025\/11\/sizes-alplight-1.png&#8220; title_text=&#8220;sizes alplight&#8220; align_tablet=&#8220;center&#8220; align_phone=&#8220;&#8220; align_last_edited=&#8220;on|desktop&#8220; admin_label=&#8220;Table Sizes&#8220; _builder_version=&#8220;4.14.1&#8243; global_colors_info=&#8220;{}&#8220;][\/et_pb_image][\/et_pb_column][\/et_pb_row][\/et_pb_section][et_pb_section fb_built=&#8220;1&#8243; _builder_version=&#8220;3.22&#8243; global_colors_info=&#8220;{}&#8220;][et_pb_row _builder_version=&#8220;3.25&#8243; background_size=&#8220;initial&#8220; background_position=&#8220;top_left&#8220; background_repeat=&#8220;repeat&#8220; global_colors_info=&#8220;{}&#8220;][et_pb_column type=&#8220;4_4&#8243; _builder_version=&#8220;3.25&#8243; custom_padding=&#8220;|||&#8220; global_colors_info=&#8220;{}&#8220; custom_padding__hover=&#8220;|||&#8220;][et_pb_divider color=&#8220;#cecece&#8220; _builder_version=&#8220;3.12.2&#8243; global_colors_info=&#8220;{}&#8220;][\/et_pb_divider][\/et_pb_column][\/et_pb_row][\/et_pb_section][et_pb_section fb_built=&#8220;1&#8243; _builder_version=&#8220;3.22&#8243; custom_padding=&#8220;0px|0px|0px|0px&#8220; global_colors_info=&#8220;{}&#8220;][et_pb_row column_structure=&#8220;1_2,1_2&#8243; _builder_version=&#8220;3.25&#8243; background_size=&#8220;initial&#8220; background_position=&#8220;top_left&#8220; background_repeat=&#8220;repeat&#8220; global_colors_info=&#8220;{}&#8220;][et_pb_column type=&#8220;1_2&#8243; _builder_version=&#8220;3.25&#8243; custom_padding=&#8220;|||&#8220; global_colors_info=&#8220;{}&#8220; custom_padding__hover=&#8220;|||&#8220;][et_pb_text admin_label=&#8220;Description Title&#8220; _builder_version=&#8220;3.27.4&#8243; text_font=&#8220;|||on|||||&#8220; text_text_color=&#8220;#000000&#8243; global_colors_info=&#8220;{}&#8220;]<\/p>\n<h2>Beschreibung<\/h2>\n<p>[\/et_pb_text][et_pb_text admin_label=&#8220;Description Text&#8220; _builder_version=&#8220;4.14.1&#8243; text_text_color=&#8220;#000000&#8243; global_colors_info=&#8220;{}&#8220;]<\/p>\n<p data-start=\"131\" data-end=\"197\"><strong data-start=\"131\" data-end=\"155\">LEICHTE Schuhkrallen<\/strong><br data-start=\"155\" data-end=\"158\" \/><strong data-start=\"158\" data-end=\"195\">Trekking und leichtes Bergsteigen<\/strong><\/p>\n<p data-start=\"199\" data-end=\"408\">Entwickelt und getestet, um den Anforderungen des leichten Bergsteigens gerecht zu werden.<br data-start=\"289\" data-end=\"292\" \/>Dank der Spinnenplatten der Schuhkralle wird jederzeit perfekte Kontrolle auf Eis und hartem Schnee gew\u00e4hrleistet.<\/p>\n<p>[\/et_pb_text][\/et_pb_column][et_pb_column type=&#8220;1_2&#8243; _builder_version=&#8220;3.25&#8243; custom_padding=&#8220;|||&#8220; global_colors_info=&#8220;{}&#8220; custom_padding__hover=&#8220;|||&#8220;][et_pb_text admin_label=&#8220;Certifications&#8220; _builder_version=&#8220;3.27.4&#8243; text_font=&#8220;|||on|||||&#8220; text_text_color=&#8220;#000000&#8243; global_colors_info=&#8220;{}&#8220;]<\/p>\n<h2>Certifications<\/h2>\n<p>[\/et_pb_text][et_pb_image src=&#8220;https:\/\/www.nortecsport.com\/de\/wp-content\/uploads\/2025\/11\/cert_alplight-1.svg&#8220; title_text=&#8220;cert_alplight&#8220; force_fullwidth=&#8220;on&#8220; align_tablet=&#8220;center&#8220; align_phone=&#8220;&#8220; align_last_edited=&#8220;on|desktop&#8220; _builder_version=&#8220;4.14.1&#8243; global_colors_info=&#8220;{}&#8220;][\/et_pb_image][\/et_pb_column][\/et_pb_row][\/et_pb_section]<\/p>\n","protected":false},"excerpt":{"rendered":"<p>ALP LIGHT 2.5 &#8211; trekking &amp; light mountaineering Schnelles Anziehen und hervorragender Halt am Schuh dank des High-Tech-Elastomers. Ideal auf Eis, Matsch und rutschigen Untergr\u00fcnden durch die Stahlspitzenplatten. Metallb\u00fcgel an der Spitze f\u00fcr verbesserte Stabilit\u00e4t. Kompaktes Etui aus technischem und funktionalem Material. Vielseitige Schuhkralle, die sowohl auf Wanderschuhen als auch auf Trailrunning-Schuhen getragen werden kann. [&hellip;]<\/p>\n","protected":false},"featured_media":41263,"template":"","meta":{"_et_pb_use_builder":"on","_et_pb_old_content":"","_et_gb_content_width":""},"categories":[25,21,24],"tags":[],"acf":[],"_links":{"self":[{"href":"https:\/\/www.nortecsport.com\/de\/wp-json\/wp\/v2\/product\/41257"}],"collection":[{"href":"https:\/\/www.nortecsport.com\/de\/wp-json\/wp\/v2\/product"}],"about":[{"href":"https:\/\/www.nortecsport.com\/de\/wp-json\/wp\/v2\/types\/product"}],"version-history":[{"count":5,"href":"https:\/\/www.nortecsport.com\/de\/wp-json\/wp\/v2\/product\/41257\/revisions"}],"predecessor-version":[{"id":41317,"href":"https:\/\/www.nortecsport.com\/de\/wp-json\/wp\/v2\/product\/41257\/revisions\/41317"}],"wp:featuredmedia":[{"embeddable":true,"href":"https:\/\/www.nortecsport.com\/de\/wp-json\/wp\/v2\/media\/41263"}],"wp:attachment":[{"href":"https:\/\/www.nortecsport.com\/de\/wp-json\/wp\/v2\/media?parent=41257"}],"wp:term":[{"taxonomy":"category","embeddable":true,"href":"https:\/\/www.nortecsport.com\/de\/wp-json\/wp\/v2\/categories?post=41257"},{"taxonomy":"post_tag","embeddable":true,"href":"https:\/\/www.nortecsport.com\/de\/wp-json\/wp\/v2\/tags?post=41257"}],"curies":[{"name":"wp","href":"https:\/\/api.w.org\/{rel}","templated":true}]}}