{"id":32397,"date":"2018-09-20T07:26:31","date_gmt":"2018-09-20T07:26:31","guid":{"rendered":"http:\/\/stage.nortecsport.com\/?page_id=32397"},"modified":"2021-03-29T08:18:20","modified_gmt":"2021-03-29T06:18:20","slug":"our-partner","status":"publish","type":"page","link":"https:\/\/www.nortecsport.com\/it\/brand\/our-partner\/","title":{"rendered":"OUR PARTNERS"},"content":{"rendered":"<p>[et_pb_section bb_built=&#8221;1&#8243; fullwidth=&#8221;off&#8221; specialty=&#8221;off&#8221;][et_pb_row][et_pb_column type=&#8221;1_3&#8243;][et_pb_text admin_label=&#8221;Italy&#8221; _builder_version=&#8221;3.12.2&#8243;]<\/p>\n<h3>ITALY<\/h3>\n<p><strong>Friuli Venezia Giulia \u2013 Veneto \u2013 Trentino Alto Adige<\/strong><br \/>\nDavide Incubi (Tel: +39 335 8252923 \/\u00a0<a href=\"mailto:davideincubi@gmail.com\">davideincubi@gmail.com<\/a>)<br \/>\nFederica Ruzzante (Tel: +39 328 2928320 \/\u00a0<a href=\"mailto:federicaoutdoor@gmail.com\">federicaoutdoor@gmail.com<\/a>)<\/p>\n<p><strong>Piemonte \u2013 Valle D\u2019Aosta \u2013 Liguria<\/strong><br \/>\nSoluzioni Sportive<br \/>\nGuglielmo Vergano (Tel: +39 335 6365201 \/\u00a0<a href=\"mailto:info@soluzionisportive.net\">info@soluzionisportive.net<\/a>)<br \/>\nAndrea Diamanti (Tel: +39 11 3724059 \/\u00a0<a href=\"mailto:info@soluzionisportive.net\">info@soluzionisportive.net<\/a>)<\/p>\n<p><strong>Lombardia<\/strong><br \/>\nDanilo Valsecchi (Tel: +39 335 5941554 \/\u00a0<a href=\"mailto:danilovalsecchi@tiscali.it\">danilovalsecchi@tiscali.it<\/a>)<\/p>\n<p><strong>Emilia Romagna<\/strong><br \/>\nDaniel Bocchi (Tel: +39 349 6926071\/\u00a0<a href=\"mailto:daniel@agenziabocchi.com\">daniel@agenziabocchi.com<\/a>)<\/p>\n<p><strong>Toscana<\/strong><br \/>\nAlessandro Pacini (Tel: +39 337 679551 \/\u00a0<a class=\"oe_form_uri\" href=\"mailto:pacini.alessandro@tin.it\">pacini.alessandro@tin.it<\/a>)<\/p>\n<p><strong>Abruzzo \u2013 Molise \u2013 Basilicata<\/strong><br \/>\nAlessandro Di Matteo (Tel: +39 335 5484102 \/\u00a0<a class=\"oe_form_uri\" href=\"mailto:info@dimatteorappresentanze.it\">info@dimatteorappresentanze.it<\/a>)<\/p>\n<p><strong>Tutte le altre Regioni<br \/>\n<\/strong>Nortec Sport \u2013 Caterina Fiorini (Tel: +39 444 1834030 \/\u00a0<a href=\"mailto:italia@nortecsport.com\">italia@nortecsport.com<\/a>)<\/p>\n<p>[\/et_pb_text][et_pb_text admin_label=&#8221;UK&#8221; _builder_version=&#8221;3.12.2&#8243;]<\/p>\n<h3>UNITED KINGDOM<\/h3>\n<p><strong>Lyon Equipment Limited<\/strong><br \/>\nUnit 3-7, Tebay Business Park<br \/>\nOld Tebay, Penrith\u00a0CA10 3SS<br \/>\nUK<br \/>\nTel.\u00a0+44 1539624040<\/p>\n<p>E-mail:\u00a0<a href=\"mailto:outdoor@lyon.co.uk\">outdoor@lyon.co.uk<\/a><br \/>\n<a href=\"http:\/\/www.lyon.co.uk\/\">http:\/\/www.lyon.co.uk\/<\/a><\/p>\n<p>[\/et_pb_text][et_pb_text admin_label=&#8221;Slovakia&#8221; _builder_version=&#8221;3.12.2&#8243;]<\/p>\n<h3>SLOVAKIA<\/h3>\n<p><strong>Fatra<\/strong><br \/>\nPriekopsk\u00e1 3686\/66<br \/>\n03601\u00a0Martin<br \/>\nSlovakia<br \/>\nTel.\u00a0+421 905 197 899<\/p>\n<p>E-mail:\u00a0<a href=\"mailto:fatra@fatra.eu.sk\">fatra@fatra.eu.sk<\/a><br \/>\n<a href=\"http:\/\/www.fatra.eu.sk\/\">http:\/\/www.fatra.eu.sk\/<\/a><\/p>\n<p>[\/et_pb_text][et_pb_text admin_label=&#8221;Czech&#8221; _builder_version=&#8221;3.12.2&#8243;]<\/p>\n<h3>CZECH REPUBLIC<\/h3>\n<p><strong>Hudy<\/strong><br \/>\n405 02 Bynovec 138<br \/>\nD\u011b\u010d\u00edn<br \/>\nCzech Republic<br \/>\nTel.\u00a0+420 412 589 961<\/p>\n<p>E-mail:\u00a0<a href=\"mailto:info@hudy.cz\">info@hudy.cz<\/a><br \/>\n<a href=\"http:\/\/www.hudy.cz\/\">http:\/\/www.hudy.cz\/<\/a><\/p>\n<p>[\/et_pb_text][et_pb_text admin_label=&#8221;Andorra&#8221; _builder_version=&#8221;3.12.2&#8243;]<\/p>\n<h3>ANDORRA<\/h3>\n<p><strong>Tecnica Alpina<\/strong><br \/>\nEdifici Baccara 11 2 1 Bloque B<br \/>\nAD500<br \/>\nAndorra la Vella<br \/>\nTel.\u00a0+376 331 822<\/p>\n<p>E-mail:\u00a0<a href=\"mailto:%C2%A0tecnicaalpina@andorra.ad\">\u00a0tecnicaalpina@andorra.ad<\/a><br \/>\n<a href=\"http:\/\/www.tecnicaalpina.com\/\">http:\/\/www.tecnicaalpina.com\/<\/a><\/p>\n<p>[\/et_pb_text][et_pb_text admin_label=&#8221;Norway&#8221; _builder_version=&#8221;3.12.2&#8243;]<\/p>\n<h3>NORWAY<\/h3>\n<p><strong>ATELLO AS<br \/>\n<\/strong>P.O. Box 311<br \/>\nN-3301 Hokksund<br \/>\nNorway<br \/>\nTel. +47 32 25 21 00<br \/>\nE-mail:\u00a0\u00a0<a href=\"mailto:atello@atello.no\">atello@atello.no<\/a><a href=\"mailto:atello@atello.no\"><br \/>\n<\/a><a href=\"http:\/\/www.atello.no\/\">www.atello.no<\/a><\/p>\n<p>[\/et_pb_text][\/et_pb_column][et_pb_column type=&#8221;1_3&#8243;][et_pb_text admin_label=&#8221;France&#8221; _builder_version=&#8221;3.12.2&#8243;]<\/p>\n<h3>FRANCE<\/h3>\n<p><strong>PL Diffusion<\/strong><br \/>\nLe Village<br \/>\n26210 Moras en Valloire<br \/>\nFrance<br \/>\nT\u00e9l. 04 75 31 60 76<\/p>\n<p>E-mail:\u00a0<a href=\"mailto:p.l.diffusion@wanadoo.fr\">p.l.diffusion@wanadoo.fr<\/a><br \/>\n<a href=\"http:\/\/www.pl-diffusion.fr\/\">http:\/\/www.pl-diffusion.fr\/<\/a><\/p>\n<p>[\/et_pb_text][et_pb_text admin_label=&#8221;Austria&#8221; _builder_version=&#8221;3.12.2&#8243;]<\/p>\n<h3>AUSTRIA<\/h3>\n<p><strong>Sail &amp; Surf Produktions- und<br \/>\nHandelsgesellschaft m.b.H<\/strong><br \/>\nBundesstra\u00dfe 55<br \/>\n4822 Bad Goisern<br \/>\nTel.: 06135 20633-0<\/p>\n<p>E-Mail:\u00a0<a class=\"moz-txt-link-abbreviated\" href=\"mailto:office@sailsurf.at\">office@sailsurf.at<\/a><br \/>\n<a class=\"moz-txt-link-abbreviated\" href=\"http:\/\/www.sailsurf.at\/\">www.sailsurf.at<\/a><\/p>\n<p>[\/et_pb_text][et_pb_text _builder_version=&#8221;3.12.2&#8243;]<\/p>\n<h3>ICELAND<\/h3>\n<p><strong>Vetrarheimar EHF<\/strong><br \/>\nSkeifan 6<br \/>\n108\u00a0Reykjav\u00edk<br \/>\nIceland<br \/>\nTel.\u00a0+354 533 4450<\/p>\n<p>E-mail:\u00a0<a href=\"mailto:everest@everest.is\">everest@everest.is<\/a><br \/>\n<a href=\"http:\/\/www.everest.is\/\">http:\/\/www.everest.is\/<\/a><\/p>\n<p>[\/et_pb_text][et_pb_text admin_label=&#8221;Poland&#8221; _builder_version=&#8221;3.12.2&#8243;]<\/p>\n<h3>POLAND<\/h3>\n<p><strong>Paker s.p. Z o.o.<\/strong><br \/>\nUl. Plocka 17 lok. 8<br \/>\n01-231\u00a0Warszawa<br \/>\nPoland<br \/>\nTel.\u00a0+48226318201<\/p>\n<p>E-mail:\u00a0<a href=\"mailto:paker@paker.pl\">paker@paker.pl<\/a><br \/>\n<a href=\"http:\/\/www.paker.pl\/\/\">http:\/\/www.paker.pl\/<\/a><\/p>\n<p>[\/et_pb_text][et_pb_text admin_label=&#8221;Lithuania&#8221; _builder_version=&#8221;3.12.2&#8243;]<\/p>\n<h3>LITHUANIA<\/h3>\n<p><strong>Montis Magia<\/strong><br \/>\nKalvarij\u0173 g. 9<br \/>\nVilnius<br \/>\nLithuania<br \/>\nTel.\u00a0+370 699 52012<\/p>\n<p>E-mail:\u00a0<a href=\"mailto:%C2%A0info@montismagia.lt\">\u00a0info@montismagia.lt<\/a><br \/>\n<a href=\"http:\/\/www.montismagia.lt\/\">http:\/\/www.montismagia.lt\/<\/a><\/p>\n<p>[\/et_pb_text][et_pb_text admin_label=&#8221;Sweden&#8221; _builder_version=&#8221;3.12.2&#8243;]<\/p>\n<h3>SWEDEN<\/h3>\n<p><strong>Venkanto<\/strong><br \/>\nKanslihusgr\u00e4nd, 3<br \/>\n18368 T\u00e4by<br \/>\nSweden<br \/>\nTel.\u00a0+46 707-16 12 87<\/p>\n<p>E-mail:\u00a0<a href=\"mailto:%20peter@venkanto.se\">\u00a0peter@venkanto.se<\/a><br \/>\n<a href=\"http:\/\/venkanto.com\/\">http:\/\/venkanto.com\/<\/a><\/p>\n<p>[\/et_pb_text][et_pb_text admin_label=&#8221;Iran&#8221; _builder_version=&#8221;3.12.2&#8243;]<\/p>\n<h3>IRAN<\/h3>\n<p><strong>BRISS CO<br \/>\n<\/strong>#18,No.478,<br \/>\nAshrafi Esfahani Ave.,<br \/>\nTehran \u2013 Iran<br \/>\nTel. +98 21 44460000<br \/>\nE-mail:\u00a0\u00a0<a href=\"http:\/\/briss.ir\/#\">info@briss.ir<\/a><a href=\"mailto:info@briss.ir\"><br \/>\n<\/a><a href=\"http:\/\/briss.ir\/#home\">http:\/\/briss.ir\/#home<\/a><\/p>\n<p>[\/et_pb_text][et_pb_text admin_label=&#8221;Hungary&#8221; _builder_version=&#8221;3.12.2&#8243;]<\/p>\n<h3>HUNGARY<\/h3>\n<p><strong>Mountex Alpin Design Kft.<br \/>\n<\/strong>16. Rzsa u.<br \/>\n2000 Szentendre Hungary<br \/>\nPhone: +36 26 501 220<br \/>\nFax: +36 26 501 221<br \/>\nE-mail:\u00a0\u00a0<a href=\"mailto:mountex@mountex.hu\">mountex@mountex.hu<\/a><a href=\"mailto:info@briss.ir\"><br \/>\n<\/a><a href=\"https:\/\/www.mountex.hu\/\">https:\/\/www.mountex.hu\/<\/a><\/p>\n<p>[\/et_pb_text][\/et_pb_column][et_pb_column type=&#8221;1_3&#8243;][et_pb_text admin_label=&#8221;Swiss&#8221; _builder_version=&#8221;3.12.2&#8243;]<\/p>\n<h3>SWISS<\/h3>\n<p><strong>ICON Outdoor AG<\/strong><br \/>\nAathalstrasse 84 \/ Tr\u00fcmplerareal<br \/>\nCH \u2013 8610 Uster<br \/>\nSwitzerland<\/p>\n<p>Tel.+41 44 388 41 21<br \/>\nFax+41 44 382 20 76<br \/>\nE-Mail:\u00a0<a href=\"mailto:contact@icon-outdoor.ch\">contact@icon-outdoor.ch<\/a><br \/>\n<a href=\"http:\/\/www.icon-outdoor.ch\/\">www.icon-outdoor.ch<\/a><\/p>\n<p><strong>Scarpa Schuhe AG<\/strong><br \/>\nL\u00f6rracherstr. 60 \/ 4125 Riehen<br \/>\nSwitzerland<\/p>\n<p>T. +49 7621 9161570<br \/>\nF. +49 7621 9161571<br \/>\n<a href=\"https:\/\/www.scarpa-schuhe.de\/\">www.scarpa-schuhe.de<\/a><\/p>\n<p>[\/et_pb_text][et_pb_text admin_label=&#8221;Spain&#8221; _builder_version=&#8221;3.12.2&#8243;]<\/p>\n<h3>SPAIN<\/h3>\n<p><strong>Jausun Import Export S.L.<\/strong><br \/>\nC\/Jaume I,2<br \/>\n25660\u00a0Alcoletge, Lleida<br \/>\nSpain<br \/>\nTel.\u00a0+34 973196238<\/p>\n<p>E-mail:\u00a0<a href=\"mailto:info@jausun.com\">info@jausun.com<\/a><br \/>\n<a href=\"http:\/\/www.jausun.com\/\">http:\/\/www.jausun.com\/<\/a><\/p>\n<p>[\/et_pb_text][et_pb_text admin_label=&#8221;Bulgary&#8221; _builder_version=&#8221;3.12.2&#8243;]<\/p>\n<h3>BULGARY<\/h3>\n<p><strong>Camping Rocks<\/strong><br \/>\nNikolay Haytov Str, 2B<br \/>\nSofia<br \/>\nBulgaria<br \/>\nTel.\u00a0+359 888 644 888\/+359 884 102 910<\/p>\n<p>E-mail:\u00a0<a href=\"mailto:office@campingrocks.bg\">office@campingrocks.bg<\/a><br \/>\n<a href=\"http:\/\/campingrocks.bg\/\">http:\/\/CampingRocks.bg<\/a><\/p>\n<p>[\/et_pb_text][et_pb_text admin_label=&#8221;Romania&#8221; _builder_version=&#8221;3.12.2&#8243;]<\/p>\n<h3>ROMANIA<\/h3>\n<p><strong>Mormota<\/strong><br \/>\nStr Sighisoarei nr. 11<br \/>\nCluj Napoca<br \/>\nRomania<br \/>\nTel.\u00a00786-224241, 0264-436343, 0264-439362<\/p>\n<p>E-mail:\u00a0<a href=\"mailto:%C2%A0contact@mormota.ro\">\u00a0contact@mormota.ro<\/a><br \/>\n<a href=\"http:\/\/www.nortecsport.com\/de\/distributors\/www.mormota.ro\">www.mormota.ro<\/a><\/p>\n<p>[\/et_pb_text][et_pb_text admin_label=&#8221;Slovenia&#8221; _builder_version=&#8221;3.12.2&#8243;]<\/p>\n<h3>SLOVENIA<\/h3>\n<p><strong>Sport 11\/11<\/strong><br \/>\nMilje 57<br \/>\n4212 Visoko<br \/>\nSlovenia<br \/>\nTel.\u00a0386 59\/097 425<\/p>\n<p>E-mail:\u00a0<a href=\"mailto:%20info@11-11.si\">\u00a0info@11-11.si<\/a><br \/>\n<a href=\"http:\/\/www.11-11.si\/\">http:\/\/www.11-11.si\/<\/a><\/p>\n<p>[\/et_pb_text][et_pb_text admin_label=&#8221;Canada&#8221; _builder_version=&#8221;3.12.2&#8243;]<\/p>\n<h3>CANADA<\/h3>\n<p><strong>Sky Pilot Enterprises, Inc.<br \/>\n<\/strong>Garibaldi Highlands BC V0N 1T0<br \/>\n2020 Bluebird Place<br \/>\nCanada<br \/>\nTel. 604 898 2053<br \/>\nE-mail:\u00a0<a href=\"mailto:sandford@telus.net\">sandford@telus.net<\/a><\/p>\n<p>[\/et_pb_text][et_pb_text admin_label=&#8221;Japan&#8221; _builder_version=&#8221;3.12.2&#8243;]<\/p>\n<h3>JAPAN<\/h3>\n<p><strong>STATICBLOOM.Inc.<br \/>\n<\/strong>551 Tokura Akirunoshi<br \/>\nTokyo<br \/>\nJapan 1900173<br \/>\nPhone: +81-42-808-9962<br \/>\nEmail:\u00a0<a href=\"mailto:ktanaka@staticbloom.co.jp\">ktanaka@staticbloom.co.jp<\/a><br \/>\n<a href=\"http:\/\/www.staticbloom.co.jp\/\">www.staticbloom.co.jp<\/a><\/p>\n<p>[\/et_pb_text][\/et_pb_column][\/et_pb_row][\/et_pb_section]<\/p>\n","protected":false},"excerpt":{"rendered":"<p><div class=\"et_pb_row et_pb_row_0 et_pb_row_empty\">\n\t\t\t\t\n\t\t\t\t\n\t\t\t\t\n\t\t\t\t\n\t\t\t\t\n\t\t\t<\/div> ITALY Friuli Venezia Giulia \u2013 Veneto \u2013 Trentino Alto Adige Davide Incubi (Tel: +39 335 8252923 \/\u00a0davideincubi@gmail.com) Federica Ruzzante (Tel: +39 328 2928320 \/\u00a0federicaoutdoor@gmail.com) Piemonte \u2013 Valle D\u2019Aosta \u2013 Liguria Soluzioni Sportive Guglielmo Vergano (Tel: +39 335 6365201 \/\u00a0info@soluzionisportive.net) Andrea Diamanti (Tel: +39 11 3724059 \/\u00a0info@soluzionisportive.net) Lombardia Danilo Valsecchi (Tel: +39 335 5941554 \/\u00a0danilovalsecchi@tiscali.it) [&hellip;]<\/p>\n","protected":false},"author":4,"featured_media":0,"parent":32,"menu_order":0,"comment_status":"closed","ping_status":"closed","template":"","meta":{"_et_pb_use_builder":"on","_et_pb_old_content":"","_et_gb_content_width":"","inline_featured_image":false},"acf":[],"_links":{"self":[{"href":"https:\/\/www.nortecsport.com\/it\/wp-json\/wp\/v2\/pages\/32397"}],"collection":[{"href":"https:\/\/www.nortecsport.com\/it\/wp-json\/wp\/v2\/pages"}],"about":[{"href":"https:\/\/www.nortecsport.com\/it\/wp-json\/wp\/v2\/types\/page"}],"author":[{"embeddable":true,"href":"https:\/\/www.nortecsport.com\/it\/wp-json\/wp\/v2\/users\/4"}],"replies":[{"embeddable":true,"href":"https:\/\/www.nortecsport.com\/it\/wp-json\/wp\/v2\/comments?post=32397"}],"version-history":[{"count":17,"href":"https:\/\/www.nortecsport.com\/it\/wp-json\/wp\/v2\/pages\/32397\/revisions"}],"predecessor-version":[{"id":34208,"href":"https:\/\/www.nortecsport.com\/it\/wp-json\/wp\/v2\/pages\/32397\/revisions\/34208"}],"up":[{"embeddable":true,"href":"https:\/\/www.nortecsport.com\/it\/wp-json\/wp\/v2\/pages\/32"}],"wp:attachment":[{"href":"https:\/\/www.nortecsport.com\/it\/wp-json\/wp\/v2\/media?parent=32397"}],"curies":[{"name":"wp","href":"https:\/\/api.w.org\/{rel}","templated":true}]}}