{"id":32422,"date":"2018-09-20T08:38:26","date_gmt":"2018-09-20T08:38:26","guid":{"rendered":"http:\/\/stage.nortecsport.com\/?page_id=32422"},"modified":"2018-12-03T11:51:23","modified_gmt":"2018-12-03T09:51:23","slug":"privacy-policy-2","status":"publish","type":"page","link":"https:\/\/www.nortecsport.com\/it\/privacy-policy-2\/","title":{"rendered":"Privacy Policy"},"content":{"rendered":"<p>La informiamo che\u00a0<strong>Nortec Sport<\/strong>\u00a0proceder\u00e0 al trattamento dei dati da Lei forniti nel rispetto della normativa in materia di tutela del trattamento dei dati personali.<\/p>\n<p>Il conferimento dei dati \u00e8 facoltativo ma un eventuale rifiuto di fornirli determina l\u2019impossibilit\u00e0 di dare esecuzione agli obblighi derivanti dal contratto di compravendita di cui Lei \u00e8 parte.<\/p>\n<p>I dati personali da Lei forniti sono raccolti con modalit\u00e0 telematiche e trattati, anche con l\u2019ausilio di mezzi elettronici, direttamente e\/o tramite terzi delegati (societ\u00e0 di consegna) per le seguenti finalit\u00e0:<br \/>\nfinalit\u00e0 connesse all\u2019esecuzione del servizio e alla gestione dell\u2019ordine d\u2019acquisto dei prodotti;<br \/>\nfinalit\u00e0 statistiche, invio di materiale pubblicitario, anche mediante l\u2019utilizzo della posta elettronica.<br \/>\nIn ogni caso i suoi dati non verranno comunicati (se non a societ\u00e0 per la consegna a domicilio) o venduti a terzi.<\/p>\n<p>All\u2019interno di nortecsport.com i dati potranno essere conosciuti solo da soggetti specificatamente incaricati operanti presso i reparti Sistemi Informativi, Marketing, Amministrazione e Contabilit\u00e0, Assistenza Clienti.<\/p>\n<p>&nbsp;<\/p>\n<p>Lei ha diritto in qualsiasi momento di ottenere a cura del Responsabile del trattamento informazioni sul trattamento dei Suoi dati, sulle sue modalit\u00e0 e finalit\u00e0 e sulla logica ad esso applicata nonch\u00e9:<\/p>\n<ol>\n<li>la conferma dell\u2019esistenza dei dati e la comunicazione degli stessi e della loro origine;<\/li>\n<li>gli estremi identificativi del Titolare e dei Responsabili nonch\u00e9 i soggetti o le categorie di soggetti ai quali i dati possono essere comunicati o che possono venirne a conoscenza in qualit\u00e0 di Responsabili o incaricati;<\/li>\n<li>l\u2019aggiornamento, la rettifica e l\u2019integrazione dei dati;<\/li>\n<li>la cancellazione, la trasformazione in forma anonima, il blocco dei dati trattati in violazione di legge;<\/li>\n<li>l\u2019attestazione che le operazioni di cui ai punti 3 e 4 sono state portate a conoscenza di coloro ai quali i dati sono stati comunicati e diffusi, con l\u2019eccezione del caso in cui tale adempimento si rivela impossibile o comporta un impiego di mezzi manifestamente sproporzionato rispetto al diritto tutelato;<\/li>\n<li>di opporsi: al trattamento dei dati, ancorch\u00e9 pertinenti allo scopo della raccolta, per motivi legittimi; al trattamento dei dati per fini di informazione commerciale o per il compimento di ricerche di mercato.<\/li>\n<\/ol>\n<p>Il Titolare del trattamento \u00e8\u00a0<strong>Nortec Sport GmbH<\/strong>\u00a0presso la sede legale di K\u00e4rntner Strasse, 8 A-9500 Villach<\/p>\n","protected":false},"excerpt":{"rendered":"<p>La informiamo che\u00a0Nortec Sport\u00a0proceder\u00e0 al trattamento dei dati da Lei forniti nel rispetto della normativa in materia di tutela del trattamento dei dati personali. Il conferimento dei dati \u00e8 facoltativo ma un eventuale rifiuto di fornirli determina l\u2019impossibilit\u00e0 di dare esecuzione agli obblighi derivanti dal contratto di compravendita di cui Lei \u00e8 parte. I dati [&hellip;]<\/p>\n","protected":false},"author":4,"featured_media":0,"parent":0,"menu_order":0,"comment_status":"closed","ping_status":"closed","template":"","meta":{"_et_pb_use_builder":"","_et_pb_old_content":"","_et_gb_content_width":"","inline_featured_image":false},"acf":[],"_links":{"self":[{"href":"https:\/\/www.nortecsport.com\/it\/wp-json\/wp\/v2\/pages\/32422"}],"collection":[{"href":"https:\/\/www.nortecsport.com\/it\/wp-json\/wp\/v2\/pages"}],"about":[{"href":"https:\/\/www.nortecsport.com\/it\/wp-json\/wp\/v2\/types\/page"}],"author":[{"embeddable":true,"href":"https:\/\/www.nortecsport.com\/it\/wp-json\/wp\/v2\/users\/4"}],"replies":[{"embeddable":true,"href":"https:\/\/www.nortecsport.com\/it\/wp-json\/wp\/v2\/comments?post=32422"}],"version-history":[{"count":3,"href":"https:\/\/www.nortecsport.com\/it\/wp-json\/wp\/v2\/pages\/32422\/revisions"}],"predecessor-version":[{"id":33652,"href":"https:\/\/www.nortecsport.com\/it\/wp-json\/wp\/v2\/pages\/32422\/revisions\/33652"}],"wp:attachment":[{"href":"https:\/\/www.nortecsport.com\/it\/wp-json\/wp\/v2\/media?parent=32422"}],"curies":[{"name":"wp","href":"https:\/\/api.w.org\/{rel}","templated":true}]}}