{"id":35086,"date":"2022-03-07T10:18:10","date_gmt":"2022-03-07T08:18:10","guid":{"rendered":"https:\/\/www.nortecsport.com\/it\/?page_id=35086"},"modified":"2022-03-07T15:37:20","modified_gmt":"2022-03-07T13:37:20","slug":"misurina-winter-run","status":"publish","type":"page","link":"https:\/\/www.nortecsport.com\/it\/misurina-winter-run\/","title":{"rendered":"Misurina Winter Run"},"content":{"rendered":"<p>[et_pb_section fb_built=&#8221;1&#8243; _builder_version=&#8221;4.11.1&#8243; _module_preset=&#8221;default&#8221; global_colors_info=&#8221;{}&#8221;][et_pb_row _builder_version=&#8221;4.11.1&#8243; _module_preset=&#8221;default&#8221; global_colors_info=&#8221;{}&#8221;][et_pb_column type=&#8221;4_4&#8243; _builder_version=&#8221;4.11.1&#8243; _module_preset=&#8221;default&#8221; global_colors_info=&#8221;{}&#8221;][et_pb_text _builder_version=&#8221;4.11.1&#8243; _module_preset=&#8221;default&#8221; global_colors_info=&#8221;{}&#8221;]<\/p>\n<h1><span>Del Pero &amp; Bertolini primi all&#8217;ombra delle Tre Cime. Classifiche on line!!<\/span><\/h1>\n<h3><span><span style=\"color: #0ccec4;\">06.03. MISURINA (BL)<\/span>\u00a0\u2013 Misurina Winter Run (17 KM \/ 800M D+)<\/span><\/h3>\n<p><span><\/span><\/p>\n<div class=\"field field-name-field-short field-type-text-long field-label-hidden\">\n<div class=\"field-items\">\n<div class=\"field-item even\">\n<p><span class=\"evidenziatov2\"><\/span><\/p>\n<p><strong><span class=\"evidenziatov2\">Nella magnifica cornice di Misurina e delle Tre Cime di Lavaredo trionfa il campione mondiale di Skysnow. Oltre 200 i partecipanti&#8230;<\/span><\/strong><\/p>\n<\/div>\n<\/div>\n<\/div>\n<div class=\"pt-3 \" property=\" \"><\/div>\n<div class=\"field field-name-body field-type-text-with-summary field-label-hidden\">\n<div class=\"field-items\">\n<div class=\"field-item even\" property=\"content:encoded\">\n<p>In una giornata bellissima e fredda segnata dai -14\u00b0 alla partenza di Misurina, ad aggiudicarsi la terza edizione della Misurina Winter Run \u00e8 stato l&#8217;atleta brianzolo del Team Scarpa Luca Del Pero, 24 anni e freschissimo campione mondiale di Skysnow ai campionati disputati a febbraio in Sierra Nevada.<br \/>Vittoria lombarda anche in campo femminile, con la 22enne valtellinese Gaia Bertolini, gi\u00e0 campionessa italiana juniores di corsa in montagna a staffetta.<br \/>Si replica cos\u00ec la doppietta gi\u00e0 vista la scorsa settimana a Piani dei Resinelli, nel Lecchese, dove Del Pero e Bertolini si sono portati a casa la seconda edizione della Snow Run.<\/p>\n<\/div>\n<\/div>\n<\/div>\n<p>[\/et_pb_text][et_pb_image src=&#8221;https:\/\/www.nortecsport.com\/it\/wp-content\/uploads\/2022\/03\/DSC_0331.jpg&#8221; title_text=&#8221;DSC_0331&#8243; _builder_version=&#8221;4.11.1&#8243; _module_preset=&#8221;default&#8221; global_colors_info=&#8221;{}&#8221;][\/et_pb_image][et_pb_text _builder_version=&#8221;4.11.1&#8243; _module_preset=&#8221;default&#8221; global_colors_info=&#8221;{}&#8221;]<\/p>\n<h1><\/h1>\n<p><span>Netta la vittoria di Del Pero, che in 1.14.25 ha coperto i 17 km di gara e gli 800 metri di dislivello; staccato a poco pi\u00f9 di tre minuti il secondo classificato, il veronese Francesco Lorenzi, protagonista del duello con Emanuele Manzi, ex azzurro di corsa in montagna, terzo a 8 secondi dalla medaglia d&#8217;argento.<\/span><br \/><span>\u201cFinalmente una vera gara sulla neve. &#8211; commenta Del Pero \u2013 L&#8217;organizzazione \u00e8 stata ottima, i panorami sono magnifici. Il tracciato di gara era adatto alle mie caratteristiche, per cui \u00e8 stato un vero piacere gareggiare qua. Ora lo sguardo \u00e8 puntato all&#8217;appuntamento del 19 marzo a Tarvisio (che con la Misurina Winter Run \u00e8 valida per il Campionato nazionale Nortec Csen di Winter trail)\u201d.<\/span><\/p>\n<p>[\/et_pb_text][et_pb_image src=&#8221;https:\/\/www.nortecsport.com\/it\/wp-content\/uploads\/2022\/03\/DSC_0425.jpg&#8221; title_text=&#8221;DSC_0425&#8243; _builder_version=&#8221;4.11.1&#8243; _module_preset=&#8221;default&#8221; global_colors_info=&#8221;{}&#8221;][\/et_pb_image][et_pb_text _builder_version=&#8221;4.11.1&#8243; _module_preset=&#8221;default&#8221; global_colors_info=&#8221;{}&#8221;]<\/p>\n<h1><\/h1>\n<p><span>Anche in campo femminile il dominio \u00e8 stato netto, con Gaia Bertolini (19esima assoluta con 1.29.44) a staccare la compagna di squadra Elisa Compagnoni di quasi 5 minuti. Gradino pi\u00f9 basso del podio rosa per l&#8217;ampezzana Francesca Scribani.<\/span><br \/><span>\u201c\u00c8 stato bellissimo correre su tutta questa neve. All&#8217;inizio ho fatto fatica in salita, ma una volta arrivata al Rifugio Auronzo, con la vista delle Tre Cime e della vallata, mi sono rinfrancata e il meraviglioso panorama mi ha aiutato in questa vittoria\u201d, l&#8217;analisi di Bertolini, che affronter\u00e0 anche lei tra due settimane la gara di Tarvisio con buone sensazioni.<\/span><\/p>\n<p>&nbsp;<\/p>\n<p>[\/et_pb_text][et_pb_image src=&#8221;https:\/\/www.nortecsport.com\/it\/wp-content\/uploads\/2022\/03\/DSC_0540.jpg&#8221; title_text=&#8221;DSC_0540&#8243; _builder_version=&#8221;4.11.1&#8243; _module_preset=&#8221;default&#8221; global_colors_info=&#8221;{}&#8221;][\/et_pb_image][et_pb_text _builder_version=&#8221;4.11.1&#8243; _module_preset=&#8221;default&#8221; global_colors_info=&#8221;{}&#8221;]<\/p>\n<h1><\/h1>\n<p><span>Oltre 200 i partecipanti tra gara competitiva e Family Run, in una giornata baciata dal sole, ma decisamente fredda con i 14 gradi sotto zero alla partenza del campo scuola della Loita a Misurina. \u00abGrazie al tempo che ci ha aiutati, \u00e8 stata davvero una bellissima manifestazione, caratterizzata da un livello tecnico altissimo. Le condizioni meteo ci hanno permesso di realizzare l&#8217;intera gara su fondo innevato, mentre le altre gare del circuito si sono svolte a quote pi\u00f9 basse facendo registrare in alcune aree scarsit\u00e0 di neve sul tracciato &#8211; sottolinea Ivano Molin, presidente di Cadini Promotion, societ\u00e0 organizzatrice dell\u2019evento in sinergia con Comune di Auronzo di Cadore, Consorzio Turistico Tre Cime\u00a0 Dolomiti, Soccorso Alpino e Club Alpino Italiano \u2013 Per noi \u00e8 stato importantissimo ripartire dopo questi due anni di stop forzato, e la presenza di tanti bimbi alla Family Run ci ha riempito di gioia. Un enorme grazie va alla cinquantina di volontari che da alcune settimane ad oggi hanno lavorato con noi per la riuscita di questa gara e a tutti gli sponsor, il cui supporto \u00e8 fondamentale e tutt&#8217;altro che scontato in questo difficile momento\u00bb.<\/span><\/p>\n<p>&nbsp;<\/p>\n<p>Ufficio stampa: Maurizio Torri | Sportdimontagna<br \/>Foto: Roberto Ganassa \/ NORTEC<br \/>Classifiche: <a href=\"https:\/\/www.sportdimontagna.com\/download\/trail-6\" target=\"_blank\" rel=\"noopener\">Sportdimontagna.com<\/a><\/p>\n<p>[\/et_pb_text][\/et_pb_column][\/et_pb_row][et_pb_row _builder_version=&#8221;4.11.1&#8243; _module_preset=&#8221;default&#8221; global_colors_info=&#8221;{}&#8221;][et_pb_column type=&#8221;4_4&#8243; _builder_version=&#8221;4.11.1&#8243; _module_preset=&#8221;default&#8221; global_colors_info=&#8221;{}&#8221;][et_pb_gallery gallery_ids=&#8221;35094,35095,35096,35097,35098,35099,35100,35101,35102,35103,35104,35105,35106,35107,35108,35109,35110,35111,35112,35113,35114,35115,35116,35117,35118,35119,35120,35121,35122,35123,35124,35125,35126,35127,35128,35129,35130,35131,35132,35133,35134,35135,35136,35137,35138,35139,35140,35141,35142,35143,35144,35145,35146,35147,35148,35149,35150,35151,35152,35153,35154,35155,35156,35157,35158,35159,35160,35161,35162,35163,35164,35165,35166,35167,35168,35169,35170,35171,35172,35173,35174,35175,35176,35177,35178,35179,35180,35181,35182,35183,35184,35185,35186,35187,35188,35189,35190,35191,35192,35193,35194,35195,35196,35197,35198,35206,35207,35208,35209,35210,35211,35212,35213,35214,35215,35216,35217,35218,35219,35220,35221,35222,35223,35224,35225,35226,35227,35228,35229,35230,35231,35232,35233,35234,35235,35236,35237,35238,35239,35240,35241,35242,35243,35244,35245,35246,35247,35248,35249,35250,35251,35252,35253,35254,35255,35256,35257,35258,35259,35260,35261,35262,35263,35264,35265,35266,35267,35268,35269,35270,35271,35272,35273,35274,35275,35276,35277,35278,35279,35280,35281,35282,35283,35284,35285,35286,35287,35288,35289,35290,35291,35292,35293,35294,35295,35296,35297,35298,35299,35300,35301,35302,35303,35304,35305,35306,35307,35308,35309,35310,35311,35312,35313,35314,35315,35316,35317,35318,35319,35320,35321,35322,35323,35324,35325,35326,35327,35328,35329,35330,35331,35332,35333,35334,35335,35336,35337,35338,35339,35340,35341,35342,35343,35344,35345,35346,35347,35348,35349,35350,35351&#8243; posts_number=&#8221;500&#8243; show_title_and_caption=&#8221;off&#8221; show_pagination=&#8221;off&#8221; _builder_version=&#8221;4.11.1&#8243; _module_preset=&#8221;default&#8221; hover_enabled=&#8221;0&#8243; global_colors_info=&#8221;{}&#8221; sticky_enabled=&#8221;0&#8243;][\/et_pb_gallery][\/et_pb_column][\/et_pb_row][\/et_pb_section]<\/p>\n","protected":false},"excerpt":{"rendered":"<p>Del Pero &#038; Bertolini primi all&#8217;ombra delle Tre Cime. Classifiche on line!!<br \/>\n06.03. MISURINA (BL)\u00a0\u2013 Misurina Winter Run (17 KM \/ 800M D+)<\/p>\n","protected":false},"author":4,"featured_media":35133,"parent":0,"menu_order":0,"comment_status":"closed","ping_status":"closed","template":"","meta":{"_et_pb_use_builder":"on","_et_pb_old_content":"","_et_gb_content_width":"","inline_featured_image":false},"acf":[],"_links":{"self":[{"href":"https:\/\/www.nortecsport.com\/it\/wp-json\/wp\/v2\/pages\/35086"}],"collection":[{"href":"https:\/\/www.nortecsport.com\/it\/wp-json\/wp\/v2\/pages"}],"about":[{"href":"https:\/\/www.nortecsport.com\/it\/wp-json\/wp\/v2\/types\/page"}],"author":[{"embeddable":true,"href":"https:\/\/www.nortecsport.com\/it\/wp-json\/wp\/v2\/users\/4"}],"replies":[{"embeddable":true,"href":"https:\/\/www.nortecsport.com\/it\/wp-json\/wp\/v2\/comments?post=35086"}],"version-history":[{"count":7,"href":"https:\/\/www.nortecsport.com\/it\/wp-json\/wp\/v2\/pages\/35086\/revisions"}],"predecessor-version":[{"id":35353,"href":"https:\/\/www.nortecsport.com\/it\/wp-json\/wp\/v2\/pages\/35086\/revisions\/35353"}],"wp:featuredmedia":[{"embeddable":true,"href":"https:\/\/www.nortecsport.com\/it\/wp-json\/wp\/v2\/media\/35133"}],"wp:attachment":[{"href":"https:\/\/www.nortecsport.com\/it\/wp-json\/wp\/v2\/media?parent=35086"}],"curies":[{"name":"wp","href":"https:\/\/api.w.org\/{rel}","templated":true}]}}