{"id":51465,"date":"2026-01-26T10:15:56","date_gmt":"2026-01-26T08:15:56","guid":{"rendered":"https:\/\/www.nortecsport.com\/it\/?page_id=51465"},"modified":"2026-01-26T10:24:32","modified_gmt":"2026-01-26T08:24:32","slug":"nssrc-schia-monte-caio-2026","status":"publish","type":"page","link":"https:\/\/www.nortecsport.com\/it\/nssrc-schia-monte-caio-2026\/","title":{"rendered":"NSSRC Schia Monte Caio 2026"},"content":{"rendered":"<p>[et_pb_section fb_built=&#8221;1&#8243; _builder_version=&#8221;4.16&#8243; _module_preset=&#8221;default&#8221; global_colors_info=&#8221;{}&#8221;][et_pb_row _builder_version=&#8221;4.16&#8243; _module_preset=&#8221;default&#8221; global_colors_info=&#8221;{}&#8221;][et_pb_column type=&#8221;4_4&#8243; _builder_version=&#8221;4.16&#8243; _module_preset=&#8221;default&#8221; global_colors_info=&#8221;{}&#8221;][et_pb_text _builder_version=&#8221;4.18.0&#8243; _module_preset=&#8221;default&#8221; global_colors_info=&#8221;{}&#8221;]<\/p>\n<h1><span lang=\"EN-US\">NORTEC SKYSNOW RUNNING CUP<\/span><\/h1>\n<h2>Manzi &amp; Hofer vincono\u00a0la Schia Monte Caio<\/h2>\n<h3><span><span style=\"color: #33cccc;\">SKYSNOW SCHIA MONTE CAIO 24.01.2026<\/span> (10,8 KM \/ 800 mD+)<\/span><\/h3>\n<p><span><img src=\"https:\/\/www.nortecsport.com\/it\/wp-content\/uploads\/2026\/01\/Logo-SSRC-black-300x171.png\" width=\"300\" height=\"171\" alt=\"\" class=\"wp-image-51219 alignnone size-medium\" \/><\/span><\/p>\n<p>Neve per la SkySnow Schia Monte Caio 2026, secondo appuntamento nel calendario del circuito invernale by NORTEC, che ha richiamato oltre 125 appassionati di corsa sui ramponcini.<\/p>\n<p>Le aspettative non sono state deluse e la neve si \u00e8 resa protagonista della 6\u00aa edizione della SkySnow Schia Monte Caio, disputata sabato, sui tracciati del comprensorio sciistico di Schia (Pr) opportunamente imbiancati dalle nevicate dei giorni precedenti. Sui due percorsi competitivi al via partecipanti provenienti dalla Valle d\u2019Aosta, dal Piemonte, dalla Lombardia, dal Veneto, dall\u2019Emilia-Romagna e dalla Toscana.<\/p>\n<p>[\/et_pb_text][et_pb_image src=&#8221;https:\/\/www.nortecsport.com\/it\/wp-content\/uploads\/2026\/01\/Nortec_Schia_Skysnow_GM-26-06469.jpg&#8221; title_text=&#8221;Nortec_Schia_Skysnow_GM-26-06469&#8243; _builder_version=&#8221;4.18.0&#8243; _module_preset=&#8221;default&#8221; hover_enabled=&#8221;0&#8243; global_colors_info=&#8221;{}&#8221; sticky_enabled=&#8221;0&#8243;][\/et_pb_image][et_pb_text _builder_version=&#8221;4.18.0&#8243; _module_preset=&#8221;default&#8221; global_colors_info=&#8221;{}&#8221;]<\/p>\n<p>La giornata ha visto alternarsi leggera pioggia e neve, rendendo il terreno morbido e la partenza, prevista dal programma alle 17, \u00e8 stata caratterizzata da nuvole basse che hanno limitato la visibilit\u00e0, senza per\u00f2 compromettere divertimento e sicurezza: gli atleti hanno trovato un percorso tracciato e segnalato in maniera ottimale.<\/p>\n<p>[\/et_pb_text][et_pb_image src=&#8221;https:\/\/www.nortecsport.com\/it\/wp-content\/uploads\/2026\/01\/Nortec_Schia_Skysnow_GM-26-06537.jpg&#8221; title_text=&#8221;Nortec_Schia_Skysnow_GM-26-06537&#8243; _builder_version=&#8221;4.18.0&#8243; _module_preset=&#8221;default&#8221; hover_enabled=&#8221;0&#8243; global_colors_info=&#8221;{}&#8221; sticky_enabled=&#8221;0&#8243;][\/et_pb_image][et_pb_text _builder_version=&#8221;4.18.0&#8243; _module_preset=&#8221;default&#8221; hover_enabled=&#8221;0&#8243; sticky_enabled=&#8221;0&#8243;]<\/p>\n<p>Nella distanza regina di 10,8 km 800 m D+ \u00e8 Emanuele Manzi (Valtellina Wine Trail SSD) a imporsi in 1h03\u201935\u201d \u2013 rimane quindi imbattuto il record di Cristian Minoggio che nel 2023 ha fermato il cronometro a 55 minuti e 53 secondi. Alle spalle del vincitore si classificano Lorenzo Rostagno (Team Marguareis) secondo in 1h03\u201955\u201d e Alessio Vorti (ASD Run Fast) che completa il podio in 1h05\u201930\u201d. Quarta e quinta posizione per i portacolori del Valtellina Wine Trail: Luca Boninsegna e Pietro Cattaneo.<\/p>\n<p>In campo femminile Anna Hofer (Valtellina Wine Trail SSD), a una settimana dal successo alla Snow Run Resinelli, conferma il suo ottimo momento di forma imponendosi in 1h05\u201944\u201d. Secondo posto per Benedetta Broggi (Sport Project VCO), vincitrice della passata edizione, a cui non basta migliorare il proprio tempo gara fermando il crono a 1h10\u201908\u201d. Chiude il podio Corinna Ghirardi (Skyrunning Adventure ASD) in 1h11\u201950\u201d. A completare la top five Andrea Schweigkofler (Valtellina Wine Trail SSD) e Camilla Calosso (Piossasco Trail Runners ASD).<\/p>\n<p>[\/et_pb_text][et_pb_image src=&#8221;https:\/\/www.nortecsport.com\/it\/wp-content\/uploads\/2026\/01\/Nortec_Schia_Skysnow_GM-26-06681.jpg&#8221; _builder_version=&#8221;4.18.0&#8243; _module_preset=&#8221;default&#8221; title_text=&#8221;Nortec_Schia_Skysnow_GM-26-06681&#8243; hover_enabled=&#8221;0&#8243; sticky_enabled=&#8221;0&#8243;][\/et_pb_image][et_pb_text _builder_version=&#8221;4.18.0&#8243; _module_preset=&#8221;default&#8221; global_colors_info=&#8221;{}&#8221;]<\/p>\n<h1><img src=\"https:\/\/www.nortecsport.com\/it\/wp-content\/uploads\/2025\/01\/FISky-Digital-Assets_color-300x117.jpg\" width=\"300\" height=\"117\" alt=\"\" class=\"wp-image-50315 alignnone size-medium\" \/><\/h1>\n<p>&nbsp;<\/p>\n<p><span><strong>Podio femminile<\/strong><\/span><br \/>1. Anna Lena Hofer (Valtellina Wine Trail) \u2013 1h05\u201944\u201d<br \/>2. Benedetta Broggi (Sport Project VCO) \u2013 1h10\u201908\u201d<br \/>3. Corinna Ghirardi (Skyrunning Adventure) \u2013 1h11\u201950\u201d<\/p>\n<p><span><strong>Podio maschile<\/strong><\/span><br \/>1. Emanuele Manzi (Valtellina Wine Trail) \u2013 1h03\u201935\u201d <br \/>2. Lorenzo Rostagno (Team Marguareis) \u2013 1h03\u201955\u201d <br \/>3. Alessio Vorti (ASD Run Fast) \u2013 1h05\u201930\u201d<\/p>\n<p>Sul percorso pi\u00f9 breve di 6,2 km per 390 metri di dislivello si aggiudicano la vittoria Francesco Sarzi Amade (Atl. Viadana) in 35\u201954\u201d secondi e Isabella Morlini in 41\u201952\u201d.<\/p>\n<p><span><strong>NUMERI IN CRESCITA PER IL CIRCUITO NORTEC SKYSNOW RUNNING CUP:<\/strong><\/span><\/p>\n<p>organizzato sotto l\u2019egida Fisky \u00a0(Federazione Italiana Skyrunning): nelle prime due tappe gli iscritti sono aumentati rispetto al 2025, con un +35% alla SkySnow Schia Monte Caio. Un dato che conferma il crescente interesse per una disciplina giovane, ufficializzata nel 2022 con il primo Campionato Mondiale in Spagna.<\/p>\n<p>Il prossimo appuntamento \u00e8 fissato per l\u20198 febbraio in occasione della Val di Mello Winter Trail che entra nel circuito 2026 nella nuova formula di gara affiliata. Gli atleti avranno l\u2019occasione di correre nella splendida riserva naturale della Val di Mello, in Valmasino (SO), su un percorso di 12 km con un dislivello positivo di 300 m.\u00a0<\/p>\n<p>&nbsp;<\/p>\n<p>Ufficio stampa: Maurizio Torri | Sportdimontagna<br \/>Foto: <a href=\"https:\/\/www.facebook.com\/G.Meneghello.Photographer\" target=\"_blank\" rel=\"noopener\">Giacomo Meneghello<\/a><br \/>Classifiche e foto:<a href=\"https:\/\/www.sportdimontagna.com\/trail\/nortec-skysnow-running-cup-2026\" target=\"_blank\" rel=\"noopener\"> Sportdimontagna.com<\/a><\/p>\n<p>[\/et_pb_text][\/et_pb_column][\/et_pb_row][et_pb_row _builder_version=&#8221;4.18.0&#8243; _module_preset=&#8221;default&#8221; global_colors_info=&#8221;{}&#8221;][et_pb_column type=&#8221;4_4&#8243; _builder_version=&#8221;4.18.0&#8243; _module_preset=&#8221;default&#8221; global_colors_info=&#8221;{}&#8221;][et_pb_gallery _builder_version=&#8221;4.18.0&#8243; _module_preset=&#8221;default&#8221; gallery_ids=&#8221;51470,51471,51472,51473,51474,51475,51476,51477,51478,51479,51480,51481,51482,51483,51484,51485,51486,51487&#8243; posts_number=&#8221;20&#8243; show_title_and_caption=&#8221;off&#8221; show_pagination=&#8221;off&#8221; hover_enabled=&#8221;0&#8243; sticky_enabled=&#8221;0&#8243;][\/et_pb_gallery][\/et_pb_column][\/et_pb_row][\/et_pb_section]<\/p>\n","protected":false},"excerpt":{"rendered":"<p>NORTEC SKYSNOW RUNNING CUP<br \/>\nManzi &#038; Hofer vincono la Schia Monte Caio<\/p>\n","protected":false},"author":4,"featured_media":51467,"parent":0,"menu_order":0,"comment_status":"closed","ping_status":"closed","template":"","meta":{"_et_pb_use_builder":"on","_et_pb_old_content":"","_et_gb_content_width":"","inline_featured_image":false},"acf":[],"_links":{"self":[{"href":"https:\/\/www.nortecsport.com\/it\/wp-json\/wp\/v2\/pages\/51465"}],"collection":[{"href":"https:\/\/www.nortecsport.com\/it\/wp-json\/wp\/v2\/pages"}],"about":[{"href":"https:\/\/www.nortecsport.com\/it\/wp-json\/wp\/v2\/types\/page"}],"author":[{"embeddable":true,"href":"https:\/\/www.nortecsport.com\/it\/wp-json\/wp\/v2\/users\/4"}],"replies":[{"embeddable":true,"href":"https:\/\/www.nortecsport.com\/it\/wp-json\/wp\/v2\/comments?post=51465"}],"version-history":[{"count":3,"href":"https:\/\/www.nortecsport.com\/it\/wp-json\/wp\/v2\/pages\/51465\/revisions"}],"predecessor-version":[{"id":51489,"href":"https:\/\/www.nortecsport.com\/it\/wp-json\/wp\/v2\/pages\/51465\/revisions\/51489"}],"wp:featuredmedia":[{"embeddable":true,"href":"https:\/\/www.nortecsport.com\/it\/wp-json\/wp\/v2\/media\/51467"}],"wp:attachment":[{"href":"https:\/\/www.nortecsport.com\/it\/wp-json\/wp\/v2\/media?parent=51465"}],"curies":[{"name":"wp","href":"https:\/\/api.w.org\/{rel}","templated":true}]}}