{"id":33740,"date":"2019-02-25T15:04:32","date_gmt":"2019-02-25T13:04:32","guid":{"rendered":"http:\/\/www.nortecsport.com\/it\/?post_type=product&#038;p=33740"},"modified":"2024-09-19T15:54:06","modified_gmt":"2024-09-19T13:54:06","slug":"trail-sensitive","status":"publish","type":"product","link":"https:\/\/www.nortecsport.com\/it\/product\/trail-sensitive\/","title":{"rendered":"TRAIL SENSITIVE"},"content":{"rendered":"<p>[et_pb_section fb_built=&#8221;1&#8243; _builder_version=&#8221;4.16&#8243; custom_padding=&#8221;0px|0px|0px|0px&#8221; global_colors_info=&#8221;{}&#8221;][et_pb_row column_structure=&#8221;1_2,1_2&#8243; _builder_version=&#8221;4.16&#8243; background_size=&#8221;initial&#8221; background_position=&#8221;top_left&#8221; background_repeat=&#8221;repeat&#8221; global_colors_info=&#8221;{}&#8221;][et_pb_column type=&#8221;1_2&#8243; _builder_version=&#8221;4.16&#8243; custom_padding=&#8221;|||&#8221; global_colors_info=&#8221;{}&#8221; custom_padding__hover=&#8221;|||&#8221;][et_pb_post_title meta=&#8221;off&#8221; featured_image=&#8221;off&#8221; _builder_version=&#8221;4.16&#8243; global_colors_info=&#8221;{}&#8221;][\/et_pb_post_title][et_pb_text admin_label=&#8221;Subtitle&#8221; _builder_version=&#8221;4.16&#8243; text_font=&#8221;|||on|||||&#8221; text_text_color=&#8221;#000000&#8243; global_colors_info=&#8221;{}&#8221;]RUNNING BELT<br \/>\n[\/et_pb_text][et_pb_text admin_label=&#8221;Description 1&#8243; _builder_version=&#8221;4.16&#8243; text_text_color=&#8221;#000000&#8243; global_colors_info=&#8221;{}&#8221;]Fascia in materiale tecnico elasticizzato \u201cSENSITIVE\u201d che si adatta comodamente al giro vita e consente al runner ed all\u2019escursionista di portare con s\u00e9 tutto il necessario in gara, in allenamento o durante le escursioni. La vestibilit\u00e0 SLIM ed il<br \/>\ntessuto sensitive garantiscono una distribuzione uniforme del carico, consentendo cos\u00ec al runner di correre senza impedimenti pur avendo con s\u00e9, ed a portata di mano, tutto il necessario.<br \/>\n[\/et_pb_text][et_pb_button button_url=&#8221;https:\/\/www.nortecsport.com\/en\/store-locator-2\/&#8221; button_text=&#8221;STORE LOCATOR&#8221; _builder_version=&#8221;4.16&#8243; _module_preset=&#8221;default&#8221; global_colors_info=&#8221;{}&#8221;][\/et_pb_button][et_pb_button button_url=&#8221;http:\/\/www.eshop.nortecsport.com&#8221; button_text=&#8221;ONLINE SHOP&#8221; _builder_version=&#8221;4.16&#8243; _module_preset=&#8221;default&#8221; global_colors_info=&#8221;{}&#8221;][\/et_pb_button][\/et_pb_column][et_pb_column type=&#8221;1_2&#8243; _builder_version=&#8221;4.16&#8243; custom_padding=&#8221;|||&#8221; global_colors_info=&#8221;{}&#8221; custom_padding__hover=&#8221;|||&#8221;][et_pb_post_title title=&#8221;off&#8221; meta=&#8221;off&#8221; featured_placement=&#8221;above&#8221; _builder_version=&#8221;4.16&#8243; global_colors_info=&#8221;{}&#8221;][\/et_pb_post_title][et_pb_text _builder_version=&#8221;4.16&#8243; global_colors_info=&#8221;{}&#8221;]<div class=\"rl-gallery-container rl-loading\" id=\"rl-gallery-container-1\" data-gallery_id=\"33755\"> <div class=\"rl-gallery rl-basicgrid-gallery \" id=\"rl-gallery-1\" data-gallery_no=\"1\"> <div class=\"rl-gallery-item\"><a href=\"https:\/\/www.nortecsport.com\/it\/wp-content\/uploads\/2019\/02\/belt_3-1.jpg\" title=\"\" data-rl_title=\"\" class=\"rl-gallery-link\" data-rl_caption=\"\" data-rel=\"lightbox-gallery-1\"><img src=\"https:\/\/www.nortecsport.com\/it\/wp-content\/uploads\/2019\/02\/belt_3-1-300x192.jpg\" width=\"300\" height=\"192\" \/><\/a><\/div><div class=\"rl-gallery-item\"><a href=\"https:\/\/www.nortecsport.com\/it\/wp-content\/uploads\/2019\/02\/belt_4-1.jpg\" title=\"\" data-rl_title=\"\" class=\"rl-gallery-link\" data-rl_caption=\"\" data-rel=\"lightbox-gallery-1\"><img src=\"https:\/\/www.nortecsport.com\/it\/wp-content\/uploads\/2019\/02\/belt_4-1-300x172.jpg\" width=\"300\" height=\"172\" \/><\/a><\/div><div class=\"rl-gallery-item\"><a href=\"https:\/\/www.nortecsport.com\/it\/wp-content\/uploads\/2019\/02\/belt-092019.jpg\" title=\"\" data-rl_title=\"\" class=\"rl-gallery-link\" data-rl_caption=\"\" data-rel=\"lightbox-gallery-1\"><img src=\"https:\/\/www.nortecsport.com\/it\/wp-content\/uploads\/2019\/02\/belt-092019-300x84.jpg\" width=\"300\" height=\"84\" \/><\/a><\/div><div class=\"rl-gallery-item\"><a href=\"https:\/\/www.nortecsport.com\/it\/wp-content\/uploads\/2019\/02\/RunningBelt_Main_back1.jpg\" title=\"\" data-rl_title=\"\" class=\"rl-gallery-link\" data-rl_caption=\"\" data-rel=\"lightbox-gallery-1\"><img src=\"https:\/\/www.nortecsport.com\/it\/wp-content\/uploads\/2019\/02\/RunningBelt_Main_back1-300x209.jpg\" width=\"300\" height=\"209\" \/><\/a><\/div><div class=\"rl-gallery-item\"><a href=\"https:\/\/www.nortecsport.com\/it\/wp-content\/uploads\/2019\/02\/RunningBelt_Main_back2.jpg\" title=\"\" data-rl_title=\"\" class=\"rl-gallery-link\" data-rl_caption=\"\" data-rel=\"lightbox-gallery-1\"><img src=\"https:\/\/www.nortecsport.com\/it\/wp-content\/uploads\/2019\/02\/RunningBelt_Main_back2-300x207.jpg\" width=\"300\" height=\"207\" \/><\/a><\/div> <\/div> <\/div><br \/>\n[\/et_pb_text][\/et_pb_column][\/et_pb_row][\/et_pb_section][et_pb_section fb_built=&#8221;1&#8243; _builder_version=&#8221;4.16&#8243; custom_padding=&#8221;0px|0px|0px|0px&#8221; global_colors_info=&#8221;{}&#8221;][et_pb_row _builder_version=&#8221;4.16&#8243; background_size=&#8221;initial&#8221; background_position=&#8221;top_left&#8221; background_repeat=&#8221;repeat&#8221; global_colors_info=&#8221;{}&#8221;][et_pb_column type=&#8221;4_4&#8243; _builder_version=&#8221;4.16&#8243; custom_padding=&#8221;|||&#8221; global_colors_info=&#8221;{}&#8221; custom_padding__hover=&#8221;|||&#8221;][et_pb_image src=&#8221;http:\/\/www.nortecsport.com\/it\/wp-content\/uploads\/2018\/08\/Screen-Shot-2018-09-03-at-15.43.45.png&#8221; align_tablet=&#8221;center&#8221; align_phone=&#8221;&#8221; align_last_edited=&#8221;on|desktop&#8221; admin_label=&#8221;Separator Image&#8221; _builder_version=&#8221;4.16&#8243; custom_css_main_element=&#8221;padding: 0px 0;&#8221; global_colors_info=&#8221;{}&#8221;][\/et_pb_image][\/et_pb_column][\/et_pb_row][\/et_pb_section][et_pb_section fb_built=&#8221;1&#8243; _builder_version=&#8221;4.16&#8243; custom_padding=&#8221;0px|0px|0px|0px&#8221; global_colors_info=&#8221;{}&#8221;][et_pb_row column_structure=&#8221;1_2,1_2&#8243; _builder_version=&#8221;4.16&#8243; background_size=&#8221;initial&#8221; background_position=&#8221;top_left&#8221; background_repeat=&#8221;repeat&#8221; global_colors_info=&#8221;{}&#8221;][et_pb_column type=&#8221;1_2&#8243; _builder_version=&#8221;4.16&#8243; custom_padding=&#8221;|||&#8221; global_colors_info=&#8221;{}&#8221; custom_padding__hover=&#8221;|||&#8221;][et_pb_text _builder_version=&#8221;4.16&#8243; global_colors_info=&#8221;{}&#8221;]<\/p>\n<h2>DESCRIZIONE<\/h2>\n<ul>\n<li>Una tasca anteriore porta-telefono XL in materiale idrorepellente (16 cm)<\/li>\n<li>Due tasche anteriori\/laterali in rete molto capienti per flask fino a 250 ml, gel e barrette, con taschino portachiavi ad asola in velcro ricavato all\u2019interno di una delle due<\/li>\n<li>Una tasca capiente anteriore\/laterale per micro ramponi o giacca anti vento<\/li>\n<li>Una tasca tubolare posteriore per bastoncini pieghevoli o per soft flask fino a 500 ml con sovra-tasca in rete<\/li>\n<li>Due tiretti elastici posteriori<\/li>\n<\/ul>\n<p>[\/et_pb_text][et_pb_text _builder_version=&#8221;4.16&#8243; global_colors_info=&#8221;{}&#8221;]<\/p>\n<h2>UTILIZZO PRINCIPALE<\/h2>\n<p>Sviluppata e testate per soddisfare i trail runner e gli winter&amp;alpine runners pi\u00f9 esigenti che vogliono muoversi fast&amp;light.<\/p>\n<p>&nbsp;<\/p>\n<h2>CARATTERISTICHE TECNICHE<\/h2>\n<ul>\n<li>Doppia zip per adattare la fascia all\u2019abbigliamento &#8220;estate\/inverno&#8221;<\/li>\n<li>Tre diversi abbinamenti di poliestere ed elastane<\/li>\n<li>Dettagli e loghi rinfrangenti per aumentare la visibilit\u00e0<\/li>\n<li>Volume complessivo di carico ca. 4,5 l<\/li>\n<\/ul>\n<p>&nbsp;<\/p>\n<h2>VIDEO DEL PRODOTTO:<\/h2>\n<p>[\/et_pb_text][et_pb_video src=&#8221;https:\/\/www.youtube.com\/watch?v=7MdnrrBFtHc&#8221; _builder_version=&#8221;4.16&#8243; global_colors_info=&#8221;{}&#8221;][\/et_pb_video][\/et_pb_column][et_pb_column type=&#8221;1_2&#8243; _builder_version=&#8221;4.16&#8243; custom_padding=&#8221;|||&#8221; global_colors_info=&#8221;{}&#8221; custom_padding__hover=&#8221;|||&#8221;][et_pb_text _builder_version=&#8221;4.16&#8243; global_colors_info=&#8221;{}&#8221;]<\/p>\n<h3>Disponibile in 4 taglie:<\/h3>\n<h3><a href=\"https:\/\/www.nortecsport.com\/it\/wp-content\/uploads\/2022\/01\/RunningBelt_Sizes.svg\"><img src=\"https:\/\/www.nortecsport.com\/it\/wp-content\/uploads\/2022\/01\/RunningBelt_Sizes.svg\" width=\"1301\" height=\"464\" alt=\"\" class=\"wp-image-34570 alignnone size-medium\" \/><\/a><\/h3>\n<p>[\/et_pb_text][et_pb_text _builder_version=&#8221;4.16&#8243; global_colors_info=&#8221;{}&#8221;]<img class=\"alignnone wp-image-33911\" src=\"http:\/\/www.nortecsport.com\/it\/wp-content\/uploads\/2019\/02\/waistline.jpg\" alt=\"\" width=\"175\" height=\"350\" srcset=\"https:\/\/www.nortecsport.com\/it\/wp-content\/uploads\/2019\/02\/waistline.jpg 350w, https:\/\/www.nortecsport.com\/it\/wp-content\/uploads\/2019\/02\/waistline-150x300.jpg 150w\" sizes=\"(max-width: 175px) 100vw, 175px\" \/><\/p>\n<p>&nbsp;<br \/>\n[\/et_pb_text][\/et_pb_column][\/et_pb_row][\/et_pb_section][et_pb_section fb_built=&#8221;1&#8243; _builder_version=&#8221;4.16&#8243; custom_padding=&#8221;0px|0px|0px|0px&#8221; global_colors_info=&#8221;{}&#8221;][et_pb_row _builder_version=&#8221;4.16&#8243; global_colors_info=&#8221;{}&#8221;][et_pb_column type=&#8221;4_4&#8243; _builder_version=&#8221;4.16&#8243; custom_padding=&#8221;|||&#8221; global_colors_info=&#8221;{}&#8221; custom_padding__hover=&#8221;|||&#8221;][et_pb_text admin_label=&#8221;Product In Action&#8221; _builder_version=&#8221;4.16&#8243; text_font=&#8221;|||on|||||&#8221; text_text_color=&#8221;#000000&#8243; global_colors_info=&#8221;{}&#8221;]<\/p>\n<h2>Product In Action<\/h2>\n<p>[\/et_pb_text][et_pb_gallery gallery_ids=&#8221;33745,33746,33747,33748,33749,33750&#8243; posts_number=&#8221;6&#8243; show_title_and_caption=&#8221;off&#8221; show_pagination=&#8221;off&#8221; zoom_icon_color=&#8221;#ff0044&#8243; hover_icon=&#8221;&#x30;||divi||400&#8243; _builder_version=&#8221;4.16&#8243; custom_margin=&#8221;50px|-10px|50px|-10px&#8221; custom_padding=&#8221;|||&#8221; custom_css_gallery_item=&#8221;margin: 0 !important;||width: 33% !important;||clear: none !important;||padding: 5px;&#8221; global_colors_info=&#8221;{}&#8221;][\/et_pb_gallery][\/et_pb_column][\/et_pb_row][\/et_pb_section]<\/p>\n","protected":false},"excerpt":{"rendered":"<p>RUNNING BELT Fascia in materiale tecnico elasticizzato \u201cSENSITIVE\u201d che si adatta comodamente al giro vita e consente al runner ed all\u2019escursionista di portare con s\u00e9 tutto il necessario in gara, in allenamento o durante le escursioni. La vestibilit\u00e0 SLIM ed il tessuto sensitive garantiscono una distribuzione uniforme del carico, consentendo cos\u00ec al runner di correre [&hellip;]<\/p>\n","protected":false},"featured_media":33744,"template":"","meta":{"_et_pb_use_builder":"on","_et_pb_old_content":"","_et_gb_content_width":"","inline_featured_image":false},"categories":[23,28,22],"tags":[65,63,64],"acf":[],"_links":{"self":[{"href":"https:\/\/www.nortecsport.com\/it\/wp-json\/wp\/v2\/product\/33740"}],"collection":[{"href":"https:\/\/www.nortecsport.com\/it\/wp-json\/wp\/v2\/product"}],"about":[{"href":"https:\/\/www.nortecsport.com\/it\/wp-json\/wp\/v2\/types\/product"}],"version-history":[{"count":16,"href":"https:\/\/www.nortecsport.com\/it\/wp-json\/wp\/v2\/product\/33740\/revisions"}],"predecessor-version":[{"id":50177,"href":"https:\/\/www.nortecsport.com\/it\/wp-json\/wp\/v2\/product\/33740\/revisions\/50177"}],"wp:featuredmedia":[{"embeddable":true,"href":"https:\/\/www.nortecsport.com\/it\/wp-json\/wp\/v2\/media\/33744"}],"wp:attachment":[{"href":"https:\/\/www.nortecsport.com\/it\/wp-json\/wp\/v2\/media?parent=33740"}],"wp:term":[{"taxonomy":"category","embeddable":true,"href":"https:\/\/www.nortecsport.com\/it\/wp-json\/wp\/v2\/categories?post=33740"},{"taxonomy":"post_tag","embeddable":true,"href":"https:\/\/www.nortecsport.com\/it\/wp-json\/wp\/v2\/tags?post=33740"}],"curies":[{"name":"wp","href":"https:\/\/api.w.org\/{rel}","templated":true}]}}