{"id":52466,"date":"2026-04-20T12:29:50","date_gmt":"2026-04-20T10:29:50","guid":{"rendered":"https:\/\/www.nortecsport.com\/it\/?post_type=product&#038;p=52466"},"modified":"2026-04-20T16:24:51","modified_gmt":"2026-04-20T14:24:51","slug":"vj-irock4","status":"publish","type":"product","link":"https:\/\/www.nortecsport.com\/it\/product\/vj-irock4\/","title":{"rendered":"VJ IRock4"},"content":{"rendered":"<p>[et_pb_section fb_built=&#8221;1&#8243; _builder_version=&#8221;4.16&#8243; custom_padding=&#8221;0px|0px|0px|0px&#8221; global_colors_info=&#8221;{}&#8221;][et_pb_row column_structure=&#8221;1_2,1_2&#8243; module_class=&#8221;gq_r_inline_buttons&#8221; _builder_version=&#8221;4.16&#8243; background_size=&#8221;initial&#8221; background_position=&#8221;top_left&#8221; background_repeat=&#8221;repeat&#8221; global_colors_info=&#8221;{}&#8221;][et_pb_column type=&#8221;1_2&#8243; _builder_version=&#8221;4.16&#8243; custom_padding=&#8221;|||&#8221; global_colors_info=&#8221;{}&#8221; custom_padding__hover=&#8221;|||&#8221;][et_pb_post_title title=&#8221;off&#8221; meta=&#8221;off&#8221; featured_image=&#8221;off&#8221; _builder_version=&#8221;4.18.0&#8243; global_colors_info=&#8221;{}&#8221;][\/et_pb_post_title][et_pb_text _builder_version=&#8221;4.18.0&#8243; _module_preset=&#8221;default&#8221; global_colors_info=&#8221;{}&#8221;]<\/p>\n<h1>IRock4<\/h1>\n<p>[\/et_pb_text][et_pb_text admin_label=&#8221;Description 1&#8243; _builder_version=&#8221;4.18.0&#8243; text_text_color=&#8221;#000000&#8243; global_colors_info=&#8221;{}&#8221;]<\/p>\n<div>La IRock 4 introduce un tallone antiscivolo per massima stabilit\u00e0. \u00c8 la scarpa pi\u00f9 aggressiva di VJ, con tasselli autopulenti per un grip superiore su fango e neve. La tomaia in Schoeller\u00ae-Keprotec\u00ae con fibre aramidiche \u00e8 ultra resistente, supportata dal sistema Fitlock per l\u2018arco plantare. Progettata per performance d\u2018eccellenza su distanze medio-brevi in condizioni estreme.<\/div>\n<ul><\/ul>\n<p>[\/et_pb_text][et_pb_text _builder_version=&#8221;4.18.0&#8243; _module_preset=&#8221;default&#8221; global_colors_info=&#8221;{}&#8221;]<\/p>\n<table style=\"width: 100%; border-collapse: collapse;\">\n<tbody>\n<tr style=\"border-bottom: 1px solid #eee;\">\n<td style=\"width: 40%; padding: 15px 10px; vertical-align: middle;\"><img src=\"https:\/\/www.nortecsport.com\/it\/wp-content\/uploads\/2026\/04\/fitlock.svg\" width=\"100\" alt=\"Fitlock\" style=\"display: block;\" \/><\/td>\n<td style=\"width: 60%; padding: 15px 10px; vertical-align: middle;\">Sistema di allacciatura per una stabilit\u00e0 superiore.<\/td>\n<\/tr>\n<tr style=\"border-bottom: 1px solid #eee;\">\n<td style=\"padding: 15px 10px; vertical-align: middle;\"><img src=\"https:\/\/www.nortecsport.com\/it\/wp-content\/uploads\/2026\/04\/superior-contact.svg\" width=\"140\" alt=\"Superior Contact\" style=\"display: block;\" \/><\/td>\n<td style=\"padding: 15px 10px; vertical-align: middle;\">Grip eccezionale su terreni bagnati e sconnessi.<\/td>\n<\/tr>\n<tr style=\"border-bottom: 1px solid #eee;\">\n<td style=\"padding: 15px 10px; vertical-align: middle;\"><img src=\"https:\/\/www.nortecsport.com\/it\/wp-content\/uploads\/2026\/04\/weight.svg\" width=\"25\" alt=\"Weight\" style=\"display: block;\" \/><\/td>\n<td style=\"padding: 15px 10px; vertical-align: middle;\"><strong>240 g<\/strong> (42 EU \/ 8 UK)<\/td>\n<\/tr>\n<tr style=\"border-bottom: 1px solid #eee;\">\n<td style=\"padding: 15px 10px; vertical-align: middle;\"><img src=\"https:\/\/www.nortecsport.com\/it\/wp-content\/uploads\/2026\/04\/measurement-1.svg\" width=\"60\" alt=\"Sizing\" style=\"display: block;\" \/><\/td>\n<td style=\"padding: 15px 10px; vertical-align: middle;\"><strong>37-46 &amp; 47<\/strong> EU<br \/><strong>4-12 &amp; 13<\/strong> UK<\/td>\n<\/tr>\n<\/tbody>\n<\/table>\n<p>[\/et_pb_text][\/et_pb_column][et_pb_column type=&#8221;1_2&#8243; _builder_version=&#8221;4.16&#8243; custom_padding=&#8221;|||&#8221; global_colors_info=&#8221;{}&#8221; custom_padding__hover=&#8221;|||&#8221;][et_pb_post_title title=&#8221;off&#8221; meta=&#8221;off&#8221; featured_placement=&#8221;above&#8221; _builder_version=&#8221;4.16&#8243; global_colors_info=&#8221;{}&#8221;][\/et_pb_post_title][et_pb_text _builder_version=&#8221;4.18.0&#8243; global_colors_info=&#8221;{}&#8221;]<\/p>\n<p><span><div class=\"rl-gallery-container rl-loading\" id=\"rl-gallery-container-1\" data-gallery_id=\"52473\"> <div class=\"rl-gallery rl-basicgrid-gallery \" id=\"rl-gallery-1\" data-gallery_no=\"1\"> <div class=\"rl-gallery-item\"><a href=\"https:\/\/www.nortecsport.com\/it\/wp-content\/uploads\/2026\/04\/Irock4_6_web.jpg\" title=\"\" data-rl_title=\"\" class=\"rl-gallery-link\" data-rl_caption=\"\" data-rel=\"lightbox-gallery-1\"><img src=\"https:\/\/www.nortecsport.com\/it\/wp-content\/uploads\/2026\/04\/Irock4_6_web-300x300.jpg\" width=\"300\" height=\"300\" \/><\/a><\/div><div class=\"rl-gallery-item\"><a href=\"https:\/\/www.nortecsport.com\/it\/wp-content\/uploads\/2026\/04\/Irock4_5_web.jpg\" title=\"\" data-rl_title=\"\" class=\"rl-gallery-link\" data-rl_caption=\"\" data-rel=\"lightbox-gallery-1\"><img src=\"https:\/\/www.nortecsport.com\/it\/wp-content\/uploads\/2026\/04\/Irock4_5_web-300x300.jpg\" width=\"300\" height=\"300\" \/><\/a><\/div><div class=\"rl-gallery-item\"><a href=\"https:\/\/www.nortecsport.com\/it\/wp-content\/uploads\/2026\/04\/Irock4_4_web.jpg\" title=\"\" data-rl_title=\"\" class=\"rl-gallery-link\" data-rl_caption=\"\" data-rel=\"lightbox-gallery-1\"><img src=\"https:\/\/www.nortecsport.com\/it\/wp-content\/uploads\/2026\/04\/Irock4_4_web-300x300.jpg\" width=\"300\" height=\"300\" \/><\/a><\/div><div class=\"rl-gallery-item\"><a href=\"https:\/\/www.nortecsport.com\/it\/wp-content\/uploads\/2026\/04\/Irock4_3_web.jpg\" title=\"\" data-rl_title=\"\" class=\"rl-gallery-link\" data-rl_caption=\"\" data-rel=\"lightbox-gallery-1\"><img src=\"https:\/\/www.nortecsport.com\/it\/wp-content\/uploads\/2026\/04\/Irock4_3_web-300x300.jpg\" width=\"300\" height=\"300\" \/><\/a><\/div><div class=\"rl-gallery-item\"><a href=\"https:\/\/www.nortecsport.com\/it\/wp-content\/uploads\/2026\/04\/Irock4_2_web.jpg\" title=\"\" data-rl_title=\"\" class=\"rl-gallery-link\" data-rl_caption=\"\" data-rel=\"lightbox-gallery-1\"><img src=\"https:\/\/www.nortecsport.com\/it\/wp-content\/uploads\/2026\/04\/Irock4_2_web-300x300.jpg\" width=\"300\" height=\"300\" \/><\/a><\/div><div class=\"rl-gallery-item\"><a href=\"https:\/\/www.nortecsport.com\/it\/wp-content\/uploads\/2026\/04\/Irock4_1_web.jpg\" title=\"\" data-rl_title=\"\" class=\"rl-gallery-link\" data-rl_caption=\"\" data-rel=\"lightbox-gallery-1\"><img src=\"https:\/\/www.nortecsport.com\/it\/wp-content\/uploads\/2026\/04\/Irock4_1_web-300x300.jpg\" width=\"300\" height=\"300\" \/><\/a><\/div> <\/div> <\/div><\/span><\/p>\n<p>[\/et_pb_text][\/et_pb_column][\/et_pb_row][\/et_pb_section][et_pb_section fb_built=&#8221;1&#8243; _builder_version=&#8221;4.16&#8243; custom_padding=&#8221;0px|0px|0px|0px&#8221; global_colors_info=&#8221;{}&#8221;][et_pb_row _builder_version=&#8221;4.16&#8243; background_size=&#8221;initial&#8221; background_position=&#8221;top_left&#8221; background_repeat=&#8221;repeat&#8221; global_colors_info=&#8221;{}&#8221;][et_pb_column type=&#8221;4_4&#8243; _builder_version=&#8221;4.16&#8243; custom_padding=&#8221;|||&#8221; global_colors_info=&#8221;{}&#8221; custom_padding__hover=&#8221;|||&#8221;][et_pb_divider color=&#8221;#cecece&#8221; _builder_version=&#8221;4.16&#8243; hover_enabled=&#8221;0&#8243; global_colors_info=&#8221;{}&#8221; sticky_enabled=&#8221;0&#8243;][\/et_pb_divider][\/et_pb_column][\/et_pb_row][\/et_pb_section][et_pb_section fb_built=&#8221;1&#8243; _builder_version=&#8221;4.16&#8243; custom_padding=&#8221;0px|0px|0px|0px&#8221; global_colors_info=&#8221;{}&#8221;][et_pb_row column_structure=&#8221;1_2,1_2&#8243; _builder_version=&#8221;4.16&#8243; background_size=&#8221;initial&#8221; background_position=&#8221;top_left&#8221; background_repeat=&#8221;repeat&#8221; global_colors_info=&#8221;{}&#8221;][et_pb_column type=&#8221;1_2&#8243; _builder_version=&#8221;4.16&#8243; custom_padding=&#8221;|||&#8221; global_colors_info=&#8221;{}&#8221; custom_padding__hover=&#8221;|||&#8221;][et_pb_text _builder_version=&#8221;4.18.0&#8243; _module_preset=&#8221;default&#8221; global_colors_info=&#8221;{}&#8221;]<\/p>\n<table border=\"1\" style=\"height: 264px; width: 100%; border-collapse: collapse;\">\n<tbody>\n<tr style=\"height: 24px;\">\n<td style=\"width: 50%; height: 24px;\"><strong>Activity:<\/strong><\/td>\n<td style=\"width: 50%; height: 24px;\">Orienteering, Trailrunning, Swimrun, Obstacle Course Racing, Skyrunning<\/td>\n<\/tr>\n<tr style=\"height: 24px;\">\n<td style=\"width: 50%; height: 24px;\"><strong>Fit scale:<\/strong><\/td>\n<td style=\"width: 50%; height: 24px;\">3<\/td>\n<\/tr>\n<tr style=\"height: 24px;\">\n<td style=\"width: 50%; height: 24px;\"><strong>Stack:<\/strong><\/td>\n<td style=\"width: 50%; height: 24px;\">29.5 mm \/ 23.5 mm<\/td>\n<\/tr>\n<tr style=\"height: 24px;\">\n<td style=\"width: 50%; height: 24px;\"><strong>Drop:<\/strong><\/td>\n<td style=\"width: 50%; height: 24px;\">6 mm<\/td>\n<\/tr>\n<tr style=\"height: 24px;\">\n<td style=\"width: 50%; height: 24px;\"><strong>Lug Depth:<\/strong><\/td>\n<td style=\"width: 50%; height: 24px;\">8 mm<\/td>\n<\/tr>\n<tr style=\"height: 24px;\">\n<td style=\"width: 50%; height: 24px;\"><strong>Midsole:<\/strong><\/td>\n<td style=\"width: 50%; height: 24px;\">EVA<\/td>\n<\/tr>\n<tr style=\"height: 24px;\">\n<td style=\"width: 50%; height: 24px;\"><strong>Insole:<\/strong><\/td>\n<td style=\"width: 50%; height: 24px;\">EVA\/Mesh<\/td>\n<\/tr>\n<tr style=\"height: 24px;\">\n<td style=\"width: 50%; height: 24px;\"><strong>Outsole:<\/strong><\/td>\n<td style=\"width: 50%; height: 24px;\">Superior Contact \u2013 Butyl rubber<\/td>\n<\/tr>\n<tr style=\"height: 24px;\">\n<td style=\"width: 50%; height: 24px;\"><strong>Rockplate:<\/strong><\/td>\n<td style=\"width: 50%; height: 24px;\">HardEVA<\/td>\n<\/tr>\n<tr style=\"height: 24px;\">\n<td style=\"width: 50%; height: 24px;\"><strong>Upper:<\/strong><\/td>\n<td style=\"width: 50%; height: 24px;\">Aramid fibre<\/td>\n<\/tr>\n<tr style=\"height: 24px;\">\n<td style=\"width: 50%; height: 24px;\"><strong>Gender:<\/strong><\/td>\n<td style=\"width: 50%; height: 24px;\">Unisex<\/td>\n<\/tr>\n<\/tbody>\n<\/table>\n<p>&nbsp;<\/p>\n<p>[\/et_pb_text][\/et_pb_column][et_pb_column type=&#8221;1_2&#8243; _builder_version=&#8221;4.16&#8243; custom_padding=&#8221;|||&#8221; global_colors_info=&#8221;{}&#8221; custom_padding__hover=&#8221;|||&#8221;][et_pb_text _builder_version=&#8221;4.18.0&#8243; _module_preset=&#8221;default&#8221; global_colors_info=&#8221;{}&#8221;]<\/p>\n<table style=\"width: 100%; border-collapse: collapse; font-family: sans-serif; font-size: 14px; border: 1px solid #e0e0e0;\">\n<tbody>\n<tr style=\"border-bottom: 1px solid #e0e0e0;\">\n<td style=\"width: 50%; padding: 12px;\"><strong>Ammortizzazione<\/strong><\/td>\n<td style=\"width: 50%; padding: 12px;\"><span style=\"font-size: 20px; letter-spacing: 3px;\"><span style=\"color: #000000;\">\u25cf\u25cf\u25cf<span style=\"color: #d3d3d3;\">\u25cf<\/span><\/span><span style=\"color: #d3d3d3;\">\u25cf<\/span><\/span><\/td>\n<\/tr>\n<tr style=\"border-bottom: 1px solid #e0e0e0;\">\n<td style=\"width: 50%; padding: 12px;\"><strong>Reattivit\u00e0<\/strong><\/td>\n<td style=\"width: 50%; padding: 12px;\"><span style=\"font-size: 20px; letter-spacing: 3px;\"><span style=\"color: #000000;\">\u25cf\u25cf\u25cf\u25cf<\/span><span style=\"color: #d3d3d3;\">\u25cf<\/span><br \/><\/span><\/td>\n<\/tr>\n<tr style=\"border-bottom: 1px solid #e0e0e0;\">\n<td style=\"width: 50%; padding: 12px;\"><strong>Stabilit\u00e0<\/strong><\/td>\n<td style=\"width: 50%; padding: 12px;\"><span style=\"font-size: 20px; letter-spacing: 3px;\"><span style=\"color: #000000;\">\u25cf\u25cf\u25cf\u25cf<\/span><span style=\"color: #d3d3d3;\">\u25cf<\/span><\/span><\/td>\n<\/tr>\n<tr style=\"border-bottom: 1px solid #e0e0e0;\">\n<td style=\"width: 50%; padding: 12px;\"><strong>Protezione<\/strong><\/td>\n<td style=\"width: 50%; padding: 12px;\"><span style=\"font-size: 20px; letter-spacing: 3px;\"><span style=\"color: #000000;\">\u25cf\u25cf\u25cf\u25cf\u25cf<\/span><\/span><\/td>\n<\/tr>\n<tr style=\"border-bottom: 1px solid #e0e0e0;\">\n<td style=\"width: 50%; padding: 12px;\"><strong>Grip<\/strong><\/td>\n<td style=\"width: 50%; padding: 12px;\"><span style=\"font-size: 20px; letter-spacing: 3px;\"><span style=\"color: #000000;\">\u25cf\u25cf\u25cf\u25cf\u25cf<\/span><\/span><\/td>\n<\/tr>\n<tr style=\"border-bottom: 1px solid #e0e0e0;\">\n<td style=\"width: 50%; padding: 12px;\"><strong>Terreno tecnico<\/strong><\/td>\n<td style=\"width: 50%; padding: 12px;\"><span style=\"font-size: 20px; letter-spacing: 3px;\"><span style=\"color: #000000;\">\u25cf\u25cf\u25cf\u25cf\u25cf<\/span><\/span><\/td>\n<\/tr>\n<tr>\n<td style=\"width: 50%; padding: 12px;\"><strong>Calzata<\/strong><\/td>\n<td style=\"width: 50%; padding: 12px;\"><span style=\"font-size: 20px; letter-spacing: 3px;\"><span style=\"color: #000000;\">\u25cf\u25cf\u25cf<span style=\"color: #d3d3d3;\">\u25cf<\/span><\/span><span style=\"color: #d3d3d3;\">\u25cf<\/span><\/span><\/td>\n<\/tr>\n<\/tbody>\n<\/table>\n<p>[\/et_pb_text][\/et_pb_column][\/et_pb_row][et_pb_row column_structure=&#8221;1_2,1_2&#8243; _builder_version=&#8221;4.16&#8243; background_size=&#8221;initial&#8221; background_position=&#8221;top_left&#8221; background_repeat=&#8221;repeat&#8221; global_colors_info=&#8221;{}&#8221;][et_pb_column type=&#8221;1_2&#8243; _builder_version=&#8221;4.16&#8243; custom_padding=&#8221;|||&#8221; global_colors_info=&#8221;{}&#8221; custom_padding__hover=&#8221;|||&#8221;][et_pb_text _builder_version=&#8221;4.18.0&#8243; _module_preset=&#8221;default&#8221; global_colors_info=&#8221;{}&#8221;]<\/p>\n<h2>Caratteristiche della tomaia:<\/h2>\n<p>\u2022 Tomaia in fibre di Aramide oer un\u2019incredibile durata e protezione <br \/>\u2022 Costruzione della conchiglia morbida con antiscivolo del tallone<br \/>\u2022 Il sistema Fitlock blocca il piede nella posizione corretta e protegge l\u2018arco plantare dagli impatti.<\/p>\n<p>[\/et_pb_text][\/et_pb_column][et_pb_column type=&#8221;1_2&#8243; _builder_version=&#8221;4.16&#8243; custom_padding=&#8221;|||&#8221; global_colors_info=&#8221;{}&#8221; custom_padding__hover=&#8221;|||&#8221;][et_pb_text _builder_version=&#8221;4.18.0&#8243; _module_preset=&#8221;default&#8221; global_colors_info=&#8221;{}&#8221;]<\/p>\n<h2>Caratteristiche dell\u2018intersuola:<\/h2>\n<p>\u2022 Intersuola in EVA con un aggressiva suola scolpita in gomma butilica per assorbimento degli impatti e grip senza compromessi<\/p>\n<p>[\/et_pb_text][\/et_pb_column][\/et_pb_row][et_pb_row column_structure=&#8221;1_2,1_2&#8243; _builder_version=&#8221;4.16&#8243; background_size=&#8221;initial&#8221; background_position=&#8221;top_left&#8221; background_repeat=&#8221;repeat&#8221; global_colors_info=&#8221;{}&#8221;][et_pb_column type=&#8221;1_2&#8243; _builder_version=&#8221;4.16&#8243; custom_padding=&#8221;|||&#8221; global_colors_info=&#8221;{}&#8221; custom_padding__hover=&#8221;|||&#8221;][et_pb_image src=&#8221;https:\/\/www.nortecsport.com\/it\/wp-content\/uploads\/2026\/04\/Irock4_3_nobg.png&#8221; title_text=&#8221;Irock4_3_nobg&#8221; _builder_version=&#8221;4.18.0&#8243; _module_preset=&#8221;default&#8221; global_colors_info=&#8221;{}&#8221;][\/et_pb_image][et_pb_text _builder_version=&#8221;4.18.0&#8243; _module_preset=&#8221;default&#8221; global_colors_info=&#8221;{}&#8221;]<\/p>\n<h2>Fitlock\u00ae:<\/h2>\n<p>Il Fitlock system rende qualsiasi tipo di piede connesso in maniera perfetta alla calzatura. La funzione della struttura che avvolge l\u2019arco plantare, si avverte gi\u00e0 alla prima calzata. <br \/>E cos\u00ec ogni volta che avrete il desiderio di uscire per una corsa, o ovunque nelle vostre avventure di ogni giorno.<\/p>\n<p>[\/et_pb_text][\/et_pb_column][et_pb_column type=&#8221;1_2&#8243; _builder_version=&#8221;4.16&#8243; custom_padding=&#8221;|||&#8221; global_colors_info=&#8221;{}&#8221; custom_padding__hover=&#8221;|||&#8221;][et_pb_image src=&#8221;https:\/\/www.nortecsport.com\/it\/wp-content\/uploads\/2026\/04\/Irock4_2_nobg.png&#8221; title_text=&#8221;Irock4_2_nobg&#8221; _builder_version=&#8221;4.18.0&#8243; _module_preset=&#8221;default&#8221; global_colors_info=&#8221;{}&#8221;][\/et_pb_image][et_pb_text _builder_version=&#8221;4.18.0&#8243; _module_preset=&#8221;default&#8221; global_colors_info=&#8221;{}&#8221;]<\/p>\n<h2>Orienteering<\/h2>\n<p>Nei paesi scandinavi la specialit\u00e0 dell\u2019Orienteering \u00e8 riconosciuta e consolidata a livello nazionale. E\u2019 qui che il nostro marchio nasce e cresce, fino a diventare a suon di risultati, l\u2019eccellenza in questo sport dove i compromessi non esistono. Le nostre suole, le forme, le tomaie, sono frutto di anni lavoro in sinergia con i migliori atleti mondiali.\u00a0<br \/>Dall\u2019eccellenza scandinava alla conquista dei sentieri: pura performance senza compromessi.<\/p>\n<p>[\/et_pb_text][\/et_pb_column][\/et_pb_row][et_pb_row _builder_version=&#8221;4.16&#8243; background_size=&#8221;initial&#8221; background_position=&#8221;top_left&#8221; background_repeat=&#8221;repeat&#8221; global_colors_info=&#8221;{}&#8221;][et_pb_column type=&#8221;4_4&#8243; _builder_version=&#8221;4.16&#8243; custom_padding=&#8221;|||&#8221; global_colors_info=&#8221;{}&#8221; custom_padding__hover=&#8221;|||&#8221;][et_pb_divider color=&#8221;#cecece&#8221; _builder_version=&#8221;4.16&#8243; global_colors_info=&#8221;{}&#8221;][\/et_pb_divider][\/et_pb_column][\/et_pb_row][\/et_pb_section][et_pb_section fb_built=&#8221;1&#8243; _builder_version=&#8221;4.16&#8243; custom_padding=&#8221;0px|0px|0px|0px&#8221; global_colors_info=&#8221;{}&#8221;][et_pb_row _builder_version=&#8221;4.16&#8243; global_colors_info=&#8221;{}&#8221;][et_pb_column type=&#8221;4_4&#8243; _builder_version=&#8221;4.16&#8243; custom_padding=&#8221;|||&#8221; global_colors_info=&#8221;{}&#8221; custom_padding__hover=&#8221;|||&#8221;][et_pb_gallery gallery_ids=&#8221;52480,52482,52483,52484,52485,52486,52487,52488,52489&#8243; posts_number=&#8221;9&#8243; show_title_and_caption=&#8221;off&#8221; show_pagination=&#8221;off&#8221; zoom_icon_color=&#8221;#ff0044&#8243; hover_icon=&#8221;&#x30;||divi||400&#8243; _builder_version=&#8221;4.18.0&#8243; custom_margin=&#8221;6px|-10px|50px|-10px||&#8221; custom_padding=&#8221;|||&#8221; custom_css_gallery_item=&#8221;margin: 0 !important;||width: 33% !important;||clear: none !important;||padding: 5px;&#8221; global_colors_info=&#8221;{}&#8221;][\/et_pb_gallery][\/et_pb_column][\/et_pb_row][\/et_pb_section]<\/p>\n","protected":false},"excerpt":{"rendered":"<p>IRock4La IRock 4 introduce un tallone antiscivolo per massima stabilit\u00e0. \u00c8 la scarpa pi\u00f9 aggressiva di VJ, con tasselli autopulenti per un grip superiore su fango e neve. La tomaia in Schoeller\u00ae-Keprotec\u00ae con fibre aramidiche \u00e8 ultra resistente, supportata dal sistema Fitlock per l\u2018arco plantare. Progettata per performance d\u2018eccellenza su distanze medio-brevi in condizioni estreme. [&hellip;]<\/p>\n","protected":false},"featured_media":52469,"template":"","meta":{"_et_pb_use_builder":"on","_et_pb_old_content":"","_et_gb_content_width":"","inline_featured_image":false},"categories":[123,124],"tags":[],"acf":[],"_links":{"self":[{"href":"https:\/\/www.nortecsport.com\/it\/wp-json\/wp\/v2\/product\/52466"}],"collection":[{"href":"https:\/\/www.nortecsport.com\/it\/wp-json\/wp\/v2\/product"}],"about":[{"href":"https:\/\/www.nortecsport.com\/it\/wp-json\/wp\/v2\/types\/product"}],"version-history":[{"count":5,"href":"https:\/\/www.nortecsport.com\/it\/wp-json\/wp\/v2\/product\/52466\/revisions"}],"predecessor-version":[{"id":52589,"href":"https:\/\/www.nortecsport.com\/it\/wp-json\/wp\/v2\/product\/52466\/revisions\/52589"}],"wp:featuredmedia":[{"embeddable":true,"href":"https:\/\/www.nortecsport.com\/it\/wp-json\/wp\/v2\/media\/52469"}],"wp:attachment":[{"href":"https:\/\/www.nortecsport.com\/it\/wp-json\/wp\/v2\/media?parent=52466"}],"wp:term":[{"taxonomy":"category","embeddable":true,"href":"https:\/\/www.nortecsport.com\/it\/wp-json\/wp\/v2\/categories?post=52466"},{"taxonomy":"post_tag","embeddable":true,"href":"https:\/\/www.nortecsport.com\/it\/wp-json\/wp\/v2\/tags?post=52466"}],"curies":[{"name":"wp","href":"https:\/\/api.w.org\/{rel}","templated":true}]}}